{"id":89,"date":"2013-10-17T14:54:45","date_gmt":"2013-10-17T12:54:45","guid":{"rendered":"http:\/\/staging.hsmi.london\/?page_id=89"},"modified":"2018-11-26T17:49:05","modified_gmt":"2018-11-26T17:49:05","slug":"home","status":"publish","type":"page","link":"https:\/\/hsmi.london\/it\/","title":{"rendered":"Home"},"content":{"rendered":"\n<h2 class=\"wp-block-heading\">Le nostre attivit\u00e0<\/h2>\n\n\n<div class=\"hsm_activities\">                <div class=\"hsm_activity\">                <div class=\"hsm_activity_inner\">                    <div class=\"hsm_activity__image\">                        <a href=\"https:\/\/hsmi.london\/it\/attivita\/first-menu\/\">                            <img loading=\"lazy\" decoding=\"async\" width=\"1\" height=\"1\" src=\"https:\/\/hsmi.london\/wp-content\/uploads\/2015\/04\/private.svg\" class=\"img-responsive wp-post-image\" alt=\"Private Equity\" title=\"\" \/>                        <\/a>                    <\/div>                    <div class=\"hsm_activity__content\">                        <div class=\"hsm_activity__title\">                            <h3><a href=\"https:\/\/hsmi.london\/it\/attivita\/first-menu\/\" rel=\"bookmark\"                                   title=\"Private Equity\">Private Equity<\/a><\/h3>                        <\/div>                        <div class=\"hsm_activity__excerpt\">                            Attivit\u00e0 di Corporate Finance volta a fornire all\u2019impresa un servizio di finanziamento avanzato ed innovativo,...                        <\/div>                    <\/div>                <\/div>            <\/div>                    <div class=\"hsm_activity\">                <div class=\"hsm_activity_inner\">                    <div class=\"hsm_activity__image\">                        <a href=\"https:\/\/hsmi.london\/it\/attivita\/venture-capital-2\/\">                            <img loading=\"lazy\" decoding=\"async\" width=\"1\" height=\"1\" src=\"https:\/\/hsmi.london\/wp-content\/uploads\/2018\/11\/ico-rocket-1.svg\" class=\"img-responsive wp-post-image\" alt=\"\" title=\"\" \/>                        <\/a>                    <\/div>                    <div class=\"hsm_activity__content\">                        <div class=\"hsm_activity__title\">                            <h3><a href=\"https:\/\/hsmi.london\/it\/attivita\/venture-capital-2\/\" rel=\"bookmark\"                                   title=\"Venture Capital\">Venture Capital<\/a><\/h3>                        <\/div>                        <div class=\"hsm_activity__excerpt\">                            Operazione di finanza straordinaria inerente attivit\u00e0 di investimento e di finanziamento per sostenere la nascita...                        <\/div>                    <\/div>                <\/div>            <\/div>                    <div class=\"hsm_activity\">                <div class=\"hsm_activity_inner\">                    <div class=\"hsm_activity__image\">                        <a href=\"https:\/\/hsmi.london\/it\/attivita\/ma-fusioni-e-acquisizioni\/\">                            <img loading=\"lazy\" decoding=\"async\" width=\"1\" height=\"1\" src=\"https:\/\/hsmi.london\/wp-content\/uploads\/2015\/04\/merger.svg\" class=\"img-responsive wp-post-image\" alt=\"\" title=\"\" \/>                        <\/a>                    <\/div>                    <div class=\"hsm_activity__content\">                        <div class=\"hsm_activity__title\">                            <h3><a href=\"https:\/\/hsmi.london\/it\/attivita\/ma-fusioni-e-acquisizioni\/\" rel=\"bookmark\"                                   title=\"M&#038;A (Fusioni e acquisizioni)\">M&#038;A (Fusioni e acquisizioni)<\/a><\/h3>                        <\/div>                        <div class=\"hsm_activity__excerpt\">                            Con questo termine si intendono tutte quelle operazioni di finanza straordinaria che portano alla fusione...                        <\/div>                    <\/div>                <\/div>            <\/div>                    <div class=\"hsm_activity\">                <div class=\"hsm_activity_inner\">                    <div class=\"hsm_activity__image\">                        <a href=\"https:\/\/hsmi.london\/it\/attivita\/corporate-restructuring\/\">                            <img loading=\"lazy\" decoding=\"async\" width=\"1\" height=\"1\" src=\"https:\/\/hsmi.london\/wp-content\/uploads\/2015\/04\/corporate.svg\" class=\"img-responsive wp-post-image\" alt=\"\" title=\"\" \/>                        <\/a>                    <\/div>                    <div class=\"hsm_activity__content\">                        <div class=\"hsm_activity__title\">                            <h3><a href=\"https:\/\/hsmi.london\/it\/attivita\/corporate-restructuring\/\" rel=\"bookmark\"                                   title=\"Corporate Restructuring\">Corporate Restructuring<\/a><\/h3>                        <\/div>                        <div class=\"hsm_activity__excerpt\">                            I continui e profondi cambiamenti di mercato in cui si sviluppa l\u2019attivit\u00e0 imprenditoriale oggi, determinano...                        <\/div>                    <\/div>                <\/div>            <\/div>                    <div class=\"hsm_activity\">                <div class=\"hsm_activity_inner\">                    <div class=\"hsm_activity__image\">                        <a href=\"https:\/\/hsmi.london\/it\/attivita\/business-digital-transformation-2\/\">                            <img loading=\"lazy\" decoding=\"async\" width=\"1\" height=\"1\" src=\"https:\/\/hsmi.london\/wp-content\/uploads\/2020\/04\/digital.svg\" class=\"img-responsive wp-post-image\" alt=\"\" title=\"\" \/>                        <\/a>                    <\/div>                    <div class=\"hsm_activity__content\">                        <div class=\"hsm_activity__title\">                            <h3><a href=\"https:\/\/hsmi.london\/it\/attivita\/business-digital-transformation-2\/\" rel=\"bookmark\"                                   title=\"Trasformazione digitale aziendale\">Trasformazione digitale aziendale<\/a><\/h3>                        <\/div>                        <div class=\"hsm_activity__excerpt\">                            La digitalizzazione \u00e8 un termine collettivo, in primo luogo \u00e8 il processo di conversione delle...                        <\/div>                    <\/div>                <\/div>            <\/div>                    <div class=\"hsm_activity\">                <div class=\"hsm_activity_inner\">                    <div class=\"hsm_activity__image\">                        <a href=\"https:\/\/hsmi.london\/it\/attivita\/strategia-aziendale-e-di-business\/\">                            <img loading=\"lazy\" decoding=\"async\" width=\"1\" height=\"1\" src=\"https:\/\/hsmi.london\/wp-content\/uploads\/2020\/04\/strategy.svg\" class=\"img-responsive wp-post-image\" alt=\"\" title=\"\" \/>                        <\/a>                    <\/div>                    <div class=\"hsm_activity__content\">                        <div class=\"hsm_activity__title\">                            <h3><a href=\"https:\/\/hsmi.london\/it\/attivita\/strategia-aziendale-e-di-business\/\" rel=\"bookmark\"                                   title=\"Strategia aziendale e di business\">Strategia aziendale e di business<\/a><\/h3>                        <\/div>                        <div class=\"hsm_activity__excerpt\">                            COS\u2019\u00c8 LA STRATEGIA AZIENDALE? La strategia aziendale adotta un approccio di portafoglio al processo decisionale...                        <\/div>                    <\/div>                <\/div>            <\/div>                    <div class=\"hsm_activity\">                <div class=\"hsm_activity_inner\">                    <div class=\"hsm_activity__image\">                        <a href=\"https:\/\/hsmi.london\/it\/attivita\/membro-del-consiglio-direttivo-consulenza\/\">                            <img loading=\"lazy\" decoding=\"async\" width=\"1\" height=\"1\" src=\"https:\/\/hsmi.london\/wp-content\/uploads\/2020\/04\/board.svg\" class=\"img-responsive wp-post-image\" alt=\"\" title=\"\" \/>                        <\/a>                    <\/div>                    <div class=\"hsm_activity__content\">                        <div class=\"hsm_activity__title\">                            <h3><a href=\"https:\/\/hsmi.london\/it\/attivita\/membro-del-consiglio-direttivo-consulenza\/\" rel=\"bookmark\"                                   title=\"Membro del consiglio direttivo &#038; consulenza\">Membro del consiglio direttivo &#038; consulenza<\/a><\/h3>                        <\/div>                        <div class=\"hsm_activity__excerpt\">                            Un membro del consiglio di amministrazione \u00e8 un membro eletto a far parte nel consiglio...                        <\/div>                    <\/div>                <\/div>            <\/div>                    <div class=\"hsm_activity\">                <div class=\"hsm_activity_inner\">                    <div class=\"hsm_activity__image\">                        <a href=\"https:\/\/hsmi.london\/it\/attivita\/due-diligence\/\">                            <img loading=\"lazy\" decoding=\"async\" width=\"1\" height=\"1\" src=\"https:\/\/hsmi.london\/wp-content\/uploads\/2015\/04\/due-diligence.svg\" class=\"img-responsive wp-post-image\" alt=\"Due Diligence\" title=\"\" \/>                        <\/a>                    <\/div>                    <div class=\"hsm_activity__content\">                        <div class=\"hsm_activity__title\">                            <h3><a href=\"https:\/\/hsmi.london\/it\/attivita\/due-diligence\/\" rel=\"bookmark\"                                   title=\"Due Diligence\">Due Diligence<\/a><\/h3>                        <\/div>                        <div class=\"hsm_activity__excerpt\">                            La Due Diligence \u00e8 uno dei passi pi\u00f9 rilevanti nell\u2019acquisto di un\u2019impresa. Le grandi e...                        <\/div>                    <\/div>                <\/div>            <\/div>                    <div class=\"hsm_activity\">                <div class=\"hsm_activity_inner\">                    <div class=\"hsm_activity__image\">                        <a href=\"https:\/\/hsmi.london\/it\/attivita\/business-plan\/\">                            <img loading=\"lazy\" decoding=\"async\" width=\"1\" height=\"1\" src=\"https:\/\/hsmi.london\/wp-content\/uploads\/2015\/04\/business-plan.svg\" class=\"img-responsive wp-post-image\" alt=\"Business Plan\" title=\"\" \/>                        <\/a>                    <\/div>                    <div class=\"hsm_activity__content\">                        <div class=\"hsm_activity__title\">                            <h3><a href=\"https:\/\/hsmi.london\/it\/attivita\/business-plan\/\" rel=\"bookmark\"                                   title=\"Business Plan\">Business Plan<\/a><\/h3>                        <\/div>                        <div class=\"hsm_activity__excerpt\">                            Nello sviluppo di scelte aziendali, un ruolo predominante \u00e8 svolto dalle componenti di tipo industriale...                        <\/div>                    <\/div>                <\/div>            <\/div>                    <div class=\"hsm_activity\">                <div class=\"hsm_activity_inner\">                    <div class=\"hsm_activity__image\">                        <a href=\"https:\/\/hsmi.london\/it\/attivita\/franchising\/\">                            <img loading=\"lazy\" decoding=\"async\" width=\"1\" height=\"1\" src=\"https:\/\/hsmi.london\/wp-content\/uploads\/2018\/11\/hsmi-franchise.svg\" class=\"img-responsive wp-post-image\" alt=\"\" title=\"\" \/>                        <\/a>                    <\/div>                    <div class=\"hsm_activity__content\">                        <div class=\"hsm_activity__title\">                            <h3><a href=\"https:\/\/hsmi.london\/it\/attivita\/franchising\/\" rel=\"bookmark\"                                   title=\"Franchising\">Franchising<\/a><\/h3>                        <\/div>                        <div class=\"hsm_activity__excerpt\">                            Gli imprenditori che esaminano le strategie di crescita innovativa possono considerare la possibilit\u00e0 di adottare...                        <\/div>                    <\/div>                <\/div>            <\/div>                    <div class=\"hsm_activity\">                <div class=\"hsm_activity_inner\">                    <div class=\"hsm_activity__image\">                        <a href=\"https:\/\/hsmi.london\/it\/attivita\/finanziamento-del-debito\/\">                            <img loading=\"lazy\" decoding=\"async\" width=\"1\" height=\"1\" src=\"https:\/\/hsmi.london\/wp-content\/uploads\/2020\/04\/debt.svg\" class=\"img-responsive wp-post-image\" alt=\"\" title=\"\" \/>                        <\/a>                    <\/div>                    <div class=\"hsm_activity__content\">                        <div class=\"hsm_activity__title\">                            <h3><a href=\"https:\/\/hsmi.london\/it\/attivita\/finanziamento-del-debito\/\" rel=\"bookmark\"                                   title=\"Finanziamento del debito\">Finanziamento del debito<\/a><\/h3>                        <\/div>                        <div class=\"hsm_activity__excerpt\">                            CHE COS\u2019\u00c8 E PERCH\u00c9 DEBITO? Quando una societ\u00e0 ricorre al finanziamento in debito, significa che...                        <\/div>                    <\/div>                <\/div>            <\/div>                    <div class=\"hsm_activity\">                <div class=\"hsm_activity_inner\">                    <div class=\"hsm_activity__image\">                        <a href=\"https:\/\/hsmi.london\/it\/attivita\/mezzanine-financing-2\/\">                            <img loading=\"lazy\" decoding=\"async\" width=\"1\" height=\"1\" src=\"https:\/\/hsmi.london\/wp-content\/uploads\/2015\/04\/mezzanine.svg\" class=\"img-responsive wp-post-image\" alt=\"mezzanine financing\" title=\"\" \/>                        <\/a>                    <\/div>                    <div class=\"hsm_activity__content\">                        <div class=\"hsm_activity__title\">                            <h3><a href=\"https:\/\/hsmi.london\/it\/attivita\/mezzanine-financing-2\/\" rel=\"bookmark\"                                   title=\"Finanziamento Mezzanino\">Finanziamento Mezzanino<\/a><\/h3>                        <\/div>                        <div class=\"hsm_activity__excerpt\">                            El capital intermedio es cualquier deuda subordinada o instrumento de capital preferente que representa un...                        <\/div>                    <\/div>                <\/div>            <\/div>                    <div class=\"hsm_activity\">                <div class=\"hsm_activity_inner\">                    <div class=\"hsm_activity__image\">                        <a href=\"https:\/\/hsmi.london\/it\/attivita\/green-economy\/\">                            <img loading=\"lazy\" decoding=\"async\" width=\"80\" height=\"80\" src=\"https:\/\/hsmi.london\/wp-content\/uploads\/2022\/07\/leaf-img-3.png\" class=\"img-responsive wp-post-image\" alt=\"\" title=\"\" \/>                        <\/a>                    <\/div>                    <div class=\"hsm_activity__content\">                        <div class=\"hsm_activity__title\">                            <h3><a href=\"https:\/\/hsmi.london\/it\/attivita\/green-economy\/\" rel=\"bookmark\"                                   title=\"Green Economy\">Green Economy<\/a><\/h3>                        <\/div>                        <div class=\"hsm_activity__excerpt\">                            L&#8217;energia rinnovabile, conosciuta anche come Energia Verde, \u00e8 una fonte di energia che proviene da...                        <\/div>                    <\/div>                <\/div>            <\/div>\n","protected":false},"excerpt":{"rendered":"<p>Le nostre attivit\u00e0<\/p>\n","protected":false},"author":1,"featured_media":0,"parent":0,"menu_order":0,"comment_status":"closed","ping_status":"open","template":"","meta":{"inline_featured_image":false,"_exactmetrics_skip_tracking":false,"_exactmetrics_sitenote_active":false,"_exactmetrics_sitenote_note":"","_exactmetrics_sitenote_category":0,"footnotes":""},"class_list":["post-89","page","type-page","status-publish","hentry"],"yoast_head":"<!-- This site is optimized with the Yoast SEO plugin v24.9 - https:\/\/yoast.com\/wordpress\/plugins\/seo\/ -->\n<title>HSMI - Corporate Advisory<\/title>\n<meta name=\"description\" content=\"La H.S.M.I. Ltd \u00e8 una societ\u00e0 indipendente che nasce e si sviluppa con il preciso intento di essere un partner di sicuro valore ed affidamento che, coniugando capacit\u00e0 ed esperienza, si pone il preciso obiettivo di supportare la propria clientela corporate \u201cStartup ed Aziende Consolidate\u201d, nel management, e nella ricerca di nuovi capitali, e di sempre nuove ed interessanti opportunit\u00e0 di business e di sviluppo aziendale.\" \/>\n<meta name=\"robots\" content=\"index, follow, max-snippet:-1, max-image-preview:large, max-video-preview:-1\" \/>\n<link rel=\"canonical\" href=\"https:\/\/hsmi.london\/it\/\" \/>\n<meta property=\"og:locale\" content=\"it_IT\" \/>\n<meta property=\"og:type\" content=\"article\" \/>\n<meta property=\"og:title\" content=\"HSMI - Corporate Advisory\" \/>\n<meta property=\"og:description\" content=\"La H.S.M.I. Ltd \u00e8 una societ\u00e0 indipendente che nasce e si sviluppa con il preciso intento di essere un partner di sicuro valore ed affidamento che, coniugando capacit\u00e0 ed esperienza, si pone il preciso obiettivo di supportare la propria clientela corporate \u201cStartup ed Aziende Consolidate\u201d, nel management, e nella ricerca di nuovi capitali, e di sempre nuove ed interessanti opportunit\u00e0 di business e di sviluppo aziendale.\" \/>\n<meta property=\"og:url\" content=\"https:\/\/hsmi.london\/it\/\" \/>\n<meta property=\"og:site_name\" content=\"HSMI\" \/>\n<meta property=\"article:modified_time\" content=\"2018-11-26T17:49:05+00:00\" \/>\n<meta name=\"twitter:card\" content=\"summary_large_image\" \/>\n<script type=\"application\/ld+json\" class=\"yoast-schema-graph\">{\"@context\":\"https:\/\/schema.org\",\"@graph\":[{\"@type\":\"WebPage\",\"@id\":\"https:\/\/hsmi.london\/it\/\",\"url\":\"https:\/\/hsmi.london\/it\/\",\"name\":\"HSMI - Corporate Advisory\",\"isPartOf\":{\"@id\":\"https:\/\/hsmi.london\/en\/#website\"},\"datePublished\":\"2013-10-17T12:54:45+00:00\",\"dateModified\":\"2018-11-26T17:49:05+00:00\",\"description\":\"La H.S.M.I. Ltd \u00e8 una societ\u00e0 indipendente che nasce e si sviluppa con il preciso intento di essere un partner di sicuro valore ed affidamento che, coniugando capacit\u00e0 ed esperienza, si pone il preciso obiettivo di supportare la propria clientela corporate \u201cStartup ed Aziende Consolidate\u201d, nel management, e nella ricerca di nuovi capitali, e di sempre nuove ed interessanti opportunit\u00e0 di business e di sviluppo aziendale.\",\"breadcrumb\":{\"@id\":\"https:\/\/hsmi.london\/it\/#breadcrumb\"},\"inLanguage\":\"it-IT\",\"potentialAction\":[{\"@type\":\"ReadAction\",\"target\":[\"https:\/\/hsmi.london\/it\/\"]}]},{\"@type\":\"BreadcrumbList\",\"@id\":\"https:\/\/hsmi.london\/it\/#breadcrumb\",\"itemListElement\":[{\"@type\":\"ListItem\",\"position\":1,\"name\":\"Home\",\"item\":\"https:\/\/hsmi.london\/it\/\"},{\"@type\":\"ListItem\",\"position\":2,\"name\":\"Home\"}]},{\"@type\":\"WebSite\",\"@id\":\"https:\/\/hsmi.london\/en\/#website\",\"url\":\"https:\/\/hsmi.london\/en\/\",\"name\":\"HSMI\",\"description\":\"Corporate Advisory\",\"publisher\":{\"@id\":\"https:\/\/hsmi.london\/en\/#organization\"},\"potentialAction\":[{\"@type\":\"SearchAction\",\"target\":{\"@type\":\"EntryPoint\",\"urlTemplate\":\"https:\/\/hsmi.london\/en\/?s={search_term_string}\"},\"query-input\":{\"@type\":\"PropertyValueSpecification\",\"valueRequired\":true,\"valueName\":\"search_term_string\"}}],\"inLanguage\":\"it-IT\"},{\"@type\":\"Organization\",\"@id\":\"https:\/\/hsmi.london\/en\/#organization\",\"name\":\"H.S.M.I. Ltd\",\"url\":\"https:\/\/hsmi.london\/en\/\",\"logo\":{\"@type\":\"ImageObject\",\"inLanguage\":\"it-IT\",\"@id\":\"https:\/\/hsmi.london\/en\/#\/schema\/logo\/image\/\",\"url\":\"https:\/\/staging.hsmi.london\/wp-content\/uploads\/2020\/04\/logo-hsmi-s.png\",\"contentUrl\":\"https:\/\/staging.hsmi.london\/wp-content\/uploads\/2020\/04\/logo-hsmi-s.png\",\"width\":280,\"height\":82,\"caption\":\"H.S.M.I. Ltd\"},\"image\":{\"@id\":\"https:\/\/hsmi.london\/en\/#\/schema\/logo\/image\/\"},\"sameAs\":[\"https:\/\/www.linkedin.com\/company\/hsmi-ltd\/\"]}]}<\/script>\n<!-- \/ Yoast SEO plugin. -->","yoast_head_json":{"title":"HSMI - Corporate Advisory","description":"La H.S.M.I. Ltd \u00e8 una societ\u00e0 indipendente che nasce e si sviluppa con il preciso intento di essere un partner di sicuro valore ed affidamento che, coniugando capacit\u00e0 ed esperienza, si pone il preciso obiettivo di supportare la propria clientela corporate \u201cStartup ed Aziende Consolidate\u201d, nel management, e nella ricerca di nuovi capitali, e di sempre nuove ed interessanti opportunit\u00e0 di business e di sviluppo aziendale.","robots":{"index":"index","follow":"follow","max-snippet":"max-snippet:-1","max-image-preview":"max-image-preview:large","max-video-preview":"max-video-preview:-1"},"canonical":"https:\/\/hsmi.london\/it\/","og_locale":"it_IT","og_type":"article","og_title":"HSMI - Corporate Advisory","og_description":"La H.S.M.I. Ltd \u00e8 una societ\u00e0 indipendente che nasce e si sviluppa con il preciso intento di essere un partner di sicuro valore ed affidamento che, coniugando capacit\u00e0 ed esperienza, si pone il preciso obiettivo di supportare la propria clientela corporate \u201cStartup ed Aziende Consolidate\u201d, nel management, e nella ricerca di nuovi capitali, e di sempre nuove ed interessanti opportunit\u00e0 di business e di sviluppo aziendale.","og_url":"https:\/\/hsmi.london\/it\/","og_site_name":"HSMI","article_modified_time":"2018-11-26T17:49:05+00:00","twitter_card":"summary_large_image","schema":{"@context":"https:\/\/schema.org","@graph":[{"@type":"WebPage","@id":"https:\/\/hsmi.london\/it\/","url":"https:\/\/hsmi.london\/it\/","name":"HSMI - Corporate Advisory","isPartOf":{"@id":"https:\/\/hsmi.london\/en\/#website"},"datePublished":"2013-10-17T12:54:45+00:00","dateModified":"2018-11-26T17:49:05+00:00","description":"La H.S.M.I. Ltd \u00e8 una societ\u00e0 indipendente che nasce e si sviluppa con il preciso intento di essere un partner di sicuro valore ed affidamento che, coniugando capacit\u00e0 ed esperienza, si pone il preciso obiettivo di supportare la propria clientela corporate \u201cStartup ed Aziende Consolidate\u201d, nel management, e nella ricerca di nuovi capitali, e di sempre nuove ed interessanti opportunit\u00e0 di business e di sviluppo aziendale.","breadcrumb":{"@id":"https:\/\/hsmi.london\/it\/#breadcrumb"},"inLanguage":"it-IT","potentialAction":[{"@type":"ReadAction","target":["https:\/\/hsmi.london\/it\/"]}]},{"@type":"BreadcrumbList","@id":"https:\/\/hsmi.london\/it\/#breadcrumb","itemListElement":[{"@type":"ListItem","position":1,"name":"Home","item":"https:\/\/hsmi.london\/it\/"},{"@type":"ListItem","position":2,"name":"Home"}]},{"@type":"WebSite","@id":"https:\/\/hsmi.london\/en\/#website","url":"https:\/\/hsmi.london\/en\/","name":"HSMI","description":"Corporate Advisory","publisher":{"@id":"https:\/\/hsmi.london\/en\/#organization"},"potentialAction":[{"@type":"SearchAction","target":{"@type":"EntryPoint","urlTemplate":"https:\/\/hsmi.london\/en\/?s={search_term_string}"},"query-input":{"@type":"PropertyValueSpecification","valueRequired":true,"valueName":"search_term_string"}}],"inLanguage":"it-IT"},{"@type":"Organization","@id":"https:\/\/hsmi.london\/en\/#organization","name":"H.S.M.I. Ltd","url":"https:\/\/hsmi.london\/en\/","logo":{"@type":"ImageObject","inLanguage":"it-IT","@id":"https:\/\/hsmi.london\/en\/#\/schema\/logo\/image\/","url":"https:\/\/staging.hsmi.london\/wp-content\/uploads\/2020\/04\/logo-hsmi-s.png","contentUrl":"https:\/\/staging.hsmi.london\/wp-content\/uploads\/2020\/04\/logo-hsmi-s.png","width":280,"height":82,"caption":"H.S.M.I. Ltd"},"image":{"@id":"https:\/\/hsmi.london\/en\/#\/schema\/logo\/image\/"},"sameAs":["https:\/\/www.linkedin.com\/company\/hsmi-ltd\/"]}]}},"_links":{"self":[{"href":"https:\/\/hsmi.london\/it\/wp-json\/wp\/v2\/pages\/89","targetHints":{"allow":["GET"]}}],"collection":[{"href":"https:\/\/hsmi.london\/it\/wp-json\/wp\/v2\/pages"}],"about":[{"href":"https:\/\/hsmi.london\/it\/wp-json\/wp\/v2\/types\/page"}],"author":[{"embeddable":true,"href":"https:\/\/hsmi.london\/it\/wp-json\/wp\/v2\/users\/1"}],"replies":[{"embeddable":true,"href":"https:\/\/hsmi.london\/it\/wp-json\/wp\/v2\/comments?post=89"}],"version-history":[{"count":4,"href":"https:\/\/hsmi.london\/it\/wp-json\/wp\/v2\/pages\/89\/revisions"}],"predecessor-version":[{"id":890,"href":"https:\/\/hsmi.london\/it\/wp-json\/wp\/v2\/pages\/89\/revisions\/890"}],"wp:attachment":[{"href":"https:\/\/hsmi.london\/it\/wp-json\/wp\/v2\/media?parent=89"}],"curies":[{"name":"wp","href":"https:\/\/api.w.org\/{rel}","templated":true}]}}