{"id":33315,"date":"2021-12-24T05:47:18","date_gmt":"2021-12-24T05:47:18","guid":{"rendered":"http:\/\/staging.hsmi.london\/attivita\/mezzanine-financing-2\/"},"modified":"2022-07-26T05:41:16","modified_gmt":"2022-07-26T04:41:16","slug":"mezzanine-financing-2","status":"publish","type":"page","link":"https:\/\/hsmi.london\/it\/attivita\/mezzanine-financing-2\/","title":{"rendered":"Finanziamento Mezzanino"},"content":{"rendered":"<p>El capital intermedio es cualquier deuda subordinada o instrumento de capital preferente que representa un derecho sobre los activos de una empresa que es superior solo al de las acciones ordinarias. Los financiamientos mezzanine se pueden estructurar como deuda (normalmente una nota subordinada y no garantizada) o acciones preferentes.<\/p>\n<p>La financiaci\u00f3n mezzanine (deuda mezzanine) es un producto financiero integrado, cuya difusi\u00f3n est\u00e1 fuertemente ligada a la evoluci\u00f3n del mercado en relaci\u00f3n con las operaciones de adquisici\u00f3n y reestructuraci\u00f3n de empresas.<\/p>\n<p>Se define as\u00ed por su car\u00e1cter h\u00edbrido: no indica un \u00fanico instrumento de financiamiento, sino que resulta ser una estructura financiera articulada, que hace uso al mismo tiempo de instrumentos financieros de diferentes caracter\u00edsticas.<\/p>\n<p>En particular, se trata de un pr\u00e9stamo que se encuentra en una posici\u00f3n intermedia &#8211; en t\u00e9rminos de riesgo y por ende de costo &#8211; entre capital de deuda (deuda senior) y capital de riesgo (patrimonio):<\/p>\n<ul>\n<li>capitale di debito indica il debito che \u00e8 subordinato nel rimborso rispetto al debito primario. Ha generalmente una durata maggiore, prevede una remunerazione minima definita e deve essere rimborsata;<\/li>\n<li>il capitale di rischio attribuisce un diritto di propriet\u00e0 differito e una remunerazione legata al risultato economico e finanziario della societ\u00e0;<\/li>\n<li>l&#8217;\u201cequity kicker\u201d \u2013 quantitativo di azioni o quote sottoscritte dall&#8217;ente finanziatore \u2013 d\u00e0 a quest&#8217;ultimo la possibilit\u00e0 di acquisire quote del capitale di rischio della partecipata, compensando l&#8217;elevato rischio che si incorre nel finanziare una societ\u00e0 sotto forma di debito subordinato.<\/li>\n<\/ul>\n<h3><strong>CHI DEVE CONSEGNARE E A QUALI CONDIZIONI<\/strong><\/h3>\n<p>I finanziamenti mezzanine possono essere completati attraverso una variet\u00e0 di diverse strutture in base agli obiettivi specifici dell&#8217;operazione e alla struttura del capitale esistente in essere presso la societ\u00e0. Le forme di base utilizzate nella maggior parte dei finanziamenti mezzanine sono le obbligazioni subordinate e le azioni privilegiate. I finanziatori mezzanine, tipicamente fondi di investimento mezzanine specializzati, cercano un certo tasso di rendimento che pu\u00f2 derivare da:<\/p>\n<p>I fornitori di debito mezzanino sono venture capitalist di fondi di investimento specializzati o intermediari finanziari, che preferiscono l&#8217;alto potenziale di rendimento che questa forma di debito pu\u00f2 offrire, a differenza del debito primario che viene solitamente concesso dalle banche.<\/p>\n<p>Tuttavia, trattandosi di una forma di debito subordinato senza garanzie, le valutazioni per accedere a questo tipo di finanziamento sono fortemente basate sulla capacit\u00e0 che l&#8217;azienda ha di generare flussi di cassa in grado di remunerare e rimborsare il prestito, avendo una previsione di aumento del suo valore economico.<\/p>\n<p>Per questi motivi si rivolge esclusivamente ad aziende in possesso di parametri economico-finanziari ottimali, con prospettive di sufficiente solidit\u00e0 ai fini della compatibilit\u00e0 con il rischio.<\/p>\n<p>In particolare, pu\u00f2 essere una fonte di finanziamento complementare per quelle aziende che intraprendono un percorso di crescita internazionale e\/o si espandono commercialmente all&#8217;estero.<\/p>\n<h3><strong>VANTAGGI<\/strong><\/h3>\n<p>Il finanziamento mezzanino \u00e8 una struttura finanziaria con molti vantaggi, primo fra tutti il \u200b\u200bsuo elevato grado di flessibilit\u00e0, che gli consente di adattarsi al meglio alle esigenze dell&#8217;impresa finanziata.<\/p>\n<p>Inoltre:<\/p>\n<ul>\n<li>\u00e8 una forma di finanziamento meno dannosa per gli equilibri aziendali<\/li>\n<li>non pregiudica la capacit\u00e0 della societ\u00e0 di indebitarsi con le banche, contribuendo a migliorare il proprio rating e ad aumentare il proprio potere negoziale<\/li>\n<li>consente di diversificare le fonti di finanziamento in termini di costo e di aumentare l&#8217;ammontare complessivo del debito contratto, senza modificare il livello di rischio finanziario percepito dalle banche finanziatrici.<\/li>\n<\/ul>\n<style>\ndiv#custom_html-8 {\n    display: none;\n}\ndiv#custom_html-17 {\n    display: none;\n}\n<\/style>\n","protected":false},"excerpt":{"rendered":"<p>El capital intermedio es cualquier deuda subordinada o instrumento de capital preferente que representa un derecho sobre los activos de una empresa que es superior solo al de las acciones ordinarias. Los financiamientos mezzanine se pueden estructurar como deuda (normalmente una nota subordinada y no garantizada) o acciones preferentes. La financiaci\u00f3n mezzanine (deuda mezzanine) es &#8230; <a href=\"https:\/\/hsmi.london\/it\/attivita\/mezzanine-financing-2\/\">Continue reading &raquo;<\/a><\/p>\n","protected":false},"author":1669,"featured_media":664,"parent":308,"menu_order":0,"comment_status":"closed","ping_status":"closed","template":"","meta":{"inline_featured_image":false,"_exactmetrics_skip_tracking":false,"_exactmetrics_sitenote_active":false,"_exactmetrics_sitenote_note":"","_exactmetrics_sitenote_category":0,"footnotes":""},"class_list":["post-33315","page","type-page","status-publish","has-post-thumbnail","hentry"],"yoast_head":"<!-- This site is optimized with the Yoast SEO plugin v24.9 - https:\/\/yoast.com\/wordpress\/plugins\/seo\/ -->\n<title>Finanziamento Mezzanino - HSMI<\/title>\n<meta name=\"robots\" content=\"index, follow, max-snippet:-1, max-image-preview:large, max-video-preview:-1\" \/>\n<link rel=\"canonical\" href=\"https:\/\/hsmi.london\/it\/attivita\/mezzanine-financing-2\/\" \/>\n<meta property=\"og:locale\" content=\"it_IT\" \/>\n<meta property=\"og:type\" content=\"article\" \/>\n<meta property=\"og:title\" content=\"Finanziamento Mezzanino - HSMI\" \/>\n<meta property=\"og:description\" content=\"El capital intermedio es cualquier deuda subordinada o instrumento de capital preferente que representa un derecho sobre los activos de una empresa que es superior solo al de las acciones ordinarias. Los financiamientos mezzanine se pueden estructurar como deuda (normalmente una nota subordinada y no garantizada) o acciones preferentes. La financiaci\u00f3n mezzanine (deuda mezzanine) es ... Continue reading &raquo;\" \/>\n<meta property=\"og:url\" content=\"https:\/\/hsmi.london\/it\/attivita\/mezzanine-financing-2\/\" \/>\n<meta property=\"og:site_name\" content=\"HSMI\" \/>\n<meta property=\"article:modified_time\" content=\"2022-07-26T04:41:16+00:00\" \/>\n<meta name=\"twitter:card\" content=\"summary_large_image\" \/>\n<meta name=\"twitter:label1\" content=\"Tempo di lettura stimato\" \/>\n\t<meta name=\"twitter:data1\" content=\"3 minuti\" \/>\n<script type=\"application\/ld+json\" class=\"yoast-schema-graph\">{\"@context\":\"https:\/\/schema.org\",\"@graph\":[{\"@type\":\"WebPage\",\"@id\":\"https:\/\/hsmi.london\/it\/attivita\/mezzanine-financing-2\/\",\"url\":\"https:\/\/hsmi.london\/it\/attivita\/mezzanine-financing-2\/\",\"name\":\"Finanziamento Mezzanino - HSMI\",\"isPartOf\":{\"@id\":\"https:\/\/hsmi.london\/en\/#website\"},\"primaryImageOfPage\":{\"@id\":\"https:\/\/hsmi.london\/it\/attivita\/mezzanine-financing-2\/#primaryimage\"},\"image\":{\"@id\":\"https:\/\/hsmi.london\/it\/attivita\/mezzanine-financing-2\/#primaryimage\"},\"thumbnailUrl\":\"https:\/\/hsmi.london\/wp-content\/uploads\/2015\/04\/mezzanine.svg\",\"datePublished\":\"2021-12-24T05:47:18+00:00\",\"dateModified\":\"2022-07-26T04:41:16+00:00\",\"breadcrumb\":{\"@id\":\"https:\/\/hsmi.london\/it\/attivita\/mezzanine-financing-2\/#breadcrumb\"},\"inLanguage\":\"it-IT\",\"potentialAction\":[{\"@type\":\"ReadAction\",\"target\":[\"https:\/\/hsmi.london\/it\/attivita\/mezzanine-financing-2\/\"]}]},{\"@type\":\"ImageObject\",\"inLanguage\":\"it-IT\",\"@id\":\"https:\/\/hsmi.london\/it\/attivita\/mezzanine-financing-2\/#primaryimage\",\"url\":\"https:\/\/hsmi.london\/wp-content\/uploads\/2015\/04\/mezzanine.svg\",\"contentUrl\":\"https:\/\/hsmi.london\/wp-content\/uploads\/2015\/04\/mezzanine.svg\",\"caption\":\"mezzanine financing\"},{\"@type\":\"BreadcrumbList\",\"@id\":\"https:\/\/hsmi.london\/it\/attivita\/mezzanine-financing-2\/#breadcrumb\",\"itemListElement\":[{\"@type\":\"ListItem\",\"position\":1,\"name\":\"Home\",\"item\":\"https:\/\/hsmi.london\/it\/\"},{\"@type\":\"ListItem\",\"position\":2,\"name\":\"Attivit\u00e0\",\"item\":\"https:\/\/hsmi.london\/it\/attivita\/\"},{\"@type\":\"ListItem\",\"position\":3,\"name\":\"Finanziamento Mezzanino\"}]},{\"@type\":\"WebSite\",\"@id\":\"https:\/\/hsmi.london\/en\/#website\",\"url\":\"https:\/\/hsmi.london\/en\/\",\"name\":\"HSMI\",\"description\":\"Corporate Advisory\",\"publisher\":{\"@id\":\"https:\/\/hsmi.london\/en\/#organization\"},\"potentialAction\":[{\"@type\":\"SearchAction\",\"target\":{\"@type\":\"EntryPoint\",\"urlTemplate\":\"https:\/\/hsmi.london\/en\/?s={search_term_string}\"},\"query-input\":{\"@type\":\"PropertyValueSpecification\",\"valueRequired\":true,\"valueName\":\"search_term_string\"}}],\"inLanguage\":\"it-IT\"},{\"@type\":\"Organization\",\"@id\":\"https:\/\/hsmi.london\/en\/#organization\",\"name\":\"H.S.M.I. Ltd\",\"url\":\"https:\/\/hsmi.london\/en\/\",\"logo\":{\"@type\":\"ImageObject\",\"inLanguage\":\"it-IT\",\"@id\":\"https:\/\/hsmi.london\/en\/#\/schema\/logo\/image\/\",\"url\":\"https:\/\/staging.hsmi.london\/wp-content\/uploads\/2020\/04\/logo-hsmi-s.png\",\"contentUrl\":\"https:\/\/staging.hsmi.london\/wp-content\/uploads\/2020\/04\/logo-hsmi-s.png\",\"width\":280,\"height\":82,\"caption\":\"H.S.M.I. Ltd\"},\"image\":{\"@id\":\"https:\/\/hsmi.london\/en\/#\/schema\/logo\/image\/\"},\"sameAs\":[\"https:\/\/www.linkedin.com\/company\/hsmi-ltd\/\"]}]}<\/script>\n<!-- \/ Yoast SEO plugin. -->","yoast_head_json":{"title":"Finanziamento Mezzanino - HSMI","robots":{"index":"index","follow":"follow","max-snippet":"max-snippet:-1","max-image-preview":"max-image-preview:large","max-video-preview":"max-video-preview:-1"},"canonical":"https:\/\/hsmi.london\/it\/attivita\/mezzanine-financing-2\/","og_locale":"it_IT","og_type":"article","og_title":"Finanziamento Mezzanino - HSMI","og_description":"El capital intermedio es cualquier deuda subordinada o instrumento de capital preferente que representa un derecho sobre los activos de una empresa que es superior solo al de las acciones ordinarias. Los financiamientos mezzanine se pueden estructurar como deuda (normalmente una nota subordinada y no garantizada) o acciones preferentes. La financiaci\u00f3n mezzanine (deuda mezzanine) es ... Continue reading &raquo;","og_url":"https:\/\/hsmi.london\/it\/attivita\/mezzanine-financing-2\/","og_site_name":"HSMI","article_modified_time":"2022-07-26T04:41:16+00:00","twitter_card":"summary_large_image","twitter_misc":{"Tempo di lettura stimato":"3 minuti"},"schema":{"@context":"https:\/\/schema.org","@graph":[{"@type":"WebPage","@id":"https:\/\/hsmi.london\/it\/attivita\/mezzanine-financing-2\/","url":"https:\/\/hsmi.london\/it\/attivita\/mezzanine-financing-2\/","name":"Finanziamento Mezzanino - HSMI","isPartOf":{"@id":"https:\/\/hsmi.london\/en\/#website"},"primaryImageOfPage":{"@id":"https:\/\/hsmi.london\/it\/attivita\/mezzanine-financing-2\/#primaryimage"},"image":{"@id":"https:\/\/hsmi.london\/it\/attivita\/mezzanine-financing-2\/#primaryimage"},"thumbnailUrl":"https:\/\/hsmi.london\/wp-content\/uploads\/2015\/04\/mezzanine.svg","datePublished":"2021-12-24T05:47:18+00:00","dateModified":"2022-07-26T04:41:16+00:00","breadcrumb":{"@id":"https:\/\/hsmi.london\/it\/attivita\/mezzanine-financing-2\/#breadcrumb"},"inLanguage":"it-IT","potentialAction":[{"@type":"ReadAction","target":["https:\/\/hsmi.london\/it\/attivita\/mezzanine-financing-2\/"]}]},{"@type":"ImageObject","inLanguage":"it-IT","@id":"https:\/\/hsmi.london\/it\/attivita\/mezzanine-financing-2\/#primaryimage","url":"https:\/\/hsmi.london\/wp-content\/uploads\/2015\/04\/mezzanine.svg","contentUrl":"https:\/\/hsmi.london\/wp-content\/uploads\/2015\/04\/mezzanine.svg","caption":"mezzanine financing"},{"@type":"BreadcrumbList","@id":"https:\/\/hsmi.london\/it\/attivita\/mezzanine-financing-2\/#breadcrumb","itemListElement":[{"@type":"ListItem","position":1,"name":"Home","item":"https:\/\/hsmi.london\/it\/"},{"@type":"ListItem","position":2,"name":"Attivit\u00e0","item":"https:\/\/hsmi.london\/it\/attivita\/"},{"@type":"ListItem","position":3,"name":"Finanziamento Mezzanino"}]},{"@type":"WebSite","@id":"https:\/\/hsmi.london\/en\/#website","url":"https:\/\/hsmi.london\/en\/","name":"HSMI","description":"Corporate Advisory","publisher":{"@id":"https:\/\/hsmi.london\/en\/#organization"},"potentialAction":[{"@type":"SearchAction","target":{"@type":"EntryPoint","urlTemplate":"https:\/\/hsmi.london\/en\/?s={search_term_string}"},"query-input":{"@type":"PropertyValueSpecification","valueRequired":true,"valueName":"search_term_string"}}],"inLanguage":"it-IT"},{"@type":"Organization","@id":"https:\/\/hsmi.london\/en\/#organization","name":"H.S.M.I. Ltd","url":"https:\/\/hsmi.london\/en\/","logo":{"@type":"ImageObject","inLanguage":"it-IT","@id":"https:\/\/hsmi.london\/en\/#\/schema\/logo\/image\/","url":"https:\/\/staging.hsmi.london\/wp-content\/uploads\/2020\/04\/logo-hsmi-s.png","contentUrl":"https:\/\/staging.hsmi.london\/wp-content\/uploads\/2020\/04\/logo-hsmi-s.png","width":280,"height":82,"caption":"H.S.M.I. Ltd"},"image":{"@id":"https:\/\/hsmi.london\/en\/#\/schema\/logo\/image\/"},"sameAs":["https:\/\/www.linkedin.com\/company\/hsmi-ltd\/"]}]}},"_links":{"self":[{"href":"https:\/\/hsmi.london\/it\/wp-json\/wp\/v2\/pages\/33315","targetHints":{"allow":["GET"]}}],"collection":[{"href":"https:\/\/hsmi.london\/it\/wp-json\/wp\/v2\/pages"}],"about":[{"href":"https:\/\/hsmi.london\/it\/wp-json\/wp\/v2\/types\/page"}],"author":[{"embeddable":true,"href":"https:\/\/hsmi.london\/it\/wp-json\/wp\/v2\/users\/1669"}],"replies":[{"embeddable":true,"href":"https:\/\/hsmi.london\/it\/wp-json\/wp\/v2\/comments?post=33315"}],"version-history":[{"count":4,"href":"https:\/\/hsmi.london\/it\/wp-json\/wp\/v2\/pages\/33315\/revisions"}],"predecessor-version":[{"id":33578,"href":"https:\/\/hsmi.london\/it\/wp-json\/wp\/v2\/pages\/33315\/revisions\/33578"}],"up":[{"embeddable":true,"href":"https:\/\/hsmi.london\/it\/wp-json\/wp\/v2\/pages\/308"}],"wp:featuredmedia":[{"embeddable":true,"href":"https:\/\/hsmi.london\/it\/wp-json\/wp\/v2\/media\/664"}],"wp:attachment":[{"href":"https:\/\/hsmi.london\/it\/wp-json\/wp\/v2\/media?parent=33315"}],"curies":[{"name":"wp","href":"https:\/\/api.w.org\/{rel}","templated":true}]}}