{"id":33272,"date":"2021-12-24T04:42:14","date_gmt":"2021-12-24T04:42:14","guid":{"rendered":"http:\/\/staging.hsmi.london\/attivita\/business-plan\/"},"modified":"2025-04-22T12:25:00","modified_gmt":"2025-04-22T11:25:00","slug":"business-plan","status":"publish","type":"page","link":"https:\/\/hsmi.london\/it\/attivita\/business-plan\/","title":{"rendered":"Business Plan"},"content":{"rendered":"<p>Nello sviluppo di scelte aziendali, un ruolo predominante \u00e8 svolto dalle componenti di tipo industriale e finanziario, che permettono di prendere decisioni importanti sulla possibilit\u00e0 di intraprendere o meno un certo percorso.<\/p>\n<p>In questo senso, \u00e8 il\u00a0<strong>business plan (o piano industriale)<\/strong>\u00a0il principale strumento di pianificazione strategica aziendale.<\/p>\n<h3>CARATTERISTICHE<\/h3>\n<p>Il business plan tratta la\u00a0<strong>strategia competitiva globale\u00a0<\/strong>di un\u2019impresa, che comprende le differenti strategie competitive di tutte le aree di affari. Consente di presentare l\u2019azienda in modo dettagliato a shareholders e stakeholders \u2013 in particolare agli Istituti di credito ed Investitori- ma anche di dotarsi di uno strumento fondamentale di gestione aziendale.<\/p>\n<p>Esso \u00e8 composto da due parti:<\/p>\n<ul>\n<li>Qualitativa: contiene informazioni di carattere generale riferite all\u2019impresa \u2013 quali la descrizione dell\u2019attivit\u00e0 svolta, mission e vision, l\u2019analisi del contesto \u2013 al fine di individuare punti di forza e di debolezza, minacce ed opportunit\u00e0 della stessa, definendo cos\u00ec gli indirizzi strategici ritenuti pi\u00f9 idonei da intraprendere nel periodo preso in considerazione.<\/li>\n<\/ul>\n<h3>OBIETTIVI<\/h3>\n<p>Obiettivo principale di un business plan \u00e8 quello di definire gli obiettivi che l\u2019azienda intende raggiungere durante il periodo a cui esso si riferisce (solitamente 3-5 anni) e quali siano le azioni da attuare per il loro conseguimento.<\/p>\n<p>Sono fondamentali, inoltre:<\/p>\n<ul>\n<li>L\u2019analisi dei mercati relativi ad ogni area di business;<\/li>\n<li>L\u2019individuazione, per ogni area di business, di una strategia definita, formalizzata ed efficace;<\/li>\n<li>Definire, per ogni area, un preciso centro di responsabilit\u00e0.<\/li>\n<\/ul>\n<h3>VANTAGGI<\/h3>\n<p>Qualunque sia la procedura che l\u2019azienda intende adottare, il piano industriale svolge un ruolo fondamentale. Per questo motivo, \u00e8 opportuno affidarsi ad esperti.<\/p>\n<p>La\u00a0<strong>H.S.M.I. Ltd<\/strong>\u00a0offre ai propri Clienti,<\/p>\n<ul>\n<li>un team esperto e professionale;<\/li>\n<li>una pianificazione attenta e dettagliata dei progetti imprenditoriali;<\/li>\n<li>servizi complementari.<\/li>\n<\/ul>\n<style>\ndiv#custom_html-8 {\n    display: none;\n}\ndiv#custom_html-17 {\n    display: none;\n}\n<\/style>\n","protected":false},"excerpt":{"rendered":"<p>Nello sviluppo di scelte aziendali, un ruolo predominante \u00e8 svolto dalle componenti di tipo industriale e finanziario, che permettono di prendere decisioni importanti sulla possibilit\u00e0 di intraprendere o meno un certo percorso. In questo senso, \u00e8 il\u00a0business plan (o piano industriale)\u00a0il principale strumento di pianificazione strategica aziendale. CARATTERISTICHE Il business plan tratta la\u00a0strategia competitiva globale\u00a0di &#8230; <a href=\"https:\/\/hsmi.london\/it\/attivita\/business-plan\/\">Continue reading &raquo;<\/a><\/p>\n","protected":false},"author":1669,"featured_media":684,"parent":308,"menu_order":0,"comment_status":"closed","ping_status":"closed","template":"","meta":{"inline_featured_image":false,"_exactmetrics_skip_tracking":false,"_exactmetrics_sitenote_active":false,"_exactmetrics_sitenote_note":"","_exactmetrics_sitenote_category":0,"footnotes":""},"class_list":["post-33272","page","type-page","status-publish","has-post-thumbnail","hentry"],"yoast_head":"<!-- This site is optimized with the Yoast SEO plugin v24.9 - https:\/\/yoast.com\/wordpress\/plugins\/seo\/ -->\n<title>Business Plan - HSMI<\/title>\n<meta name=\"robots\" content=\"index, follow, max-snippet:-1, max-image-preview:large, max-video-preview:-1\" \/>\n<link rel=\"canonical\" href=\"https:\/\/hsmi.london\/it\/attivita\/business-plan\/\" \/>\n<meta property=\"og:locale\" content=\"it_IT\" \/>\n<meta property=\"og:type\" content=\"article\" \/>\n<meta property=\"og:title\" content=\"Business Plan - HSMI\" \/>\n<meta property=\"og:description\" content=\"Nello sviluppo di scelte aziendali, un ruolo predominante \u00e8 svolto dalle componenti di tipo industriale e finanziario, che permettono di prendere decisioni importanti sulla possibilit\u00e0 di intraprendere o meno un certo percorso. In questo senso, \u00e8 il\u00a0business plan (o piano industriale)\u00a0il principale strumento di pianificazione strategica aziendale. CARATTERISTICHE Il business plan tratta la\u00a0strategia competitiva globale\u00a0di ... Continue reading &raquo;\" \/>\n<meta property=\"og:url\" content=\"https:\/\/hsmi.london\/it\/attivita\/business-plan\/\" \/>\n<meta property=\"og:site_name\" content=\"HSMI\" \/>\n<meta property=\"article:modified_time\" content=\"2025-04-22T11:25:00+00:00\" \/>\n<meta name=\"twitter:card\" content=\"summary_large_image\" \/>\n<meta name=\"twitter:label1\" content=\"Tempo di lettura stimato\" \/>\n\t<meta name=\"twitter:data1\" content=\"2 minuti\" \/>\n<script type=\"application\/ld+json\" class=\"yoast-schema-graph\">{\"@context\":\"https:\/\/schema.org\",\"@graph\":[{\"@type\":\"WebPage\",\"@id\":\"https:\/\/hsmi.london\/it\/attivita\/business-plan\/\",\"url\":\"https:\/\/hsmi.london\/it\/attivita\/business-plan\/\",\"name\":\"Business Plan - HSMI\",\"isPartOf\":{\"@id\":\"https:\/\/hsmi.london\/en\/#website\"},\"primaryImageOfPage\":{\"@id\":\"https:\/\/hsmi.london\/it\/attivita\/business-plan\/#primaryimage\"},\"image\":{\"@id\":\"https:\/\/hsmi.london\/it\/attivita\/business-plan\/#primaryimage\"},\"thumbnailUrl\":\"https:\/\/hsmi.london\/wp-content\/uploads\/2015\/04\/business-plan.svg\",\"datePublished\":\"2021-12-24T04:42:14+00:00\",\"dateModified\":\"2025-04-22T11:25:00+00:00\",\"breadcrumb\":{\"@id\":\"https:\/\/hsmi.london\/it\/attivita\/business-plan\/#breadcrumb\"},\"inLanguage\":\"it-IT\",\"potentialAction\":[{\"@type\":\"ReadAction\",\"target\":[\"https:\/\/hsmi.london\/it\/attivita\/business-plan\/\"]}]},{\"@type\":\"ImageObject\",\"inLanguage\":\"it-IT\",\"@id\":\"https:\/\/hsmi.london\/it\/attivita\/business-plan\/#primaryimage\",\"url\":\"https:\/\/hsmi.london\/wp-content\/uploads\/2015\/04\/business-plan.svg\",\"contentUrl\":\"https:\/\/hsmi.london\/wp-content\/uploads\/2015\/04\/business-plan.svg\",\"caption\":\"Business Plan\"},{\"@type\":\"BreadcrumbList\",\"@id\":\"https:\/\/hsmi.london\/it\/attivita\/business-plan\/#breadcrumb\",\"itemListElement\":[{\"@type\":\"ListItem\",\"position\":1,\"name\":\"Home\",\"item\":\"https:\/\/hsmi.london\/it\/\"},{\"@type\":\"ListItem\",\"position\":2,\"name\":\"Attivit\u00e0\",\"item\":\"https:\/\/hsmi.london\/it\/attivita\/\"},{\"@type\":\"ListItem\",\"position\":3,\"name\":\"Business Plan\"}]},{\"@type\":\"WebSite\",\"@id\":\"https:\/\/hsmi.london\/en\/#website\",\"url\":\"https:\/\/hsmi.london\/en\/\",\"name\":\"HSMI\",\"description\":\"Corporate Advisory\",\"publisher\":{\"@id\":\"https:\/\/hsmi.london\/en\/#organization\"},\"potentialAction\":[{\"@type\":\"SearchAction\",\"target\":{\"@type\":\"EntryPoint\",\"urlTemplate\":\"https:\/\/hsmi.london\/en\/?s={search_term_string}\"},\"query-input\":{\"@type\":\"PropertyValueSpecification\",\"valueRequired\":true,\"valueName\":\"search_term_string\"}}],\"inLanguage\":\"it-IT\"},{\"@type\":\"Organization\",\"@id\":\"https:\/\/hsmi.london\/en\/#organization\",\"name\":\"H.S.M.I. Ltd\",\"url\":\"https:\/\/hsmi.london\/en\/\",\"logo\":{\"@type\":\"ImageObject\",\"inLanguage\":\"it-IT\",\"@id\":\"https:\/\/hsmi.london\/en\/#\/schema\/logo\/image\/\",\"url\":\"https:\/\/staging.hsmi.london\/wp-content\/uploads\/2020\/04\/logo-hsmi-s.png\",\"contentUrl\":\"https:\/\/staging.hsmi.london\/wp-content\/uploads\/2020\/04\/logo-hsmi-s.png\",\"width\":280,\"height\":82,\"caption\":\"H.S.M.I. Ltd\"},\"image\":{\"@id\":\"https:\/\/hsmi.london\/en\/#\/schema\/logo\/image\/\"},\"sameAs\":[\"https:\/\/www.linkedin.com\/company\/hsmi-ltd\/\"]}]}<\/script>\n<!-- \/ Yoast SEO plugin. -->","yoast_head_json":{"title":"Business Plan - HSMI","robots":{"index":"index","follow":"follow","max-snippet":"max-snippet:-1","max-image-preview":"max-image-preview:large","max-video-preview":"max-video-preview:-1"},"canonical":"https:\/\/hsmi.london\/it\/attivita\/business-plan\/","og_locale":"it_IT","og_type":"article","og_title":"Business Plan - HSMI","og_description":"Nello sviluppo di scelte aziendali, un ruolo predominante \u00e8 svolto dalle componenti di tipo industriale e finanziario, che permettono di prendere decisioni importanti sulla possibilit\u00e0 di intraprendere o meno un certo percorso. In questo senso, \u00e8 il\u00a0business plan (o piano industriale)\u00a0il principale strumento di pianificazione strategica aziendale. CARATTERISTICHE Il business plan tratta la\u00a0strategia competitiva globale\u00a0di ... Continue reading &raquo;","og_url":"https:\/\/hsmi.london\/it\/attivita\/business-plan\/","og_site_name":"HSMI","article_modified_time":"2025-04-22T11:25:00+00:00","twitter_card":"summary_large_image","twitter_misc":{"Tempo di lettura stimato":"2 minuti"},"schema":{"@context":"https:\/\/schema.org","@graph":[{"@type":"WebPage","@id":"https:\/\/hsmi.london\/it\/attivita\/business-plan\/","url":"https:\/\/hsmi.london\/it\/attivita\/business-plan\/","name":"Business Plan - HSMI","isPartOf":{"@id":"https:\/\/hsmi.london\/en\/#website"},"primaryImageOfPage":{"@id":"https:\/\/hsmi.london\/it\/attivita\/business-plan\/#primaryimage"},"image":{"@id":"https:\/\/hsmi.london\/it\/attivita\/business-plan\/#primaryimage"},"thumbnailUrl":"https:\/\/hsmi.london\/wp-content\/uploads\/2015\/04\/business-plan.svg","datePublished":"2021-12-24T04:42:14+00:00","dateModified":"2025-04-22T11:25:00+00:00","breadcrumb":{"@id":"https:\/\/hsmi.london\/it\/attivita\/business-plan\/#breadcrumb"},"inLanguage":"it-IT","potentialAction":[{"@type":"ReadAction","target":["https:\/\/hsmi.london\/it\/attivita\/business-plan\/"]}]},{"@type":"ImageObject","inLanguage":"it-IT","@id":"https:\/\/hsmi.london\/it\/attivita\/business-plan\/#primaryimage","url":"https:\/\/hsmi.london\/wp-content\/uploads\/2015\/04\/business-plan.svg","contentUrl":"https:\/\/hsmi.london\/wp-content\/uploads\/2015\/04\/business-plan.svg","caption":"Business Plan"},{"@type":"BreadcrumbList","@id":"https:\/\/hsmi.london\/it\/attivita\/business-plan\/#breadcrumb","itemListElement":[{"@type":"ListItem","position":1,"name":"Home","item":"https:\/\/hsmi.london\/it\/"},{"@type":"ListItem","position":2,"name":"Attivit\u00e0","item":"https:\/\/hsmi.london\/it\/attivita\/"},{"@type":"ListItem","position":3,"name":"Business Plan"}]},{"@type":"WebSite","@id":"https:\/\/hsmi.london\/en\/#website","url":"https:\/\/hsmi.london\/en\/","name":"HSMI","description":"Corporate Advisory","publisher":{"@id":"https:\/\/hsmi.london\/en\/#organization"},"potentialAction":[{"@type":"SearchAction","target":{"@type":"EntryPoint","urlTemplate":"https:\/\/hsmi.london\/en\/?s={search_term_string}"},"query-input":{"@type":"PropertyValueSpecification","valueRequired":true,"valueName":"search_term_string"}}],"inLanguage":"it-IT"},{"@type":"Organization","@id":"https:\/\/hsmi.london\/en\/#organization","name":"H.S.M.I. Ltd","url":"https:\/\/hsmi.london\/en\/","logo":{"@type":"ImageObject","inLanguage":"it-IT","@id":"https:\/\/hsmi.london\/en\/#\/schema\/logo\/image\/","url":"https:\/\/staging.hsmi.london\/wp-content\/uploads\/2020\/04\/logo-hsmi-s.png","contentUrl":"https:\/\/staging.hsmi.london\/wp-content\/uploads\/2020\/04\/logo-hsmi-s.png","width":280,"height":82,"caption":"H.S.M.I. Ltd"},"image":{"@id":"https:\/\/hsmi.london\/en\/#\/schema\/logo\/image\/"},"sameAs":["https:\/\/www.linkedin.com\/company\/hsmi-ltd\/"]}]}},"_links":{"self":[{"href":"https:\/\/hsmi.london\/it\/wp-json\/wp\/v2\/pages\/33272","targetHints":{"allow":["GET"]}}],"collection":[{"href":"https:\/\/hsmi.london\/it\/wp-json\/wp\/v2\/pages"}],"about":[{"href":"https:\/\/hsmi.london\/it\/wp-json\/wp\/v2\/types\/page"}],"author":[{"embeddable":true,"href":"https:\/\/hsmi.london\/it\/wp-json\/wp\/v2\/users\/1669"}],"replies":[{"embeddable":true,"href":"https:\/\/hsmi.london\/it\/wp-json\/wp\/v2\/comments?post=33272"}],"version-history":[{"count":4,"href":"https:\/\/hsmi.london\/it\/wp-json\/wp\/v2\/pages\/33272\/revisions"}],"predecessor-version":[{"id":33951,"href":"https:\/\/hsmi.london\/it\/wp-json\/wp\/v2\/pages\/33272\/revisions\/33951"}],"up":[{"embeddable":true,"href":"https:\/\/hsmi.london\/it\/wp-json\/wp\/v2\/pages\/308"}],"wp:featuredmedia":[{"embeddable":true,"href":"https:\/\/hsmi.london\/it\/wp-json\/wp\/v2\/media\/684"}],"wp:attachment":[{"href":"https:\/\/hsmi.london\/it\/wp-json\/wp\/v2\/media?parent=33272"}],"curies":[{"name":"wp","href":"https:\/\/api.w.org\/{rel}","templated":true}]}}