{"id":33245,"date":"2021-12-24T04:06:50","date_gmt":"2021-12-24T04:06:50","guid":{"rendered":"http:\/\/staging.hsmi.london\/attivita\/board-membership-advisory-2\/"},"modified":"2022-07-26T05:31:25","modified_gmt":"2022-07-26T04:31:25","slug":"membro-del-consiglio-direttivo-consulenza","status":"publish","type":"page","link":"https:\/\/hsmi.london\/it\/attivita\/membro-del-consiglio-direttivo-consulenza\/","title":{"rendered":"Membro del consiglio direttivo &#038; consulenza"},"content":{"rendered":"<p>Un membro del consiglio di amministrazione \u00e8 un membro eletto a far parte nel consiglio di amministrazione di una societ\u00e0 o nel comitato di vigilanza di un\u2019organizzazione. Il consiglio di amministrazione di una societ\u00e0 \u00e8 definito come l\u2019organo di governo incaricato delle decisioni inerenti la direzione della societ\u00e0 stessa. Le decisioni chiave per l\u2019intero organo aziendale provengono dal consenso del Consiglio.<\/p>\n<h3><strong>COSA SIGNIFICA MEMBRO DEL CONSIGLIO?\u00a0<\/strong><\/h3>\n<p>I membri del consiglio di amministrazione sono eletti dagli azionisti della societ\u00e0 e hanno la responsabilit\u00e0 di impostare la visione della societ\u00e0 e di nominare i funzionari principali per realizzare tale visione. Ogni membro del consiglio partecipa alle riunioni del consiglio in cui si svolgono le discussioni su prestazioni, punti critici, cambi di direzione e strategie future. In altre parole, essi sono responsabili della direzione globale dell\u2019azienda. Ogni membro \u00e8 tenuto a conoscere il proprio ambito di attivit\u00e0, insieme alle sue problematiche e sfide. Esso \u00e8 responsabile di far emergere eventuali problemi nei suoi segmenti di attivit\u00e0 ad altri membri, in modo che se ne possa discutere una soluzione. Tutti i membri fanno il brainstorming sulla soluzione da adottare e la mettono ai voti. Se la maggioranza dei membri concorda e converge sulla soluzione da adottare, tale conclusione diventa una linea guida operativa ed una componente essenziale della strategia dell\u2019azienda in futuro.<\/p>\n<h3><strong>ESEMPIO<\/strong><\/h3>\n<p>Supponiamo che una piccola azienda di piastrelle da bagno abbia problemi a competere con i suoi concorrenti pi\u00f9 grandi. I dirigenti vedono i problemi di inventario e di vendita e decidono di presentare questo problema ai membri del consiglio di amministrazione. Ora, diventa responsabilit\u00e0 dei membri del consiglio analizzare il problema ed escogitare una possibile soluzione.<\/p>\n<p>Il consiglio di amministrazione studia il mercato, la domanda dei consumatori, i concorrenti, e le tariffe del settore. Scoprono di non essere in grado di competere a causa della loro incapacit\u00e0 di ridurre i costi di produzione, pertanto, decidono di cambiare la visione dell\u2019azienda e decidono di iniziare a produrre piastrelle da cucina perch\u00e9 la loro capacit\u00e0 di produrre \u00e8 molto pi\u00f9 adatta a questo settore.<\/p>\n<p>Il consiglio comunica la propria decisione strategica agli amministratori delegati che iniziano a realizzare i nuovi obiettivi dell\u2019azienda.<\/p>\n<p>Non \u00e8 un mistero che un consiglio di amministrazione efficace ha una migliore comprensione di dove la loro azienda crea valore, i potenziali rischi e la strategia da intraprendere.<\/p>\n<p>Queste commissioni valutano l\u2019allocazione delle risorse, accettano feedback affidabili e discutono strategie alternative. Valutano inoltre le tendenze e le incertezze e discutono con il CEO su dove creare nuovo valore. Al contrario, un Consiglio di Amministrazione non efficace pu\u00f2 distruggere valore, concentrandosi esclusivamente sulle attivit\u00e0 fiduciarie o enfatizzando eccessivamente i risultati finanziari a breve termine.<\/p>\n<p><strong><em>Il nostro servizio: Aiutiamo i nostri clienti a migliorare l\u2019efficacia nel dialogo tra il consiglio di amministrazione e la direzione, facilitando discussioni strategiche, nuove idee ed intuizioni, piani di successione degli amministratori delegati, etc. Il tutto tramite consulenza o assunzioni di incarichi quale membro del consiglio di amministrazione stesso.<\/em><\/strong><\/p>\n<style>\ndiv#custom_html-8 {\n    display: none;\n}\ndiv#custom_html-17 {\n    display: none;\n}\n<\/style>\n","protected":false},"excerpt":{"rendered":"<p>Un membro del consiglio di amministrazione \u00e8 un membro eletto a far parte nel consiglio di amministrazione di una societ\u00e0 o nel comitato di vigilanza di un\u2019organizzazione. Il consiglio di amministrazione di una societ\u00e0 \u00e8 definito come l\u2019organo di governo incaricato delle decisioni inerenti la direzione della societ\u00e0 stessa. Le decisioni chiave per l\u2019intero organo &#8230; <a href=\"https:\/\/hsmi.london\/it\/attivita\/membro-del-consiglio-direttivo-consulenza\/\">Continue reading &raquo;<\/a><\/p>\n","protected":false},"author":1669,"featured_media":4264,"parent":308,"menu_order":0,"comment_status":"closed","ping_status":"closed","template":"","meta":{"inline_featured_image":false,"_exactmetrics_skip_tracking":false,"_exactmetrics_sitenote_active":false,"_exactmetrics_sitenote_note":"","_exactmetrics_sitenote_category":0,"footnotes":""},"class_list":["post-33245","page","type-page","status-publish","has-post-thumbnail","hentry"],"yoast_head":"<!-- This site is optimized with the Yoast SEO plugin v24.9 - https:\/\/yoast.com\/wordpress\/plugins\/seo\/ -->\n<title>Membro del consiglio direttivo &amp; consulenza - HSMI<\/title>\n<meta name=\"robots\" content=\"index, follow, max-snippet:-1, max-image-preview:large, max-video-preview:-1\" \/>\n<link rel=\"canonical\" href=\"https:\/\/hsmi.london\/it\/attivita\/membro-del-consiglio-direttivo-consulenza\/\" \/>\n<meta property=\"og:locale\" content=\"it_IT\" \/>\n<meta property=\"og:type\" content=\"article\" \/>\n<meta property=\"og:title\" content=\"Membro del consiglio direttivo &amp; consulenza - HSMI\" \/>\n<meta property=\"og:description\" content=\"Un membro del consiglio di amministrazione \u00e8 un membro eletto a far parte nel consiglio di amministrazione di una societ\u00e0 o nel comitato di vigilanza di un\u2019organizzazione. Il consiglio di amministrazione di una societ\u00e0 \u00e8 definito come l\u2019organo di governo incaricato delle decisioni inerenti la direzione della societ\u00e0 stessa. Le decisioni chiave per l\u2019intero organo ... Continue reading &raquo;\" \/>\n<meta property=\"og:url\" content=\"https:\/\/hsmi.london\/it\/attivita\/membro-del-consiglio-direttivo-consulenza\/\" \/>\n<meta property=\"og:site_name\" content=\"HSMI\" \/>\n<meta property=\"article:modified_time\" content=\"2022-07-26T04:31:25+00:00\" \/>\n<meta name=\"twitter:card\" content=\"summary_large_image\" \/>\n<meta name=\"twitter:label1\" content=\"Tempo di lettura stimato\" \/>\n\t<meta name=\"twitter:data1\" content=\"2 minuti\" \/>\n<script type=\"application\/ld+json\" class=\"yoast-schema-graph\">{\"@context\":\"https:\/\/schema.org\",\"@graph\":[{\"@type\":\"WebPage\",\"@id\":\"https:\/\/hsmi.london\/it\/attivita\/membro-del-consiglio-direttivo-consulenza\/\",\"url\":\"https:\/\/hsmi.london\/it\/attivita\/membro-del-consiglio-direttivo-consulenza\/\",\"name\":\"Membro del consiglio direttivo & consulenza - HSMI\",\"isPartOf\":{\"@id\":\"https:\/\/hsmi.london\/en\/#website\"},\"primaryImageOfPage\":{\"@id\":\"https:\/\/hsmi.london\/it\/attivita\/membro-del-consiglio-direttivo-consulenza\/#primaryimage\"},\"image\":{\"@id\":\"https:\/\/hsmi.london\/it\/attivita\/membro-del-consiglio-direttivo-consulenza\/#primaryimage\"},\"thumbnailUrl\":\"https:\/\/hsmi.london\/wp-content\/uploads\/2020\/04\/board.svg\",\"datePublished\":\"2021-12-24T04:06:50+00:00\",\"dateModified\":\"2022-07-26T04:31:25+00:00\",\"breadcrumb\":{\"@id\":\"https:\/\/hsmi.london\/it\/attivita\/membro-del-consiglio-direttivo-consulenza\/#breadcrumb\"},\"inLanguage\":\"it-IT\",\"potentialAction\":[{\"@type\":\"ReadAction\",\"target\":[\"https:\/\/hsmi.london\/it\/attivita\/membro-del-consiglio-direttivo-consulenza\/\"]}]},{\"@type\":\"ImageObject\",\"inLanguage\":\"it-IT\",\"@id\":\"https:\/\/hsmi.london\/it\/attivita\/membro-del-consiglio-direttivo-consulenza\/#primaryimage\",\"url\":\"https:\/\/hsmi.london\/wp-content\/uploads\/2020\/04\/board.svg\",\"contentUrl\":\"https:\/\/hsmi.london\/wp-content\/uploads\/2020\/04\/board.svg\"},{\"@type\":\"BreadcrumbList\",\"@id\":\"https:\/\/hsmi.london\/it\/attivita\/membro-del-consiglio-direttivo-consulenza\/#breadcrumb\",\"itemListElement\":[{\"@type\":\"ListItem\",\"position\":1,\"name\":\"Home\",\"item\":\"https:\/\/hsmi.london\/it\/\"},{\"@type\":\"ListItem\",\"position\":2,\"name\":\"Attivit\u00e0\",\"item\":\"https:\/\/hsmi.london\/it\/attivita\/\"},{\"@type\":\"ListItem\",\"position\":3,\"name\":\"Membro del consiglio direttivo &#038; consulenza\"}]},{\"@type\":\"WebSite\",\"@id\":\"https:\/\/hsmi.london\/en\/#website\",\"url\":\"https:\/\/hsmi.london\/en\/\",\"name\":\"HSMI\",\"description\":\"Corporate Advisory\",\"publisher\":{\"@id\":\"https:\/\/hsmi.london\/en\/#organization\"},\"potentialAction\":[{\"@type\":\"SearchAction\",\"target\":{\"@type\":\"EntryPoint\",\"urlTemplate\":\"https:\/\/hsmi.london\/en\/?s={search_term_string}\"},\"query-input\":{\"@type\":\"PropertyValueSpecification\",\"valueRequired\":true,\"valueName\":\"search_term_string\"}}],\"inLanguage\":\"it-IT\"},{\"@type\":\"Organization\",\"@id\":\"https:\/\/hsmi.london\/en\/#organization\",\"name\":\"H.S.M.I. Ltd\",\"url\":\"https:\/\/hsmi.london\/en\/\",\"logo\":{\"@type\":\"ImageObject\",\"inLanguage\":\"it-IT\",\"@id\":\"https:\/\/hsmi.london\/en\/#\/schema\/logo\/image\/\",\"url\":\"https:\/\/staging.hsmi.london\/wp-content\/uploads\/2020\/04\/logo-hsmi-s.png\",\"contentUrl\":\"https:\/\/staging.hsmi.london\/wp-content\/uploads\/2020\/04\/logo-hsmi-s.png\",\"width\":280,\"height\":82,\"caption\":\"H.S.M.I. Ltd\"},\"image\":{\"@id\":\"https:\/\/hsmi.london\/en\/#\/schema\/logo\/image\/\"},\"sameAs\":[\"https:\/\/www.linkedin.com\/company\/hsmi-ltd\/\"]}]}<\/script>\n<!-- \/ Yoast SEO plugin. -->","yoast_head_json":{"title":"Membro del consiglio direttivo & consulenza - HSMI","robots":{"index":"index","follow":"follow","max-snippet":"max-snippet:-1","max-image-preview":"max-image-preview:large","max-video-preview":"max-video-preview:-1"},"canonical":"https:\/\/hsmi.london\/it\/attivita\/membro-del-consiglio-direttivo-consulenza\/","og_locale":"it_IT","og_type":"article","og_title":"Membro del consiglio direttivo & consulenza - HSMI","og_description":"Un membro del consiglio di amministrazione \u00e8 un membro eletto a far parte nel consiglio di amministrazione di una societ\u00e0 o nel comitato di vigilanza di un\u2019organizzazione. Il consiglio di amministrazione di una societ\u00e0 \u00e8 definito come l\u2019organo di governo incaricato delle decisioni inerenti la direzione della societ\u00e0 stessa. Le decisioni chiave per l\u2019intero organo ... Continue reading &raquo;","og_url":"https:\/\/hsmi.london\/it\/attivita\/membro-del-consiglio-direttivo-consulenza\/","og_site_name":"HSMI","article_modified_time":"2022-07-26T04:31:25+00:00","twitter_card":"summary_large_image","twitter_misc":{"Tempo di lettura stimato":"2 minuti"},"schema":{"@context":"https:\/\/schema.org","@graph":[{"@type":"WebPage","@id":"https:\/\/hsmi.london\/it\/attivita\/membro-del-consiglio-direttivo-consulenza\/","url":"https:\/\/hsmi.london\/it\/attivita\/membro-del-consiglio-direttivo-consulenza\/","name":"Membro del consiglio direttivo & consulenza - HSMI","isPartOf":{"@id":"https:\/\/hsmi.london\/en\/#website"},"primaryImageOfPage":{"@id":"https:\/\/hsmi.london\/it\/attivita\/membro-del-consiglio-direttivo-consulenza\/#primaryimage"},"image":{"@id":"https:\/\/hsmi.london\/it\/attivita\/membro-del-consiglio-direttivo-consulenza\/#primaryimage"},"thumbnailUrl":"https:\/\/hsmi.london\/wp-content\/uploads\/2020\/04\/board.svg","datePublished":"2021-12-24T04:06:50+00:00","dateModified":"2022-07-26T04:31:25+00:00","breadcrumb":{"@id":"https:\/\/hsmi.london\/it\/attivita\/membro-del-consiglio-direttivo-consulenza\/#breadcrumb"},"inLanguage":"it-IT","potentialAction":[{"@type":"ReadAction","target":["https:\/\/hsmi.london\/it\/attivita\/membro-del-consiglio-direttivo-consulenza\/"]}]},{"@type":"ImageObject","inLanguage":"it-IT","@id":"https:\/\/hsmi.london\/it\/attivita\/membro-del-consiglio-direttivo-consulenza\/#primaryimage","url":"https:\/\/hsmi.london\/wp-content\/uploads\/2020\/04\/board.svg","contentUrl":"https:\/\/hsmi.london\/wp-content\/uploads\/2020\/04\/board.svg"},{"@type":"BreadcrumbList","@id":"https:\/\/hsmi.london\/it\/attivita\/membro-del-consiglio-direttivo-consulenza\/#breadcrumb","itemListElement":[{"@type":"ListItem","position":1,"name":"Home","item":"https:\/\/hsmi.london\/it\/"},{"@type":"ListItem","position":2,"name":"Attivit\u00e0","item":"https:\/\/hsmi.london\/it\/attivita\/"},{"@type":"ListItem","position":3,"name":"Membro del consiglio direttivo &#038; consulenza"}]},{"@type":"WebSite","@id":"https:\/\/hsmi.london\/en\/#website","url":"https:\/\/hsmi.london\/en\/","name":"HSMI","description":"Corporate Advisory","publisher":{"@id":"https:\/\/hsmi.london\/en\/#organization"},"potentialAction":[{"@type":"SearchAction","target":{"@type":"EntryPoint","urlTemplate":"https:\/\/hsmi.london\/en\/?s={search_term_string}"},"query-input":{"@type":"PropertyValueSpecification","valueRequired":true,"valueName":"search_term_string"}}],"inLanguage":"it-IT"},{"@type":"Organization","@id":"https:\/\/hsmi.london\/en\/#organization","name":"H.S.M.I. Ltd","url":"https:\/\/hsmi.london\/en\/","logo":{"@type":"ImageObject","inLanguage":"it-IT","@id":"https:\/\/hsmi.london\/en\/#\/schema\/logo\/image\/","url":"https:\/\/staging.hsmi.london\/wp-content\/uploads\/2020\/04\/logo-hsmi-s.png","contentUrl":"https:\/\/staging.hsmi.london\/wp-content\/uploads\/2020\/04\/logo-hsmi-s.png","width":280,"height":82,"caption":"H.S.M.I. Ltd"},"image":{"@id":"https:\/\/hsmi.london\/en\/#\/schema\/logo\/image\/"},"sameAs":["https:\/\/www.linkedin.com\/company\/hsmi-ltd\/"]}]}},"_links":{"self":[{"href":"https:\/\/hsmi.london\/it\/wp-json\/wp\/v2\/pages\/33245","targetHints":{"allow":["GET"]}}],"collection":[{"href":"https:\/\/hsmi.london\/it\/wp-json\/wp\/v2\/pages"}],"about":[{"href":"https:\/\/hsmi.london\/it\/wp-json\/wp\/v2\/types\/page"}],"author":[{"embeddable":true,"href":"https:\/\/hsmi.london\/it\/wp-json\/wp\/v2\/users\/1669"}],"replies":[{"embeddable":true,"href":"https:\/\/hsmi.london\/it\/wp-json\/wp\/v2\/comments?post=33245"}],"version-history":[{"count":2,"href":"https:\/\/hsmi.london\/it\/wp-json\/wp\/v2\/pages\/33245\/revisions"}],"predecessor-version":[{"id":33562,"href":"https:\/\/hsmi.london\/it\/wp-json\/wp\/v2\/pages\/33245\/revisions\/33562"}],"up":[{"embeddable":true,"href":"https:\/\/hsmi.london\/it\/wp-json\/wp\/v2\/pages\/308"}],"wp:featuredmedia":[{"embeddable":true,"href":"https:\/\/hsmi.london\/it\/wp-json\/wp\/v2\/media\/4264"}],"wp:attachment":[{"href":"https:\/\/hsmi.london\/it\/wp-json\/wp\/v2\/media?parent=33245"}],"curies":[{"name":"wp","href":"https:\/\/api.w.org\/{rel}","templated":true}]}}