{"id":33228,"date":"2021-12-24T03:39:16","date_gmt":"2021-12-24T03:39:16","guid":{"rendered":"http:\/\/staging.hsmi.london\/attivita\/corporate-business-strategy-2\/"},"modified":"2022-07-26T05:30:05","modified_gmt":"2022-07-26T04:30:05","slug":"strategia-aziendale-e-di-business","status":"publish","type":"page","link":"https:\/\/hsmi.london\/it\/attivita\/strategia-aziendale-e-di-business\/","title":{"rendered":"Strategia aziendale e di business"},"content":{"rendered":"<h3>COS\u2019\u00c8 LA STRATEGIA AZIENDALE?<\/h3>\n<p>La strategia aziendale adotta un approccio di portafoglio al processo decisionale strategico, esaminando tutte le attivit\u00e0 di un\u2019azienda per determinare come creare il massimo valore. Al fine di sviluppare una strategia aziendale, le aziende devono esaminare il modo in cui le varie attivit\u00e0 di loro propriet\u00e0 si incastrano, come si influenzano a vicenda e come \u00e8 strutturata la societ\u00e0 madre al fine di ottimizzare il capitale umano, i processi e la governance.<\/p>\n<h3>QUALI SONO I FATTORI CHIAVE DELLA STRATEGIA AZIENDALE?<\/h3>\n<p>Esistono diversi fattori della strategia aziendale su cui si concentrano i leader delle organizzazioni, i principali sono:<\/p>\n<ol>\n<li>Allocazione delle risorse<\/li>\n<li>Progettazione organizzativa<\/li>\n<li>Gestione del portafoglio<\/li>\n<li>Compromessi strategici<\/li>\n<\/ol>\n<h3>ALLOCAZIONE DELLE RISORSE.<\/h3>\n<p>L\u2019allocazione delle risorse in un\u2019azienda si concentra principalmente su persone e capitale. Nel tentativo di massimizzare il valore dell\u2019intera azienda, i leader devono determinare come allocare queste risorse alle varie attivit\u00e0 o unit\u00e0 aziendali per rendere il tutto migliore della somma delle singole unit\u00e0 stesse.<\/p>\n<p>I fattori chiave relativi all\u2019assegnazione delle risorse sono:<\/p>\n<ul>\n<li><strong>Persone<\/strong>\n<ul>\n<li>Individuare le competenze chiave e garantire che siano ben distribuite in tutta l\u2019azienda<\/li>\n<li>Spostare i leader nei luoghi in cui sono maggiormente necessari e capaci di apportare il massimo valore<\/li>\n<li>Garantire che una fornitura adeguata di talenti sia sempre disponibile per tutte le line di business.<\/li>\n<\/ul>\n<\/li>\n<li><strong>Capitale<\/strong>\n<ul>\n<li>Allocazione del capitale tra le imprese in modo da ottenere il rendimento pi\u00f9 elevato in rapporto al rischio acquisto.<\/li>\n<li>Analisi delle opportunit\u00e0 esterne (fusioni e acquisizioni) e allocazione del capitale tra opportunit\u00e0 interne (progetti) ed esterne.<\/li>\n<\/ul>\n<\/li>\n<\/ul>\n<h3>PROGETTAZIONE ORGANIZZATIVA<\/h3>\n<p>La progettazione organizzativa prevede che l\u2019azienda abbia la struttura necessaria e i relativi sistemi in atto per creare il massimo valore. I fattori che i leader devono considerare sono il ruolo della sede centrale (approccio centralizzato e decentralizzato e la struttura di reporting tra individui e unit\u00e0 di business (gerarchia verticale, report matriciale, ecc.).<\/p>\n<p>I fattori chiave relativi all\u2019assegnazione delle risorse sono:<\/p>\n<ul>\n<li><strong>Sede<\/strong>\u00a0(centralizzata vs decentralizzata)\n<ul>\n<li>Determinare quanta autonomia dare alle unit\u00e0 di business,<\/li>\n<li>Decidere se le decisioni vengono prese dall\u2019alto verso il basso o dal basso verso l\u2019alto,<\/li>\n<li>Influenza sulla strategia delle unit\u00e0 di business,<\/li>\n<\/ul>\n<\/li>\n<\/ul>\n<ul>\n<li><strong>Struttura organizzativa<\/strong>\u00a0(reporting)\n<ul>\n<li>Determinare come grandi iniziative e impegni saranno suddivisi in progetti pi\u00f9 piccoli,<\/li>\n<li>Integrazione di unit\u00e0 aziendali e funzioni aziendali in modo tale che non vi siano ridondanze.<\/li>\n<li>Consentire l\u2019equilibrio tra rischio e rendimento separando le responsabilit\u00e0<\/li>\n<li>Sviluppo di centri di eccellenza<\/li>\n<li>Determinare l\u2019appropriazione delle deleghe<\/li>\n<li>Stabilire le strutture di governance<\/li>\n<li>Impostazione di strutture di segnalazione (militare \/ dall\u2019alto verso il basso, matrice di reporting)<\/li>\n<\/ul>\n<\/li>\n<\/ul>\n<h3>GESTIONE DEL PORTAFOGLIO<\/h3>\n<p>La gestione del portafoglio esamina il modo in cui le unit\u00e0 di business si completano a vicenda, le loro correlazioni, e decide dove \u201cl\u2019impresa\u201d giocher\u00e0 la sua partita (ovvero quali attivit\u00e0 approccer\u00e0 o non).<br \/>\nLa strategia aziendale relativa alla gestione del portafoglio comprende:<\/p>\n<ul>\n<li>Decidere in quale business essere coinvolti o restare fuori<\/li>\n<li>Determinare l\u2019estensione dell\u2019integrazione verticale che l\u2019impresa dovrebbe avere<\/li>\n<li>Gestione del rischio attraverso la diversificazione e la riduzione della correlazione dei risultati tra le imprese,<\/li>\n<li>Creazione di opzioni strategiche seminando nuove opportunit\u00e0 che potrebbero essere oggetto di investimento, se del caso,<\/li>\n<li>Monitorare il panorama competitivo e assicurarsi che il portafoglio sia ben bilanciato rispetto alle tendenze del mercato.<\/li>\n<\/ul>\n<h3>COMPROMESSI STRATEGICI<\/h3>\n<p>Uno degli aspetti pi\u00f9 impegnativi della strategia aziendale \u00e8 bilanciare i compromessi tra rischio e rendimento in tutta l\u2019azienda. \u00c8 importante avere una visione olistica di tutte le attivit\u00e0 congiunte e garantire che i livelli desiderati di gestione del rischio e generazione di rendimento siano perseguiti.<\/p>\n<p>Di seguito sono riportati i principali fattori da considerare per i compromessi strategici:<\/p>\n<ul>\n<li><strong>Gestione del rischio<\/strong>\n<ul>\n<li>Il rischio a livello aziendale dipende in gran parte dalle strategie che si sceglie di perseguire<\/li>\n<li>La vera differenziazione del prodotto, ad esempio, \u00e8 una strategia ad alto rischio che potrebbe tradursi in una posizione di leadership di mercato o totale rovina.<\/li>\n<li>Molte aziende adottano una strategia di imitazione, osservando cosa hanno fatto gli altri e apportando leggere modifiche.<\/li>\n<li>\u00c8 importante essere pienamente consapevoli delle strategie e dei rischi associati all\u2019interno dell\u2019azienda.<\/li>\n<li>Alcune aree potrebbero richiedere una vera differenziazione (o leadership di costo), ma altre potrebbero essere pi\u00f9 adatte a strategie basate su miglioramenti incrementali,<\/li>\n<li>Il grado di autonomia delle business unit \u00e8 molto importante nella gestione del rischio<\/li>\n<\/ul>\n<\/li>\n<\/ul>\n<ul>\n<li><strong>Generare rendimenti<\/strong>\n<ul>\n<li>Strategie di rischio pi\u00f9 elevato creano la possibilit\u00e0 di tassi di rendimento pi\u00f9 elevati. Gli esempi sopra riportati sulla vera differenziazione dei prodotti o sulla leadership dei costi potrebbero fornire il massimo rendimento a lungo termine se correttamente eseguiti,<\/li>\n<li>E\u2019 importante avere un numero appropriato di opzioni nel portafoglio, queste opzioni possono successivamente trasformarsi in grandi scommesse man mano che la strategia si sviluppa.<\/li>\n<li>Incentivi<\/li>\n<li>Le strutture di incentivazione svolgeranno un ruolo importante nel determinare il rapporto rischio \u2013 ritorno che i manager vorranno intraprendere.<\/li>\n<li>Potrebbe essere necessario separare le responsabilit\u00e0 della gestione del rischio e della generazione di ritorno in modo che ciascuna possa essere perseguita al livello desiderato.<\/li>\n<li>Pu\u00f2 aiutare ulteriormente a gestire pi\u00f9 scadenze sovrapposte, che vanno dal rischio \/ rendimento a breve termine al rischio \/ rendimento a lungo termine e garantire che vi sia un\u2019adeguata dispersione.<\/li>\n<\/ul>\n<\/li>\n<\/ul>\n<h3>RIEPILOGO DELLA STRATEGIA AZIENDALE<\/h3>\n<p>La Strategia Aziendale \u00e8 diversa dalla Strategia di Business, in quanto essa si concentra su come gestire le risorse, il rischio e il rendimento in un\u2019azienda, piuttosto che guardare ai vantaggi competitivi. I leader responsabili del processo decisionale strategico devono considerare molti fattori, tra cui allocazione delle risorse, progettazione organizzativa, gestione del portafoglio e compromessi strategici. Ottimizzando tutti i suddetti fattori, un leader pu\u00f2 sperare di creare un portafoglio di attivit\u00e0 che valga pi\u00f9 della semplice somma delle attivit\u00e0 stesse.<\/p>\n<p>Come sopra descritto, Strategia Aziendale e Strategia di Business non sono la stessa cosa, la Strategia di Business affronta il modo in cui dovremmo competere, mentre la Strategia Aziendale si occupa di decidere in quali business dovremmo competere. In particolare, la strategia di business si riferisce ai modi in cui un\u2019azienda intende raggiungere i propri obiettivi all\u2019interno di un determinato business. Vediamo la Strategia di Business pi\u00f9 da vicino.<\/p>\n<h2>Strategia di business<\/h2>\n<p>La definizione di strategia di business \u00e8 un piano d\u2019azione a lungo termine progettato per raggiungere un determinato obiettivo o un insieme di obiettivi. Ogni azienda deve avere un piano o una strategia per sopravvivere!<\/p>\n<p>La strategia \u00e8 il piano di azione del management per rafforzare le prestazioni dell\u2019impresa.<\/p>\n<p>Indica come dovrebbero essere condotte le varie azioni per raggiungere gli obiettivi desiderati. Senza una strategia, il management semplicemente non ha una tabella di marcia su cui far riferimento.<\/p>\n<h3>DEFINIRE LA TUA STRATEGIA DI BUSINESS<\/h3>\n<p>Definire la strategia di business \u00e8 essenziale, come va detto che avere una buona strategia ed eseguirla correttamente non garantisce il successo. Le organizzazioni possono affrontare circostanze impreviste e condizioni avverse senza colpa propria.<\/p>\n<p>La strategia \u00e8 una scelta tra \u201cfai qualcosa di cos\u00ec spaventosamente originale che nessuno pu\u00f2 copiarti\u201d o \u201ccombatti fino alla morte con i tuoi rivali per dividersi la stessa torta\u201d.<\/p>\n<h3><strong>L\u2019IMPORTANZA DI CREARE UNA MAPPA DELLA STRATEGIA DI BUSINESS DA PERSEGUIRE<\/strong><\/h3>\n<p>Una mappa della strategia aziendale \u00e8 un ottimo modo per vedere l\u2019intera immagine scritta su di un pezzo di carta e per poi regolare e allineare le attivit\u00e0 commerciali per raggiungere la visione e gli obiettivi che l\u2019azienda si \u00e8 posta. Essa prende dall\u2019approccio del pensiero sistemico: tutto in un\u2019organizzazione e nel suo ambiente \u00e8 correlato e quindi ne determina i risultati dell\u2019intero sistema.<\/p>\n<h3><strong>QUANDO AGGIORNARE LA TUA STRATEGIA DI BUSINESS<\/strong><\/h3>\n<p>La strategia deve essere rivista frequentemente rispetto all\u2019ambiente interno ed esterno (analisi SWOT), ed \u00e8 qui che entra in gioco la business intelligence in cui \u00e8 necessario monitorare costantemente il modo in cui la strategia e gli obiettivi vengono eseguiti.<\/p>\n<p>Ogni 5-15 anni la maggior parte delle aziende soffre di una inaspettata crisi. In effetti, una parte di una strategia dovrebbe essere quella di creare un buffer sufficiente per poter superare qualsiasi tempesta.<\/p>\n<p><strong>Il nostro servizio: Aiutarti a definire l\u2019esatta strategia da intraprendere e saperla eseguire in maniera efficace e vincente.<\/strong><\/p>\n<style>\ndiv#custom_html-8 {\n    display: none;\n}\ndiv#custom_html-17 {\n    display: none;\n}\n<\/style>\n","protected":false},"excerpt":{"rendered":"<p>COS\u2019\u00c8 LA STRATEGIA AZIENDALE? La strategia aziendale adotta un approccio di portafoglio al processo decisionale strategico, esaminando tutte le attivit\u00e0 di un\u2019azienda per determinare come creare il massimo valore. Al fine di sviluppare una strategia aziendale, le aziende devono esaminare il modo in cui le varie attivit\u00e0 di loro propriet\u00e0 si incastrano, come si influenzano &#8230; <a href=\"https:\/\/hsmi.london\/it\/attivita\/strategia-aziendale-e-di-business\/\">Continue reading &raquo;<\/a><\/p>\n","protected":false},"author":1669,"featured_media":4270,"parent":308,"menu_order":0,"comment_status":"closed","ping_status":"closed","template":"","meta":{"inline_featured_image":false,"_exactmetrics_skip_tracking":false,"_exactmetrics_sitenote_active":false,"_exactmetrics_sitenote_note":"","_exactmetrics_sitenote_category":0,"footnotes":""},"class_list":["post-33228","page","type-page","status-publish","has-post-thumbnail","hentry"],"yoast_head":"<!-- This site is optimized with the Yoast SEO plugin v24.9 - https:\/\/yoast.com\/wordpress\/plugins\/seo\/ -->\n<title>Strategia aziendale e di business - HSMI<\/title>\n<meta name=\"robots\" content=\"index, follow, max-snippet:-1, max-image-preview:large, max-video-preview:-1\" \/>\n<link rel=\"canonical\" href=\"https:\/\/hsmi.london\/it\/attivita\/strategia-aziendale-e-di-business\/\" \/>\n<meta property=\"og:locale\" content=\"it_IT\" \/>\n<meta property=\"og:type\" content=\"article\" \/>\n<meta property=\"og:title\" content=\"Strategia aziendale e di business - HSMI\" \/>\n<meta property=\"og:description\" content=\"COS\u2019\u00c8 LA STRATEGIA AZIENDALE? La strategia aziendale adotta un approccio di portafoglio al processo decisionale strategico, esaminando tutte le attivit\u00e0 di un\u2019azienda per determinare come creare il massimo valore. Al fine di sviluppare una strategia aziendale, le aziende devono esaminare il modo in cui le varie attivit\u00e0 di loro propriet\u00e0 si incastrano, come si influenzano ... Continue reading &raquo;\" \/>\n<meta property=\"og:url\" content=\"https:\/\/hsmi.london\/it\/attivita\/strategia-aziendale-e-di-business\/\" \/>\n<meta property=\"og:site_name\" content=\"HSMI\" \/>\n<meta property=\"article:modified_time\" content=\"2022-07-26T04:30:05+00:00\" \/>\n<meta name=\"twitter:card\" content=\"summary_large_image\" \/>\n<meta name=\"twitter:label1\" content=\"Tempo di lettura stimato\" \/>\n\t<meta name=\"twitter:data1\" content=\"7 minuti\" \/>\n<script type=\"application\/ld+json\" class=\"yoast-schema-graph\">{\"@context\":\"https:\/\/schema.org\",\"@graph\":[{\"@type\":\"WebPage\",\"@id\":\"https:\/\/hsmi.london\/it\/attivita\/strategia-aziendale-e-di-business\/\",\"url\":\"https:\/\/hsmi.london\/it\/attivita\/strategia-aziendale-e-di-business\/\",\"name\":\"Strategia aziendale e di business - HSMI\",\"isPartOf\":{\"@id\":\"https:\/\/hsmi.london\/en\/#website\"},\"primaryImageOfPage\":{\"@id\":\"https:\/\/hsmi.london\/it\/attivita\/strategia-aziendale-e-di-business\/#primaryimage\"},\"image\":{\"@id\":\"https:\/\/hsmi.london\/it\/attivita\/strategia-aziendale-e-di-business\/#primaryimage\"},\"thumbnailUrl\":\"https:\/\/hsmi.london\/wp-content\/uploads\/2020\/04\/strategy.svg\",\"datePublished\":\"2021-12-24T03:39:16+00:00\",\"dateModified\":\"2022-07-26T04:30:05+00:00\",\"breadcrumb\":{\"@id\":\"https:\/\/hsmi.london\/it\/attivita\/strategia-aziendale-e-di-business\/#breadcrumb\"},\"inLanguage\":\"it-IT\",\"potentialAction\":[{\"@type\":\"ReadAction\",\"target\":[\"https:\/\/hsmi.london\/it\/attivita\/strategia-aziendale-e-di-business\/\"]}]},{\"@type\":\"ImageObject\",\"inLanguage\":\"it-IT\",\"@id\":\"https:\/\/hsmi.london\/it\/attivita\/strategia-aziendale-e-di-business\/#primaryimage\",\"url\":\"https:\/\/hsmi.london\/wp-content\/uploads\/2020\/04\/strategy.svg\",\"contentUrl\":\"https:\/\/hsmi.london\/wp-content\/uploads\/2020\/04\/strategy.svg\"},{\"@type\":\"BreadcrumbList\",\"@id\":\"https:\/\/hsmi.london\/it\/attivita\/strategia-aziendale-e-di-business\/#breadcrumb\",\"itemListElement\":[{\"@type\":\"ListItem\",\"position\":1,\"name\":\"Home\",\"item\":\"https:\/\/hsmi.london\/it\/\"},{\"@type\":\"ListItem\",\"position\":2,\"name\":\"Attivit\u00e0\",\"item\":\"https:\/\/hsmi.london\/it\/attivita\/\"},{\"@type\":\"ListItem\",\"position\":3,\"name\":\"Strategia aziendale e di business\"}]},{\"@type\":\"WebSite\",\"@id\":\"https:\/\/hsmi.london\/en\/#website\",\"url\":\"https:\/\/hsmi.london\/en\/\",\"name\":\"HSMI\",\"description\":\"Corporate Advisory\",\"publisher\":{\"@id\":\"https:\/\/hsmi.london\/en\/#organization\"},\"potentialAction\":[{\"@type\":\"SearchAction\",\"target\":{\"@type\":\"EntryPoint\",\"urlTemplate\":\"https:\/\/hsmi.london\/en\/?s={search_term_string}\"},\"query-input\":{\"@type\":\"PropertyValueSpecification\",\"valueRequired\":true,\"valueName\":\"search_term_string\"}}],\"inLanguage\":\"it-IT\"},{\"@type\":\"Organization\",\"@id\":\"https:\/\/hsmi.london\/en\/#organization\",\"name\":\"H.S.M.I. Ltd\",\"url\":\"https:\/\/hsmi.london\/en\/\",\"logo\":{\"@type\":\"ImageObject\",\"inLanguage\":\"it-IT\",\"@id\":\"https:\/\/hsmi.london\/en\/#\/schema\/logo\/image\/\",\"url\":\"https:\/\/staging.hsmi.london\/wp-content\/uploads\/2020\/04\/logo-hsmi-s.png\",\"contentUrl\":\"https:\/\/staging.hsmi.london\/wp-content\/uploads\/2020\/04\/logo-hsmi-s.png\",\"width\":280,\"height\":82,\"caption\":\"H.S.M.I. Ltd\"},\"image\":{\"@id\":\"https:\/\/hsmi.london\/en\/#\/schema\/logo\/image\/\"},\"sameAs\":[\"https:\/\/www.linkedin.com\/company\/hsmi-ltd\/\"]}]}<\/script>\n<!-- \/ Yoast SEO plugin. -->","yoast_head_json":{"title":"Strategia aziendale e di business - HSMI","robots":{"index":"index","follow":"follow","max-snippet":"max-snippet:-1","max-image-preview":"max-image-preview:large","max-video-preview":"max-video-preview:-1"},"canonical":"https:\/\/hsmi.london\/it\/attivita\/strategia-aziendale-e-di-business\/","og_locale":"it_IT","og_type":"article","og_title":"Strategia aziendale e di business - HSMI","og_description":"COS\u2019\u00c8 LA STRATEGIA AZIENDALE? La strategia aziendale adotta un approccio di portafoglio al processo decisionale strategico, esaminando tutte le attivit\u00e0 di un\u2019azienda per determinare come creare il massimo valore. Al fine di sviluppare una strategia aziendale, le aziende devono esaminare il modo in cui le varie attivit\u00e0 di loro propriet\u00e0 si incastrano, come si influenzano ... Continue reading &raquo;","og_url":"https:\/\/hsmi.london\/it\/attivita\/strategia-aziendale-e-di-business\/","og_site_name":"HSMI","article_modified_time":"2022-07-26T04:30:05+00:00","twitter_card":"summary_large_image","twitter_misc":{"Tempo di lettura stimato":"7 minuti"},"schema":{"@context":"https:\/\/schema.org","@graph":[{"@type":"WebPage","@id":"https:\/\/hsmi.london\/it\/attivita\/strategia-aziendale-e-di-business\/","url":"https:\/\/hsmi.london\/it\/attivita\/strategia-aziendale-e-di-business\/","name":"Strategia aziendale e di business - HSMI","isPartOf":{"@id":"https:\/\/hsmi.london\/en\/#website"},"primaryImageOfPage":{"@id":"https:\/\/hsmi.london\/it\/attivita\/strategia-aziendale-e-di-business\/#primaryimage"},"image":{"@id":"https:\/\/hsmi.london\/it\/attivita\/strategia-aziendale-e-di-business\/#primaryimage"},"thumbnailUrl":"https:\/\/hsmi.london\/wp-content\/uploads\/2020\/04\/strategy.svg","datePublished":"2021-12-24T03:39:16+00:00","dateModified":"2022-07-26T04:30:05+00:00","breadcrumb":{"@id":"https:\/\/hsmi.london\/it\/attivita\/strategia-aziendale-e-di-business\/#breadcrumb"},"inLanguage":"it-IT","potentialAction":[{"@type":"ReadAction","target":["https:\/\/hsmi.london\/it\/attivita\/strategia-aziendale-e-di-business\/"]}]},{"@type":"ImageObject","inLanguage":"it-IT","@id":"https:\/\/hsmi.london\/it\/attivita\/strategia-aziendale-e-di-business\/#primaryimage","url":"https:\/\/hsmi.london\/wp-content\/uploads\/2020\/04\/strategy.svg","contentUrl":"https:\/\/hsmi.london\/wp-content\/uploads\/2020\/04\/strategy.svg"},{"@type":"BreadcrumbList","@id":"https:\/\/hsmi.london\/it\/attivita\/strategia-aziendale-e-di-business\/#breadcrumb","itemListElement":[{"@type":"ListItem","position":1,"name":"Home","item":"https:\/\/hsmi.london\/it\/"},{"@type":"ListItem","position":2,"name":"Attivit\u00e0","item":"https:\/\/hsmi.london\/it\/attivita\/"},{"@type":"ListItem","position":3,"name":"Strategia aziendale e di business"}]},{"@type":"WebSite","@id":"https:\/\/hsmi.london\/en\/#website","url":"https:\/\/hsmi.london\/en\/","name":"HSMI","description":"Corporate Advisory","publisher":{"@id":"https:\/\/hsmi.london\/en\/#organization"},"potentialAction":[{"@type":"SearchAction","target":{"@type":"EntryPoint","urlTemplate":"https:\/\/hsmi.london\/en\/?s={search_term_string}"},"query-input":{"@type":"PropertyValueSpecification","valueRequired":true,"valueName":"search_term_string"}}],"inLanguage":"it-IT"},{"@type":"Organization","@id":"https:\/\/hsmi.london\/en\/#organization","name":"H.S.M.I. Ltd","url":"https:\/\/hsmi.london\/en\/","logo":{"@type":"ImageObject","inLanguage":"it-IT","@id":"https:\/\/hsmi.london\/en\/#\/schema\/logo\/image\/","url":"https:\/\/staging.hsmi.london\/wp-content\/uploads\/2020\/04\/logo-hsmi-s.png","contentUrl":"https:\/\/staging.hsmi.london\/wp-content\/uploads\/2020\/04\/logo-hsmi-s.png","width":280,"height":82,"caption":"H.S.M.I. Ltd"},"image":{"@id":"https:\/\/hsmi.london\/en\/#\/schema\/logo\/image\/"},"sameAs":["https:\/\/www.linkedin.com\/company\/hsmi-ltd\/"]}]}},"_links":{"self":[{"href":"https:\/\/hsmi.london\/it\/wp-json\/wp\/v2\/pages\/33228","targetHints":{"allow":["GET"]}}],"collection":[{"href":"https:\/\/hsmi.london\/it\/wp-json\/wp\/v2\/pages"}],"about":[{"href":"https:\/\/hsmi.london\/it\/wp-json\/wp\/v2\/types\/page"}],"author":[{"embeddable":true,"href":"https:\/\/hsmi.london\/it\/wp-json\/wp\/v2\/users\/1669"}],"replies":[{"embeddable":true,"href":"https:\/\/hsmi.london\/it\/wp-json\/wp\/v2\/comments?post=33228"}],"version-history":[{"count":3,"href":"https:\/\/hsmi.london\/it\/wp-json\/wp\/v2\/pages\/33228\/revisions"}],"predecessor-version":[{"id":33559,"href":"https:\/\/hsmi.london\/it\/wp-json\/wp\/v2\/pages\/33228\/revisions\/33559"}],"up":[{"embeddable":true,"href":"https:\/\/hsmi.london\/it\/wp-json\/wp\/v2\/pages\/308"}],"wp:featuredmedia":[{"embeddable":true,"href":"https:\/\/hsmi.london\/it\/wp-json\/wp\/v2\/media\/4270"}],"wp:attachment":[{"href":"https:\/\/hsmi.london\/it\/wp-json\/wp\/v2\/media?parent=33228"}],"curies":[{"name":"wp","href":"https:\/\/api.w.org\/{rel}","templated":true}]}}