{"id":33214,"date":"2021-12-24T03:15:31","date_gmt":"2021-12-24T03:15:31","guid":{"rendered":"http:\/\/staging.hsmi.london\/attivita\/business-digital-transformation-2\/"},"modified":"2022-07-26T05:27:05","modified_gmt":"2022-07-26T04:27:05","slug":"business-digital-transformation-2","status":"publish","type":"page","link":"https:\/\/hsmi.london\/it\/attivita\/business-digital-transformation-2\/","title":{"rendered":"Trasformazione digitale aziendale"},"content":{"rendered":"<h4><strong>La digitalizzazione \u00e8 un termine collettivo, in primo luogo \u00e8 il processo di conversione delle informazioni, generalmente dall\u2019ambiente naturale in un formato digitale (computerizzato), ma \u00e8 anche un termine usato per il trasferimento di processi analogici per vie digitali pi\u00f9 veloci ed efficienti.<\/strong><\/h4>\n<p>La sfida in ogni sviluppo digitale \u00e8 quella di creare un ambiente agile ed entusiasmante che coinvolga gli utenti, fornisca loro informazioni pi\u00f9 velocemente, in ufficio o in una fabbrica, in maniera tale da limitare il numero di punti di contatto e ridurre i tempi di elaborazione.<\/p>\n<h3><strong>PERCH\u00c9 LA DIGITALIZZAZIONE \u00c8 COS\u00cc IMPORTANTE?<\/strong><\/h3>\n<ul>\n<li>Migliorare l\u2019efficienza del processo, la coerenza e la qualit\u00e0 di un\u2019azienda.<\/li>\n<li>Integrazione di record convenzionali in un sistema digitalizzato che rimuove ridondanze e riduce la catena delle comunicazioni.<\/li>\n<li>Migliorare l\u2019accessibilit\u00e0 e facilitare un migliore scambio di informazioni per il personale e gli utenti.<\/li>\n<li>Migliorare i tempi di risposta e il servizio clienti in qualsiasi parte del mondo<\/li>\n<li>Ridurre i costi operativi<\/li>\n<li>Capacit\u00e0 di sfruttare analisi e dati reali dell\u2019utente.<\/li>\n<li>\u00a0Aiutare con la flessibilit\u00e0 del personale e ridurre le spese generali<\/li>\n<li>Piano di miglioramento per la continuit\u00e0 e la crescita del business.<\/li>\n<\/ul>\n<h3><strong>QUALI SETTORI HANNO ABBRACCIATO CON SUCCESSO LA DIGITALIZZAZIONE?<\/strong><\/h3>\n<p>Crediamo che qualsiasi settore possa e debba diventare digitale. Le industrie dei videogiochi e dei film sono forse gli esempi pi\u00f9 ovvi di digitalizzazione e raffinatezza digitale, costruendo ambienti realistici e fantasiosi per coinvolgere, evocare ed eccitare l\u2019utente, e quando il \u201ctempo \u00e8 denaro\u201d \u00e8 essenziale capire la rapida inversione di tendenza. Un altro mercato competitivo dal punto di vista digitale \u00e8 l\u2019industria dei casin\u00f2 online, un eccellente esempio di come gli ambienti del tipo Vegas nella vita reale vengono trasportati e digitalizzati per offrire all\u2019utente un\u2019esperienza visivamente e graficamente stimolante ed eccitante. Il coinvolgimento \u00e8 ottimizzato per mantenere gli utenti sul sito il pi\u00f9 a lungo possibile, per migliorare il gameplay, il divertimento e la lealt\u00e0. Questo miglioramento dei processi digitali semplificati \u00e8 facilmente identificabile nei servizi ai clienti, nella selezione delle chiamate, nella messaggistica istantanea e molto altro ancora. In un mercato cos\u00ec competitivo, i servizi ai clienti sono fondamentali.<\/p>\n<h3><strong>ALLORA, QUAL \u00c8 IL TAKEAWAY A RIGURADO DELLA DIGITALIZZAZIONE?<\/strong><\/h3>\n<p>Queste sono tre delle pi\u00f9 grandi e popolari industrie globali che incassano miliardi ogni anno, quindi possiamo imparare molto dai loro approcci per le nostre efficienze digitali, forse solo su una scala pi\u00f9 piccola?<\/p>\n<ol>\n<li>Cerca di eccellere: avvicinati alla digitalizzazione con forte entusiasmo, e cerca di migliorare quelli che sono i limiti del tuo ambiente digitale. Apporta quei miglioramenti che ti fanno risparmiare tempo e denaro.<\/li>\n<li>Pi\u00f9 collegamenti vi sono nella catena, maggiore \u00e8 la debolezza che si presenta durante il cambiamento economico.<\/li>\n<li>Assicurati che la tua politica di digitalizzazione sia vantaggiosa sia per il personale che per i clienti.<\/li>\n<li>Considerare l\u2019utilizzo del software per rimuovere inutili e dispendiose ridondanze.<\/li>\n<li>Gestire il tuo business nella maniera pi\u00f9 snella ed efficiente possibile in termini di budget.<\/li>\n<\/ol>\n<p>Il software pu\u00f2 migliorare i processi di dati, che normalmente sarebbero stati completati da un membro dello staff; liberando cos\u00ec pi\u00f9 tempo per il personale ed eliminando il rischio di errori umani.<\/p>\n<p>Assi sono le parole di natura tecnica usate per descrivere la digitalizzazione, ma in verit\u00e0 esso \u00e8 un processo abbastanza semplice,\u00a0<strong>si tratta di aiutare le aziende ad aiutare se stesse in un\u2019era digitale sicuramente pi\u00f9 esigente<\/strong>.<\/p>\n<p>Non c\u2019\u00e8 alcun dubbio che il cloud stia sconvolgendo sia il business che la vita di tutti i giorni. Il parlare intorno al cloud riguarda le sue capacit\u00e0 tecnologiche e vantaggi, capaci di aiutare le aziende a lavorare in modo pi\u00f9 intelligente ed efficace, quindi l\u2019adozione del cloud pu\u00f2 certamente facilitare una trasformazione digitale.<\/p>\n<p><strong>Il nostro servizio: Essere al tuo fianco nel guidarti durante il tuo processo di trasformazione digitale, e far si che esso si traduca in un forte miglioramento nelle performance aziendali.<\/strong><\/p>\n<style>\ndiv#custom_html-8 {\n    display: none;\n}\ndiv#custom_html-17 {\n    display: none;\n}\n<\/style>\n","protected":false},"excerpt":{"rendered":"<p>La digitalizzazione \u00e8 un termine collettivo, in primo luogo \u00e8 il processo di conversione delle informazioni, generalmente dall\u2019ambiente naturale in un formato digitale (computerizzato), ma \u00e8 anche un termine usato per il trasferimento di processi analogici per vie digitali pi\u00f9 veloci ed efficienti. La sfida in ogni sviluppo digitale \u00e8 quella di creare un ambiente &#8230; <a href=\"https:\/\/hsmi.london\/it\/attivita\/business-digital-transformation-2\/\">Continue reading &raquo;<\/a><\/p>\n","protected":false},"author":1669,"featured_media":4285,"parent":308,"menu_order":0,"comment_status":"closed","ping_status":"closed","template":"","meta":{"inline_featured_image":false,"_exactmetrics_skip_tracking":false,"_exactmetrics_sitenote_active":false,"_exactmetrics_sitenote_note":"","_exactmetrics_sitenote_category":0,"footnotes":""},"class_list":["post-33214","page","type-page","status-publish","has-post-thumbnail","hentry"],"yoast_head":"<!-- This site is optimized with the Yoast SEO plugin v24.9 - https:\/\/yoast.com\/wordpress\/plugins\/seo\/ -->\n<title>Trasformazione digitale aziendale - HSMI<\/title>\n<meta name=\"robots\" content=\"index, follow, max-snippet:-1, max-image-preview:large, max-video-preview:-1\" \/>\n<link rel=\"canonical\" href=\"https:\/\/hsmi.london\/it\/attivita\/business-digital-transformation-2\/\" \/>\n<meta property=\"og:locale\" content=\"it_IT\" \/>\n<meta property=\"og:type\" content=\"article\" \/>\n<meta property=\"og:title\" content=\"Trasformazione digitale aziendale - HSMI\" \/>\n<meta property=\"og:description\" content=\"La digitalizzazione \u00e8 un termine collettivo, in primo luogo \u00e8 il processo di conversione delle informazioni, generalmente dall\u2019ambiente naturale in un formato digitale (computerizzato), ma \u00e8 anche un termine usato per il trasferimento di processi analogici per vie digitali pi\u00f9 veloci ed efficienti. La sfida in ogni sviluppo digitale \u00e8 quella di creare un ambiente ... Continue reading &raquo;\" \/>\n<meta property=\"og:url\" content=\"https:\/\/hsmi.london\/it\/attivita\/business-digital-transformation-2\/\" \/>\n<meta property=\"og:site_name\" content=\"HSMI\" \/>\n<meta property=\"article:modified_time\" content=\"2022-07-26T04:27:05+00:00\" \/>\n<meta name=\"twitter:card\" content=\"summary_large_image\" \/>\n<meta name=\"twitter:label1\" content=\"Tempo di lettura stimato\" \/>\n\t<meta name=\"twitter:data1\" content=\"3 minuti\" \/>\n<script type=\"application\/ld+json\" class=\"yoast-schema-graph\">{\"@context\":\"https:\/\/schema.org\",\"@graph\":[{\"@type\":\"WebPage\",\"@id\":\"https:\/\/hsmi.london\/it\/attivita\/business-digital-transformation-2\/\",\"url\":\"https:\/\/hsmi.london\/it\/attivita\/business-digital-transformation-2\/\",\"name\":\"Trasformazione digitale aziendale - HSMI\",\"isPartOf\":{\"@id\":\"https:\/\/hsmi.london\/en\/#website\"},\"primaryImageOfPage\":{\"@id\":\"https:\/\/hsmi.london\/it\/attivita\/business-digital-transformation-2\/#primaryimage\"},\"image\":{\"@id\":\"https:\/\/hsmi.london\/it\/attivita\/business-digital-transformation-2\/#primaryimage\"},\"thumbnailUrl\":\"https:\/\/hsmi.london\/wp-content\/uploads\/2020\/04\/digital.svg\",\"datePublished\":\"2021-12-24T03:15:31+00:00\",\"dateModified\":\"2022-07-26T04:27:05+00:00\",\"breadcrumb\":{\"@id\":\"https:\/\/hsmi.london\/it\/attivita\/business-digital-transformation-2\/#breadcrumb\"},\"inLanguage\":\"it-IT\",\"potentialAction\":[{\"@type\":\"ReadAction\",\"target\":[\"https:\/\/hsmi.london\/it\/attivita\/business-digital-transformation-2\/\"]}]},{\"@type\":\"ImageObject\",\"inLanguage\":\"it-IT\",\"@id\":\"https:\/\/hsmi.london\/it\/attivita\/business-digital-transformation-2\/#primaryimage\",\"url\":\"https:\/\/hsmi.london\/wp-content\/uploads\/2020\/04\/digital.svg\",\"contentUrl\":\"https:\/\/hsmi.london\/wp-content\/uploads\/2020\/04\/digital.svg\"},{\"@type\":\"BreadcrumbList\",\"@id\":\"https:\/\/hsmi.london\/it\/attivita\/business-digital-transformation-2\/#breadcrumb\",\"itemListElement\":[{\"@type\":\"ListItem\",\"position\":1,\"name\":\"Home\",\"item\":\"https:\/\/hsmi.london\/it\/\"},{\"@type\":\"ListItem\",\"position\":2,\"name\":\"Attivit\u00e0\",\"item\":\"https:\/\/hsmi.london\/it\/attivita\/\"},{\"@type\":\"ListItem\",\"position\":3,\"name\":\"Trasformazione digitale aziendale\"}]},{\"@type\":\"WebSite\",\"@id\":\"https:\/\/hsmi.london\/en\/#website\",\"url\":\"https:\/\/hsmi.london\/en\/\",\"name\":\"HSMI\",\"description\":\"Corporate Advisory\",\"publisher\":{\"@id\":\"https:\/\/hsmi.london\/en\/#organization\"},\"potentialAction\":[{\"@type\":\"SearchAction\",\"target\":{\"@type\":\"EntryPoint\",\"urlTemplate\":\"https:\/\/hsmi.london\/en\/?s={search_term_string}\"},\"query-input\":{\"@type\":\"PropertyValueSpecification\",\"valueRequired\":true,\"valueName\":\"search_term_string\"}}],\"inLanguage\":\"it-IT\"},{\"@type\":\"Organization\",\"@id\":\"https:\/\/hsmi.london\/en\/#organization\",\"name\":\"H.S.M.I. Ltd\",\"url\":\"https:\/\/hsmi.london\/en\/\",\"logo\":{\"@type\":\"ImageObject\",\"inLanguage\":\"it-IT\",\"@id\":\"https:\/\/hsmi.london\/en\/#\/schema\/logo\/image\/\",\"url\":\"https:\/\/staging.hsmi.london\/wp-content\/uploads\/2020\/04\/logo-hsmi-s.png\",\"contentUrl\":\"https:\/\/staging.hsmi.london\/wp-content\/uploads\/2020\/04\/logo-hsmi-s.png\",\"width\":280,\"height\":82,\"caption\":\"H.S.M.I. Ltd\"},\"image\":{\"@id\":\"https:\/\/hsmi.london\/en\/#\/schema\/logo\/image\/\"},\"sameAs\":[\"https:\/\/www.linkedin.com\/company\/hsmi-ltd\/\"]}]}<\/script>\n<!-- \/ Yoast SEO plugin. -->","yoast_head_json":{"title":"Trasformazione digitale aziendale - HSMI","robots":{"index":"index","follow":"follow","max-snippet":"max-snippet:-1","max-image-preview":"max-image-preview:large","max-video-preview":"max-video-preview:-1"},"canonical":"https:\/\/hsmi.london\/it\/attivita\/business-digital-transformation-2\/","og_locale":"it_IT","og_type":"article","og_title":"Trasformazione digitale aziendale - HSMI","og_description":"La digitalizzazione \u00e8 un termine collettivo, in primo luogo \u00e8 il processo di conversione delle informazioni, generalmente dall\u2019ambiente naturale in un formato digitale (computerizzato), ma \u00e8 anche un termine usato per il trasferimento di processi analogici per vie digitali pi\u00f9 veloci ed efficienti. La sfida in ogni sviluppo digitale \u00e8 quella di creare un ambiente ... Continue reading &raquo;","og_url":"https:\/\/hsmi.london\/it\/attivita\/business-digital-transformation-2\/","og_site_name":"HSMI","article_modified_time":"2022-07-26T04:27:05+00:00","twitter_card":"summary_large_image","twitter_misc":{"Tempo di lettura stimato":"3 minuti"},"schema":{"@context":"https:\/\/schema.org","@graph":[{"@type":"WebPage","@id":"https:\/\/hsmi.london\/it\/attivita\/business-digital-transformation-2\/","url":"https:\/\/hsmi.london\/it\/attivita\/business-digital-transformation-2\/","name":"Trasformazione digitale aziendale - HSMI","isPartOf":{"@id":"https:\/\/hsmi.london\/en\/#website"},"primaryImageOfPage":{"@id":"https:\/\/hsmi.london\/it\/attivita\/business-digital-transformation-2\/#primaryimage"},"image":{"@id":"https:\/\/hsmi.london\/it\/attivita\/business-digital-transformation-2\/#primaryimage"},"thumbnailUrl":"https:\/\/hsmi.london\/wp-content\/uploads\/2020\/04\/digital.svg","datePublished":"2021-12-24T03:15:31+00:00","dateModified":"2022-07-26T04:27:05+00:00","breadcrumb":{"@id":"https:\/\/hsmi.london\/it\/attivita\/business-digital-transformation-2\/#breadcrumb"},"inLanguage":"it-IT","potentialAction":[{"@type":"ReadAction","target":["https:\/\/hsmi.london\/it\/attivita\/business-digital-transformation-2\/"]}]},{"@type":"ImageObject","inLanguage":"it-IT","@id":"https:\/\/hsmi.london\/it\/attivita\/business-digital-transformation-2\/#primaryimage","url":"https:\/\/hsmi.london\/wp-content\/uploads\/2020\/04\/digital.svg","contentUrl":"https:\/\/hsmi.london\/wp-content\/uploads\/2020\/04\/digital.svg"},{"@type":"BreadcrumbList","@id":"https:\/\/hsmi.london\/it\/attivita\/business-digital-transformation-2\/#breadcrumb","itemListElement":[{"@type":"ListItem","position":1,"name":"Home","item":"https:\/\/hsmi.london\/it\/"},{"@type":"ListItem","position":2,"name":"Attivit\u00e0","item":"https:\/\/hsmi.london\/it\/attivita\/"},{"@type":"ListItem","position":3,"name":"Trasformazione digitale aziendale"}]},{"@type":"WebSite","@id":"https:\/\/hsmi.london\/en\/#website","url":"https:\/\/hsmi.london\/en\/","name":"HSMI","description":"Corporate Advisory","publisher":{"@id":"https:\/\/hsmi.london\/en\/#organization"},"potentialAction":[{"@type":"SearchAction","target":{"@type":"EntryPoint","urlTemplate":"https:\/\/hsmi.london\/en\/?s={search_term_string}"},"query-input":{"@type":"PropertyValueSpecification","valueRequired":true,"valueName":"search_term_string"}}],"inLanguage":"it-IT"},{"@type":"Organization","@id":"https:\/\/hsmi.london\/en\/#organization","name":"H.S.M.I. Ltd","url":"https:\/\/hsmi.london\/en\/","logo":{"@type":"ImageObject","inLanguage":"it-IT","@id":"https:\/\/hsmi.london\/en\/#\/schema\/logo\/image\/","url":"https:\/\/staging.hsmi.london\/wp-content\/uploads\/2020\/04\/logo-hsmi-s.png","contentUrl":"https:\/\/staging.hsmi.london\/wp-content\/uploads\/2020\/04\/logo-hsmi-s.png","width":280,"height":82,"caption":"H.S.M.I. Ltd"},"image":{"@id":"https:\/\/hsmi.london\/en\/#\/schema\/logo\/image\/"},"sameAs":["https:\/\/www.linkedin.com\/company\/hsmi-ltd\/"]}]}},"_links":{"self":[{"href":"https:\/\/hsmi.london\/it\/wp-json\/wp\/v2\/pages\/33214","targetHints":{"allow":["GET"]}}],"collection":[{"href":"https:\/\/hsmi.london\/it\/wp-json\/wp\/v2\/pages"}],"about":[{"href":"https:\/\/hsmi.london\/it\/wp-json\/wp\/v2\/types\/page"}],"author":[{"embeddable":true,"href":"https:\/\/hsmi.london\/it\/wp-json\/wp\/v2\/users\/1669"}],"replies":[{"embeddable":true,"href":"https:\/\/hsmi.london\/it\/wp-json\/wp\/v2\/comments?post=33214"}],"version-history":[{"count":2,"href":"https:\/\/hsmi.london\/it\/wp-json\/wp\/v2\/pages\/33214\/revisions"}],"predecessor-version":[{"id":33555,"href":"https:\/\/hsmi.london\/it\/wp-json\/wp\/v2\/pages\/33214\/revisions\/33555"}],"up":[{"embeddable":true,"href":"https:\/\/hsmi.london\/it\/wp-json\/wp\/v2\/pages\/308"}],"wp:featuredmedia":[{"embeddable":true,"href":"https:\/\/hsmi.london\/it\/wp-json\/wp\/v2\/media\/4285"}],"wp:attachment":[{"href":"https:\/\/hsmi.london\/it\/wp-json\/wp\/v2\/media?parent=33214"}],"curies":[{"name":"wp","href":"https:\/\/api.w.org\/{rel}","templated":true}]}}