{"id":33179,"date":"2021-12-23T09:10:36","date_gmt":"2021-12-23T09:10:36","guid":{"rendered":"http:\/\/staging.hsmi.london\/attivita\/ma-merger-acquisition-2\/"},"modified":"2022-07-26T05:18:32","modified_gmt":"2022-07-26T04:18:32","slug":"ma-fusioni-e-acquisizioni","status":"publish","type":"page","link":"https:\/\/hsmi.london\/it\/attivita\/ma-fusioni-e-acquisizioni\/","title":{"rendered":"M&#038;A (Fusioni e acquisizioni)"},"content":{"rendered":"\r\n<p>Con questo termine si intendono tutte quelle operazioni di finanza straordinaria che portano alla fusione di due o pi\u00f9 societ\u00e0. La fusione \u00e8 la fusione vera e propria e con questa operazione le societ\u00e0 incorporanti cessano la loro esistenza giuridica per fondere i propri asset in una nuova societ\u00e0. L&#8217;acquisizione \u00e8 una forma di fusione per incorporazione in cui una societ\u00e0 (la societ\u00e0 acquirente) mantiene la propria identit\u00e0 giuridica annettendo altre societ\u00e0 che cessano di esistere; in questo caso, quindi, non nasce una nuova societ\u00e0.<\/p>\r\n\r\n\r\n\r\n<p>Le operazioni di M&amp;A sono tra le modalit\u00e0 di crescita delle aziende esterne, consentendo loro di raggiungere la massa critica necessaria per operare su pi\u00f9 mercati \u2013 settoriali o geografici \u2013 e realizzare economie di scala e di scopo.<\/p>\r\n\r\n\r\n\r\n<p>L&#8217;attivit\u00e0 di M&amp;A consiste in un servizio di consulenza alle imprese e agli imprenditori, per progettare e perseguire processi di crescita esterna delle imprese e per definire la struttura dei gruppi societari durante i processi di sviluppo del business o in relazione a modifiche degli assetti proprietari.<\/p>\r\n\r\n\r\n\r\n<p>In questo processo, il nostro servizio di consulenza si realizza attraverso:<\/p>\r\n\r\n\r\n\r\n<ul class=\"wp-block-list\">\r\n<li>ricerca di partner industriali o finanziari per l&#8217;imprenditore;<\/li>\r\n<li>coordinamento dell&#8217;operazione e identificazione dei rischi e delle modalit\u00e0 di gestione;<\/li>\r\n<li>la definizione di un&#8217;adeguata strategia di acquisizione, fusione o vendita;<\/li>\r\n<li>la firma del mandato per l&#8217;acquisto o la vendita dell&#8217;azienda;<\/li>\r\n<li>l&#8217;individuazione dei target di prezzo\/cambio e delle controparti;<\/li>\r\n<li>assistenza durante le trattative e nelle fasi finali dell&#8217;operazione<\/li>\r\n<\/ul>\r\n\r\n\r\n\r\n<h3 class=\"wp-block-heading\">RAGIONI STRATEGICHE CHE CONDUCONO ALLE OPERAZIONI DI M&amp;A<\/h3>\r\n\r\n\r\n\r\n<p><strong>Strategia di leadership<\/strong><\/p>\r\n\r\n\r\n\r\n<p>Attraverso un&#8217;opportuna operazione di M&amp;A, la societ\u00e0 intende raggiungere e consolidare la propria posizione sul mercato.<\/p>\r\n\r\n\r\n\r\n<p><strong>Strategia di crescita<\/strong><\/p>\r\n\r\n\r\n\r\n<p>Attraverso questa operazione l&#8217;azienda cerca di accedere a nuovi mercati per attuare una logica di diversificazione settoriale o geografica del proprio business.<\/p>\r\n\r\n\r\n\r\n<p><strong>Strategia di razionalizzazione<\/strong><\/p>\r\n\r\n\r\n\r\n<p>In questo caso, l&#8217;obiettivo della fusione o acquisizione \u00e8 quello di aumentare i livelli di efficienza della societ\u00e0 attraverso operazioni di concentrazione sul core business o di integrazione a monte ea valle dei processi produttivi.<\/p>\r\n\r\n\r\n\r\n<h3 class=\"wp-block-heading\">VANTAGGI<\/h3>\r\n\r\n\r\n\r\n<ul class=\"wp-block-list\">\r\n<li>ottimizzare il valore dell&#8217;azienda e massimizzare i profitti,<\/li>\r\n<li>definire le migliori condizioni di acquisto per l&#8217;azienda target;<\/li>\r\n<li>ridurre il rischio di operazioni inadeguate, attraverso dettagliate stime di redditivit\u00e0 e fattibilit\u00e0 dell&#8217;operazione.<\/li>\r\n<\/ul>\r\n\r\n\r\n\r\n<style>\r\ndiv#custom_html-8 {\r\n    display: none;\r\n}\r\ndiv#custom_html-17 {\r\n    display: none;\r\n}\r\n<\/style>","protected":false},"excerpt":{"rendered":"<p>Con questo termine si intendono tutte quelle operazioni di finanza straordinaria che portano alla fusione di due o pi\u00f9 societ\u00e0. La fusione \u00e8 la fusione vera e propria e con questa operazione le societ\u00e0 incorporanti cessano la loro esistenza giuridica per fondere i propri asset in una nuova societ\u00e0. L&#8217;acquisizione \u00e8 una forma di fusione &#8230; <a href=\"https:\/\/hsmi.london\/it\/attivita\/ma-fusioni-e-acquisizioni\/\">Continue reading &raquo;<\/a><\/p>\n","protected":false},"author":1669,"featured_media":767,"parent":308,"menu_order":0,"comment_status":"closed","ping_status":"closed","template":"","meta":{"inline_featured_image":false,"_exactmetrics_skip_tracking":false,"_exactmetrics_sitenote_active":false,"_exactmetrics_sitenote_note":"","_exactmetrics_sitenote_category":0,"footnotes":""},"class_list":["post-33179","page","type-page","status-publish","has-post-thumbnail","hentry"],"yoast_head":"<!-- This site is optimized with the Yoast SEO plugin v24.9 - https:\/\/yoast.com\/wordpress\/plugins\/seo\/ -->\n<title>M&amp;A (Fusioni e acquisizioni) - HSMI<\/title>\n<meta name=\"robots\" content=\"index, follow, max-snippet:-1, max-image-preview:large, max-video-preview:-1\" \/>\n<link rel=\"canonical\" href=\"https:\/\/hsmi.london\/it\/attivita\/ma-fusioni-e-acquisizioni\/\" \/>\n<meta property=\"og:locale\" content=\"it_IT\" \/>\n<meta property=\"og:type\" content=\"article\" \/>\n<meta property=\"og:title\" content=\"M&amp;A (Fusioni e acquisizioni) - HSMI\" \/>\n<meta property=\"og:description\" content=\"Con questo termine si intendono tutte quelle operazioni di finanza straordinaria che portano alla fusione di due o pi\u00f9 societ\u00e0. La fusione \u00e8 la fusione vera e propria e con questa operazione le societ\u00e0 incorporanti cessano la loro esistenza giuridica per fondere i propri asset in una nuova societ\u00e0. L&#8217;acquisizione \u00e8 una forma di fusione ... Continue reading &raquo;\" \/>\n<meta property=\"og:url\" content=\"https:\/\/hsmi.london\/it\/attivita\/ma-fusioni-e-acquisizioni\/\" \/>\n<meta property=\"og:site_name\" content=\"HSMI\" \/>\n<meta property=\"article:modified_time\" content=\"2022-07-26T04:18:32+00:00\" \/>\n<meta name=\"twitter:card\" content=\"summary_large_image\" \/>\n<meta name=\"twitter:label1\" content=\"Tempo di lettura stimato\" \/>\n\t<meta name=\"twitter:data1\" content=\"2 minuti\" \/>\n<script type=\"application\/ld+json\" class=\"yoast-schema-graph\">{\"@context\":\"https:\/\/schema.org\",\"@graph\":[{\"@type\":\"WebPage\",\"@id\":\"https:\/\/hsmi.london\/it\/attivita\/ma-fusioni-e-acquisizioni\/\",\"url\":\"https:\/\/hsmi.london\/it\/attivita\/ma-fusioni-e-acquisizioni\/\",\"name\":\"M&A (Fusioni e acquisizioni) - HSMI\",\"isPartOf\":{\"@id\":\"https:\/\/hsmi.london\/en\/#website\"},\"primaryImageOfPage\":{\"@id\":\"https:\/\/hsmi.london\/it\/attivita\/ma-fusioni-e-acquisizioni\/#primaryimage\"},\"image\":{\"@id\":\"https:\/\/hsmi.london\/it\/attivita\/ma-fusioni-e-acquisizioni\/#primaryimage\"},\"thumbnailUrl\":\"https:\/\/hsmi.london\/wp-content\/uploads\/2015\/04\/merger.svg\",\"datePublished\":\"2021-12-23T09:10:36+00:00\",\"dateModified\":\"2022-07-26T04:18:32+00:00\",\"breadcrumb\":{\"@id\":\"https:\/\/hsmi.london\/it\/attivita\/ma-fusioni-e-acquisizioni\/#breadcrumb\"},\"inLanguage\":\"it-IT\",\"potentialAction\":[{\"@type\":\"ReadAction\",\"target\":[\"https:\/\/hsmi.london\/it\/attivita\/ma-fusioni-e-acquisizioni\/\"]}]},{\"@type\":\"ImageObject\",\"inLanguage\":\"it-IT\",\"@id\":\"https:\/\/hsmi.london\/it\/attivita\/ma-fusioni-e-acquisizioni\/#primaryimage\",\"url\":\"https:\/\/hsmi.london\/wp-content\/uploads\/2015\/04\/merger.svg\",\"contentUrl\":\"https:\/\/hsmi.london\/wp-content\/uploads\/2015\/04\/merger.svg\"},{\"@type\":\"BreadcrumbList\",\"@id\":\"https:\/\/hsmi.london\/it\/attivita\/ma-fusioni-e-acquisizioni\/#breadcrumb\",\"itemListElement\":[{\"@type\":\"ListItem\",\"position\":1,\"name\":\"Home\",\"item\":\"https:\/\/hsmi.london\/it\/\"},{\"@type\":\"ListItem\",\"position\":2,\"name\":\"Attivit\u00e0\",\"item\":\"https:\/\/hsmi.london\/it\/attivita\/\"},{\"@type\":\"ListItem\",\"position\":3,\"name\":\"M&#038;A (Fusioni e acquisizioni)\"}]},{\"@type\":\"WebSite\",\"@id\":\"https:\/\/hsmi.london\/en\/#website\",\"url\":\"https:\/\/hsmi.london\/en\/\",\"name\":\"HSMI\",\"description\":\"Corporate Advisory\",\"publisher\":{\"@id\":\"https:\/\/hsmi.london\/en\/#organization\"},\"potentialAction\":[{\"@type\":\"SearchAction\",\"target\":{\"@type\":\"EntryPoint\",\"urlTemplate\":\"https:\/\/hsmi.london\/en\/?s={search_term_string}\"},\"query-input\":{\"@type\":\"PropertyValueSpecification\",\"valueRequired\":true,\"valueName\":\"search_term_string\"}}],\"inLanguage\":\"it-IT\"},{\"@type\":\"Organization\",\"@id\":\"https:\/\/hsmi.london\/en\/#organization\",\"name\":\"H.S.M.I. Ltd\",\"url\":\"https:\/\/hsmi.london\/en\/\",\"logo\":{\"@type\":\"ImageObject\",\"inLanguage\":\"it-IT\",\"@id\":\"https:\/\/hsmi.london\/en\/#\/schema\/logo\/image\/\",\"url\":\"https:\/\/staging.hsmi.london\/wp-content\/uploads\/2020\/04\/logo-hsmi-s.png\",\"contentUrl\":\"https:\/\/staging.hsmi.london\/wp-content\/uploads\/2020\/04\/logo-hsmi-s.png\",\"width\":280,\"height\":82,\"caption\":\"H.S.M.I. Ltd\"},\"image\":{\"@id\":\"https:\/\/hsmi.london\/en\/#\/schema\/logo\/image\/\"},\"sameAs\":[\"https:\/\/www.linkedin.com\/company\/hsmi-ltd\/\"]}]}<\/script>\n<!-- \/ Yoast SEO plugin. -->","yoast_head_json":{"title":"M&A (Fusioni e acquisizioni) - HSMI","robots":{"index":"index","follow":"follow","max-snippet":"max-snippet:-1","max-image-preview":"max-image-preview:large","max-video-preview":"max-video-preview:-1"},"canonical":"https:\/\/hsmi.london\/it\/attivita\/ma-fusioni-e-acquisizioni\/","og_locale":"it_IT","og_type":"article","og_title":"M&A (Fusioni e acquisizioni) - HSMI","og_description":"Con questo termine si intendono tutte quelle operazioni di finanza straordinaria che portano alla fusione di due o pi\u00f9 societ\u00e0. La fusione \u00e8 la fusione vera e propria e con questa operazione le societ\u00e0 incorporanti cessano la loro esistenza giuridica per fondere i propri asset in una nuova societ\u00e0. L&#8217;acquisizione \u00e8 una forma di fusione ... Continue reading &raquo;","og_url":"https:\/\/hsmi.london\/it\/attivita\/ma-fusioni-e-acquisizioni\/","og_site_name":"HSMI","article_modified_time":"2022-07-26T04:18:32+00:00","twitter_card":"summary_large_image","twitter_misc":{"Tempo di lettura stimato":"2 minuti"},"schema":{"@context":"https:\/\/schema.org","@graph":[{"@type":"WebPage","@id":"https:\/\/hsmi.london\/it\/attivita\/ma-fusioni-e-acquisizioni\/","url":"https:\/\/hsmi.london\/it\/attivita\/ma-fusioni-e-acquisizioni\/","name":"M&A (Fusioni e acquisizioni) - HSMI","isPartOf":{"@id":"https:\/\/hsmi.london\/en\/#website"},"primaryImageOfPage":{"@id":"https:\/\/hsmi.london\/it\/attivita\/ma-fusioni-e-acquisizioni\/#primaryimage"},"image":{"@id":"https:\/\/hsmi.london\/it\/attivita\/ma-fusioni-e-acquisizioni\/#primaryimage"},"thumbnailUrl":"https:\/\/hsmi.london\/wp-content\/uploads\/2015\/04\/merger.svg","datePublished":"2021-12-23T09:10:36+00:00","dateModified":"2022-07-26T04:18:32+00:00","breadcrumb":{"@id":"https:\/\/hsmi.london\/it\/attivita\/ma-fusioni-e-acquisizioni\/#breadcrumb"},"inLanguage":"it-IT","potentialAction":[{"@type":"ReadAction","target":["https:\/\/hsmi.london\/it\/attivita\/ma-fusioni-e-acquisizioni\/"]}]},{"@type":"ImageObject","inLanguage":"it-IT","@id":"https:\/\/hsmi.london\/it\/attivita\/ma-fusioni-e-acquisizioni\/#primaryimage","url":"https:\/\/hsmi.london\/wp-content\/uploads\/2015\/04\/merger.svg","contentUrl":"https:\/\/hsmi.london\/wp-content\/uploads\/2015\/04\/merger.svg"},{"@type":"BreadcrumbList","@id":"https:\/\/hsmi.london\/it\/attivita\/ma-fusioni-e-acquisizioni\/#breadcrumb","itemListElement":[{"@type":"ListItem","position":1,"name":"Home","item":"https:\/\/hsmi.london\/it\/"},{"@type":"ListItem","position":2,"name":"Attivit\u00e0","item":"https:\/\/hsmi.london\/it\/attivita\/"},{"@type":"ListItem","position":3,"name":"M&#038;A (Fusioni e acquisizioni)"}]},{"@type":"WebSite","@id":"https:\/\/hsmi.london\/en\/#website","url":"https:\/\/hsmi.london\/en\/","name":"HSMI","description":"Corporate Advisory","publisher":{"@id":"https:\/\/hsmi.london\/en\/#organization"},"potentialAction":[{"@type":"SearchAction","target":{"@type":"EntryPoint","urlTemplate":"https:\/\/hsmi.london\/en\/?s={search_term_string}"},"query-input":{"@type":"PropertyValueSpecification","valueRequired":true,"valueName":"search_term_string"}}],"inLanguage":"it-IT"},{"@type":"Organization","@id":"https:\/\/hsmi.london\/en\/#organization","name":"H.S.M.I. Ltd","url":"https:\/\/hsmi.london\/en\/","logo":{"@type":"ImageObject","inLanguage":"it-IT","@id":"https:\/\/hsmi.london\/en\/#\/schema\/logo\/image\/","url":"https:\/\/staging.hsmi.london\/wp-content\/uploads\/2020\/04\/logo-hsmi-s.png","contentUrl":"https:\/\/staging.hsmi.london\/wp-content\/uploads\/2020\/04\/logo-hsmi-s.png","width":280,"height":82,"caption":"H.S.M.I. Ltd"},"image":{"@id":"https:\/\/hsmi.london\/en\/#\/schema\/logo\/image\/"},"sameAs":["https:\/\/www.linkedin.com\/company\/hsmi-ltd\/"]}]}},"_links":{"self":[{"href":"https:\/\/hsmi.london\/it\/wp-json\/wp\/v2\/pages\/33179","targetHints":{"allow":["GET"]}}],"collection":[{"href":"https:\/\/hsmi.london\/it\/wp-json\/wp\/v2\/pages"}],"about":[{"href":"https:\/\/hsmi.london\/it\/wp-json\/wp\/v2\/types\/page"}],"author":[{"embeddable":true,"href":"https:\/\/hsmi.london\/it\/wp-json\/wp\/v2\/users\/1669"}],"replies":[{"embeddable":true,"href":"https:\/\/hsmi.london\/it\/wp-json\/wp\/v2\/comments?post=33179"}],"version-history":[{"count":5,"href":"https:\/\/hsmi.london\/it\/wp-json\/wp\/v2\/pages\/33179\/revisions"}],"predecessor-version":[{"id":33546,"href":"https:\/\/hsmi.london\/it\/wp-json\/wp\/v2\/pages\/33179\/revisions\/33546"}],"up":[{"embeddable":true,"href":"https:\/\/hsmi.london\/it\/wp-json\/wp\/v2\/pages\/308"}],"wp:featuredmedia":[{"embeddable":true,"href":"https:\/\/hsmi.london\/it\/wp-json\/wp\/v2\/media\/767"}],"wp:attachment":[{"href":"https:\/\/hsmi.london\/it\/wp-json\/wp\/v2\/media?parent=33179"}],"curies":[{"name":"wp","href":"https:\/\/api.w.org\/{rel}","templated":true}]}}