{"id":998,"date":"2013-10-17T14:54:45","date_gmt":"2013-10-17T12:54:45","guid":{"rendered":"http:\/\/staging.hsmi.london\/home\/"},"modified":"2018-11-26T17:49:06","modified_gmt":"2018-11-26T17:49:06","slug":"home","status":"publish","type":"page","link":"https:\/\/hsmi.london\/es\/","title":{"rendered":"Home"},"content":{"rendered":"\n<h2 class=\"wp-block-heading\">Le nostre attivit\u00e0<\/h2>\n\n\n<div class=\"hsm_activities\">                <div class=\"hsm_activity\">                <div class=\"hsm_activity_inner\">                    <div class=\"hsm_activity__image\">                        <a href=\"https:\/\/hsmi.london\/es\/actividades\/capital-privado\/\">                            <img loading=\"lazy\" decoding=\"async\" width=\"1\" height=\"1\" src=\"https:\/\/hsmi.london\/wp-content\/uploads\/2015\/04\/private.svg\" class=\"img-responsive wp-post-image\" alt=\"\" title=\"\" \/>                        <\/a>                    <\/div>                    <div class=\"hsm_activity__content\">                        <div class=\"hsm_activity__title\">                            <h3><a href=\"https:\/\/hsmi.london\/es\/actividades\/capital-privado\/\" rel=\"bookmark\"                                   title=\"Capital Privado\">Capital Privado<\/a><\/h3>                        <\/div>                        <div class=\"hsm_activity__excerpt\">                            Actividades de Finanzas Corporativas destinadas a proporcionar a la empresa un servicio de financiamiento avanzado...                        <\/div>                    <\/div>                <\/div>            <\/div>                    <div class=\"hsm_activity\">                <div class=\"hsm_activity_inner\">                    <div class=\"hsm_activity__image\">                        <a href=\"https:\/\/hsmi.london\/es\/actividades\/capital-de-riesgo\/\">                            <img loading=\"lazy\" decoding=\"async\" width=\"1\" height=\"1\" src=\"https:\/\/hsmi.london\/wp-content\/uploads\/2018\/11\/ico-rocket-1.svg\" class=\"img-responsive wp-post-image\" alt=\"\" title=\"\" \/>                        <\/a>                    <\/div>                    <div class=\"hsm_activity__content\">                        <div class=\"hsm_activity__title\">                            <h3><a href=\"https:\/\/hsmi.london\/es\/actividades\/capital-de-riesgo\/\" rel=\"bookmark\"                                   title=\"Capital de Riesgo\">Capital de Riesgo<\/a><\/h3>                        <\/div>                        <div class=\"hsm_activity__excerpt\">                            Operaciones financieras extraordinarias relacionadas con actividades de inversi\u00f3n y financiaci\u00f3n para apoyar la creaci\u00f3n y...                        <\/div>                    <\/div>                <\/div>            <\/div>                    <div class=\"hsm_activity\">                <div class=\"hsm_activity_inner\">                    <div class=\"hsm_activity__image\">                        <a href=\"https:\/\/hsmi.london\/es\/actividades\/ma-fusion-y-adquisicion\/\">                            <img loading=\"lazy\" decoding=\"async\" width=\"1\" height=\"1\" src=\"https:\/\/hsmi.london\/wp-content\/uploads\/2015\/04\/merger.svg\" class=\"img-responsive wp-post-image\" alt=\"\" title=\"\" \/>                        <\/a>                    <\/div>                    <div class=\"hsm_activity__content\">                        <div class=\"hsm_activity__title\">                            <h3><a href=\"https:\/\/hsmi.london\/es\/actividades\/ma-fusion-y-adquisicion\/\" rel=\"bookmark\"                                   title=\"M&#038;A (Fusi\u00f3n y Adquisici\u00f3n)\">M&#038;A (Fusi\u00f3n y Adquisici\u00f3n)<\/a><\/h3>                        <\/div>                        <div class=\"hsm_activity__excerpt\">                            Este t\u00e9rmino se refiere a todas aquellas operaciones financieras extraordinarias que dan lugar a la...                        <\/div>                    <\/div>                <\/div>            <\/div>                    <div class=\"hsm_activity\">                <div class=\"hsm_activity_inner\">                    <div class=\"hsm_activity__image\">                        <a href=\"https:\/\/hsmi.london\/es\/actividades\/reestructuracion-corporativa\/\">                            <img loading=\"lazy\" decoding=\"async\" width=\"1\" height=\"1\" src=\"https:\/\/hsmi.london\/wp-content\/uploads\/2015\/04\/corporate.svg\" class=\"img-responsive wp-post-image\" alt=\"\" title=\"\" \/>                        <\/a>                    <\/div>                    <div class=\"hsm_activity__content\">                        <div class=\"hsm_activity__title\">                            <h3><a href=\"https:\/\/hsmi.london\/es\/actividades\/reestructuracion-corporativa\/\" rel=\"bookmark\"                                   title=\"Reestructuraci\u00f3n Corporativa\">Reestructuraci\u00f3n Corporativa<\/a><\/h3>                        <\/div>                        <div class=\"hsm_activity__excerpt\">                            Los cambios continuos y profundos en el mercado en que se desarrolla la actividad empresarial...                        <\/div>                    <\/div>                <\/div>            <\/div>                    <div class=\"hsm_activity\">                <div class=\"hsm_activity_inner\">                    <div class=\"hsm_activity__image\">                        <a href=\"https:\/\/hsmi.london\/es\/actividades\/transformacion-corporativa-digital\/\">                            <img loading=\"lazy\" decoding=\"async\" width=\"1\" height=\"1\" src=\"https:\/\/hsmi.london\/wp-content\/uploads\/2020\/04\/digital.svg\" class=\"img-responsive wp-post-image\" alt=\"\" title=\"\" \/>                        <\/a>                    <\/div>                    <div class=\"hsm_activity__content\">                        <div class=\"hsm_activity__title\">                            <h3><a href=\"https:\/\/hsmi.london\/es\/actividades\/transformacion-corporativa-digital\/\" rel=\"bookmark\"                                   title=\"Transformaci\u00f3n corporativa digital\">Transformaci\u00f3n corporativa digital<\/a><\/h3>                        <\/div>                        <div class=\"hsm_activity__excerpt\">                            La digitalizaci\u00f3n es un t\u00e9rmino colectivo, en primer lugar, es el proceso de convertir informaci\u00f3n,...                        <\/div>                    <\/div>                <\/div>            <\/div>                    <div class=\"hsm_activity\">                <div class=\"hsm_activity_inner\">                    <div class=\"hsm_activity__image\">                        <a href=\"https:\/\/hsmi.london\/es\/actividades\/estrategia-corporativa-y-comercial\/\">                            <img loading=\"lazy\" decoding=\"async\" width=\"1\" height=\"1\" src=\"https:\/\/hsmi.london\/wp-content\/uploads\/2020\/04\/strategy.svg\" class=\"img-responsive wp-post-image\" alt=\"\" title=\"\" \/>                        <\/a>                    <\/div>                    <div class=\"hsm_activity__content\">                        <div class=\"hsm_activity__title\">                            <h3><a href=\"https:\/\/hsmi.london\/es\/actividades\/estrategia-corporativa-y-comercial\/\" rel=\"bookmark\"                                   title=\"Estrategia corporativa y comercial\">Estrategia corporativa y comercial<\/a><\/h3>                        <\/div>                        <div class=\"hsm_activity__excerpt\">                            \u00bfQU\u00c9 ES LA ESTRATEGIA CORPORATIVA? La Estrategia Corporativa adopta un enfoque integral para la toma...                        <\/div>                    <\/div>                <\/div>            <\/div>                    <div class=\"hsm_activity\">                <div class=\"hsm_activity_inner\">                    <div class=\"hsm_activity__image\">                        <a href=\"https:\/\/hsmi.london\/es\/actividades\/miembro-del-consejo-de-administracion-y-consultoria\/\">                            <img loading=\"lazy\" decoding=\"async\" width=\"1\" height=\"1\" src=\"https:\/\/hsmi.london\/wp-content\/uploads\/2020\/04\/board.svg\" class=\"img-responsive wp-post-image\" alt=\"\" title=\"\" \/>                        <\/a>                    <\/div>                    <div class=\"hsm_activity__content\">                        <div class=\"hsm_activity__title\">                            <h3><a href=\"https:\/\/hsmi.london\/es\/actividades\/miembro-del-consejo-de-administracion-y-consultoria\/\" rel=\"bookmark\"                                   title=\"Miembro del consejo de administraci\u00f3n y consultor\u00eda\">Miembro del consejo de administraci\u00f3n y consultor\u00eda<\/a><\/h3>                        <\/div>                        <div class=\"hsm_activity__excerpt\">                            Un miembro de la Junta es un participante elegido en la junta directiva de una...                        <\/div>                    <\/div>                <\/div>            <\/div>                    <div class=\"hsm_activity\">                <div class=\"hsm_activity_inner\">                    <div class=\"hsm_activity__image\">                        <a href=\"https:\/\/hsmi.london\/es\/actividades\/diligencia-debida\/\">                            <img loading=\"lazy\" decoding=\"async\" width=\"1\" height=\"1\" src=\"https:\/\/hsmi.london\/wp-content\/uploads\/2015\/04\/due-diligence.svg\" class=\"img-responsive wp-post-image\" alt=\"\" title=\"\" \/>                        <\/a>                    <\/div>                    <div class=\"hsm_activity__content\">                        <div class=\"hsm_activity__title\">                            <h3><a href=\"https:\/\/hsmi.london\/es\/actividades\/diligencia-debida\/\" rel=\"bookmark\"                                   title=\"Diligencia Debida\">Diligencia Debida<\/a><\/h3>                        <\/div>                        <div class=\"hsm_activity__excerpt\">                            La Auditoria Legal o la Diligencia Debida es uno de los pasos m\u00e1s importantes en...                        <\/div>                    <\/div>                <\/div>            <\/div>                    <div class=\"hsm_activity\">                <div class=\"hsm_activity_inner\">                    <div class=\"hsm_activity__image\">                        <a href=\"https:\/\/hsmi.london\/es\/actividades\/business-plan\/\">                            <img loading=\"lazy\" decoding=\"async\" width=\"1\" height=\"1\" src=\"https:\/\/hsmi.london\/wp-content\/uploads\/2015\/04\/business-plan.svg\" class=\"img-responsive wp-post-image\" alt=\"\" title=\"\" \/>                        <\/a>                    <\/div>                    <div class=\"hsm_activity__content\">                        <div class=\"hsm_activity__title\">                            <h3><a href=\"https:\/\/hsmi.london\/es\/actividades\/business-plan\/\" rel=\"bookmark\"                                   title=\"Plan de Negocios\">Plan de Negocios<\/a><\/h3>                        <\/div>                        <div class=\"hsm_activity__excerpt\">                            En el desarrollo de las iniciativas de negocios, los componentes industriales y financieros juegan un...                        <\/div>                    <\/div>                <\/div>            <\/div>                    <div class=\"hsm_activity\">                <div class=\"hsm_activity_inner\">                    <div class=\"hsm_activity__image\">                        <a href=\"https:\/\/hsmi.london\/es\/actividades\/franquiciamiento\/\">                            <img loading=\"lazy\" decoding=\"async\" width=\"1\" height=\"1\" src=\"https:\/\/hsmi.london\/wp-content\/uploads\/2018\/11\/hsmi-franchise.svg\" class=\"img-responsive wp-post-image\" alt=\"\" title=\"\" \/>                        <\/a>                    <\/div>                    <div class=\"hsm_activity__content\">                        <div class=\"hsm_activity__title\">                            <h3><a href=\"https:\/\/hsmi.london\/es\/actividades\/franquiciamiento\/\" rel=\"bookmark\"                                   title=\"Franquiciamiento\">Franquiciamiento<\/a><\/h3>                        <\/div>                        <div class=\"hsm_activity__excerpt\">                            Los emprendedores que buscan estrategias de crecimiento innovadoras pueden considerar la adopci\u00f3n de \u00abfranquicias\u00bb al...                        <\/div>                    <\/div>                <\/div>            <\/div>                    <div class=\"hsm_activity\">                <div class=\"hsm_activity_inner\">                    <div class=\"hsm_activity__image\">                        <a href=\"https:\/\/hsmi.london\/es\/actividades\/financiacion-de-la-deuda\/\">                            <img loading=\"lazy\" decoding=\"async\" width=\"1\" height=\"1\" src=\"https:\/\/hsmi.london\/wp-content\/uploads\/2020\/04\/debt.svg\" class=\"img-responsive wp-post-image\" alt=\"\" title=\"\" \/>                        <\/a>                    <\/div>                    <div class=\"hsm_activity__content\">                        <div class=\"hsm_activity__title\">                            <h3><a href=\"https:\/\/hsmi.london\/es\/actividades\/financiacion-de-la-deuda\/\" rel=\"bookmark\"                                   title=\"Financiaci\u00f3n de la deuda\">Financiaci\u00f3n de la deuda<\/a><\/h3>                        <\/div>                        <div class=\"hsm_activity__excerpt\">                            \u00bfQU\u00c9 ES Y POR QU\u00c9 ES LA DEUDA? Cuando una empresa solicita el financiamiento de...                        <\/div>                    <\/div>                <\/div>            <\/div>                    <div class=\"hsm_activity\">                <div class=\"hsm_activity_inner\">                    <div class=\"hsm_activity__image\">                        <a href=\"https:\/\/hsmi.london\/es\/actividades\/financiamento-mezzanine\/\">                            <img loading=\"lazy\" decoding=\"async\" width=\"1\" height=\"1\" src=\"https:\/\/hsmi.london\/wp-content\/uploads\/2015\/04\/mezzanine.svg\" class=\"img-responsive wp-post-image\" alt=\"\" title=\"\" \/>                        <\/a>                    <\/div>                    <div class=\"hsm_activity__content\">                        <div class=\"hsm_activity__title\">                            <h3><a href=\"https:\/\/hsmi.london\/es\/actividades\/financiamento-mezzanine\/\" rel=\"bookmark\"                                   title=\"Financiamento Mezzanine\">Financiamento Mezzanine<\/a><\/h3>                        <\/div>                        <div class=\"hsm_activity__excerpt\">                            El financiamiento mezzanine o deuda intermedia (deuda mezzanine) es un producto financiero integrado, cuya difusi\u00f3n...                        <\/div>                    <\/div>                <\/div>            <\/div>                    <div class=\"hsm_activity\">                <div class=\"hsm_activity_inner\">                    <div class=\"hsm_activity__image\">                        <a href=\"https:\/\/hsmi.london\/es\/actividades\/economia-verde\/\">                            <img loading=\"lazy\" decoding=\"async\" width=\"80\" height=\"80\" src=\"https:\/\/hsmi.london\/wp-content\/uploads\/2022\/07\/leaf-img-3.png\" class=\"img-responsive wp-post-image\" alt=\"\" title=\"\" \/>                        <\/a>                    <\/div>                    <div class=\"hsm_activity__content\">                        <div class=\"hsm_activity__title\">                            <h3><a href=\"https:\/\/hsmi.london\/es\/actividades\/economia-verde\/\" rel=\"bookmark\"                                   title=\"Econom\u00eda Verde\">Econom\u00eda Verde<\/a><\/h3>                        <\/div>                        <div class=\"hsm_activity__excerpt\">                            La energ\u00eda renovable, tambi\u00e9n conocida como energ\u00eda verde, es una fuente de energ\u00eda que proviene...                        <\/div>                    <\/div>                <\/div>            <\/div>\n","protected":false},"excerpt":{"rendered":"<p>Le nostre attivit\u00e0<\/p>\n","protected":false},"author":1,"featured_media":0,"parent":0,"menu_order":0,"comment_status":"closed","ping_status":"closed","template":"","meta":{"inline_featured_image":false,"_exactmetrics_skip_tracking":false,"_exactmetrics_sitenote_active":false,"_exactmetrics_sitenote_note":"","_exactmetrics_sitenote_category":0,"footnotes":""},"class_list":["post-998","page","type-page","status-publish","hentry"],"yoast_head":"<!-- This site is optimized with the Yoast SEO plugin v24.9 - https:\/\/yoast.com\/wordpress\/plugins\/seo\/ -->\n<title>HSMI - Corporate Advisory<\/title>\n<meta name=\"robots\" content=\"index, follow, max-snippet:-1, max-image-preview:large, max-video-preview:-1\" \/>\n<link rel=\"canonical\" href=\"https:\/\/hsmi.london\/es\/\" \/>\n<meta property=\"og:locale\" content=\"es_ES\" \/>\n<meta property=\"og:type\" content=\"article\" \/>\n<meta property=\"og:title\" content=\"HSMI - Corporate Advisory\" \/>\n<meta property=\"og:description\" content=\"Le nostre attivit\u00e0\" \/>\n<meta property=\"og:url\" content=\"https:\/\/hsmi.london\/es\/\" \/>\n<meta property=\"og:site_name\" content=\"HSMI\" \/>\n<meta property=\"article:modified_time\" content=\"2018-11-26T17:49:06+00:00\" \/>\n<meta name=\"twitter:card\" content=\"summary_large_image\" \/>\n<script type=\"application\/ld+json\" class=\"yoast-schema-graph\">{\"@context\":\"https:\/\/schema.org\",\"@graph\":[{\"@type\":\"WebPage\",\"@id\":\"https:\/\/hsmi.london\/es\/\",\"url\":\"https:\/\/hsmi.london\/es\/\",\"name\":\"HSMI - Corporate Advisory\",\"isPartOf\":{\"@id\":\"https:\/\/hsmi.london\/en\/#website\"},\"datePublished\":\"2013-10-17T12:54:45+00:00\",\"dateModified\":\"2018-11-26T17:49:06+00:00\",\"breadcrumb\":{\"@id\":\"https:\/\/hsmi.london\/es\/#breadcrumb\"},\"inLanguage\":\"es\",\"potentialAction\":[{\"@type\":\"ReadAction\",\"target\":[\"https:\/\/hsmi.london\/es\/\"]}]},{\"@type\":\"BreadcrumbList\",\"@id\":\"https:\/\/hsmi.london\/es\/#breadcrumb\",\"itemListElement\":[{\"@type\":\"ListItem\",\"position\":1,\"name\":\"Home\",\"item\":\"https:\/\/hsmi.london\/es\/\"},{\"@type\":\"ListItem\",\"position\":2,\"name\":\"Home\"}]},{\"@type\":\"WebSite\",\"@id\":\"https:\/\/hsmi.london\/en\/#website\",\"url\":\"https:\/\/hsmi.london\/en\/\",\"name\":\"HSMI\",\"description\":\"Corporate Advisory\",\"publisher\":{\"@id\":\"https:\/\/hsmi.london\/en\/#organization\"},\"potentialAction\":[{\"@type\":\"SearchAction\",\"target\":{\"@type\":\"EntryPoint\",\"urlTemplate\":\"https:\/\/hsmi.london\/en\/?s={search_term_string}\"},\"query-input\":{\"@type\":\"PropertyValueSpecification\",\"valueRequired\":true,\"valueName\":\"search_term_string\"}}],\"inLanguage\":\"es\"},{\"@type\":\"Organization\",\"@id\":\"https:\/\/hsmi.london\/en\/#organization\",\"name\":\"H.S.M.I. Ltd\",\"url\":\"https:\/\/hsmi.london\/en\/\",\"logo\":{\"@type\":\"ImageObject\",\"inLanguage\":\"es\",\"@id\":\"https:\/\/hsmi.london\/en\/#\/schema\/logo\/image\/\",\"url\":\"https:\/\/staging.hsmi.london\/wp-content\/uploads\/2020\/04\/logo-hsmi-s.png\",\"contentUrl\":\"https:\/\/staging.hsmi.london\/wp-content\/uploads\/2020\/04\/logo-hsmi-s.png\",\"width\":280,\"height\":82,\"caption\":\"H.S.M.I. Ltd\"},\"image\":{\"@id\":\"https:\/\/hsmi.london\/en\/#\/schema\/logo\/image\/\"},\"sameAs\":[\"https:\/\/www.linkedin.com\/company\/hsmi-ltd\/\"]}]}<\/script>\n<!-- \/ Yoast SEO plugin. -->","yoast_head_json":{"title":"HSMI - Corporate Advisory","robots":{"index":"index","follow":"follow","max-snippet":"max-snippet:-1","max-image-preview":"max-image-preview:large","max-video-preview":"max-video-preview:-1"},"canonical":"https:\/\/hsmi.london\/es\/","og_locale":"es_ES","og_type":"article","og_title":"HSMI - Corporate Advisory","og_description":"Le nostre attivit\u00e0","og_url":"https:\/\/hsmi.london\/es\/","og_site_name":"HSMI","article_modified_time":"2018-11-26T17:49:06+00:00","twitter_card":"summary_large_image","schema":{"@context":"https:\/\/schema.org","@graph":[{"@type":"WebPage","@id":"https:\/\/hsmi.london\/es\/","url":"https:\/\/hsmi.london\/es\/","name":"HSMI - Corporate Advisory","isPartOf":{"@id":"https:\/\/hsmi.london\/en\/#website"},"datePublished":"2013-10-17T12:54:45+00:00","dateModified":"2018-11-26T17:49:06+00:00","breadcrumb":{"@id":"https:\/\/hsmi.london\/es\/#breadcrumb"},"inLanguage":"es","potentialAction":[{"@type":"ReadAction","target":["https:\/\/hsmi.london\/es\/"]}]},{"@type":"BreadcrumbList","@id":"https:\/\/hsmi.london\/es\/#breadcrumb","itemListElement":[{"@type":"ListItem","position":1,"name":"Home","item":"https:\/\/hsmi.london\/es\/"},{"@type":"ListItem","position":2,"name":"Home"}]},{"@type":"WebSite","@id":"https:\/\/hsmi.london\/en\/#website","url":"https:\/\/hsmi.london\/en\/","name":"HSMI","description":"Corporate Advisory","publisher":{"@id":"https:\/\/hsmi.london\/en\/#organization"},"potentialAction":[{"@type":"SearchAction","target":{"@type":"EntryPoint","urlTemplate":"https:\/\/hsmi.london\/en\/?s={search_term_string}"},"query-input":{"@type":"PropertyValueSpecification","valueRequired":true,"valueName":"search_term_string"}}],"inLanguage":"es"},{"@type":"Organization","@id":"https:\/\/hsmi.london\/en\/#organization","name":"H.S.M.I. Ltd","url":"https:\/\/hsmi.london\/en\/","logo":{"@type":"ImageObject","inLanguage":"es","@id":"https:\/\/hsmi.london\/en\/#\/schema\/logo\/image\/","url":"https:\/\/staging.hsmi.london\/wp-content\/uploads\/2020\/04\/logo-hsmi-s.png","contentUrl":"https:\/\/staging.hsmi.london\/wp-content\/uploads\/2020\/04\/logo-hsmi-s.png","width":280,"height":82,"caption":"H.S.M.I. Ltd"},"image":{"@id":"https:\/\/hsmi.london\/en\/#\/schema\/logo\/image\/"},"sameAs":["https:\/\/www.linkedin.com\/company\/hsmi-ltd\/"]}]}},"_links":{"self":[{"href":"https:\/\/hsmi.london\/es\/wp-json\/wp\/v2\/pages\/998","targetHints":{"allow":["GET"]}}],"collection":[{"href":"https:\/\/hsmi.london\/es\/wp-json\/wp\/v2\/pages"}],"about":[{"href":"https:\/\/hsmi.london\/es\/wp-json\/wp\/v2\/types\/page"}],"author":[{"embeddable":true,"href":"https:\/\/hsmi.london\/es\/wp-json\/wp\/v2\/users\/1"}],"replies":[{"embeddable":true,"href":"https:\/\/hsmi.london\/es\/wp-json\/wp\/v2\/comments?post=998"}],"version-history":[{"count":5,"href":"https:\/\/hsmi.london\/es\/wp-json\/wp\/v2\/pages\/998\/revisions"}],"predecessor-version":[{"id":1296,"href":"https:\/\/hsmi.london\/es\/wp-json\/wp\/v2\/pages\/998\/revisions\/1296"}],"wp:attachment":[{"href":"https:\/\/hsmi.london\/es\/wp-json\/wp\/v2\/media?parent=998"}],"curies":[{"name":"wp","href":"https:\/\/api.w.org\/{rel}","templated":true}]}}