{"id":953,"date":"2015-12-14T10:33:06","date_gmt":"2015-12-14T10:33:06","guid":{"rendered":"http:\/\/staging.hsmi.london\/profilo-aziendale\/"},"modified":"2025-05-28T16:13:29","modified_gmt":"2025-05-28T15:13:29","slug":"quienes-somos","status":"publish","type":"page","link":"https:\/\/hsmi.london\/es\/quienes-somos\/","title":{"rendered":"Quienes somos"},"content":{"rendered":"\r\n<div class=\"wp-block-columns has-2-columns is-layout-flex wp-container-core-columns-is-layout-9d6595d7 wp-block-columns-is-layout-flex\">\r\n<div class=\"wp-block-column is-layout-flow wp-block-column-is-layout-flow\">\r\n<figure class=\"wp-block-image\"><img decoding=\"async\" class=\"wp-image-865\" src=\"\/wp-content\/uploads\/2018\/11\/massimiliano-sulpizi-920x600.jpg\" alt=\"\" \/>\r\n<figcaption><br \/><strong>Massimiliano Sulpizi<\/strong><br \/>Founder&amp;CEO \u2013\u00a0<a href=\"https:\/\/www.linkedin.com\/in\/massimiliano-sulpizi\/\" target=\"_blank\" rel=\"noreferrer noopener\">Linkedin<\/a><\/figcaption>\r\n<\/figure>\r\n<\/div>\r\n\r\n\r\n\r\n<div class=\"wp-block-column is-layout-flow wp-block-column-is-layout-flow\">\r\n<p><strong>H.S.M.I. <\/strong>es una empresa independiente que se estableci\u00f3 y desarroll\u00f3 con el objetivo de ser un socio valioso y confiable que, combinando habilidades y experiencia, tiene el objetivo preciso de apoyar a sus empresas clientes \u00abStartup, SMI y Econom\u00eda Verde\u00bb, en la b\u00fasqueda de nuevo capital, y siempre nuevas e interesantes oportunidades y desarrollo de negocios.<\/p>\r\n<p>Nuestro car\u00e1cter independiente nos sit\u00faa fuera de cualquier posible conflicto de intereses, y totalmente inclinados a las necesidades y causas de nuestros clientes.<\/p>\r\n<p>Apostamos por un servicio de asesoramiento cuidadoso y altamente eficaz en diversas \u00e1reas de las finanzas y la gesti\u00f3n empresarial, Capital Privado, Capital de Riesgo, Econom\u00eda Verde, M&amp;A, Financiamiento Corporativo, Recuperaci\u00f3n, Etc.<\/p>\r\n<\/div>\r\n<\/div>\r\n\r\n\r\n\r\n<p>Nuestra <strong>Divisi\u00f3n de Empresas<\/strong> ofrece un apoyo integral, desde la recaudaci\u00f3n de fondos hasta el asesoramiento y la tutor\u00eda, para todos los empresarios que deseen embarcarse en una nueva aventura empresarial o hacer crecer su negocio y mejorar constantemente su eficiencia, consistencia y calidad.<\/p>\r\n<p>Nuestra <strong>Divisi\u00f3n de Econom\u00eda Verde<\/strong> ofrece una amplia gama de servicios, ayudando siempre a nuestros clientes a estructurar, financiar y desarrollar sus proyectos y\/o operaciones.<\/p>\r\n<p>Adoptando una visi\u00f3n empresarial que no se limita al territorio o comunidad europea, sino al escenario de pa\u00edses como EEUU, o aquellos pa\u00edses emergentes como China, India, Brasil, etc., que hoy en d\u00eda pueden garantizar verdaderas oportunidades de inversi\u00f3n con rentabilidades altamente satisfactorias; <strong>H.S.M.I.<\/strong>\u00a0pretende estar cerca y acompa\u00f1ar a todos aquellos empresarios que compartan nuestra visi\u00f3n y pretendan desarrollar su actividad empresarial con nosotros dentro y fuera de las fronteras nacionales.<\/p>\r\n<p>Una estrecha y muy profesional colaboraci\u00f3n con las principales Entidades de Cr\u00e9dito europeas y mundiales, as\u00ed como con Fondos de Capital Riesgo, Empresas Industriales, Family Offices, Bancos de Negocios, etc.; nos permiten seguir a nuestros clientes en todas las fases de su desarrollo y crecimiento empresarial.<\/p>\r\n<p>&nbsp;<\/p>\r\n\r\n\r\n\r\n<div class=\"wp-block-columns has-2-columns section__value is-layout-flex wp-container-core-columns-is-layout-9d6595d7 wp-block-columns-is-layout-flex\">\r\n<div class=\"wp-block-column is-layout-flow wp-block-column-is-layout-flow\">\r\n<figure class=\"wp-block-image\"><img loading=\"lazy\" decoding=\"async\" width=\"1000\" height=\"600\" class=\"wp-image-871\" src=\"\/wp-content\/uploads\/2018\/11\/hsmi-vision.jpg\" alt=\"\" srcset=\"https:\/\/hsmi.london\/wp-content\/uploads\/2018\/11\/hsmi-vision.jpg 1000w, https:\/\/hsmi.london\/wp-content\/uploads\/2018\/11\/hsmi-vision-768x461.jpg 768w\" sizes=\"auto, (max-width: 1000px) 100vw, 1000px\" \/><\/figure>\r\n\r\n\r\n\r\n<h3 class=\"wp-block-heading\" style=\"text-align: center;\">VISION<strong>:<\/strong><\/h3>\r\n\r\n\r\n\r\n<p style=\"text-align: center;\"><strong>In an economy evolving more and more towards new horizons, our strength and difference is to be able to read and anticipate this cycle, in order to give you the best advice to succeed.<\/strong><\/p>\r\n<\/div>\r\n\r\n\r\n\r\n<div class=\"wp-block-column is-layout-flow wp-block-column-is-layout-flow\">\r\n<figure class=\"wp-block-image\"><img loading=\"lazy\" decoding=\"async\" width=\"1000\" height=\"600\" class=\"wp-image-874\" src=\"\/wp-content\/uploads\/2018\/11\/hsmi-mission.jpg\" alt=\"\" srcset=\"https:\/\/hsmi.london\/wp-content\/uploads\/2018\/11\/hsmi-mission.jpg 1000w, https:\/\/hsmi.london\/wp-content\/uploads\/2018\/11\/hsmi-mission-768x461.jpg 768w\" sizes=\"auto, (max-width: 1000px) 100vw, 1000px\" \/><\/figure>\r\n\r\n\r\n\r\n<h3 class=\"wp-block-heading\" style=\"text-align: center;\">MISSION<strong>:<\/strong><\/h3>\r\n\r\n\r\n\r\n<p style=\"text-align: center;\"><strong>We deliver the best Corporate services through experience, knowledge and engagement. What matter us is only your success, if you are successful we are successful.<\/strong><\/p>\r\n<\/div>\r\n<\/div>\r\n","protected":false},"excerpt":{"rendered":"<p>H.S.M.I. es una empresa independiente que se estableci\u00f3 y desarroll\u00f3 con el objetivo de ser un socio valioso y confiable que, combinando habilidades y experiencia, tiene el objetivo preciso de apoyar a sus empresas clientes \u00abStartup, SMI y Econom\u00eda Verde\u00bb, en la b\u00fasqueda de nuevo capital, y siempre nuevas e interesantes oportunidades y desarrollo de &#8230; <a href=\"https:\/\/hsmi.london\/es\/quienes-somos\/\">Continue reading &raquo;<\/a><\/p>\n","protected":false},"author":4,"featured_media":0,"parent":0,"menu_order":0,"comment_status":"closed","ping_status":"closed","template":"","meta":{"inline_featured_image":false,"_exactmetrics_skip_tracking":false,"_exactmetrics_sitenote_active":false,"_exactmetrics_sitenote_note":"","_exactmetrics_sitenote_category":0,"footnotes":""},"class_list":["post-953","page","type-page","status-publish","hentry"],"yoast_head":"<!-- This site is optimized with the Yoast SEO plugin v24.9 - https:\/\/yoast.com\/wordpress\/plugins\/seo\/ -->\n<title>Quienes somos - HSMI<\/title>\n<meta name=\"robots\" content=\"index, follow, max-snippet:-1, max-image-preview:large, max-video-preview:-1\" \/>\n<link rel=\"canonical\" href=\"https:\/\/hsmi.london\/es\/quienes-somos\/\" \/>\n<meta property=\"og:locale\" content=\"es_ES\" \/>\n<meta property=\"og:type\" content=\"article\" \/>\n<meta property=\"og:title\" content=\"Quienes somos - HSMI\" \/>\n<meta property=\"og:description\" content=\"H.S.M.I. es una empresa independiente que se estableci\u00f3 y desarroll\u00f3 con el objetivo de ser un socio valioso y confiable que, combinando habilidades y experiencia, tiene el objetivo preciso de apoyar a sus empresas clientes \u00abStartup, SMI y Econom\u00eda Verde\u00bb, en la b\u00fasqueda de nuevo capital, y siempre nuevas e interesantes oportunidades y desarrollo de ... Continue reading &raquo;\" \/>\n<meta property=\"og:url\" content=\"https:\/\/hsmi.london\/es\/quienes-somos\/\" \/>\n<meta property=\"og:site_name\" content=\"HSMI\" \/>\n<meta property=\"article:modified_time\" content=\"2025-05-28T15:13:29+00:00\" \/>\n<meta name=\"twitter:card\" content=\"summary_large_image\" \/>\n<meta name=\"twitter:label1\" content=\"Tiempo de lectura\" \/>\n\t<meta name=\"twitter:data1\" content=\"3 minutos\" \/>\n<script type=\"application\/ld+json\" class=\"yoast-schema-graph\">{\"@context\":\"https:\/\/schema.org\",\"@graph\":[{\"@type\":\"WebPage\",\"@id\":\"https:\/\/hsmi.london\/es\/quienes-somos\/\",\"url\":\"https:\/\/hsmi.london\/es\/quienes-somos\/\",\"name\":\"Quienes somos - HSMI\",\"isPartOf\":{\"@id\":\"https:\/\/hsmi.london\/en\/#website\"},\"datePublished\":\"2015-12-14T10:33:06+00:00\",\"dateModified\":\"2025-05-28T15:13:29+00:00\",\"breadcrumb\":{\"@id\":\"https:\/\/hsmi.london\/es\/quienes-somos\/#breadcrumb\"},\"inLanguage\":\"es\",\"potentialAction\":[{\"@type\":\"ReadAction\",\"target\":[\"https:\/\/hsmi.london\/es\/quienes-somos\/\"]}]},{\"@type\":\"BreadcrumbList\",\"@id\":\"https:\/\/hsmi.london\/es\/quienes-somos\/#breadcrumb\",\"itemListElement\":[{\"@type\":\"ListItem\",\"position\":1,\"name\":\"Home\",\"item\":\"https:\/\/hsmi.london\/es\/\"},{\"@type\":\"ListItem\",\"position\":2,\"name\":\"Quienes somos\"}]},{\"@type\":\"WebSite\",\"@id\":\"https:\/\/hsmi.london\/en\/#website\",\"url\":\"https:\/\/hsmi.london\/en\/\",\"name\":\"HSMI\",\"description\":\"Corporate Advisory\",\"publisher\":{\"@id\":\"https:\/\/hsmi.london\/en\/#organization\"},\"potentialAction\":[{\"@type\":\"SearchAction\",\"target\":{\"@type\":\"EntryPoint\",\"urlTemplate\":\"https:\/\/hsmi.london\/en\/?s={search_term_string}\"},\"query-input\":{\"@type\":\"PropertyValueSpecification\",\"valueRequired\":true,\"valueName\":\"search_term_string\"}}],\"inLanguage\":\"es\"},{\"@type\":\"Organization\",\"@id\":\"https:\/\/hsmi.london\/en\/#organization\",\"name\":\"H.S.M.I. Ltd\",\"url\":\"https:\/\/hsmi.london\/en\/\",\"logo\":{\"@type\":\"ImageObject\",\"inLanguage\":\"es\",\"@id\":\"https:\/\/hsmi.london\/en\/#\/schema\/logo\/image\/\",\"url\":\"https:\/\/staging.hsmi.london\/wp-content\/uploads\/2020\/04\/logo-hsmi-s.png\",\"contentUrl\":\"https:\/\/staging.hsmi.london\/wp-content\/uploads\/2020\/04\/logo-hsmi-s.png\",\"width\":280,\"height\":82,\"caption\":\"H.S.M.I. Ltd\"},\"image\":{\"@id\":\"https:\/\/hsmi.london\/en\/#\/schema\/logo\/image\/\"},\"sameAs\":[\"https:\/\/www.linkedin.com\/company\/hsmi-ltd\/\"]}]}<\/script>\n<!-- \/ Yoast SEO plugin. -->","yoast_head_json":{"title":"Quienes somos - HSMI","robots":{"index":"index","follow":"follow","max-snippet":"max-snippet:-1","max-image-preview":"max-image-preview:large","max-video-preview":"max-video-preview:-1"},"canonical":"https:\/\/hsmi.london\/es\/quienes-somos\/","og_locale":"es_ES","og_type":"article","og_title":"Quienes somos - HSMI","og_description":"H.S.M.I. es una empresa independiente que se estableci\u00f3 y desarroll\u00f3 con el objetivo de ser un socio valioso y confiable que, combinando habilidades y experiencia, tiene el objetivo preciso de apoyar a sus empresas clientes \u00abStartup, SMI y Econom\u00eda Verde\u00bb, en la b\u00fasqueda de nuevo capital, y siempre nuevas e interesantes oportunidades y desarrollo de ... Continue reading &raquo;","og_url":"https:\/\/hsmi.london\/es\/quienes-somos\/","og_site_name":"HSMI","article_modified_time":"2025-05-28T15:13:29+00:00","twitter_card":"summary_large_image","twitter_misc":{"Tiempo de lectura":"3 minutos"},"schema":{"@context":"https:\/\/schema.org","@graph":[{"@type":"WebPage","@id":"https:\/\/hsmi.london\/es\/quienes-somos\/","url":"https:\/\/hsmi.london\/es\/quienes-somos\/","name":"Quienes somos - HSMI","isPartOf":{"@id":"https:\/\/hsmi.london\/en\/#website"},"datePublished":"2015-12-14T10:33:06+00:00","dateModified":"2025-05-28T15:13:29+00:00","breadcrumb":{"@id":"https:\/\/hsmi.london\/es\/quienes-somos\/#breadcrumb"},"inLanguage":"es","potentialAction":[{"@type":"ReadAction","target":["https:\/\/hsmi.london\/es\/quienes-somos\/"]}]},{"@type":"BreadcrumbList","@id":"https:\/\/hsmi.london\/es\/quienes-somos\/#breadcrumb","itemListElement":[{"@type":"ListItem","position":1,"name":"Home","item":"https:\/\/hsmi.london\/es\/"},{"@type":"ListItem","position":2,"name":"Quienes somos"}]},{"@type":"WebSite","@id":"https:\/\/hsmi.london\/en\/#website","url":"https:\/\/hsmi.london\/en\/","name":"HSMI","description":"Corporate Advisory","publisher":{"@id":"https:\/\/hsmi.london\/en\/#organization"},"potentialAction":[{"@type":"SearchAction","target":{"@type":"EntryPoint","urlTemplate":"https:\/\/hsmi.london\/en\/?s={search_term_string}"},"query-input":{"@type":"PropertyValueSpecification","valueRequired":true,"valueName":"search_term_string"}}],"inLanguage":"es"},{"@type":"Organization","@id":"https:\/\/hsmi.london\/en\/#organization","name":"H.S.M.I. Ltd","url":"https:\/\/hsmi.london\/en\/","logo":{"@type":"ImageObject","inLanguage":"es","@id":"https:\/\/hsmi.london\/en\/#\/schema\/logo\/image\/","url":"https:\/\/staging.hsmi.london\/wp-content\/uploads\/2020\/04\/logo-hsmi-s.png","contentUrl":"https:\/\/staging.hsmi.london\/wp-content\/uploads\/2020\/04\/logo-hsmi-s.png","width":280,"height":82,"caption":"H.S.M.I. Ltd"},"image":{"@id":"https:\/\/hsmi.london\/en\/#\/schema\/logo\/image\/"},"sameAs":["https:\/\/www.linkedin.com\/company\/hsmi-ltd\/"]}]}},"_links":{"self":[{"href":"https:\/\/hsmi.london\/es\/wp-json\/wp\/v2\/pages\/953","targetHints":{"allow":["GET"]}}],"collection":[{"href":"https:\/\/hsmi.london\/es\/wp-json\/wp\/v2\/pages"}],"about":[{"href":"https:\/\/hsmi.london\/es\/wp-json\/wp\/v2\/types\/page"}],"author":[{"embeddable":true,"href":"https:\/\/hsmi.london\/es\/wp-json\/wp\/v2\/users\/4"}],"replies":[{"embeddable":true,"href":"https:\/\/hsmi.london\/es\/wp-json\/wp\/v2\/comments?post=953"}],"version-history":[{"count":26,"href":"https:\/\/hsmi.london\/es\/wp-json\/wp\/v2\/pages\/953\/revisions"}],"predecessor-version":[{"id":33993,"href":"https:\/\/hsmi.london\/es\/wp-json\/wp\/v2\/pages\/953\/revisions\/33993"}],"wp:attachment":[{"href":"https:\/\/hsmi.london\/es\/wp-json\/wp\/v2\/media?parent=953"}],"curies":[{"name":"wp","href":"https:\/\/api.w.org\/{rel}","templated":true}]}}