{"id":33884,"date":"2025-04-20T07:09:56","date_gmt":"2025-04-20T06:09:56","guid":{"rendered":"https:\/\/staging.hsmi.london\/deal-page-es\/"},"modified":"2025-04-22T12:55:28","modified_gmt":"2025-04-22T11:55:28","slug":"pagina-de-oferta","status":"publish","type":"page","link":"https:\/\/hsmi.london\/es\/pagina-de-oferta\/","title":{"rendered":"Flujo de operaciones"},"content":{"rendered":"<style>\n     .case-study {\n      background: #fff;\n      border-radius: 10px;\n      padding: 2rem;\n      margin-bottom: 2rem;\n      box-shadow: 0 2px 10px rgba(0,0,0,0.1);\n      position: relative;\n    }\n    .case-study h2 {\n      margin-top: 0.5rem;\n      font-size: 1.5rem;\n      color: #005a8d;\n    }\n    .case-study .location {\n      font-weight: bold;\n      margin-bottom: 0.5rem;\n      color: #666;\n    }\n    .case-study .sector {\n      font-style: italic;\n      color: #999;\n      margin-bottom: 1rem;\n    }\n    .case-study p {\n      margin-bottom: 1rem;\n      line-height: 1.6;\n    }\n    .logo {\n      max-width: 120px;\n      position: absolute;\n      top: 2rem;\n      right: 2rem;\n    }<\/p>\n<\/style>\n<div class=\"case-study\">\n<img decoding=\"async\" src=\"\/wp-content\/uploads\/2025\/04\/austin-parker-yachts-logo-1.jpeg\" alt=\"H.S.M.I. Logo\" class=\"logo\"\/><\/p>\n<div class=\"location\">Austin Parker Srl \u2013 Italy<\/div>\n<div class=\"sector\">Yachting, Astillero<\/div>\n<h2>M&#038;A, Colocaci\u00f3n privada<\/h2>\n<p>H.S.M.I. recibi\u00f3 el encargo de los accionistas de asesorar sobre la venta de la empresa.<\/p>\n<p>La empresa fue contactada por varios compradores estrat\u00e9gicos que reconocieron su potencial de crecimiento y su posici\u00f3n \u00fanica en el mercado. El accionista encarg\u00f3 a H.S.M.I. que le asesorara en la venta de la empresa. El equipo de H.S.M.I. revis\u00f3 el mercado para asegurarse de que no hab\u00eda otros posibles compradores.<\/p>\n<p>El equipo de H.S.M.I. negoci\u00f3 las ofertas de todas las partes y ayud\u00f3 al accionista a asegurarse de que se seleccionaba al comprador m\u00e1s adecuado para garantizar los mejores rendimientos al tiempo que se aseguraba la continuidad de la empresa.  <\/p>\n<p>A continuaci\u00f3n, nuestro equipo asesor\u00f3 a los accionistas en la realizaci\u00f3n de la venta, asegur\u00e1ndose de que los procesos de diligencia debida financiera y jur\u00eddica se llevaran a cabo sin problemas y colaborando con abogados y asesores fiscales para garantizar que todos los asuntos se trataran de forma adecuada y diligente. <\/p>\n<\/p><\/div>\n<div class=\"case-study\">\n<img decoding=\"async\" src=\"\/wp-content\/uploads\/2025\/04\/advanced-composites-solutions-s-r-l--logo-1.jpeg\" alt=\"H.S.M.I. Logo\" class=\"logo\"\/><\/p>\n<div class=\"location\">ACS Advanced Composite Solutions \u2013 Italy<\/div>\n<div class=\"sector\">Composites, Automoci\u00f3n, N\u00e1utica, Aeroespacial<\/div>\n<h2>M&#038;A, Colocaci\u00f3n privada <\/h2>\n<p>Los accionistas encargaron a H.S.M.I. que les asesorara en la b\u00fasqueda de nuevos inversores para su plan de expansi\u00f3n y desarrollo.<\/p>\n<p>Los accionistas encargaron a H.S.M.I. la b\u00fasqueda y selecci\u00f3n de inversores potenciales; el equipo de H.S.M.I. revis\u00f3 el mercado para asegurarse de que se contactaba con todos los inversores adecuados y se les presentaba la oportunidad de inversi\u00f3n.<\/p>\n<p>A continuaci\u00f3n, el equipo de H.S.M.I. negoci\u00f3 las ofertas de todas las partes y asesor\u00f3 a los accionistas para garantizar la selecci\u00f3n del inversor m\u00e1s adecuado para sus necesidades de desarrollo.<\/p>\n<p>A continuaci\u00f3n, nuestro equipo asesor\u00f3 a los accionistas sobre la realizaci\u00f3n de la inversi\u00f3n, asegur\u00e1ndose de que los procesos de diligencia debida financiera y jur\u00eddica se llevaran a cabo sin contratiempos y colaborando con abogados y asesores fiscales para garantizar que todos los asuntos se trataran de forma adecuada y diligente. <\/p>\n<\/p><\/div>\n<div class=\"case-study\">\n<img decoding=\"async\" src=\"\/wp-content\/uploads\/2025\/04\/1631307194617-1.jpeg\" alt=\"H.S.M.I. Logo\" class=\"logo\"\/><\/p>\n<div class=\"location\">OSR Enterprises AG \u2013 Switzerland<\/div>\n<div class=\"sector\">Autom\u00f3vil<\/div>\n<h2>M&#038;A, Colocaci\u00f3n privada<\/h2>\n<p>Los accionistas encargaron a H.S.M.I. que les asesorara en la b\u00fasqueda de nuevos inversores para su plan de desarrollo.<\/p>\n<p>Los accionistas encargaron a H.S.M.I. la b\u00fasqueda y selecci\u00f3n de inversores potenciales; el equipo de H.S.M.I. revis\u00f3 el mercado para asegurarse de que se contactaba con todos los inversores adecuados y se les presentaba la oportunidad de inversi\u00f3n.<\/p>\n<p>A continuaci\u00f3n, el equipo de H.S.M.I. negoci\u00f3 las ofertas de todas las partes y asesor\u00f3 a los accionistas para garantizar la selecci\u00f3n del inversor m\u00e1s adecuado para sus necesidades de desarrollo. <\/p>\n<\/div>\n<div class=\"case-study\">\n<img decoding=\"async\" src=\"\/wp-content\/uploads\/2025\/04\/reso-power-logo-1.jpeg\" alt=\"H.S.M.I. Logo\" class=\"logo\"\/><\/p>\n<div class=\"location\">RESO Power \u2013 Netherlands<\/div>\n<div class=\"sector\">Energ\u00edas renovables, Semiconductores<\/div>\n<h2>M&#038;A, Colocaci\u00f3n privada <\/h2>\n<p>Los accionistas encargaron a H.S.M.I. que les asesorara en la b\u00fasqueda de nuevos inversores para su plan de expansi\u00f3n y desarrollo.<\/p>\n<p>El Consejo de Administraci\u00f3n encarg\u00f3 a H.S.M.I. la b\u00fasqueda y selecci\u00f3n de inversores potenciales; el equipo de H.S.M.I. examin\u00f3 el mercado para asegurarse de que se contactaba con todos los inversores adecuados y se les presentaba la oportunidad de inversi\u00f3n.<\/p>\n<p>A continuaci\u00f3n, el equipo de H.S.M.I negoci\u00f3 las ofertas de todas las partes y asesor\u00f3 a los accionistas para garantizar la selecci\u00f3n del inversor m\u00e1s adecuado para sus necesidades de desarrollo.<\/p>\n<p>A continuaci\u00f3n, nuestro equipo asesor\u00f3 a los accionistas sobre la realizaci\u00f3n de la inversi\u00f3n, asegur\u00e1ndose de que los procesos de diligencia debida financiera y jur\u00eddica se llevaran a cabo sin contratiempos y colaborando con abogados y asesores fiscales para garantizar que todos los asuntos se trataran de forma adecuada y diligente. <\/p>\n<\/p><\/div>\n<div class=\"case-study\">\n<img decoding=\"async\" src=\"\/wp-content\/uploads\/2025\/04\/maru-energy-logo-1.jpeg\" alt=\"H.S.M.I. Logo\" class=\"logo\"\/><\/p>\n<div class=\"location\">MARU \u2013 Netherlands<\/div>\n<div class=\"sector\">Fabricaci\u00f3n de maquinaria industrial<\/div>\n<h2>M&#038;A, Colocaci\u00f3n privada<\/h2>\n<p>Los accionistas encargaron a H.S.M.I. que les asesorara en la b\u00fasqueda de nuevos inversores para su plan de expansi\u00f3n y desarrollo.<\/p>\n<p>El Consejo de Administraci\u00f3n encarg\u00f3 a H.S.M.I. la b\u00fasqueda y selecci\u00f3n de inversores potenciales; el equipo de H.S.M.I. examin\u00f3 el mercado para asegurarse de que se contactaba con todos los inversores adecuados y se les presentaba la oportunidad de inversi\u00f3n.<\/p>\n<p>A continuaci\u00f3n, el equipo de H.S.M.I. negoci\u00f3 las ofertas de todas las partes y asesor\u00f3 a los accionistas para garantizar la selecci\u00f3n del inversor m\u00e1s adecuado para sus necesidades de desarrollo.<\/p>\n<p>A continuaci\u00f3n, nuestro equipo asesor\u00f3 a los accionistas sobre la realizaci\u00f3n de la inversi\u00f3n, asegur\u00e1ndose de que los procesos de diligencia debida financiera y jur\u00eddica se llevaran a cabo sin contratiempos y colaborando con abogados y asesores fiscales para garantizar que todos los asuntos se trataran de forma adecuada y diligente. <\/p>\n<\/p><\/div>\n<div class=\"case-study\">\n<img decoding=\"async\" src=\"\/wp-content\/uploads\/2025\/04\/valvosanitaria-bugatti-spa-logo-1.jpeg\" alt=\"H.S.M.I. Logo\" class=\"logo\"\/><\/p>\n<div class=\"location\">Valvosanitaria Bugatti Spa \u2013 Italy<\/div>\n<div class=\"sector\">Fabricaci\u00f3n de maquinaria industrial<\/div>\n<h2>Turnaround, M&#038;A<\/h2>\n<p>H.S.M.I. recibi\u00f3 el encargo de los accionistas de trabajar con el consejo de administraci\u00f3n en su plan de reestructuraci\u00f3n y expansi\u00f3n empresarial.<\/p>\n<p>El equipo de H.S.M.I. llev\u00f3 a cabo un minucioso examen del mercado mundial y elabor\u00f3 un extenso y detallado plan ejecutivo para su examen y aprobaci\u00f3n por el consejo de administraci\u00f3n.<\/p>\n<p>El equipo de H.S.M.I. tambi\u00e9n trabaj\u00f3 con el consejo de administraci\u00f3n para identificar nuevos socios e inversores, dispuestos a colaborar con la empresa en su plan de expansi\u00f3n en la UE y fuera de ella,<\/p>\n<p>A continuaci\u00f3n, el equipo de H.S.M.I. asesor\u00f3 a los accionistas sobre la realizaci\u00f3n de la inversi\u00f3n, asegur\u00e1ndose de que los procesos de diligencia debida financiera y jur\u00eddica se llevaran a cabo sin contratiempos y colaborando con abogados y asesores fiscales para garantizar que todos los asuntos se trataran de forma adecuada y diligente.<\/p>\n<\/p><\/div>\n<div class=\"case-study\">\n<img decoding=\"async\" src=\"\/wp-content\/uploads\/2025\/04\/logo-3.jpg\" alt=\"H.S.M.I. Logo\" class=\"logo\"\/><\/p>\n<div class=\"location\">Fratelli Canalicchio Spa \u2013 Italy<\/div>\n<div class=\"sector\">Yachting, Ingenier\u00eda de precisi\u00f3n<\/div>\n<h2>M&#038;A, Colocaci\u00f3n privada<\/h2>\n<p>Los accionistas encargaron a H.S.M.I. que les asesorara en la b\u00fasqueda de nuevos inversores para su plan de expansi\u00f3n y desarrollo.<\/p>\n<p>El Consejo de Administraci\u00f3n encarg\u00f3 a H.S.M.I. la b\u00fasqueda y selecci\u00f3n de inversores potenciales; el equipo de H.S.M.I. examin\u00f3 el mercado para asegurarse de que se contactaba con todos los inversores adecuados y se les presentaba la oportunidad de inversi\u00f3n.<\/p>\n<p>A continuaci\u00f3n, el equipo de H.S.M.I. negoci\u00f3 las ofertas de todas las partes y asesor\u00f3 a los accionistas para garantizar la selecci\u00f3n del inversor m\u00e1s adecuado para sus necesidades de desarrollo.<\/p>\n<p>A continuaci\u00f3n, nuestro equipo asesor\u00f3 a los accionistas sobre la realizaci\u00f3n de la inversi\u00f3n, asegur\u00e1ndose de que los procesos de diligencia debida financiera y jur\u00eddica se llevaran a cabo sin contratiempos y colaborando con abogados y asesores fiscales para garantizar que todos los asuntos se trataran de forma adecuada y diligente. <\/p>\n<\/p><\/div>\n<div class=\"case-study\">\n<img decoding=\"async\" src=\"\/wp-content\/uploads\/2025\/04\/301730641-398472472415413-4666906697451779937-n-1.jpeg\" alt=\"H.S.M.I. Logo\" class=\"logo\"\/><\/p>\n<div class=\"location\">CRYSTALEXE SA \u2013 Switzerland<\/div>\n<div class=\"sector\">Dise\u00f1o y producci\u00f3n de vidrio<\/div>\n<h2>M&#038;A, Colocaci\u00f3n privada<\/h2>\n<p>Los accionistas encargaron a H.S.M.I. que les asesorara en la b\u00fasqueda de nuevos inversores para su plan de expansi\u00f3n y desarrollo.<\/p>\n<p>El Consejo de Administraci\u00f3n encarg\u00f3 a H.S.M.I. la b\u00fasqueda y selecci\u00f3n de inversores potenciales; el equipo de H.S.M.I. examin\u00f3 el mercado para asegurarse de que se contactaba con todos los inversores adecuados y se les presentaba la oportunidad de inversi\u00f3n.<\/p>\n<p>A continuaci\u00f3n, el equipo de H.S.M.I. negoci\u00f3 las ofertas de todas las partes y asesor\u00f3 a los accionistas para garantizar la selecci\u00f3n del inversor m\u00e1s adecuado para sus necesidades de desarrollo.<\/p>\n<p>A continuaci\u00f3n, nuestro equipo asesor\u00f3 a los accionistas sobre la realizaci\u00f3n de la inversi\u00f3n, asegur\u00e1ndose de que los procesos de diligencia debida financiera y jur\u00eddica se llevaran a cabo sin contratiempos y colaborando con abogados y asesores fiscales para garantizar que todos los asuntos se trataran de forma adecuada y diligente. <\/p>\n<\/p><\/div>\n<div class=\"case-study\">\n<img decoding=\"async\" src=\"\/wp-content\/uploads\/2025\/04\/irte-spa-logo-1.jpeg\" alt=\"H.S.M.I. Logo\" class=\"logo\"\/><\/p>\n<div class=\"location\">Irte SPA \u2013 Italy<\/div>\n<div class=\"sector\">Telecomunicaciones, Energ\u00eda solar<\/div>\n<h2>Colocaci\u00f3n privada<\/h2>\n<p>H.S.M.I. recibi\u00f3 el encargo de los accionistas de asesorar sobre la venta de dos plantas fotovoltaicas,<\/p>\n<p>Los accionistas encargaron a H.S.M.I. la b\u00fasqueda y selecci\u00f3n de compradores potenciales; el equipo de H.S.M.I. examin\u00f3 el mercado para asegurarse de que se contactaba con todos los inversores adecuados y se les presentaba la oportunidad de inversi\u00f3n.<\/p>\n<p>El equipo de H.S.M.I. negoci\u00f3 las ofertas de todas las partes y asesor\u00f3 a los accionistas para asegurar la selecci\u00f3n del comprador m\u00e1s adecuado para garantizar los mejores rendimientos.<\/p>\n<\/p><\/div>\n","protected":false},"excerpt":{"rendered":"<p>Austin Parker Srl \u2013 Italy Yachting, Astillero M&#038;A, Colocaci\u00f3n privada H.S.M.I. recibi\u00f3 el encargo de los accionistas de asesorar sobre la venta de la empresa. La empresa fue contactada por varios compradores estrat\u00e9gicos que reconocieron su potencial de crecimiento y su posici\u00f3n \u00fanica en el mercado. El accionista encarg\u00f3 a H.S.M.I. que le asesorara en &#8230; <a href=\"https:\/\/hsmi.london\/es\/pagina-de-oferta\/\">Continue reading &raquo;<\/a><\/p>\n","protected":false},"author":1,"featured_media":0,"parent":0,"menu_order":0,"comment_status":"closed","ping_status":"closed","template":"","meta":{"inline_featured_image":false,"_exactmetrics_skip_tracking":false,"_exactmetrics_sitenote_active":false,"_exactmetrics_sitenote_note":"","_exactmetrics_sitenote_category":0,"footnotes":""},"class_list":["post-33884","page","type-page","status-publish","hentry"],"yoast_head":"<!-- This site is optimized with the Yoast SEO plugin v24.9 - https:\/\/yoast.com\/wordpress\/plugins\/seo\/ -->\n<title>Flujo de operaciones - HSMI<\/title>\n<meta name=\"robots\" content=\"index, follow, max-snippet:-1, max-image-preview:large, max-video-preview:-1\" \/>\n<link rel=\"canonical\" href=\"https:\/\/hsmi.london\/es\/pagina-de-oferta\/\" \/>\n<meta property=\"og:locale\" content=\"es_ES\" \/>\n<meta property=\"og:type\" content=\"article\" \/>\n<meta property=\"og:title\" content=\"Flujo de operaciones - HSMI\" \/>\n<meta property=\"og:description\" content=\"Austin Parker Srl \u2013 Italy Yachting, Astillero M&#038;A, Colocaci\u00f3n privada H.S.M.I. recibi\u00f3 el encargo de los accionistas de asesorar sobre la venta de la empresa. La empresa fue contactada por varios compradores estrat\u00e9gicos que reconocieron su potencial de crecimiento y su posici\u00f3n \u00fanica en el mercado. El accionista encarg\u00f3 a H.S.M.I. que le asesorara en ... Continue reading &raquo;\" \/>\n<meta property=\"og:url\" content=\"https:\/\/hsmi.london\/es\/pagina-de-oferta\/\" \/>\n<meta property=\"og:site_name\" content=\"HSMI\" \/>\n<meta property=\"article:modified_time\" content=\"2025-04-22T11:55:28+00:00\" \/>\n<meta name=\"twitter:card\" content=\"summary_large_image\" \/>\n<meta name=\"twitter:label1\" content=\"Tiempo de lectura\" \/>\n\t<meta name=\"twitter:data1\" content=\"8 minutos\" \/>\n<script type=\"application\/ld+json\" class=\"yoast-schema-graph\">{\"@context\":\"https:\/\/schema.org\",\"@graph\":[{\"@type\":\"WebPage\",\"@id\":\"https:\/\/hsmi.london\/es\/pagina-de-oferta\/\",\"url\":\"https:\/\/hsmi.london\/es\/pagina-de-oferta\/\",\"name\":\"Flujo de operaciones - HSMI\",\"isPartOf\":{\"@id\":\"https:\/\/hsmi.london\/en\/#website\"},\"datePublished\":\"2025-04-20T06:09:56+00:00\",\"dateModified\":\"2025-04-22T11:55:28+00:00\",\"breadcrumb\":{\"@id\":\"https:\/\/hsmi.london\/es\/pagina-de-oferta\/#breadcrumb\"},\"inLanguage\":\"es\",\"potentialAction\":[{\"@type\":\"ReadAction\",\"target\":[\"https:\/\/hsmi.london\/es\/pagina-de-oferta\/\"]}]},{\"@type\":\"BreadcrumbList\",\"@id\":\"https:\/\/hsmi.london\/es\/pagina-de-oferta\/#breadcrumb\",\"itemListElement\":[{\"@type\":\"ListItem\",\"position\":1,\"name\":\"Home\",\"item\":\"https:\/\/hsmi.london\/es\/\"},{\"@type\":\"ListItem\",\"position\":2,\"name\":\"Flujo de operaciones\"}]},{\"@type\":\"WebSite\",\"@id\":\"https:\/\/hsmi.london\/en\/#website\",\"url\":\"https:\/\/hsmi.london\/en\/\",\"name\":\"HSMI\",\"description\":\"Corporate Advisory\",\"publisher\":{\"@id\":\"https:\/\/hsmi.london\/en\/#organization\"},\"potentialAction\":[{\"@type\":\"SearchAction\",\"target\":{\"@type\":\"EntryPoint\",\"urlTemplate\":\"https:\/\/hsmi.london\/en\/?s={search_term_string}\"},\"query-input\":{\"@type\":\"PropertyValueSpecification\",\"valueRequired\":true,\"valueName\":\"search_term_string\"}}],\"inLanguage\":\"es\"},{\"@type\":\"Organization\",\"@id\":\"https:\/\/hsmi.london\/en\/#organization\",\"name\":\"H.S.M.I. Ltd\",\"url\":\"https:\/\/hsmi.london\/en\/\",\"logo\":{\"@type\":\"ImageObject\",\"inLanguage\":\"es\",\"@id\":\"https:\/\/hsmi.london\/en\/#\/schema\/logo\/image\/\",\"url\":\"https:\/\/staging.hsmi.london\/wp-content\/uploads\/2020\/04\/logo-hsmi-s.png\",\"contentUrl\":\"https:\/\/staging.hsmi.london\/wp-content\/uploads\/2020\/04\/logo-hsmi-s.png\",\"width\":280,\"height\":82,\"caption\":\"H.S.M.I. Ltd\"},\"image\":{\"@id\":\"https:\/\/hsmi.london\/en\/#\/schema\/logo\/image\/\"},\"sameAs\":[\"https:\/\/www.linkedin.com\/company\/hsmi-ltd\/\"]}]}<\/script>\n<!-- \/ Yoast SEO plugin. -->","yoast_head_json":{"title":"Flujo de operaciones - HSMI","robots":{"index":"index","follow":"follow","max-snippet":"max-snippet:-1","max-image-preview":"max-image-preview:large","max-video-preview":"max-video-preview:-1"},"canonical":"https:\/\/hsmi.london\/es\/pagina-de-oferta\/","og_locale":"es_ES","og_type":"article","og_title":"Flujo de operaciones - HSMI","og_description":"Austin Parker Srl \u2013 Italy Yachting, Astillero M&#038;A, Colocaci\u00f3n privada H.S.M.I. recibi\u00f3 el encargo de los accionistas de asesorar sobre la venta de la empresa. La empresa fue contactada por varios compradores estrat\u00e9gicos que reconocieron su potencial de crecimiento y su posici\u00f3n \u00fanica en el mercado. El accionista encarg\u00f3 a H.S.M.I. que le asesorara en ... Continue reading &raquo;","og_url":"https:\/\/hsmi.london\/es\/pagina-de-oferta\/","og_site_name":"HSMI","article_modified_time":"2025-04-22T11:55:28+00:00","twitter_card":"summary_large_image","twitter_misc":{"Tiempo de lectura":"8 minutos"},"schema":{"@context":"https:\/\/schema.org","@graph":[{"@type":"WebPage","@id":"https:\/\/hsmi.london\/es\/pagina-de-oferta\/","url":"https:\/\/hsmi.london\/es\/pagina-de-oferta\/","name":"Flujo de operaciones - HSMI","isPartOf":{"@id":"https:\/\/hsmi.london\/en\/#website"},"datePublished":"2025-04-20T06:09:56+00:00","dateModified":"2025-04-22T11:55:28+00:00","breadcrumb":{"@id":"https:\/\/hsmi.london\/es\/pagina-de-oferta\/#breadcrumb"},"inLanguage":"es","potentialAction":[{"@type":"ReadAction","target":["https:\/\/hsmi.london\/es\/pagina-de-oferta\/"]}]},{"@type":"BreadcrumbList","@id":"https:\/\/hsmi.london\/es\/pagina-de-oferta\/#breadcrumb","itemListElement":[{"@type":"ListItem","position":1,"name":"Home","item":"https:\/\/hsmi.london\/es\/"},{"@type":"ListItem","position":2,"name":"Flujo de operaciones"}]},{"@type":"WebSite","@id":"https:\/\/hsmi.london\/en\/#website","url":"https:\/\/hsmi.london\/en\/","name":"HSMI","description":"Corporate Advisory","publisher":{"@id":"https:\/\/hsmi.london\/en\/#organization"},"potentialAction":[{"@type":"SearchAction","target":{"@type":"EntryPoint","urlTemplate":"https:\/\/hsmi.london\/en\/?s={search_term_string}"},"query-input":{"@type":"PropertyValueSpecification","valueRequired":true,"valueName":"search_term_string"}}],"inLanguage":"es"},{"@type":"Organization","@id":"https:\/\/hsmi.london\/en\/#organization","name":"H.S.M.I. Ltd","url":"https:\/\/hsmi.london\/en\/","logo":{"@type":"ImageObject","inLanguage":"es","@id":"https:\/\/hsmi.london\/en\/#\/schema\/logo\/image\/","url":"https:\/\/staging.hsmi.london\/wp-content\/uploads\/2020\/04\/logo-hsmi-s.png","contentUrl":"https:\/\/staging.hsmi.london\/wp-content\/uploads\/2020\/04\/logo-hsmi-s.png","width":280,"height":82,"caption":"H.S.M.I. Ltd"},"image":{"@id":"https:\/\/hsmi.london\/en\/#\/schema\/logo\/image\/"},"sameAs":["https:\/\/www.linkedin.com\/company\/hsmi-ltd\/"]}]}},"_links":{"self":[{"href":"https:\/\/hsmi.london\/es\/wp-json\/wp\/v2\/pages\/33884","targetHints":{"allow":["GET"]}}],"collection":[{"href":"https:\/\/hsmi.london\/es\/wp-json\/wp\/v2\/pages"}],"about":[{"href":"https:\/\/hsmi.london\/es\/wp-json\/wp\/v2\/types\/page"}],"author":[{"embeddable":true,"href":"https:\/\/hsmi.london\/es\/wp-json\/wp\/v2\/users\/1"}],"replies":[{"embeddable":true,"href":"https:\/\/hsmi.london\/es\/wp-json\/wp\/v2\/comments?post=33884"}],"version-history":[{"count":15,"href":"https:\/\/hsmi.london\/es\/wp-json\/wp\/v2\/pages\/33884\/revisions"}],"predecessor-version":[{"id":33959,"href":"https:\/\/hsmi.london\/es\/wp-json\/wp\/v2\/pages\/33884\/revisions\/33959"}],"wp:attachment":[{"href":"https:\/\/hsmi.london\/es\/wp-json\/wp\/v2\/media?parent=33884"}],"curies":[{"name":"wp","href":"https:\/\/api.w.org\/{rel}","templated":true}]}}