{"id":33442,"date":"2022-05-31T05:27:16","date_gmt":"2022-05-31T04:27:16","guid":{"rendered":"http:\/\/staging.hsmi.london\/?page_id=33442"},"modified":"2022-07-26T05:24:51","modified_gmt":"2022-07-26T04:24:51","slug":"economia-verde","status":"publish","type":"page","link":"https:\/\/hsmi.london\/es\/actividades\/economia-verde\/","title":{"rendered":"Econom\u00eda Verde"},"content":{"rendered":"<p>La energ\u00eda renovable, tambi\u00e9n conocida como energ\u00eda verde, es una fuente de energ\u00eda que proviene de recursos naturales y no tiene impacto en el medio ambiente. El sol, el viento, la biomasa, el agua y la energ\u00eda geot\u00e9rmica est\u00e1n muy extendidos y son abundantes en la naturaleza, y se utilizan para producir energ\u00eda limpia con un impacto cero en el medio ambiente.<\/p>\n<p>Estamos comprometidos con una econom\u00eda sostenible y ecol\u00f3gica. Una econom\u00eda que pretende preservar los recursos naturales finitos para las generaciones venideras. Una econom\u00eda que proporciona una buena calidad de vida para todos.<\/p>\n<p>Con un equipo multidisciplinar, ofrecemos una amplia gama de servicios para apoyar a nuestros clientes en el dise\u00f1o, desarrollo, financiaci\u00f3n y monetizaci\u00f3n de sus proyectos.<\/p>\n<p><strong>Servicios de consultor\u00eda <\/strong><br \/>\nEl valor del proyecto depende de m\u00faltiples par\u00e1metros, como el recurso energ\u00e9tico subyacente, el marco normativo, las futuras hip\u00f3tesis de Capex y Opex, las limitaciones empresariales y fiscales y, por supuesto, la estructura financiera.<\/p>\n<p>Apoy\u00e1ndonos en nuestra red, en nuestra experiencia en el estudio, el trazado y la estructuraci\u00f3n de estos par\u00e1metros, as\u00ed como en la negociaci\u00f3n y el cierre de transacciones complejas, podemos ayudarle a optimizar su proyecto y a liberar todo su potencial.<\/p>\n<p>Nuestra comprensi\u00f3n de la econom\u00eda y las finanzas, los riesgos inherentes al sector y nuestra experiencia en el mercado de las energ\u00edas renovables nos ayudan a identificar al mejor socio y las mejores soluciones para sus proyectos, sea cual sea su fase de desarrollo.<\/p>\n<p><strong>FUSIONES Y ADQUISICIONES <\/strong><br \/>\nAsistimos a nuestros clientes en la venta y adquisici\u00f3n de objetivos potenciales, as\u00ed como en el desarrollo de proyectos de energ\u00edas renovables. Gracias a nuestra amplia red de posibles adquirentes, como fondos, operadores privados y otros, y al profundo conocimiento de los procesos de diligencia debida, trabajamos con eficacia centr\u00e1ndonos en su estrategia y sus objetivos de valor.<\/p>\n<p>Su empresa se beneficiar\u00e1 de nuestra capacidad de an\u00e1lisis, estructuraci\u00f3n, ejecuci\u00f3n y gesti\u00f3n de procesos, as\u00ed como de nuestra experiencia en el mercado de las energ\u00edas renovables.<\/p>\n<p><strong>Consultor\u00eda:<\/strong><br \/>\nNuestro equipo multidisciplinar puede aportar conocimientos t\u00e9cnicos, jur\u00eddicos y financieros para cualquier proyecto y en cualquier fase de su desarrollo.<\/p>\n<style>\ndiv#custom_html-9 {\n    display: none;\n}\ndiv#custom_html-19 {\n    display: none;\n}\n<\/style>\n","protected":false},"excerpt":{"rendered":"<p>La energ\u00eda renovable, tambi\u00e9n conocida como energ\u00eda verde, es una fuente de energ\u00eda que proviene de recursos naturales y no tiene impacto en el medio ambiente. El sol, el viento, la biomasa, el agua y la energ\u00eda geot\u00e9rmica est\u00e1n muy extendidos y son abundantes en la naturaleza, y se utilizan para producir energ\u00eda limpia con &#8230; <a href=\"https:\/\/hsmi.london\/es\/actividades\/economia-verde\/\">Continue reading &raquo;<\/a><\/p>\n","protected":false},"author":1,"featured_media":33489,"parent":1016,"menu_order":0,"comment_status":"closed","ping_status":"closed","template":"","meta":{"inline_featured_image":false,"_exactmetrics_skip_tracking":false,"_exactmetrics_sitenote_active":false,"_exactmetrics_sitenote_note":"","_exactmetrics_sitenote_category":0,"footnotes":""},"class_list":["post-33442","page","type-page","status-publish","has-post-thumbnail","hentry"],"yoast_head":"<!-- This site is optimized with the Yoast SEO plugin v24.9 - https:\/\/yoast.com\/wordpress\/plugins\/seo\/ -->\n<title>Econom\u00eda Verde - HSMI<\/title>\n<meta name=\"robots\" content=\"index, follow, max-snippet:-1, max-image-preview:large, max-video-preview:-1\" \/>\n<link rel=\"canonical\" href=\"https:\/\/hsmi.london\/es\/actividades\/economia-verde\/\" \/>\n<meta property=\"og:locale\" content=\"es_ES\" \/>\n<meta property=\"og:type\" content=\"article\" \/>\n<meta property=\"og:title\" content=\"Econom\u00eda Verde - HSMI\" \/>\n<meta property=\"og:description\" content=\"La energ\u00eda renovable, tambi\u00e9n conocida como energ\u00eda verde, es una fuente de energ\u00eda que proviene de recursos naturales y no tiene impacto en el medio ambiente. El sol, el viento, la biomasa, el agua y la energ\u00eda geot\u00e9rmica est\u00e1n muy extendidos y son abundantes en la naturaleza, y se utilizan para producir energ\u00eda limpia con ... Continue reading &raquo;\" \/>\n<meta property=\"og:url\" content=\"https:\/\/hsmi.london\/es\/actividades\/economia-verde\/\" \/>\n<meta property=\"og:site_name\" content=\"HSMI\" \/>\n<meta property=\"article:modified_time\" content=\"2022-07-26T04:24:51+00:00\" \/>\n<meta property=\"og:image\" content=\"https:\/\/hsmi.london\/wp-content\/uploads\/2022\/07\/leaf-img-3.png\" \/>\n\t<meta property=\"og:image:width\" content=\"80\" \/>\n\t<meta property=\"og:image:height\" content=\"80\" \/>\n\t<meta property=\"og:image:type\" content=\"image\/png\" \/>\n<meta name=\"twitter:card\" content=\"summary_large_image\" \/>\n<meta name=\"twitter:label1\" content=\"Tiempo de lectura\" \/>\n\t<meta name=\"twitter:data1\" content=\"2 minutos\" \/>\n<script type=\"application\/ld+json\" class=\"yoast-schema-graph\">{\"@context\":\"https:\/\/schema.org\",\"@graph\":[{\"@type\":\"WebPage\",\"@id\":\"https:\/\/hsmi.london\/es\/actividades\/economia-verde\/\",\"url\":\"https:\/\/hsmi.london\/es\/actividades\/economia-verde\/\",\"name\":\"Econom\u00eda Verde - HSMI\",\"isPartOf\":{\"@id\":\"https:\/\/hsmi.london\/en\/#website\"},\"primaryImageOfPage\":{\"@id\":\"https:\/\/hsmi.london\/es\/actividades\/economia-verde\/#primaryimage\"},\"image\":{\"@id\":\"https:\/\/hsmi.london\/es\/actividades\/economia-verde\/#primaryimage\"},\"thumbnailUrl\":\"https:\/\/hsmi.london\/wp-content\/uploads\/2022\/07\/leaf-img-3.png\",\"datePublished\":\"2022-05-31T04:27:16+00:00\",\"dateModified\":\"2022-07-26T04:24:51+00:00\",\"breadcrumb\":{\"@id\":\"https:\/\/hsmi.london\/es\/actividades\/economia-verde\/#breadcrumb\"},\"inLanguage\":\"es\",\"potentialAction\":[{\"@type\":\"ReadAction\",\"target\":[\"https:\/\/hsmi.london\/es\/actividades\/economia-verde\/\"]}]},{\"@type\":\"ImageObject\",\"inLanguage\":\"es\",\"@id\":\"https:\/\/hsmi.london\/es\/actividades\/economia-verde\/#primaryimage\",\"url\":\"https:\/\/hsmi.london\/wp-content\/uploads\/2022\/07\/leaf-img-3.png\",\"contentUrl\":\"https:\/\/hsmi.london\/wp-content\/uploads\/2022\/07\/leaf-img-3.png\",\"width\":80,\"height\":80},{\"@type\":\"BreadcrumbList\",\"@id\":\"https:\/\/hsmi.london\/es\/actividades\/economia-verde\/#breadcrumb\",\"itemListElement\":[{\"@type\":\"ListItem\",\"position\":1,\"name\":\"Home\",\"item\":\"https:\/\/hsmi.london\/es\/\"},{\"@type\":\"ListItem\",\"position\":2,\"name\":\"Actividades\",\"item\":\"https:\/\/hsmi.london\/es\/actividades\/\"},{\"@type\":\"ListItem\",\"position\":3,\"name\":\"Econom\u00eda Verde\"}]},{\"@type\":\"WebSite\",\"@id\":\"https:\/\/hsmi.london\/en\/#website\",\"url\":\"https:\/\/hsmi.london\/en\/\",\"name\":\"HSMI\",\"description\":\"Corporate Advisory\",\"publisher\":{\"@id\":\"https:\/\/hsmi.london\/en\/#organization\"},\"potentialAction\":[{\"@type\":\"SearchAction\",\"target\":{\"@type\":\"EntryPoint\",\"urlTemplate\":\"https:\/\/hsmi.london\/en\/?s={search_term_string}\"},\"query-input\":{\"@type\":\"PropertyValueSpecification\",\"valueRequired\":true,\"valueName\":\"search_term_string\"}}],\"inLanguage\":\"es\"},{\"@type\":\"Organization\",\"@id\":\"https:\/\/hsmi.london\/en\/#organization\",\"name\":\"H.S.M.I. Ltd\",\"url\":\"https:\/\/hsmi.london\/en\/\",\"logo\":{\"@type\":\"ImageObject\",\"inLanguage\":\"es\",\"@id\":\"https:\/\/hsmi.london\/en\/#\/schema\/logo\/image\/\",\"url\":\"https:\/\/staging.hsmi.london\/wp-content\/uploads\/2020\/04\/logo-hsmi-s.png\",\"contentUrl\":\"https:\/\/staging.hsmi.london\/wp-content\/uploads\/2020\/04\/logo-hsmi-s.png\",\"width\":280,\"height\":82,\"caption\":\"H.S.M.I. Ltd\"},\"image\":{\"@id\":\"https:\/\/hsmi.london\/en\/#\/schema\/logo\/image\/\"},\"sameAs\":[\"https:\/\/www.linkedin.com\/company\/hsmi-ltd\/\"]}]}<\/script>\n<!-- \/ Yoast SEO plugin. -->","yoast_head_json":{"title":"Econom\u00eda Verde - HSMI","robots":{"index":"index","follow":"follow","max-snippet":"max-snippet:-1","max-image-preview":"max-image-preview:large","max-video-preview":"max-video-preview:-1"},"canonical":"https:\/\/hsmi.london\/es\/actividades\/economia-verde\/","og_locale":"es_ES","og_type":"article","og_title":"Econom\u00eda Verde - HSMI","og_description":"La energ\u00eda renovable, tambi\u00e9n conocida como energ\u00eda verde, es una fuente de energ\u00eda que proviene de recursos naturales y no tiene impacto en el medio ambiente. El sol, el viento, la biomasa, el agua y la energ\u00eda geot\u00e9rmica est\u00e1n muy extendidos y son abundantes en la naturaleza, y se utilizan para producir energ\u00eda limpia con ... Continue reading &raquo;","og_url":"https:\/\/hsmi.london\/es\/actividades\/economia-verde\/","og_site_name":"HSMI","article_modified_time":"2022-07-26T04:24:51+00:00","og_image":[{"width":80,"height":80,"url":"https:\/\/hsmi.london\/wp-content\/uploads\/2022\/07\/leaf-img-3.png","type":"image\/png"}],"twitter_card":"summary_large_image","twitter_misc":{"Tiempo de lectura":"2 minutos"},"schema":{"@context":"https:\/\/schema.org","@graph":[{"@type":"WebPage","@id":"https:\/\/hsmi.london\/es\/actividades\/economia-verde\/","url":"https:\/\/hsmi.london\/es\/actividades\/economia-verde\/","name":"Econom\u00eda Verde - HSMI","isPartOf":{"@id":"https:\/\/hsmi.london\/en\/#website"},"primaryImageOfPage":{"@id":"https:\/\/hsmi.london\/es\/actividades\/economia-verde\/#primaryimage"},"image":{"@id":"https:\/\/hsmi.london\/es\/actividades\/economia-verde\/#primaryimage"},"thumbnailUrl":"https:\/\/hsmi.london\/wp-content\/uploads\/2022\/07\/leaf-img-3.png","datePublished":"2022-05-31T04:27:16+00:00","dateModified":"2022-07-26T04:24:51+00:00","breadcrumb":{"@id":"https:\/\/hsmi.london\/es\/actividades\/economia-verde\/#breadcrumb"},"inLanguage":"es","potentialAction":[{"@type":"ReadAction","target":["https:\/\/hsmi.london\/es\/actividades\/economia-verde\/"]}]},{"@type":"ImageObject","inLanguage":"es","@id":"https:\/\/hsmi.london\/es\/actividades\/economia-verde\/#primaryimage","url":"https:\/\/hsmi.london\/wp-content\/uploads\/2022\/07\/leaf-img-3.png","contentUrl":"https:\/\/hsmi.london\/wp-content\/uploads\/2022\/07\/leaf-img-3.png","width":80,"height":80},{"@type":"BreadcrumbList","@id":"https:\/\/hsmi.london\/es\/actividades\/economia-verde\/#breadcrumb","itemListElement":[{"@type":"ListItem","position":1,"name":"Home","item":"https:\/\/hsmi.london\/es\/"},{"@type":"ListItem","position":2,"name":"Actividades","item":"https:\/\/hsmi.london\/es\/actividades\/"},{"@type":"ListItem","position":3,"name":"Econom\u00eda Verde"}]},{"@type":"WebSite","@id":"https:\/\/hsmi.london\/en\/#website","url":"https:\/\/hsmi.london\/en\/","name":"HSMI","description":"Corporate Advisory","publisher":{"@id":"https:\/\/hsmi.london\/en\/#organization"},"potentialAction":[{"@type":"SearchAction","target":{"@type":"EntryPoint","urlTemplate":"https:\/\/hsmi.london\/en\/?s={search_term_string}"},"query-input":{"@type":"PropertyValueSpecification","valueRequired":true,"valueName":"search_term_string"}}],"inLanguage":"es"},{"@type":"Organization","@id":"https:\/\/hsmi.london\/en\/#organization","name":"H.S.M.I. Ltd","url":"https:\/\/hsmi.london\/en\/","logo":{"@type":"ImageObject","inLanguage":"es","@id":"https:\/\/hsmi.london\/en\/#\/schema\/logo\/image\/","url":"https:\/\/staging.hsmi.london\/wp-content\/uploads\/2020\/04\/logo-hsmi-s.png","contentUrl":"https:\/\/staging.hsmi.london\/wp-content\/uploads\/2020\/04\/logo-hsmi-s.png","width":280,"height":82,"caption":"H.S.M.I. Ltd"},"image":{"@id":"https:\/\/hsmi.london\/en\/#\/schema\/logo\/image\/"},"sameAs":["https:\/\/www.linkedin.com\/company\/hsmi-ltd\/"]}]}},"_links":{"self":[{"href":"https:\/\/hsmi.london\/es\/wp-json\/wp\/v2\/pages\/33442","targetHints":{"allow":["GET"]}}],"collection":[{"href":"https:\/\/hsmi.london\/es\/wp-json\/wp\/v2\/pages"}],"about":[{"href":"https:\/\/hsmi.london\/es\/wp-json\/wp\/v2\/types\/page"}],"author":[{"embeddable":true,"href":"https:\/\/hsmi.london\/es\/wp-json\/wp\/v2\/users\/1"}],"replies":[{"embeddable":true,"href":"https:\/\/hsmi.london\/es\/wp-json\/wp\/v2\/comments?post=33442"}],"version-history":[{"count":3,"href":"https:\/\/hsmi.london\/es\/wp-json\/wp\/v2\/pages\/33442\/revisions"}],"predecessor-version":[{"id":33551,"href":"https:\/\/hsmi.london\/es\/wp-json\/wp\/v2\/pages\/33442\/revisions\/33551"}],"up":[{"embeddable":true,"href":"https:\/\/hsmi.london\/es\/wp-json\/wp\/v2\/pages\/1016"}],"wp:featuredmedia":[{"embeddable":true,"href":"https:\/\/hsmi.london\/es\/wp-json\/wp\/v2\/media\/33489"}],"wp:attachment":[{"href":"https:\/\/hsmi.london\/es\/wp-json\/wp\/v2\/media?parent=33442"}],"curies":[{"name":"wp","href":"https:\/\/api.w.org\/{rel}","templated":true}]}}