{"id":33426,"date":"2022-05-30T16:05:29","date_gmt":"2022-05-30T15:05:29","guid":{"rendered":"http:\/\/staging.hsmi.london\/capital-privado\/"},"modified":"2025-05-15T07:54:00","modified_gmt":"2025-05-15T06:54:00","slug":"capital-privado","status":"publish","type":"page","link":"https:\/\/hsmi.london\/es\/capital-privado\/","title":{"rendered":"Capital Privado"},"content":{"rendered":"\r\n<h2 class=\"wp-block-heading\">Si desea vender su empresa, adquirir una o encontrar nueva financiaci\u00f3n de capital o deuda, somos el socio adecuado para usted. \r\n<\/h2>\r\n\r\n\r\n\r\n<h3 class=\"wp-block-heading\"><strong>PONTE EN CONTACTO CON NOSOTROS RELLENANDO EL FORMULARIO.<\/strong><\/h3>\r\n\r\n\r\n<script type=\"text\/javascript\">var gform;gform||(document.addEventListener(\"gform_main_scripts_loaded\",function(){gform.scriptsLoaded=!0}),window.addEventListener(\"DOMContentLoaded\",function(){gform.domLoaded=!0}),gform={domLoaded:!1,scriptsLoaded:!1,initializeOnLoaded:function(o){gform.domLoaded&&gform.scriptsLoaded?o():!gform.domLoaded&&gform.scriptsLoaded?window.addEventListener(\"DOMContentLoaded\",o):document.addEventListener(\"gform_main_scripts_loaded\",o)},hooks:{action:{},filter:{}},addAction:function(o,n,r,t){gform.addHook(\"action\",o,n,r,t)},addFilter:function(o,n,r,t){gform.addHook(\"filter\",o,n,r,t)},doAction:function(o){gform.doHook(\"action\",o,arguments)},applyFilters:function(o){return gform.doHook(\"filter\",o,arguments)},removeAction:function(o,n){gform.removeHook(\"action\",o,n)},removeFilter:function(o,n,r){gform.removeHook(\"filter\",o,n,r)},addHook:function(o,n,r,t,i){null==gform.hooks[o][n]&&(gform.hooks[o][n]=[]);var e=gform.hooks[o][n];null==i&&(i=n+\"_\"+e.length),gform.hooks[o][n].push({tag:i,callable:r,priority:t=null==t?10:t})},doHook:function(n,o,r){var t;if(r=Array.prototype.slice.call(r,1),null!=gform.hooks[n][o]&&((o=gform.hooks[n][o]).sort(function(o,n){return o.priority-n.priority}),o.forEach(function(o){\"function\"!=typeof(t=o.callable)&&(t=window[t]),\"action\"==n?t.apply(null,r):r[0]=t.apply(null,r)})),\"filter\"==n)return r[0]},removeHook:function(o,n,t,i){var r;null!=gform.hooks[o][n]&&(r=(r=gform.hooks[o][n]).filter(function(o,n,r){return!!(null!=i&&i!=o.tag||null!=t&&t!=o.priority)}),gform.hooks[o][n]=r)}});<\/script>\n                <div class='gf_browser_gecko gform_wrapper gravity-theme' id='gform_wrapper_10' ><div id='gf_10' class='gform_anchor' tabindex='-1'><\/div><form method='post' enctype='multipart\/form-data' target='gform_ajax_frame_10' id='gform_10'  action='\/es\/wp-json\/wp\/v2\/pages\/33426#gf_10' novalidate>\n                        <div class='gform_body gform-body'><div id='gform_fields_10' class='gform_fields top_label form_sublabel_below description_above'><fieldset id=\"field_10_22\" class=\"gfield gfield--width-half gfield_contains_required field_sublabel_hidden_label field_description_above gfield_visibility_visible\" ><legend class='gfield_label gfield_label_before_complex'  >Nome<span class=\"gfield_required\"><span class=\"gfield_required gfield_required_asterisk\">*<\/span><\/span><\/legend><div class='ginput_complex ginput_container no_prefix has_first_name no_middle_name no_last_name no_suffix gf_name_has_1 ginput_container_name' id='input_10_22'>\n                            \n                            <span id='input_10_22_3_container' class='name_first' >\n                                                    <input type='text' name='input_22.3' id='input_10_22_3' value='' tabindex='50'  aria-required='true'     \/>\n                                                    <label for='input_10_22_3' class='hidden_sub_label screen-reader-text'>Nombre<\/label>\n                                                <\/span>\n                            \n                            \n                            \n                        <\/div><\/fieldset><div id=\"field_10_23\" class=\"gfield gfield--width-half gfield_contains_required field_sublabel_below field_description_above gfield_visibility_visible\" ><label class='gfield_label' for='input_10_23' >Apellido<span class=\"gfield_required\"><span class=\"gfield_required gfield_required_asterisk\">*<\/span><\/span><\/label><div class='ginput_container ginput_container_text'><input name='input_23' id='input_10_23' type='text' value='' class='large'   tabindex='54'  aria-required=\"true\" aria-invalid=\"false\"   \/> <\/div><\/div><div id=\"field_10_24\" class=\"gfield gfield--width-half field_sublabel_below field_description_above gfield_visibility_visible\" ><label class='gfield_label' for='input_10_24' >Tel\u00e9fono<\/label><div class='ginput_container ginput_container_phone'><input name='input_24' id='input_10_24' type='tel' value='' class='large' tabindex='55'   aria-invalid=\"false\"   \/><\/div><\/div><div id=\"field_10_25\" class=\"gfield gfield--width-half gfield_contains_required field_sublabel_below field_description_above gfield_visibility_visible\" ><label class='gfield_label' for='input_10_25' >Email<span class=\"gfield_required\"><span class=\"gfield_required gfield_required_asterisk\">*<\/span><\/span><\/label><div class='ginput_container ginput_container_email'>\n                            <input name='input_25' id='input_10_25' type='email' value='' class='large' tabindex='56'   aria-required=\"true\" aria-invalid=\"false\"  \/>\n                        <\/div><\/div><div id=\"field_10_16\" class=\"gfield gfield--width-half gfield_contains_required field_sublabel_below field_description_above gfield_visibility_visible\" ><label class='gfield_label' for='input_10_16' >Nombre de la empresa<span class=\"gfield_required\"><span class=\"gfield_required gfield_required_asterisk\">*<\/span><\/span><\/label><div class='ginput_container ginput_container_text'><input name='input_16' id='input_10_16' type='text' value='' class='large'   tabindex='57'  aria-required=\"true\" aria-invalid=\"false\"   \/> <\/div><\/div><div id=\"field_10_33\" class=\"gfield gfield--width-half gfield_contains_required field_sublabel_below field_description_above gfield_visibility_visible\" ><label class='gfield_label' for='input_10_33' >P\u00e1gina web<span class=\"gfield_required\"><span class=\"gfield_required gfield_required_asterisk\">*<\/span><\/span><\/label><div class='ginput_container ginput_container_text'><input name='input_33' id='input_10_33' type='text' value='' class='large'   tabindex='58'  aria-required=\"true\" aria-invalid=\"false\"   \/> <\/div><\/div><div id=\"field_10_20\" class=\"gfield gfield--width-half field_sublabel_below field_description_above gfield_visibility_visible\" ><label class='gfield_label' for='input_10_20' >LinkedIn profile<\/label><div class='ginput_container ginput_container_website'>\n                    <input name='input_20' id='input_10_20' type='url' value='' class='large' tabindex='59'     aria-invalid=\"false\"\/>\n                <\/div><\/div><div id=\"field_10_21\" class=\"gfield gfield--width-half field_sublabel_below field_description_above gfield_visibility_visible\" ><label class='gfield_label' for='input_10_21' >Facebook Profile<\/label><div class='ginput_container ginput_container_website'>\n                    <input name='input_21' id='input_10_21' type='url' value='' class='large' tabindex='60'     aria-invalid=\"false\"\/>\n                <\/div><\/div><div id=\"field_10_26\" class=\"gfield gfield--width-half field_sublabel_below field_description_above gfield_visibility_visible\" ><label class='gfield_label' for='input_10_26' >Instagram<\/label><div class='ginput_container ginput_container_website'>\n                    <input name='input_26' id='input_10_26' type='url' value='' class='large' tabindex='61'     aria-invalid=\"false\"\/>\n                <\/div><\/div><div id=\"field_10_27\" class=\"gfield gfield--width-half field_sublabel_below field_description_above gfield_visibility_visible\" ><label class='gfield_label' for='input_10_27' >Twitter<\/label><div class='ginput_container ginput_container_website'>\n                    <input name='input_27' id='input_10_27' type='url' value='' class='large' tabindex='62'     aria-invalid=\"false\"\/>\n                <\/div><\/div><div id=\"field_10_29\" class=\"gfield gfield--width-half gfield_contains_required field_sublabel_below field_description_above gfield_visibility_visible\" ><label class='gfield_label' for='input_10_29' >Mercados en los que opera<span class=\"gfield_required\"><span class=\"gfield_required gfield_required_asterisk\">*<\/span><\/span><\/label><div class='ginput_container ginput_container_text'><input name='input_29' id='input_10_29' type='text' value='' class='large'   tabindex='63'  aria-required=\"true\" aria-invalid=\"false\"   \/> <\/div><\/div><div id=\"field_10_28\" class=\"gfield gfield--width-half gfield_contains_required field_sublabel_below field_description_above gfield_visibility_visible\" ><label class='gfield_label' for='input_10_28' >Tipo de empresa<span class=\"gfield_required\"><span class=\"gfield_required gfield_required_asterisk\">*<\/span><\/span><\/label><div class='ginput_container ginput_container_text'><input name='input_28' id='input_10_28' type='text' value='' class='large'   tabindex='64'  aria-required=\"true\" aria-invalid=\"false\"   \/> <\/div><\/div><div id=\"field_10_30\" class=\"gfield gfield--width-half gfield_contains_required field_sublabel_below field_description_above gfield_visibility_visible\" ><label class='gfield_label' for='input_10_30' >N\u00famero de empleados.<span class=\"gfield_required\"><span class=\"gfield_required gfield_required_asterisk\">*<\/span><\/span><\/label><div class='ginput_container ginput_container_text'><input name='input_30' id='input_10_30' type='text' value='' class='large'   tabindex='65'  aria-required=\"true\" aria-invalid=\"false\"   \/> <\/div><\/div><div id=\"field_10_31\" class=\"gfield gfield--width-half gfield_contains_required field_sublabel_below field_description_above gfield_visibility_visible\" ><label class='gfield_label' for='input_10_31' >Facturas<span class=\"gfield_required\"><span class=\"gfield_required gfield_required_asterisk\">*<\/span><\/span><\/label><div class='ginput_container ginput_container_text'><input name='input_31' id='input_10_31' type='text' value='' class='large'   tabindex='66'  aria-required=\"true\" aria-invalid=\"false\"   \/> <\/div><\/div><div class=\"spacer gfield\" style=\"grid-column: span 6;\"><\/div><div id=\"field_10_32\" class=\"gfield gfield--width-full gfield_contains_required field_sublabel_below field_description_above gfield_visibility_visible\" ><label class='gfield_label' for='input_10_32' >EBITDA.<span class=\"gfield_required\"><span class=\"gfield_required gfield_required_asterisk\">*<\/span><\/span><\/label><div class='ginput_container ginput_container_text'><input name='input_32' id='input_10_32' type='text' value='' class='large'   tabindex='67'  aria-required=\"true\" aria-invalid=\"false\"   \/> <\/div><\/div><div id=\"field_10_18\" class=\"gfield gfield--width-full gfield_contains_required field_sublabel_below field_description_above gfield_visibility_visible\" ><label class='gfield_label' for='input_10_18' >Descripci\u00f3n de la operaci\u00f3n que est\u00e1 considerando.<span class=\"gfield_required\"><span class=\"gfield_required gfield_required_asterisk\">*<\/span><\/span><\/label><div class='ginput_container ginput_container_textarea'><textarea name='input_18' id='input_10_18' class='textarea medium' tabindex='68'    aria-required=\"true\" aria-invalid=\"false\"   rows='10' cols='50'><\/textarea><\/div><\/div><div id=\"field_10_11\" class=\"gfield field_sublabel_below field_description_above gfield_visibility_visible\" ><label class='gfield_label' for='input_10_11' >Upload your Executive Summary, with Choose file<\/label><div class='ginput_container ginput_container_fileupload'><input name='input_11' id='input_10_11' type='file' class='medium' aria-describedby=\"gfield_upload_rules_10_11\" onchange='javascript:gformValidateFileSize( this, 3221225472 );' tabindex='69' \/><span class='gform_fileupload_rules' id='gfield_upload_rules_10_11'>Tama\u00f1o m\u00e1ximo de archivo: 3 GB.<\/span><div class='validation_message validation_message--hidden-on-empty' id='live_validation_message_10_11'><\/div><\/div><\/div><fieldset id=\"field_10_7\" class=\"gfield gfield_contains_required field_sublabel_below field_description_above gfield_visibility_visible\" ><legend class='gfield_label gfield_label_before_complex'  >Aceptaci\u00f3n de datos personales<span class=\"gfield_required\"><span class=\"gfield_required gfield_required_asterisk\">*<\/span><\/span><\/legend><div class='gfield_description' id='gfield_description_10_7'>Consentimiento para el tratamiento de datos personales de conformidad con el punto 3.A de la <a href=\"\/privacy\/\"> nota informativa <\/a>con arreglo a los art\u00edculos 13-14 del GDPR (Reglamento general de protecci\u00f3n de datos) 2016\/679<\/div><div class='ginput_container ginput_container_checkbox'><div class='gfield_checkbox' id='input_10_7'><div class='gchoice gchoice_10_7_1'>\n\t\t\t\t\t\t\t\t<input class='gfield-choice-input' name='input_7.1' type='checkbox'  value='Acepto'  id='choice_10_7_1' tabindex='70'  aria-describedby=\"gfield_description_10_7\"\/>\n\t\t\t\t\t\t\t\t<label for='choice_10_7_1' id='label_10_7_1'>Acepto<\/label>\n\t\t\t\t\t\t\t<\/div><\/div><\/div><\/fieldset><\/div><\/div>\n        <div class='gform_footer top_label'> <input type='submit' id='gform_submit_button_10' class='gform_button button' value='Send' tabindex='71' onclick='if(window[\"gf_submitting_10\"]){return false;}  if( !jQuery(\"#gform_10\")[0].checkValidity || jQuery(\"#gform_10\")[0].checkValidity()){window[\"gf_submitting_10\"]=true;}  ' onkeypress='if( event.keyCode == 13 ){ if(window[\"gf_submitting_10\"]){return false;} if( !jQuery(\"#gform_10\")[0].checkValidity || jQuery(\"#gform_10\")[0].checkValidity()){window[\"gf_submitting_10\"]=true;}  jQuery(\"#gform_10\").trigger(\"submit\",[true]); }' \/> <input type='hidden' name='gform_ajax' value='form_id=10&amp;title=&amp;description=&amp;tabindex=49' \/>\n            <input type='hidden' class='gform_hidden' name='is_submit_10' value='1' \/>\n            <input type='hidden' class='gform_hidden' name='gform_submit' value='10' \/>\n            \n            <input type='hidden' class='gform_hidden' name='gform_unique_id' value='' \/>\n            <input type='hidden' class='gform_hidden' name='state_10' value='WyJbXSIsIjJiZWY4OWYwYTA3ZTU0ZjNiYWU4ZWRmNWFkOWY1MzBmIl0=' \/>\n            <input type='hidden' class='gform_hidden' name='gform_target_page_number_10' id='gform_target_page_number_10' value='0' \/>\n            <input type='hidden' class='gform_hidden' name='gform_source_page_number_10' id='gform_source_page_number_10' value='1' \/>\n            <input type='hidden' name='gform_field_values' value='' \/>\n            \n        <\/div>\n                        <\/form>\n                        <\/div>\n                <iframe style='display:none;width:0px;height:0px;' src='about:blank' name='gform_ajax_frame_10' id='gform_ajax_frame_10' title='Este iframe contiene la l\u00f3gica necesaria para gestionar formularios con ajax activado.'><\/iframe>\n                <script type=\"text\/javascript\">\n\/* <![CDATA[ *\/\n gform.initializeOnLoaded( function() {gformInitSpinner( 10, 'https:\/\/hsmi.london\/wp-content\/plugins\/gravityforms\/images\/spinner.svg' );jQuery('#gform_ajax_frame_10').on('load',function(){var contents = jQuery(this).contents().find('*').html();var is_postback = contents.indexOf('GF_AJAX_POSTBACK') >= 0;if(!is_postback){return;}var form_content = jQuery(this).contents().find('#gform_wrapper_10');var is_confirmation = jQuery(this).contents().find('#gform_confirmation_wrapper_10').length > 0;var is_redirect = contents.indexOf('gformRedirect(){') >= 0;var is_form = form_content.length > 0 && ! is_redirect && ! is_confirmation;var mt = parseInt(jQuery('html').css('margin-top'), 10) + parseInt(jQuery('body').css('margin-top'), 10) + 100;if(is_form){jQuery('#gform_wrapper_10').html(form_content.html());if(form_content.hasClass('gform_validation_error')){jQuery('#gform_wrapper_10').addClass('gform_validation_error');} else {jQuery('#gform_wrapper_10').removeClass('gform_validation_error');}setTimeout( function() { \/* delay the scroll by 50 milliseconds to fix a bug in chrome *\/ jQuery(document).scrollTop(jQuery('#gform_wrapper_10').offset().top - mt); }, 50 );if(window['gformInitDatepicker']) {gformInitDatepicker();}if(window['gformInitPriceFields']) {gformInitPriceFields();}var current_page = jQuery('#gform_source_page_number_10').val();gformInitSpinner( 10, 'https:\/\/hsmi.london\/wp-content\/plugins\/gravityforms\/images\/spinner.svg' );jQuery(document).trigger('gform_page_loaded', [10, current_page]);window['gf_submitting_10'] = false;}else if(!is_redirect){var confirmation_content = jQuery(this).contents().find('.GF_AJAX_POSTBACK').html();if(!confirmation_content){confirmation_content = contents;}setTimeout(function(){jQuery('#gform_wrapper_10').replaceWith(confirmation_content);jQuery(document).scrollTop(jQuery('#gf_10').offset().top - mt);jQuery(document).trigger('gform_confirmation_loaded', [10]);window['gf_submitting_10'] = false;wp.a11y.speak(jQuery('#gform_confirmation_message_10').text());}, 50);}else{jQuery('#gform_10').append(contents);if(window['gformRedirect']) {gformRedirect();}}jQuery(document).trigger('gform_post_render', [10, current_page]);} );} ); \n\/* ]]> *\/\n<\/script>\n\n\r\n\r\n<style>\r\n\r\ndiv#custom_html-9 {\r\n    display: none;\r\n}\r\n<\/style>","protected":false},"excerpt":{"rendered":"<p>Si desea vender su empresa, adquirir una o encontrar nueva financiaci\u00f3n de capital o deuda, somos el socio adecuado para usted. PONTE EN CONTACTO CON NOSOTROS RELLENANDO EL FORMULARIO.<\/p>\n","protected":false},"author":1,"featured_media":0,"parent":0,"menu_order":0,"comment_status":"closed","ping_status":"closed","template":"","meta":{"inline_featured_image":false,"_exactmetrics_skip_tracking":false,"_exactmetrics_sitenote_active":false,"_exactmetrics_sitenote_note":"","_exactmetrics_sitenote_category":0,"footnotes":""},"class_list":["post-33426","page","type-page","status-publish","hentry"],"yoast_head":"<!-- This site is optimized with the Yoast SEO plugin v24.9 - https:\/\/yoast.com\/wordpress\/plugins\/seo\/ -->\n<title>Capital Privado - HSMI<\/title>\n<meta name=\"robots\" content=\"index, follow, max-snippet:-1, max-image-preview:large, max-video-preview:-1\" \/>\n<link rel=\"canonical\" href=\"https:\/\/hsmi.london\/es\/capital-privado\/\" \/>\n<meta property=\"og:locale\" content=\"es_ES\" \/>\n<meta property=\"og:type\" content=\"article\" \/>\n<meta property=\"og:title\" content=\"Capital Privado - HSMI\" \/>\n<meta property=\"og:description\" content=\"Si desea vender su empresa, adquirir una o encontrar nueva financiaci\u00f3n de capital o deuda, somos el socio adecuado para usted. PONTE EN CONTACTO CON NOSOTROS RELLENANDO EL FORMULARIO.\" \/>\n<meta property=\"og:url\" content=\"https:\/\/hsmi.london\/es\/capital-privado\/\" \/>\n<meta property=\"og:site_name\" content=\"HSMI\" \/>\n<meta property=\"article:modified_time\" content=\"2025-05-15T06:54:00+00:00\" \/>\n<meta name=\"twitter:card\" content=\"summary_large_image\" \/>\n<meta name=\"twitter:label1\" content=\"Tiempo de lectura\" \/>\n\t<meta name=\"twitter:data1\" content=\"1 minuto\" \/>\n<script type=\"application\/ld+json\" class=\"yoast-schema-graph\">{\"@context\":\"https:\/\/schema.org\",\"@graph\":[{\"@type\":\"WebPage\",\"@id\":\"https:\/\/hsmi.london\/es\/capital-privado\/\",\"url\":\"https:\/\/hsmi.london\/es\/capital-privado\/\",\"name\":\"Capital Privado - HSMI\",\"isPartOf\":{\"@id\":\"https:\/\/hsmi.london\/en\/#website\"},\"datePublished\":\"2022-05-30T15:05:29+00:00\",\"dateModified\":\"2025-05-15T06:54:00+00:00\",\"breadcrumb\":{\"@id\":\"https:\/\/hsmi.london\/es\/capital-privado\/#breadcrumb\"},\"inLanguage\":\"es\",\"potentialAction\":[{\"@type\":\"ReadAction\",\"target\":[\"https:\/\/hsmi.london\/es\/capital-privado\/\"]}]},{\"@type\":\"BreadcrumbList\",\"@id\":\"https:\/\/hsmi.london\/es\/capital-privado\/#breadcrumb\",\"itemListElement\":[{\"@type\":\"ListItem\",\"position\":1,\"name\":\"Home\",\"item\":\"https:\/\/hsmi.london\/es\/\"},{\"@type\":\"ListItem\",\"position\":2,\"name\":\"Capital Privado\"}]},{\"@type\":\"WebSite\",\"@id\":\"https:\/\/hsmi.london\/en\/#website\",\"url\":\"https:\/\/hsmi.london\/en\/\",\"name\":\"HSMI\",\"description\":\"Corporate Advisory\",\"publisher\":{\"@id\":\"https:\/\/hsmi.london\/en\/#organization\"},\"potentialAction\":[{\"@type\":\"SearchAction\",\"target\":{\"@type\":\"EntryPoint\",\"urlTemplate\":\"https:\/\/hsmi.london\/en\/?s={search_term_string}\"},\"query-input\":{\"@type\":\"PropertyValueSpecification\",\"valueRequired\":true,\"valueName\":\"search_term_string\"}}],\"inLanguage\":\"es\"},{\"@type\":\"Organization\",\"@id\":\"https:\/\/hsmi.london\/en\/#organization\",\"name\":\"H.S.M.I. Ltd\",\"url\":\"https:\/\/hsmi.london\/en\/\",\"logo\":{\"@type\":\"ImageObject\",\"inLanguage\":\"es\",\"@id\":\"https:\/\/hsmi.london\/en\/#\/schema\/logo\/image\/\",\"url\":\"https:\/\/staging.hsmi.london\/wp-content\/uploads\/2020\/04\/logo-hsmi-s.png\",\"contentUrl\":\"https:\/\/staging.hsmi.london\/wp-content\/uploads\/2020\/04\/logo-hsmi-s.png\",\"width\":280,\"height\":82,\"caption\":\"H.S.M.I. Ltd\"},\"image\":{\"@id\":\"https:\/\/hsmi.london\/en\/#\/schema\/logo\/image\/\"},\"sameAs\":[\"https:\/\/www.linkedin.com\/company\/hsmi-ltd\/\"]}]}<\/script>\n<!-- \/ Yoast SEO plugin. -->","yoast_head_json":{"title":"Capital Privado - HSMI","robots":{"index":"index","follow":"follow","max-snippet":"max-snippet:-1","max-image-preview":"max-image-preview:large","max-video-preview":"max-video-preview:-1"},"canonical":"https:\/\/hsmi.london\/es\/capital-privado\/","og_locale":"es_ES","og_type":"article","og_title":"Capital Privado - HSMI","og_description":"Si desea vender su empresa, adquirir una o encontrar nueva financiaci\u00f3n de capital o deuda, somos el socio adecuado para usted. PONTE EN CONTACTO CON NOSOTROS RELLENANDO EL FORMULARIO.","og_url":"https:\/\/hsmi.london\/es\/capital-privado\/","og_site_name":"HSMI","article_modified_time":"2025-05-15T06:54:00+00:00","twitter_card":"summary_large_image","twitter_misc":{"Tiempo de lectura":"1 minuto"},"schema":{"@context":"https:\/\/schema.org","@graph":[{"@type":"WebPage","@id":"https:\/\/hsmi.london\/es\/capital-privado\/","url":"https:\/\/hsmi.london\/es\/capital-privado\/","name":"Capital Privado - HSMI","isPartOf":{"@id":"https:\/\/hsmi.london\/en\/#website"},"datePublished":"2022-05-30T15:05:29+00:00","dateModified":"2025-05-15T06:54:00+00:00","breadcrumb":{"@id":"https:\/\/hsmi.london\/es\/capital-privado\/#breadcrumb"},"inLanguage":"es","potentialAction":[{"@type":"ReadAction","target":["https:\/\/hsmi.london\/es\/capital-privado\/"]}]},{"@type":"BreadcrumbList","@id":"https:\/\/hsmi.london\/es\/capital-privado\/#breadcrumb","itemListElement":[{"@type":"ListItem","position":1,"name":"Home","item":"https:\/\/hsmi.london\/es\/"},{"@type":"ListItem","position":2,"name":"Capital Privado"}]},{"@type":"WebSite","@id":"https:\/\/hsmi.london\/en\/#website","url":"https:\/\/hsmi.london\/en\/","name":"HSMI","description":"Corporate Advisory","publisher":{"@id":"https:\/\/hsmi.london\/en\/#organization"},"potentialAction":[{"@type":"SearchAction","target":{"@type":"EntryPoint","urlTemplate":"https:\/\/hsmi.london\/en\/?s={search_term_string}"},"query-input":{"@type":"PropertyValueSpecification","valueRequired":true,"valueName":"search_term_string"}}],"inLanguage":"es"},{"@type":"Organization","@id":"https:\/\/hsmi.london\/en\/#organization","name":"H.S.M.I. Ltd","url":"https:\/\/hsmi.london\/en\/","logo":{"@type":"ImageObject","inLanguage":"es","@id":"https:\/\/hsmi.london\/en\/#\/schema\/logo\/image\/","url":"https:\/\/staging.hsmi.london\/wp-content\/uploads\/2020\/04\/logo-hsmi-s.png","contentUrl":"https:\/\/staging.hsmi.london\/wp-content\/uploads\/2020\/04\/logo-hsmi-s.png","width":280,"height":82,"caption":"H.S.M.I. Ltd"},"image":{"@id":"https:\/\/hsmi.london\/en\/#\/schema\/logo\/image\/"},"sameAs":["https:\/\/www.linkedin.com\/company\/hsmi-ltd\/"]}]}},"_links":{"self":[{"href":"https:\/\/hsmi.london\/es\/wp-json\/wp\/v2\/pages\/33426","targetHints":{"allow":["GET"]}}],"collection":[{"href":"https:\/\/hsmi.london\/es\/wp-json\/wp\/v2\/pages"}],"about":[{"href":"https:\/\/hsmi.london\/es\/wp-json\/wp\/v2\/types\/page"}],"author":[{"embeddable":true,"href":"https:\/\/hsmi.london\/es\/wp-json\/wp\/v2\/users\/1"}],"replies":[{"embeddable":true,"href":"https:\/\/hsmi.london\/es\/wp-json\/wp\/v2\/comments?post=33426"}],"version-history":[{"count":9,"href":"https:\/\/hsmi.london\/es\/wp-json\/wp\/v2\/pages\/33426\/revisions"}],"predecessor-version":[{"id":33980,"href":"https:\/\/hsmi.london\/es\/wp-json\/wp\/v2\/pages\/33426\/revisions\/33980"}],"wp:attachment":[{"href":"https:\/\/hsmi.london\/es\/wp-json\/wp\/v2\/media?parent=33426"}],"curies":[{"name":"wp","href":"https:\/\/api.w.org\/{rel}","templated":true}]}}