{"id":33316,"date":"2021-12-24T05:47:18","date_gmt":"2021-12-24T05:47:18","guid":{"rendered":"http:\/\/staging.hsmi.london\/actividades\/mezzanine-financing-2-2\/"},"modified":"2022-07-26T05:40:46","modified_gmt":"2022-07-26T04:40:46","slug":"financiamento-mezzanine","status":"publish","type":"page","link":"https:\/\/hsmi.london\/es\/actividades\/financiamento-mezzanine\/","title":{"rendered":"Financiamento Mezzanine"},"content":{"rendered":"<p>El financiamiento mezzanine o deuda intermedia (deuda mezzanine) es un producto financiero integrado, cuya difusi\u00f3n est\u00e1 estrechamente relacionada con el desempe\u00f1o del mercado relacionado con las operaciones de adquisici\u00f3n y reestructuraci\u00f3n de negocios.<\/p>\n<p>De esta manera, se define por su naturaleza h\u00edbrida: no indica un solo instrumento de financiamiento, pero resulta ser una estructura financiera estructurada, que hace uso al mismo tiempo de la manejo de instrumentos financieros que tienen caracter\u00edsticas diferentes.<\/p>\n<p>En particular, es un pr\u00e9stamo que se encuentra en una posici\u00f3n intermedia, en t\u00e9rminos de riesgo y, en consecuencia, de costo, entre el\u00a0<strong>capital de deuda<\/strong>\u00a0(<em>deuda principal<\/em>) y el\u00a0<strong>capital de riesgo<\/strong>\u00a0(<em>capital neto<\/em>):<\/p>\n<p>\u2022 capital de deuda debido a que la deuda est\u00e1 subordinada en el pago con respecto a la deuda primaria. En general, tiene un plazo m\u00e1s largo, proporciona una remuneraci\u00f3n m\u00ednima definida y debe reembolsarse;<\/p>\n<p>\u2022 capital de riesgo, debido a que atribuye un derecho de propiedad diferido y una remuneraci\u00f3n vinculada a los ingresos y el desempe\u00f1o financiero de la compa\u00f1\u00eda.<\/p>\n<p>\u2022 el \u00abactivador de capital\u00bb \u2013 cantidad de acciones o participaciones registradas por la instituci\u00f3n financiera \u2013 ofrece a esta \u00faltima la posibilidad de adquirir acciones del capital de riesgo de la empresa participada, compensando el alto riesgo en que incurre al financiar una empresa bajo el t\u00edtulo de deuda subordinada.<\/p>\n<p><strong>QUI\u00c9N LO ENTREGA Y BAJO QU\u00c9 CONDICIONES<\/strong><\/p>\n<p>Los proveedores de deuda intermedia son\u00a0<em>capitalistas de riesgo<\/em>\u00a0de fondos de inversi\u00f3n especializados o\u00a0<em>intermediarios financieros,<\/em>\u00a0que prefieren el alto potencial de rendimiento que puede ofrecer esta forma de deuda, a diferencia de la deuda principal que generalmente otorgan los bancos.<\/p>\n<p>No obstante, al ser una forma de deuda subordinada sin garant\u00edas, las evaluaciones para acceder a este tipo de financiamiento se basan en gran medida en la capacidad de la empresa para generar flujos de efectivo que puedan remunerar y reembolsar el pr\u00e9stamo. Teniendo una previsi\u00f3n de aumentar su valor econ\u00f3mico.<\/p>\n<p>Por estas razones, est\u00e1 dirigido exclusivamente a empresas que poseen par\u00e1metros econ\u00f3micos y financieros \u00f3ptimos, con perspectivas de solidez suficiente para la compatibilidad con el riesgo.<\/p>\n<p>En particular, puede ser una fuente de financiamiento complementario para aquellas empresas que emprenden un camino de crecimiento internacional y\/o se expandan comercialmente en el extranjero.<\/p>\n<p><strong>VENTAJAS<\/strong><\/p>\n<p>El financiamiento mezzanine es una estructura financiera con numerosas ventajas, en primer lugar\u00a0<strong>su alto grado de flexibilidad<\/strong>, que le permite adaptarse de la mejor manera a las necesidades de la empresa financiada.<\/p>\n<p>Adem\u00e1s:<\/p>\n<p>\u2022 es una forma de financiamiento que es menos perjudicial para los saldos corporativos<\/p>\n<p>\u2022 no afecta la capacidad de la empresa para obtener pr\u00e9stamos de los bancos, lo que contribuye a mejorar su calificaci\u00f3n y aumentar su poder de negociaci\u00f3n<\/p>\n<p>\u2022 permite diversificar las fuentes de financiamiento en t\u00e9rminos de costo y aumentar el monto total de la deuda contra\u00edda, sin modificar el nivel de riesgo financiero percibido por los bancos de financiamiento.<\/p>\n<style>\ndiv#custom_html-9 {\n    display: none;\n}\ndiv#custom_html-19 {\n    display: none;\n}\n<\/style>\n","protected":false},"excerpt":{"rendered":"<p>El financiamiento mezzanine o deuda intermedia (deuda mezzanine) es un producto financiero integrado, cuya difusi\u00f3n est\u00e1 estrechamente relacionada con el desempe\u00f1o del mercado relacionado con las operaciones de adquisici\u00f3n y reestructuraci\u00f3n de negocios. De esta manera, se define por su naturaleza h\u00edbrida: no indica un solo instrumento de financiamiento, pero resulta ser una estructura financiera &#8230; <a href=\"https:\/\/hsmi.london\/es\/actividades\/financiamento-mezzanine\/\">Continue reading &raquo;<\/a><\/p>\n","protected":false},"author":1669,"featured_media":1039,"parent":1016,"menu_order":0,"comment_status":"closed","ping_status":"closed","template":"","meta":{"inline_featured_image":false,"_exactmetrics_skip_tracking":false,"_exactmetrics_sitenote_active":false,"_exactmetrics_sitenote_note":"","_exactmetrics_sitenote_category":0,"footnotes":""},"class_list":["post-33316","page","type-page","status-publish","has-post-thumbnail","hentry"],"yoast_head":"<!-- This site is optimized with the Yoast SEO plugin v24.9 - https:\/\/yoast.com\/wordpress\/plugins\/seo\/ -->\n<title>Financiamento Mezzanine - HSMI<\/title>\n<meta name=\"robots\" content=\"index, follow, max-snippet:-1, max-image-preview:large, max-video-preview:-1\" \/>\n<link rel=\"canonical\" href=\"https:\/\/hsmi.london\/es\/actividades\/financiamento-mezzanine\/\" \/>\n<meta property=\"og:locale\" content=\"es_ES\" \/>\n<meta property=\"og:type\" content=\"article\" \/>\n<meta property=\"og:title\" content=\"Financiamento Mezzanine - HSMI\" \/>\n<meta property=\"og:description\" content=\"El financiamiento mezzanine o deuda intermedia (deuda mezzanine) es un producto financiero integrado, cuya difusi\u00f3n est\u00e1 estrechamente relacionada con el desempe\u00f1o del mercado relacionado con las operaciones de adquisici\u00f3n y reestructuraci\u00f3n de negocios. De esta manera, se define por su naturaleza h\u00edbrida: no indica un solo instrumento de financiamiento, pero resulta ser una estructura financiera ... Continue reading &raquo;\" \/>\n<meta property=\"og:url\" content=\"https:\/\/hsmi.london\/es\/actividades\/financiamento-mezzanine\/\" \/>\n<meta property=\"og:site_name\" content=\"HSMI\" \/>\n<meta property=\"article:modified_time\" content=\"2022-07-26T04:40:46+00:00\" \/>\n<meta name=\"twitter:card\" content=\"summary_large_image\" \/>\n<meta name=\"twitter:label1\" content=\"Tiempo de lectura\" \/>\n\t<meta name=\"twitter:data1\" content=\"3 minutos\" \/>\n<script type=\"application\/ld+json\" class=\"yoast-schema-graph\">{\"@context\":\"https:\/\/schema.org\",\"@graph\":[{\"@type\":\"WebPage\",\"@id\":\"https:\/\/hsmi.london\/es\/actividades\/financiamento-mezzanine\/\",\"url\":\"https:\/\/hsmi.london\/es\/actividades\/financiamento-mezzanine\/\",\"name\":\"Financiamento Mezzanine - HSMI\",\"isPartOf\":{\"@id\":\"https:\/\/hsmi.london\/en\/#website\"},\"primaryImageOfPage\":{\"@id\":\"https:\/\/hsmi.london\/es\/actividades\/financiamento-mezzanine\/#primaryimage\"},\"image\":{\"@id\":\"https:\/\/hsmi.london\/es\/actividades\/financiamento-mezzanine\/#primaryimage\"},\"thumbnailUrl\":\"https:\/\/hsmi.london\/wp-content\/uploads\/2015\/04\/mezzanine.svg\",\"datePublished\":\"2021-12-24T05:47:18+00:00\",\"dateModified\":\"2022-07-26T04:40:46+00:00\",\"breadcrumb\":{\"@id\":\"https:\/\/hsmi.london\/es\/actividades\/financiamento-mezzanine\/#breadcrumb\"},\"inLanguage\":\"es\",\"potentialAction\":[{\"@type\":\"ReadAction\",\"target\":[\"https:\/\/hsmi.london\/es\/actividades\/financiamento-mezzanine\/\"]}]},{\"@type\":\"ImageObject\",\"inLanguage\":\"es\",\"@id\":\"https:\/\/hsmi.london\/es\/actividades\/financiamento-mezzanine\/#primaryimage\",\"url\":\"https:\/\/hsmi.london\/wp-content\/uploads\/2015\/04\/mezzanine.svg\",\"contentUrl\":\"https:\/\/hsmi.london\/wp-content\/uploads\/2015\/04\/mezzanine.svg\"},{\"@type\":\"BreadcrumbList\",\"@id\":\"https:\/\/hsmi.london\/es\/actividades\/financiamento-mezzanine\/#breadcrumb\",\"itemListElement\":[{\"@type\":\"ListItem\",\"position\":1,\"name\":\"Home\",\"item\":\"https:\/\/hsmi.london\/es\/\"},{\"@type\":\"ListItem\",\"position\":2,\"name\":\"Actividades\",\"item\":\"https:\/\/hsmi.london\/es\/actividades\/\"},{\"@type\":\"ListItem\",\"position\":3,\"name\":\"Financiamento Mezzanine\"}]},{\"@type\":\"WebSite\",\"@id\":\"https:\/\/hsmi.london\/en\/#website\",\"url\":\"https:\/\/hsmi.london\/en\/\",\"name\":\"HSMI\",\"description\":\"Corporate Advisory\",\"publisher\":{\"@id\":\"https:\/\/hsmi.london\/en\/#organization\"},\"potentialAction\":[{\"@type\":\"SearchAction\",\"target\":{\"@type\":\"EntryPoint\",\"urlTemplate\":\"https:\/\/hsmi.london\/en\/?s={search_term_string}\"},\"query-input\":{\"@type\":\"PropertyValueSpecification\",\"valueRequired\":true,\"valueName\":\"search_term_string\"}}],\"inLanguage\":\"es\"},{\"@type\":\"Organization\",\"@id\":\"https:\/\/hsmi.london\/en\/#organization\",\"name\":\"H.S.M.I. Ltd\",\"url\":\"https:\/\/hsmi.london\/en\/\",\"logo\":{\"@type\":\"ImageObject\",\"inLanguage\":\"es\",\"@id\":\"https:\/\/hsmi.london\/en\/#\/schema\/logo\/image\/\",\"url\":\"https:\/\/staging.hsmi.london\/wp-content\/uploads\/2020\/04\/logo-hsmi-s.png\",\"contentUrl\":\"https:\/\/staging.hsmi.london\/wp-content\/uploads\/2020\/04\/logo-hsmi-s.png\",\"width\":280,\"height\":82,\"caption\":\"H.S.M.I. Ltd\"},\"image\":{\"@id\":\"https:\/\/hsmi.london\/en\/#\/schema\/logo\/image\/\"},\"sameAs\":[\"https:\/\/www.linkedin.com\/company\/hsmi-ltd\/\"]}]}<\/script>\n<!-- \/ Yoast SEO plugin. -->","yoast_head_json":{"title":"Financiamento Mezzanine - HSMI","robots":{"index":"index","follow":"follow","max-snippet":"max-snippet:-1","max-image-preview":"max-image-preview:large","max-video-preview":"max-video-preview:-1"},"canonical":"https:\/\/hsmi.london\/es\/actividades\/financiamento-mezzanine\/","og_locale":"es_ES","og_type":"article","og_title":"Financiamento Mezzanine - HSMI","og_description":"El financiamiento mezzanine o deuda intermedia (deuda mezzanine) es un producto financiero integrado, cuya difusi\u00f3n est\u00e1 estrechamente relacionada con el desempe\u00f1o del mercado relacionado con las operaciones de adquisici\u00f3n y reestructuraci\u00f3n de negocios. De esta manera, se define por su naturaleza h\u00edbrida: no indica un solo instrumento de financiamiento, pero resulta ser una estructura financiera ... Continue reading &raquo;","og_url":"https:\/\/hsmi.london\/es\/actividades\/financiamento-mezzanine\/","og_site_name":"HSMI","article_modified_time":"2022-07-26T04:40:46+00:00","twitter_card":"summary_large_image","twitter_misc":{"Tiempo de lectura":"3 minutos"},"schema":{"@context":"https:\/\/schema.org","@graph":[{"@type":"WebPage","@id":"https:\/\/hsmi.london\/es\/actividades\/financiamento-mezzanine\/","url":"https:\/\/hsmi.london\/es\/actividades\/financiamento-mezzanine\/","name":"Financiamento Mezzanine - HSMI","isPartOf":{"@id":"https:\/\/hsmi.london\/en\/#website"},"primaryImageOfPage":{"@id":"https:\/\/hsmi.london\/es\/actividades\/financiamento-mezzanine\/#primaryimage"},"image":{"@id":"https:\/\/hsmi.london\/es\/actividades\/financiamento-mezzanine\/#primaryimage"},"thumbnailUrl":"https:\/\/hsmi.london\/wp-content\/uploads\/2015\/04\/mezzanine.svg","datePublished":"2021-12-24T05:47:18+00:00","dateModified":"2022-07-26T04:40:46+00:00","breadcrumb":{"@id":"https:\/\/hsmi.london\/es\/actividades\/financiamento-mezzanine\/#breadcrumb"},"inLanguage":"es","potentialAction":[{"@type":"ReadAction","target":["https:\/\/hsmi.london\/es\/actividades\/financiamento-mezzanine\/"]}]},{"@type":"ImageObject","inLanguage":"es","@id":"https:\/\/hsmi.london\/es\/actividades\/financiamento-mezzanine\/#primaryimage","url":"https:\/\/hsmi.london\/wp-content\/uploads\/2015\/04\/mezzanine.svg","contentUrl":"https:\/\/hsmi.london\/wp-content\/uploads\/2015\/04\/mezzanine.svg"},{"@type":"BreadcrumbList","@id":"https:\/\/hsmi.london\/es\/actividades\/financiamento-mezzanine\/#breadcrumb","itemListElement":[{"@type":"ListItem","position":1,"name":"Home","item":"https:\/\/hsmi.london\/es\/"},{"@type":"ListItem","position":2,"name":"Actividades","item":"https:\/\/hsmi.london\/es\/actividades\/"},{"@type":"ListItem","position":3,"name":"Financiamento Mezzanine"}]},{"@type":"WebSite","@id":"https:\/\/hsmi.london\/en\/#website","url":"https:\/\/hsmi.london\/en\/","name":"HSMI","description":"Corporate Advisory","publisher":{"@id":"https:\/\/hsmi.london\/en\/#organization"},"potentialAction":[{"@type":"SearchAction","target":{"@type":"EntryPoint","urlTemplate":"https:\/\/hsmi.london\/en\/?s={search_term_string}"},"query-input":{"@type":"PropertyValueSpecification","valueRequired":true,"valueName":"search_term_string"}}],"inLanguage":"es"},{"@type":"Organization","@id":"https:\/\/hsmi.london\/en\/#organization","name":"H.S.M.I. Ltd","url":"https:\/\/hsmi.london\/en\/","logo":{"@type":"ImageObject","inLanguage":"es","@id":"https:\/\/hsmi.london\/en\/#\/schema\/logo\/image\/","url":"https:\/\/staging.hsmi.london\/wp-content\/uploads\/2020\/04\/logo-hsmi-s.png","contentUrl":"https:\/\/staging.hsmi.london\/wp-content\/uploads\/2020\/04\/logo-hsmi-s.png","width":280,"height":82,"caption":"H.S.M.I. Ltd"},"image":{"@id":"https:\/\/hsmi.london\/en\/#\/schema\/logo\/image\/"},"sameAs":["https:\/\/www.linkedin.com\/company\/hsmi-ltd\/"]}]}},"_links":{"self":[{"href":"https:\/\/hsmi.london\/es\/wp-json\/wp\/v2\/pages\/33316","targetHints":{"allow":["GET"]}}],"collection":[{"href":"https:\/\/hsmi.london\/es\/wp-json\/wp\/v2\/pages"}],"about":[{"href":"https:\/\/hsmi.london\/es\/wp-json\/wp\/v2\/types\/page"}],"author":[{"embeddable":true,"href":"https:\/\/hsmi.london\/es\/wp-json\/wp\/v2\/users\/1669"}],"replies":[{"embeddable":true,"href":"https:\/\/hsmi.london\/es\/wp-json\/wp\/v2\/comments?post=33316"}],"version-history":[{"count":2,"href":"https:\/\/hsmi.london\/es\/wp-json\/wp\/v2\/pages\/33316\/revisions"}],"predecessor-version":[{"id":33577,"href":"https:\/\/hsmi.london\/es\/wp-json\/wp\/v2\/pages\/33316\/revisions\/33577"}],"up":[{"embeddable":true,"href":"https:\/\/hsmi.london\/es\/wp-json\/wp\/v2\/pages\/1016"}],"wp:featuredmedia":[{"embeddable":true,"href":"https:\/\/hsmi.london\/es\/wp-json\/wp\/v2\/media\/1039"}],"wp:attachment":[{"href":"https:\/\/hsmi.london\/es\/wp-json\/wp\/v2\/media?parent=33316"}],"curies":[{"name":"wp","href":"https:\/\/api.w.org\/{rel}","templated":true}]}}