{"id":33304,"date":"2021-12-24T05:35:13","date_gmt":"2021-12-24T05:35:13","guid":{"rendered":"http:\/\/staging.hsmi.london\/actividades\/debt-financing-2\/"},"modified":"2022-07-26T05:38:40","modified_gmt":"2022-07-26T04:38:40","slug":"financiacion-de-la-deuda","status":"publish","type":"page","link":"https:\/\/hsmi.london\/es\/actividades\/financiacion-de-la-deuda\/","title":{"rendered":"Financiaci\u00f3n de la deuda"},"content":{"rendered":"<h3><strong>\u00bfQU\u00c9 ES Y POR QU\u00c9 ES LA DEUDA?<\/strong><\/h3>\n<p>Cuando una empresa solicita el financiamiento de la deuda, significa que obtiene el efectivo que necesita de otras empresas o fuentes, incurriendo en una deuda con el prestamista original por necesidades a corto plazo o gastos de capital a largo plazo.<\/p>\n<p>El financiamiento de la deuda es cuando la compa\u00f1\u00eda obtiene un pr\u00e9stamo y promete pagarlo durante un per\u00edodo de tiempo determinado, con una cantidad determinada de intereses. El pr\u00e9stamo puede proceder de un prestamista, como un banco, o de la venta de bonos al p\u00fablico. El financiamiento de la deuda puede ser a veces m\u00e1s econ\u00f3mico o m\u00e1s f\u00e1cil que solicitar un pr\u00e9stamo bancario.<\/p>\n<p>Bien sea un pr\u00e9stamo o un bono, el prestamista tiene derecho al dinero prestado y puede exigir que se pague en su totalidad con intereses en las condiciones especificadas en el convenio de pr\u00e9stamo.<\/p>\n<p>Los propietarios de las empresas obtienen m\u00e1s beneficios de la financiaci\u00f3n de la deuda que de la emisi\u00f3n de acciones a los inversores. La emisi\u00f3n de acciones se convierte en una diluci\u00f3n de la participaci\u00f3n del propietario en una empresa.<\/p>\n<p>Adem\u00e1s, el prestamista solo tiene la capacidad de reembolsar el capital acordado en un pr\u00e9stamo, m\u00e1s intereses, y no puede hacer reclamo directo sobre las ganancias futuras del negocio, como lo har\u00eda un inversor.<\/p>\n<p>Excepto en las ocasiones en que se utilizan pr\u00e9stamos a tasa variable, el principal y los intereses son montos conocidos y pueden presupuestarse. Los intereses de la deuda se pueden deducir en la declaraci\u00f3n de impuestos de la compa\u00f1\u00eda, lo que reduce el costo real del pr\u00e9stamo.<\/p>\n<p>Por \u00faltimo, al pedir prestado dinero a los prestamistas en lugar de emitir acciones de propiedad (acciones), la empresa no est\u00e1 obligada a cumplir con las leyes o normas de valores estatales y federales, y no tiene que enviar correos a un gran n\u00famero de accionistas, celebrar reuniones con ellos, o busque un voto antes de tomar ciertas acciones.<\/p>\n<h3><strong>DEUDA A CORTO PLAZO VS. DEUDA A LARGO PLAZO<\/strong><\/h3>\n<p><strong>El financiamiento de la deuda a largo plazo<\/strong>\u00a0implica plazos de pago de varios a\u00f1os, mientras que un pr\u00e9stamo a corto plazo le brinda a la empresa un acceso r\u00e1pido al capital, a veces incluso en tan solo 24 horas.<\/p>\n<p>Independientemente de su prop\u00f3sito, la cantidad que un propietario planea pedir prestada es probablemente el elemento m\u00e1s importante. Despu\u00e9s de eso, otro elemento a tomar en consideraci\u00f3n es la duraci\u00f3n del pr\u00e9stamo. La decisi\u00f3n entre un pr\u00e9stamo a corto o largo plazo afectar\u00e1 todo, desde la cantidad de intereses pagados a lo largo del tiempo hasta cu\u00e1nto arriesgar\u00e1 realmente un prestamista.<\/p>\n<p>Todos los pr\u00e9stamos implican riesgo. La cantidad de riesgo es a menudo lo que influye en la tasa de inter\u00e9s, as\u00ed como en el plazo del pr\u00e9stamo.<\/p>\n<p><strong>Los pr\u00e9stamos a corto plazo<\/strong>, que generalmente son montos m\u00e1s peque\u00f1os que los pr\u00e9stamos a largo plazo, tienden a tener tasas de inter\u00e9s m\u00e1s altas que los pr\u00e9stamos a largo plazo, pero los pr\u00e9stamos a largo plazo generan m\u00e1s intereses porque el dinero prestado se financia durante un per\u00edodo de tiempo m\u00e1s largo. Adem\u00e1s, los pr\u00e9stamos a corto plazo son una mejor forma de superar un problema de liquidez moment\u00e1neo o un rev\u00e9s financiero, en comparaci\u00f3n con tomar una obligaci\u00f3n de deuda m\u00e1s grande y de m\u00e1s largo plazo.<\/p>\n<p>Los pr\u00e9stamos a largo plazo pueden implicar plazos de pago de varios a\u00f1os que incluso pueden durar d\u00e9cadas.<\/p>\n<p>Por esta raz\u00f3n, si bien los pr\u00e9stamos a corto plazo pueden tener tasas de inter\u00e9s m\u00e1s altas, las empresas con financiamiento a largo plazo tienden a pagar m\u00e1s intereses porque est\u00e1n pidiendo pr\u00e9stamos por un per\u00edodo de tiempo m\u00e1s largo.<\/p>\n<p>Adem\u00e1s, muchos prestamistas, como los bancos m\u00e1s grandes, tienen est\u00e1ndares de pr\u00e9stamos m\u00e1s estrictos para pr\u00e9stamos a m\u00e1s largo plazo.<\/p>\n<h3><strong>TIPOS DE FINANCIAMIENTO DE FEUDA PRINCIPAL:<\/strong><\/h3>\n<p><strong>Pr\u00e9stamos bancarios:<\/strong>\u00a0el tipo m\u00e1s com\u00fan de financiamiento de deuda es un pr\u00e9stamo bancario. El prestatario debe averiguar cu\u00e1les son las reglas para la solicitud y las tasas de inter\u00e9s de la instituci\u00f3n crediticia. Hay muchos pr\u00e9stamos que se incluyen en el financiamiento de deuda a largo plazo, desde pr\u00e9stamos comerciales garantizados, pr\u00e9stamos para equipos o incluso pr\u00e9stamos comerciales no garantizados. Lo que la mayor\u00eda de estos pr\u00e9stamos tienen en com\u00fan es que el prestamista espera que usted le prometa algo de seguridad o activos (colateral) para indicar que el pr\u00e9stamo se pagar\u00e1 incluso si el efectivo para pagarlo no existiera a futuro. Eso es lo que se requiere para un pr\u00e9stamo comercial \u00abgarantizado\u00bb: el reembolso se garantiza al presentar la garant\u00eda como \u00abseguridad\u00bb. Un pr\u00e9stamo comercial garantizado a menudo tiene una tasa de inter\u00e9s m\u00e1s baja, porque el prestamista acepta la garant\u00eda que garantiza el pr\u00e9stamo. Un pr\u00e9stamo comercial no garantizado no requiere garant\u00eda, pero s\u00ed requiere una \u2018evaluaci\u00f3n financiera\u2019. El prestamista tambi\u00e9n puede querer observar un ingreso espec\u00edfico durante un per\u00edodo de tiempo determinado para asegurarse de que tiene la capacidad de pagar el pr\u00e9stamo. Los pr\u00e9stamos comerciales no garantizados tampoco suelen otorgarse por un per\u00edodo superior a 10 a\u00f1os.<\/p>\n<p>\u2022\u00a0<strong>Bonos:<\/strong>\u00a0una emisi\u00f3n de bonos tradicional da como resultado que los inversores presten dinero a su corporaci\u00f3n, que toma prestado el dinero por un per\u00edodo de tiempo definido a una tasa de inter\u00e9s que es fija o incluso variable.<\/p>\n<h3><strong>COEFICIENTE DE ENDEUDAMIENTO<\/strong><\/h3>\n<p><strong>El coeficiente de endeudamiento<\/strong>\u00a0es una medida que sirve de calcular el car\u00e1cter financiero de una empresa. Para medirlo, los inversores o prestamistas dividen las obligaciones totales de la compa\u00f1\u00eda entre su capital accionario existente. Ambas cifras se pueden encontrar en el balance de una empresa como parte de su estado financiero.<\/p>\n<p>El coeficiente de endeudamiento muestra claramente con qu\u00e9 cantidad una empresa est\u00e1 financiando sus operaciones a trav\u00e9s de la deuda en comparaci\u00f3n con sus propios fondos. Tambi\u00e9n, al igual que con la relaci\u00f3n capital-activo de un banco, indica la capacidad de los recursos propios de la compa\u00f1\u00eda para cubrir todas las deudas pendientes en caso de una recesi\u00f3n comercial.<\/p>\n<p>Los prestamistas prefieren ver un bajo coeficiente de endeudamiento, lo que indica que m\u00e1s recursos de la compa\u00f1\u00eda se basan en inversiones que en deuda, lo que indica el grado en que los inversores tienen confianza en la compa\u00f1\u00eda.<\/p>\n<p>Si el coeficiente de endeudamiento es alto, indica que la compa\u00f1\u00eda ha tomado un pr\u00e9stamo grande en una peque\u00f1a base de inversi\u00f3n. Una empresa con un alto coeficiente de endeudamiento a menudo se describe como una empresa que est\u00e1 \u00abaltamente apalancada\u00bb, lo que significa que los prestamistas corren un mayor riesgo que los inversores. Esto se debe a que la compa\u00f1\u00eda ha sido agresiva al financiar su crecimiento con deuda.<\/p>\n<p>Escrito como una f\u00f3rmula matem\u00e1tica, el coeficiente de endeudamiento = pasivos totales divididos entre el patrimonio neto total.<\/p>\n<h3><strong>PROS Y CONTRAS DEL FINANCIAMIENTO DE LA DEUDA<\/strong><\/h3>\n<p>Entonces, echemos un vistazo a los pros y los contras de la financiaci\u00f3n de la deuda.<\/p>\n<p>Por un lado, puede mantener la propiedad de tu negocio. Un banco u otro prestamista le cobrar\u00e1 intereses sobre lo que pide prestado y establecer\u00e1 los t\u00e9rminos para que los pague, pero un prestamista no tiene derecho a involucrarse en la forma en que maneja su negocio como un accionista importante.<\/p>\n<p>Adem\u00e1s, los pagos de capital e intereses sobre el financiamiento de la deuda pueden ser considerados como gastos comerciales por las autoridades fiscales.<\/p>\n<p>Debido a que las deducciones fiscales afectan la tasa impositiva general de su empresa, en realidad, endeudarse puede ser una ventaja para usted.<\/p>\n<p>Hacer pagos a un prestamista no puede ser un gran problema cuando tiene amplios ingresos que fluyen. Pero, \u00bfqu\u00e9 sucede si sus ingresos se reducen por ventas m\u00e1s bajas, por una desaceleraci\u00f3n de la industria o, en el peor de los casos, su negocio fracasa?<\/p>\n<p>A diferencia de los inversores, quienes, al tener la propiedad de su negocio, comparten el riesgo de ser due\u00f1os de un negocio, los prestamistas solo tienen un inter\u00e9s: recibir el pago. A\u00fan deber\u00e1 a sus prestamistas. De hecho, si su negocio se ve obligado a declararse en bancarrota porque no puede cumplir con sus obligaciones, los prestamistas tienen derecho a la devoluci\u00f3n ante cualquier inversionista de capital.<\/p>\n<p>Adem\u00e1s, compartir las ganancias con los inversores variar\u00e1 seg\u00fan lo bien que funcione su negocio, en el que comparten la propiedad. No obstante, podr\u00eda estar pagando una alta tasa de inter\u00e9s cada mes por el financiamiento de su deuda, lo que reducir\u00eda sus ganancias.<\/p>\n<p>Por \u00faltimo, si est\u00e1 pidiendo prestada una gran suma, su calificaci\u00f3n crediticia podr\u00eda verse afectada, y un recorte en la calificaci\u00f3n crediticia de su empresa puede generar tasas de inter\u00e9s m\u00e1s altas en los pr\u00e9stamos debido a que se convierte en un mayor riesgo para los prestamistas. Y si su negocio no est\u00e1 generando los ingresos con los que esperaba pagar sus cuotas mensuales de pr\u00e9stamo, qu\u00e9 l\u00e1stima. Los prestamistas generalmente esperan el pago en cuotas mensuales iguales. Los pagos atrasados \u200b\u200bpor cualquier motivo, o, peor a\u00fan, por incumplimiento, pueden da\u00f1ar su cr\u00e9dito.<\/p>\n<p><strong><em>Nuestro servicio: Le ayudaremos a obtener la deuda adecuada para su empresa en las mejores condiciones posibles.<\/em><\/strong><\/p>\n<style>\ndiv#custom_html-9 {\n    display: none;\n}\ndiv#custom_html-19 {\n    display: none;\n}\n<\/style>\n","protected":false},"excerpt":{"rendered":"<p>\u00bfQU\u00c9 ES Y POR QU\u00c9 ES LA DEUDA? Cuando una empresa solicita el financiamiento de la deuda, significa que obtiene el efectivo que necesita de otras empresas o fuentes, incurriendo en una deuda con el prestamista original por necesidades a corto plazo o gastos de capital a largo plazo. El financiamiento de la deuda es &#8230; <a href=\"https:\/\/hsmi.london\/es\/actividades\/financiacion-de-la-deuda\/\">Continue reading &raquo;<\/a><\/p>\n","protected":false},"author":1669,"featured_media":4268,"parent":1016,"menu_order":0,"comment_status":"closed","ping_status":"closed","template":"","meta":{"inline_featured_image":false,"_exactmetrics_skip_tracking":false,"_exactmetrics_sitenote_active":false,"_exactmetrics_sitenote_note":"","_exactmetrics_sitenote_category":0,"footnotes":""},"class_list":["post-33304","page","type-page","status-publish","has-post-thumbnail","hentry"],"yoast_head":"<!-- This site is optimized with the Yoast SEO plugin v24.9 - https:\/\/yoast.com\/wordpress\/plugins\/seo\/ -->\n<title>Financiaci\u00f3n de la deuda - HSMI<\/title>\n<meta name=\"robots\" content=\"index, follow, max-snippet:-1, max-image-preview:large, max-video-preview:-1\" \/>\n<link rel=\"canonical\" href=\"https:\/\/hsmi.london\/es\/actividades\/financiacion-de-la-deuda\/\" \/>\n<meta property=\"og:locale\" content=\"es_ES\" \/>\n<meta property=\"og:type\" content=\"article\" \/>\n<meta property=\"og:title\" content=\"Financiaci\u00f3n de la deuda - HSMI\" \/>\n<meta property=\"og:description\" content=\"\u00bfQU\u00c9 ES Y POR QU\u00c9 ES LA DEUDA? Cuando una empresa solicita el financiamiento de la deuda, significa que obtiene el efectivo que necesita de otras empresas o fuentes, incurriendo en una deuda con el prestamista original por necesidades a corto plazo o gastos de capital a largo plazo. El financiamiento de la deuda es ... Continue reading &raquo;\" \/>\n<meta property=\"og:url\" content=\"https:\/\/hsmi.london\/es\/actividades\/financiacion-de-la-deuda\/\" \/>\n<meta property=\"og:site_name\" content=\"HSMI\" \/>\n<meta property=\"article:modified_time\" content=\"2022-07-26T04:38:40+00:00\" \/>\n<meta name=\"twitter:card\" content=\"summary_large_image\" \/>\n<meta name=\"twitter:label1\" content=\"Tiempo de lectura\" \/>\n\t<meta name=\"twitter:data1\" content=\"8 minutos\" \/>\n<script type=\"application\/ld+json\" class=\"yoast-schema-graph\">{\"@context\":\"https:\/\/schema.org\",\"@graph\":[{\"@type\":\"WebPage\",\"@id\":\"https:\/\/hsmi.london\/es\/actividades\/financiacion-de-la-deuda\/\",\"url\":\"https:\/\/hsmi.london\/es\/actividades\/financiacion-de-la-deuda\/\",\"name\":\"Financiaci\u00f3n de la deuda - HSMI\",\"isPartOf\":{\"@id\":\"https:\/\/hsmi.london\/en\/#website\"},\"primaryImageOfPage\":{\"@id\":\"https:\/\/hsmi.london\/es\/actividades\/financiacion-de-la-deuda\/#primaryimage\"},\"image\":{\"@id\":\"https:\/\/hsmi.london\/es\/actividades\/financiacion-de-la-deuda\/#primaryimage\"},\"thumbnailUrl\":\"https:\/\/hsmi.london\/wp-content\/uploads\/2020\/04\/debt.svg\",\"datePublished\":\"2021-12-24T05:35:13+00:00\",\"dateModified\":\"2022-07-26T04:38:40+00:00\",\"breadcrumb\":{\"@id\":\"https:\/\/hsmi.london\/es\/actividades\/financiacion-de-la-deuda\/#breadcrumb\"},\"inLanguage\":\"es\",\"potentialAction\":[{\"@type\":\"ReadAction\",\"target\":[\"https:\/\/hsmi.london\/es\/actividades\/financiacion-de-la-deuda\/\"]}]},{\"@type\":\"ImageObject\",\"inLanguage\":\"es\",\"@id\":\"https:\/\/hsmi.london\/es\/actividades\/financiacion-de-la-deuda\/#primaryimage\",\"url\":\"https:\/\/hsmi.london\/wp-content\/uploads\/2020\/04\/debt.svg\",\"contentUrl\":\"https:\/\/hsmi.london\/wp-content\/uploads\/2020\/04\/debt.svg\"},{\"@type\":\"BreadcrumbList\",\"@id\":\"https:\/\/hsmi.london\/es\/actividades\/financiacion-de-la-deuda\/#breadcrumb\",\"itemListElement\":[{\"@type\":\"ListItem\",\"position\":1,\"name\":\"Home\",\"item\":\"https:\/\/hsmi.london\/es\/\"},{\"@type\":\"ListItem\",\"position\":2,\"name\":\"Actividades\",\"item\":\"https:\/\/hsmi.london\/es\/actividades\/\"},{\"@type\":\"ListItem\",\"position\":3,\"name\":\"Financiaci\u00f3n de la deuda\"}]},{\"@type\":\"WebSite\",\"@id\":\"https:\/\/hsmi.london\/en\/#website\",\"url\":\"https:\/\/hsmi.london\/en\/\",\"name\":\"HSMI\",\"description\":\"Corporate Advisory\",\"publisher\":{\"@id\":\"https:\/\/hsmi.london\/en\/#organization\"},\"potentialAction\":[{\"@type\":\"SearchAction\",\"target\":{\"@type\":\"EntryPoint\",\"urlTemplate\":\"https:\/\/hsmi.london\/en\/?s={search_term_string}\"},\"query-input\":{\"@type\":\"PropertyValueSpecification\",\"valueRequired\":true,\"valueName\":\"search_term_string\"}}],\"inLanguage\":\"es\"},{\"@type\":\"Organization\",\"@id\":\"https:\/\/hsmi.london\/en\/#organization\",\"name\":\"H.S.M.I. Ltd\",\"url\":\"https:\/\/hsmi.london\/en\/\",\"logo\":{\"@type\":\"ImageObject\",\"inLanguage\":\"es\",\"@id\":\"https:\/\/hsmi.london\/en\/#\/schema\/logo\/image\/\",\"url\":\"https:\/\/staging.hsmi.london\/wp-content\/uploads\/2020\/04\/logo-hsmi-s.png\",\"contentUrl\":\"https:\/\/staging.hsmi.london\/wp-content\/uploads\/2020\/04\/logo-hsmi-s.png\",\"width\":280,\"height\":82,\"caption\":\"H.S.M.I. Ltd\"},\"image\":{\"@id\":\"https:\/\/hsmi.london\/en\/#\/schema\/logo\/image\/\"},\"sameAs\":[\"https:\/\/www.linkedin.com\/company\/hsmi-ltd\/\"]}]}<\/script>\n<!-- \/ Yoast SEO plugin. -->","yoast_head_json":{"title":"Financiaci\u00f3n de la deuda - HSMI","robots":{"index":"index","follow":"follow","max-snippet":"max-snippet:-1","max-image-preview":"max-image-preview:large","max-video-preview":"max-video-preview:-1"},"canonical":"https:\/\/hsmi.london\/es\/actividades\/financiacion-de-la-deuda\/","og_locale":"es_ES","og_type":"article","og_title":"Financiaci\u00f3n de la deuda - HSMI","og_description":"\u00bfQU\u00c9 ES Y POR QU\u00c9 ES LA DEUDA? Cuando una empresa solicita el financiamiento de la deuda, significa que obtiene el efectivo que necesita de otras empresas o fuentes, incurriendo en una deuda con el prestamista original por necesidades a corto plazo o gastos de capital a largo plazo. El financiamiento de la deuda es ... Continue reading &raquo;","og_url":"https:\/\/hsmi.london\/es\/actividades\/financiacion-de-la-deuda\/","og_site_name":"HSMI","article_modified_time":"2022-07-26T04:38:40+00:00","twitter_card":"summary_large_image","twitter_misc":{"Tiempo de lectura":"8 minutos"},"schema":{"@context":"https:\/\/schema.org","@graph":[{"@type":"WebPage","@id":"https:\/\/hsmi.london\/es\/actividades\/financiacion-de-la-deuda\/","url":"https:\/\/hsmi.london\/es\/actividades\/financiacion-de-la-deuda\/","name":"Financiaci\u00f3n de la deuda - HSMI","isPartOf":{"@id":"https:\/\/hsmi.london\/en\/#website"},"primaryImageOfPage":{"@id":"https:\/\/hsmi.london\/es\/actividades\/financiacion-de-la-deuda\/#primaryimage"},"image":{"@id":"https:\/\/hsmi.london\/es\/actividades\/financiacion-de-la-deuda\/#primaryimage"},"thumbnailUrl":"https:\/\/hsmi.london\/wp-content\/uploads\/2020\/04\/debt.svg","datePublished":"2021-12-24T05:35:13+00:00","dateModified":"2022-07-26T04:38:40+00:00","breadcrumb":{"@id":"https:\/\/hsmi.london\/es\/actividades\/financiacion-de-la-deuda\/#breadcrumb"},"inLanguage":"es","potentialAction":[{"@type":"ReadAction","target":["https:\/\/hsmi.london\/es\/actividades\/financiacion-de-la-deuda\/"]}]},{"@type":"ImageObject","inLanguage":"es","@id":"https:\/\/hsmi.london\/es\/actividades\/financiacion-de-la-deuda\/#primaryimage","url":"https:\/\/hsmi.london\/wp-content\/uploads\/2020\/04\/debt.svg","contentUrl":"https:\/\/hsmi.london\/wp-content\/uploads\/2020\/04\/debt.svg"},{"@type":"BreadcrumbList","@id":"https:\/\/hsmi.london\/es\/actividades\/financiacion-de-la-deuda\/#breadcrumb","itemListElement":[{"@type":"ListItem","position":1,"name":"Home","item":"https:\/\/hsmi.london\/es\/"},{"@type":"ListItem","position":2,"name":"Actividades","item":"https:\/\/hsmi.london\/es\/actividades\/"},{"@type":"ListItem","position":3,"name":"Financiaci\u00f3n de la deuda"}]},{"@type":"WebSite","@id":"https:\/\/hsmi.london\/en\/#website","url":"https:\/\/hsmi.london\/en\/","name":"HSMI","description":"Corporate Advisory","publisher":{"@id":"https:\/\/hsmi.london\/en\/#organization"},"potentialAction":[{"@type":"SearchAction","target":{"@type":"EntryPoint","urlTemplate":"https:\/\/hsmi.london\/en\/?s={search_term_string}"},"query-input":{"@type":"PropertyValueSpecification","valueRequired":true,"valueName":"search_term_string"}}],"inLanguage":"es"},{"@type":"Organization","@id":"https:\/\/hsmi.london\/en\/#organization","name":"H.S.M.I. Ltd","url":"https:\/\/hsmi.london\/en\/","logo":{"@type":"ImageObject","inLanguage":"es","@id":"https:\/\/hsmi.london\/en\/#\/schema\/logo\/image\/","url":"https:\/\/staging.hsmi.london\/wp-content\/uploads\/2020\/04\/logo-hsmi-s.png","contentUrl":"https:\/\/staging.hsmi.london\/wp-content\/uploads\/2020\/04\/logo-hsmi-s.png","width":280,"height":82,"caption":"H.S.M.I. Ltd"},"image":{"@id":"https:\/\/hsmi.london\/en\/#\/schema\/logo\/image\/"},"sameAs":["https:\/\/www.linkedin.com\/company\/hsmi-ltd\/"]}]}},"_links":{"self":[{"href":"https:\/\/hsmi.london\/es\/wp-json\/wp\/v2\/pages\/33304","targetHints":{"allow":["GET"]}}],"collection":[{"href":"https:\/\/hsmi.london\/es\/wp-json\/wp\/v2\/pages"}],"about":[{"href":"https:\/\/hsmi.london\/es\/wp-json\/wp\/v2\/types\/page"}],"author":[{"embeddable":true,"href":"https:\/\/hsmi.london\/es\/wp-json\/wp\/v2\/users\/1669"}],"replies":[{"embeddable":true,"href":"https:\/\/hsmi.london\/es\/wp-json\/wp\/v2\/comments?post=33304"}],"version-history":[{"count":2,"href":"https:\/\/hsmi.london\/es\/wp-json\/wp\/v2\/pages\/33304\/revisions"}],"predecessor-version":[{"id":33573,"href":"https:\/\/hsmi.london\/es\/wp-json\/wp\/v2\/pages\/33304\/revisions\/33573"}],"up":[{"embeddable":true,"href":"https:\/\/hsmi.london\/es\/wp-json\/wp\/v2\/pages\/1016"}],"wp:featuredmedia":[{"embeddable":true,"href":"https:\/\/hsmi.london\/es\/wp-json\/wp\/v2\/media\/4268"}],"wp:attachment":[{"href":"https:\/\/hsmi.london\/es\/wp-json\/wp\/v2\/media?parent=33304"}],"curies":[{"name":"wp","href":"https:\/\/api.w.org\/{rel}","templated":true}]}}