{"id":33259,"date":"2021-12-24T04:25:06","date_gmt":"2021-12-24T04:25:06","guid":{"rendered":"http:\/\/staging.hsmi.london\/actividades\/due-diligence-2\/"},"modified":"2022-07-26T05:32:48","modified_gmt":"2022-07-26T04:32:48","slug":"diligencia-debida","status":"publish","type":"page","link":"https:\/\/hsmi.london\/es\/actividades\/diligencia-debida\/","title":{"rendered":"Diligencia Debida"},"content":{"rendered":"<p>La Auditoria Legal o la Diligencia Debida es uno de los pasos m\u00e1s importantes en la compra de un negocio. Tanto las grandes empresas como las peque\u00f1as empresas, tienen equipos de expertos que se dedican a la compra de las mismas e investigan cada aspecto de c\u00f3mo la empresa ha estado operando, y si el vendedor represent\u00f3 adecuadamente lo que estaba vendiendo.<\/p>\n<p>La Auditoria Legal o la Diligencia Debida se refiere al cuidado y la discreci\u00f3n que cualquier empresa razonable deber\u00eda tomar antes de celebrar un contrato legal o una transacci\u00f3n comercial.<\/p>\n<p>Los funcionarios de las compa\u00f1\u00edas tienen el deber fiduciario de realizar una auditoria legal exhaustiva antes de realizar cualquier adquisici\u00f3n o inversi\u00f3n, con la finalidad de reducir el riesgo y proporcionar un rendimiento s\u00f3lido.<\/p>\n<h3>COMO EST\u00c1 COMPUESTO<\/h3>\n<p>La Auditoria Legal toma formas diferentes dependiendo de su prop\u00f3sito:<\/p>\n<ul>\n<li>La prueba de un objetivo potencial para una fusi\u00f3n, adquisici\u00f3n, privatizaci\u00f3n o transacci\u00f3n de finanzas corporativas similares que normalmente realiza un comprador. (Esto puede incluir auto diligencia debida o \u201cdiligencia debida inversa\u201d)<\/li>\n<li>Una investigaci\u00f3n razonable enfocada en asuntos futuros relevantes.<\/li>\n<li>\u00bfSe realiza un evaluaci\u00f3n al hacer ciertas preguntas clave, que incluyen, c\u00f3mo compramos, c\u00f3mo estructuramos una adquisici\u00f3n y cu\u00e1nto pagamos?<\/li>\n<li>Una investigaci\u00f3n de las pr\u00e1cticas actuales en cuanto a procesos y pol\u00edticas.<\/li>\n<li>Una evaluaci\u00f3n que apunta a tomar una decisi\u00f3n de adquisici\u00f3n a trav\u00e9s de los principios de valoraci\u00f3n y an\u00e1lisis del valor de los accionistas.<\/li>\n<\/ul>\n<p>El proceso de diligencia debida o auditoria legal se puede dividir en las siguientes \u00e1reas:<\/p>\n<ul>\n<li>Auditoria de compatibilidad.<\/li>\n<li>Auditor\u00eda financiera.<\/li>\n<li>Auditor\u00eda macro entorno.<\/li>\n<li>Auditor\u00eda legal \/ ambiental.<\/li>\n<li>Auditor\u00eda de mercadeo.<\/li>\n<li>Auditor\u00eda de producci\u00f3n.<\/li>\n<li>Auditor\u00eda de gesti\u00f3n.<\/li>\n<li>Auditor\u00eda de sistemas de informaci\u00f3n.<\/li>\n<li>Auditor\u00eda de reconciliaci\u00f3n.<\/li>\n<\/ul>\n<p>Es esencial que los conceptos de valoraciones (an\u00e1lisis del valor de los accionistas) est\u00e9n vinculados a un proceso de diligencia debida. Esto es con la finalidad para reducir el n\u00famero de fusiones y adquisiciones fallidas.<\/p>\n<ul>\n<li>Puede recopilar informaci\u00f3n actual para tomar buenas decisiones comerciales y financieras.<\/li>\n<li>Puede evitar errores costosos.<\/li>\n<li>Puede evitar futuras demandas judiciales de malas sociedades.<\/li>\n<li>Ayudarle a obtener pruebas para negociar mejor los t\u00e9rminos de futuras adquisiciones.<\/li>\n<li>Le permite evaluar la cantidad de riesgo involucrado.<\/li>\n<li>Brinda informaci\u00f3n sobre el estado general de la salud y la estabilidad de una organizaci\u00f3n.<\/li>\n<\/ul>\n<p><strong>La H.S.M.I. Ltd<\/strong>, gracias al alto profesionalismo de sus propios consultores, interviene en los pasos necesarios para realizar una auditoria legal o diligencia debida para ayudar al Inversionista o al Comprador, a tomar la decisi\u00f3n correcta y la mejor, para hacer el mejor trato.<\/p>\n<style>\ndiv#custom_html-9 {\n    display: none;\n}\ndiv#custom_html-19 {\n    display: none;\n}\n<\/style>\n","protected":false},"excerpt":{"rendered":"<p>La Auditoria Legal o la Diligencia Debida es uno de los pasos m\u00e1s importantes en la compra de un negocio. Tanto las grandes empresas como las peque\u00f1as empresas, tienen equipos de expertos que se dedican a la compra de las mismas e investigan cada aspecto de c\u00f3mo la empresa ha estado operando, y si el &#8230; <a href=\"https:\/\/hsmi.london\/es\/actividades\/diligencia-debida\/\">Continue reading &raquo;<\/a><\/p>\n","protected":false},"author":1669,"featured_media":1046,"parent":1016,"menu_order":0,"comment_status":"closed","ping_status":"closed","template":"","meta":{"inline_featured_image":false,"_exactmetrics_skip_tracking":false,"_exactmetrics_sitenote_active":false,"_exactmetrics_sitenote_note":"","_exactmetrics_sitenote_category":0,"footnotes":""},"class_list":["post-33259","page","type-page","status-publish","has-post-thumbnail","hentry"],"yoast_head":"<!-- This site is optimized with the Yoast SEO plugin v24.9 - https:\/\/yoast.com\/wordpress\/plugins\/seo\/ -->\n<title>Diligencia Debida - HSMI<\/title>\n<meta name=\"robots\" content=\"index, follow, max-snippet:-1, max-image-preview:large, max-video-preview:-1\" \/>\n<link rel=\"canonical\" href=\"https:\/\/hsmi.london\/es\/actividades\/diligencia-debida\/\" \/>\n<meta property=\"og:locale\" content=\"es_ES\" \/>\n<meta property=\"og:type\" content=\"article\" \/>\n<meta property=\"og:title\" content=\"Diligencia Debida - HSMI\" \/>\n<meta property=\"og:description\" content=\"La Auditoria Legal o la Diligencia Debida es uno de los pasos m\u00e1s importantes en la compra de un negocio. Tanto las grandes empresas como las peque\u00f1as empresas, tienen equipos de expertos que se dedican a la compra de las mismas e investigan cada aspecto de c\u00f3mo la empresa ha estado operando, y si el ... Continue reading &raquo;\" \/>\n<meta property=\"og:url\" content=\"https:\/\/hsmi.london\/es\/actividades\/diligencia-debida\/\" \/>\n<meta property=\"og:site_name\" content=\"HSMI\" \/>\n<meta property=\"article:modified_time\" content=\"2022-07-26T04:32:48+00:00\" \/>\n<meta name=\"twitter:card\" content=\"summary_large_image\" \/>\n<meta name=\"twitter:label1\" content=\"Tiempo de lectura\" \/>\n\t<meta name=\"twitter:data1\" content=\"2 minutos\" \/>\n<script type=\"application\/ld+json\" class=\"yoast-schema-graph\">{\"@context\":\"https:\/\/schema.org\",\"@graph\":[{\"@type\":\"WebPage\",\"@id\":\"https:\/\/hsmi.london\/es\/actividades\/diligencia-debida\/\",\"url\":\"https:\/\/hsmi.london\/es\/actividades\/diligencia-debida\/\",\"name\":\"Diligencia Debida - HSMI\",\"isPartOf\":{\"@id\":\"https:\/\/hsmi.london\/en\/#website\"},\"primaryImageOfPage\":{\"@id\":\"https:\/\/hsmi.london\/es\/actividades\/diligencia-debida\/#primaryimage\"},\"image\":{\"@id\":\"https:\/\/hsmi.london\/es\/actividades\/diligencia-debida\/#primaryimage\"},\"thumbnailUrl\":\"https:\/\/hsmi.london\/wp-content\/uploads\/2015\/04\/due-diligence.svg\",\"datePublished\":\"2021-12-24T04:25:06+00:00\",\"dateModified\":\"2022-07-26T04:32:48+00:00\",\"breadcrumb\":{\"@id\":\"https:\/\/hsmi.london\/es\/actividades\/diligencia-debida\/#breadcrumb\"},\"inLanguage\":\"es\",\"potentialAction\":[{\"@type\":\"ReadAction\",\"target\":[\"https:\/\/hsmi.london\/es\/actividades\/diligencia-debida\/\"]}]},{\"@type\":\"ImageObject\",\"inLanguage\":\"es\",\"@id\":\"https:\/\/hsmi.london\/es\/actividades\/diligencia-debida\/#primaryimage\",\"url\":\"https:\/\/hsmi.london\/wp-content\/uploads\/2015\/04\/due-diligence.svg\",\"contentUrl\":\"https:\/\/hsmi.london\/wp-content\/uploads\/2015\/04\/due-diligence.svg\"},{\"@type\":\"BreadcrumbList\",\"@id\":\"https:\/\/hsmi.london\/es\/actividades\/diligencia-debida\/#breadcrumb\",\"itemListElement\":[{\"@type\":\"ListItem\",\"position\":1,\"name\":\"Home\",\"item\":\"https:\/\/hsmi.london\/es\/\"},{\"@type\":\"ListItem\",\"position\":2,\"name\":\"Actividades\",\"item\":\"https:\/\/hsmi.london\/es\/actividades\/\"},{\"@type\":\"ListItem\",\"position\":3,\"name\":\"Diligencia Debida\"}]},{\"@type\":\"WebSite\",\"@id\":\"https:\/\/hsmi.london\/en\/#website\",\"url\":\"https:\/\/hsmi.london\/en\/\",\"name\":\"HSMI\",\"description\":\"Corporate Advisory\",\"publisher\":{\"@id\":\"https:\/\/hsmi.london\/en\/#organization\"},\"potentialAction\":[{\"@type\":\"SearchAction\",\"target\":{\"@type\":\"EntryPoint\",\"urlTemplate\":\"https:\/\/hsmi.london\/en\/?s={search_term_string}\"},\"query-input\":{\"@type\":\"PropertyValueSpecification\",\"valueRequired\":true,\"valueName\":\"search_term_string\"}}],\"inLanguage\":\"es\"},{\"@type\":\"Organization\",\"@id\":\"https:\/\/hsmi.london\/en\/#organization\",\"name\":\"H.S.M.I. Ltd\",\"url\":\"https:\/\/hsmi.london\/en\/\",\"logo\":{\"@type\":\"ImageObject\",\"inLanguage\":\"es\",\"@id\":\"https:\/\/hsmi.london\/en\/#\/schema\/logo\/image\/\",\"url\":\"https:\/\/staging.hsmi.london\/wp-content\/uploads\/2020\/04\/logo-hsmi-s.png\",\"contentUrl\":\"https:\/\/staging.hsmi.london\/wp-content\/uploads\/2020\/04\/logo-hsmi-s.png\",\"width\":280,\"height\":82,\"caption\":\"H.S.M.I. Ltd\"},\"image\":{\"@id\":\"https:\/\/hsmi.london\/en\/#\/schema\/logo\/image\/\"},\"sameAs\":[\"https:\/\/www.linkedin.com\/company\/hsmi-ltd\/\"]}]}<\/script>\n<!-- \/ Yoast SEO plugin. -->","yoast_head_json":{"title":"Diligencia Debida - HSMI","robots":{"index":"index","follow":"follow","max-snippet":"max-snippet:-1","max-image-preview":"max-image-preview:large","max-video-preview":"max-video-preview:-1"},"canonical":"https:\/\/hsmi.london\/es\/actividades\/diligencia-debida\/","og_locale":"es_ES","og_type":"article","og_title":"Diligencia Debida - HSMI","og_description":"La Auditoria Legal o la Diligencia Debida es uno de los pasos m\u00e1s importantes en la compra de un negocio. Tanto las grandes empresas como las peque\u00f1as empresas, tienen equipos de expertos que se dedican a la compra de las mismas e investigan cada aspecto de c\u00f3mo la empresa ha estado operando, y si el ... Continue reading &raquo;","og_url":"https:\/\/hsmi.london\/es\/actividades\/diligencia-debida\/","og_site_name":"HSMI","article_modified_time":"2022-07-26T04:32:48+00:00","twitter_card":"summary_large_image","twitter_misc":{"Tiempo de lectura":"2 minutos"},"schema":{"@context":"https:\/\/schema.org","@graph":[{"@type":"WebPage","@id":"https:\/\/hsmi.london\/es\/actividades\/diligencia-debida\/","url":"https:\/\/hsmi.london\/es\/actividades\/diligencia-debida\/","name":"Diligencia Debida - HSMI","isPartOf":{"@id":"https:\/\/hsmi.london\/en\/#website"},"primaryImageOfPage":{"@id":"https:\/\/hsmi.london\/es\/actividades\/diligencia-debida\/#primaryimage"},"image":{"@id":"https:\/\/hsmi.london\/es\/actividades\/diligencia-debida\/#primaryimage"},"thumbnailUrl":"https:\/\/hsmi.london\/wp-content\/uploads\/2015\/04\/due-diligence.svg","datePublished":"2021-12-24T04:25:06+00:00","dateModified":"2022-07-26T04:32:48+00:00","breadcrumb":{"@id":"https:\/\/hsmi.london\/es\/actividades\/diligencia-debida\/#breadcrumb"},"inLanguage":"es","potentialAction":[{"@type":"ReadAction","target":["https:\/\/hsmi.london\/es\/actividades\/diligencia-debida\/"]}]},{"@type":"ImageObject","inLanguage":"es","@id":"https:\/\/hsmi.london\/es\/actividades\/diligencia-debida\/#primaryimage","url":"https:\/\/hsmi.london\/wp-content\/uploads\/2015\/04\/due-diligence.svg","contentUrl":"https:\/\/hsmi.london\/wp-content\/uploads\/2015\/04\/due-diligence.svg"},{"@type":"BreadcrumbList","@id":"https:\/\/hsmi.london\/es\/actividades\/diligencia-debida\/#breadcrumb","itemListElement":[{"@type":"ListItem","position":1,"name":"Home","item":"https:\/\/hsmi.london\/es\/"},{"@type":"ListItem","position":2,"name":"Actividades","item":"https:\/\/hsmi.london\/es\/actividades\/"},{"@type":"ListItem","position":3,"name":"Diligencia Debida"}]},{"@type":"WebSite","@id":"https:\/\/hsmi.london\/en\/#website","url":"https:\/\/hsmi.london\/en\/","name":"HSMI","description":"Corporate Advisory","publisher":{"@id":"https:\/\/hsmi.london\/en\/#organization"},"potentialAction":[{"@type":"SearchAction","target":{"@type":"EntryPoint","urlTemplate":"https:\/\/hsmi.london\/en\/?s={search_term_string}"},"query-input":{"@type":"PropertyValueSpecification","valueRequired":true,"valueName":"search_term_string"}}],"inLanguage":"es"},{"@type":"Organization","@id":"https:\/\/hsmi.london\/en\/#organization","name":"H.S.M.I. Ltd","url":"https:\/\/hsmi.london\/en\/","logo":{"@type":"ImageObject","inLanguage":"es","@id":"https:\/\/hsmi.london\/en\/#\/schema\/logo\/image\/","url":"https:\/\/staging.hsmi.london\/wp-content\/uploads\/2020\/04\/logo-hsmi-s.png","contentUrl":"https:\/\/staging.hsmi.london\/wp-content\/uploads\/2020\/04\/logo-hsmi-s.png","width":280,"height":82,"caption":"H.S.M.I. Ltd"},"image":{"@id":"https:\/\/hsmi.london\/en\/#\/schema\/logo\/image\/"},"sameAs":["https:\/\/www.linkedin.com\/company\/hsmi-ltd\/"]}]}},"_links":{"self":[{"href":"https:\/\/hsmi.london\/es\/wp-json\/wp\/v2\/pages\/33259","targetHints":{"allow":["GET"]}}],"collection":[{"href":"https:\/\/hsmi.london\/es\/wp-json\/wp\/v2\/pages"}],"about":[{"href":"https:\/\/hsmi.london\/es\/wp-json\/wp\/v2\/types\/page"}],"author":[{"embeddable":true,"href":"https:\/\/hsmi.london\/es\/wp-json\/wp\/v2\/users\/1669"}],"replies":[{"embeddable":true,"href":"https:\/\/hsmi.london\/es\/wp-json\/wp\/v2\/comments?post=33259"}],"version-history":[{"count":2,"href":"https:\/\/hsmi.london\/es\/wp-json\/wp\/v2\/pages\/33259\/revisions"}],"predecessor-version":[{"id":33564,"href":"https:\/\/hsmi.london\/es\/wp-json\/wp\/v2\/pages\/33259\/revisions\/33564"}],"up":[{"embeddable":true,"href":"https:\/\/hsmi.london\/es\/wp-json\/wp\/v2\/pages\/1016"}],"wp:featuredmedia":[{"embeddable":true,"href":"https:\/\/hsmi.london\/es\/wp-json\/wp\/v2\/media\/1046"}],"wp:attachment":[{"href":"https:\/\/hsmi.london\/es\/wp-json\/wp\/v2\/media?parent=33259"}],"curies":[{"name":"wp","href":"https:\/\/api.w.org\/{rel}","templated":true}]}}