{"id":33246,"date":"2021-12-24T04:06:50","date_gmt":"2021-12-24T04:06:50","guid":{"rendered":"http:\/\/staging.hsmi.london\/actividades\/board-membership-advisory-2\/"},"modified":"2022-07-26T05:31:08","modified_gmt":"2022-07-26T04:31:08","slug":"miembro-del-consejo-de-administracion-y-consultoria","status":"publish","type":"page","link":"https:\/\/hsmi.london\/es\/actividades\/miembro-del-consejo-de-administracion-y-consultoria\/","title":{"rendered":"Miembro del consejo de administraci\u00f3n y consultor\u00eda"},"content":{"rendered":"<p>Un miembro de la Junta es un participante elegido en la junta directiva de una empresa o corporaci\u00f3n o en el comit\u00e9 de supervisi\u00f3n de una organizaci\u00f3n. La junta directiva de una empresa se define como el \u00f3rgano de gobierno encargado de las decisiones relacionadas con la empresa l\u00edder. Las decisiones clave para el cuerpo empresarial en su conjunto provienen del consenso de la Junta<\/p>\n<h3><strong>\u00bfQU\u00c9 SIGNIFICA MIEMBRO DE LA JUNTA?<\/strong><\/h3>\n<p>Los miembros de la junta son elegidos por los accionistas de la compa\u00f1\u00eda y son responsables de establecer la visi\u00f3n de la compa\u00f1\u00eda y nombrar a los directores para llevar a cabo esa visi\u00f3n. Cada miembro de la junta participa en reuniones de la junta en las que tienen lugar las discusiones sobre el desempe\u00f1o, los obst\u00e1culos cr\u00edticos, los cambios y la estrategia futura. En otras palabras, son responsables de la direcci\u00f3n global de la empresa. Se requiere que cada miembro conozca su estructura vertical (alcance del negocio) junto a sus problemas y desaf\u00edos. Tambi\u00e9n es responsable de plantear cualquier problema relacionado con los diferentes segmentos del negocio a otros miembros, para que puedan discutir una soluci\u00f3n. Todos los miembros crean una lluvia de ideas sobre una soluci\u00f3n y la someten a votaci\u00f3n. Si la mayor\u00eda de los miembros puede ponerse de acuerdo acerca de la soluci\u00f3n, la conclusi\u00f3n se convierte en una directriz operativa y en un componente esencial de la estrategia de la compa\u00f1\u00eda en el futuro.<\/p>\n<h3><strong>EJEMPLO<\/strong><\/h3>\n<p>Supongamos que una peque\u00f1a empresa de azulejos de ba\u00f1o tiene problemas para competir con sus rivales m\u00e1s grandes. Los altos directivos examinan los problemas de inventario y ventas y deciden presentar este problema a los miembros de la junta. Ahora, se convierte en responsabilidad de los miembros de la junta investigar el problema y encontrar una posible soluci\u00f3n.<\/p>\n<p>La junta directiva estudia el mercado, la demanda de los consumidores, los competidores, los productos competidores y las estructuras de precios de la industria. Encuentran que no creen que puedan competir debido a su incapacidad para reducir suficientemente los costos de producci\u00f3n. Por lo tanto, deciden cambiar la visi\u00f3n de la empresa y comenzar a producir azulejos de cocina porque su capacidad de producci\u00f3n es mucho m\u00e1s adecuada para esta industria.<\/p>\n<p>La junta comunica su decisi\u00f3n estrat\u00e9gica a los directores que comienzan a llevar a cabo los nuevos objetivos de la compa\u00f1\u00eda.<\/p>\n<p>No es un misterio; una junta directiva efectiva tiene una mejor comprensi\u00f3n de d\u00f3nde crea valor su empresa, los riesgos potenciales y su estrategia.<\/p>\n<p>Estas juntas eval\u00faan la asignaci\u00f3n de recursos, adoptan comentarios s\u00f3lidos y debaten estrategias alternativas. Tambi\u00e9n eval\u00faan las tendencias e incertidumbres y discuten d\u00f3nde se crear\u00e1 el valor con el CEO. Las juntas no comprometidas, por otro lado, pueden destruir el valor al enfocarse exclusivamente en actividades fiduciarias o enfatizar demasiado los resultados financieros a corto plazo.<\/p>\n<p><strong><em>Nuestro Servicio: ayudamos a nuestros clientes a mejorar la efectividad de la junta directiva a trav\u00e9s de asesoramiento, desarrollo de capacidades, desarrollo de nuevos conocimientos, facilitaci\u00f3n de discusiones estrat\u00e9gicas y colaboraci\u00f3n entre la gerencia y la junta, planes de sucesi\u00f3n del CEO, etc. Lo hacemos a trav\u00e9s de asesor\u00edas y tambi\u00e9n como un miembro de su Junta Directiva.<\/em><\/strong><\/p>\n<style>\ndiv#custom_html-9 {\n    display: none;\n}\ndiv#custom_html-19 {\n    display: none;\n}\n<\/style>\n","protected":false},"excerpt":{"rendered":"<p>Un miembro de la Junta es un participante elegido en la junta directiva de una empresa o corporaci\u00f3n o en el comit\u00e9 de supervisi\u00f3n de una organizaci\u00f3n. La junta directiva de una empresa se define como el \u00f3rgano de gobierno encargado de las decisiones relacionadas con la empresa l\u00edder. Las decisiones clave para el cuerpo &#8230; <a href=\"https:\/\/hsmi.london\/es\/actividades\/miembro-del-consejo-de-administracion-y-consultoria\/\">Continue reading &raquo;<\/a><\/p>\n","protected":false},"author":1669,"featured_media":4265,"parent":1016,"menu_order":0,"comment_status":"closed","ping_status":"closed","template":"","meta":{"inline_featured_image":false,"_exactmetrics_skip_tracking":false,"_exactmetrics_sitenote_active":false,"_exactmetrics_sitenote_note":"","_exactmetrics_sitenote_category":0,"footnotes":""},"class_list":["post-33246","page","type-page","status-publish","has-post-thumbnail","hentry"],"yoast_head":"<!-- This site is optimized with the Yoast SEO plugin v24.9 - https:\/\/yoast.com\/wordpress\/plugins\/seo\/ -->\n<title>Miembro del consejo de administraci\u00f3n y consultor\u00eda - HSMI<\/title>\n<meta name=\"robots\" content=\"index, follow, max-snippet:-1, max-image-preview:large, max-video-preview:-1\" \/>\n<link rel=\"canonical\" href=\"https:\/\/hsmi.london\/es\/actividades\/miembro-del-consejo-de-administracion-y-consultoria\/\" \/>\n<meta property=\"og:locale\" content=\"es_ES\" \/>\n<meta property=\"og:type\" content=\"article\" \/>\n<meta property=\"og:title\" content=\"Miembro del consejo de administraci\u00f3n y consultor\u00eda - HSMI\" \/>\n<meta property=\"og:description\" content=\"Un miembro de la Junta es un participante elegido en la junta directiva de una empresa o corporaci\u00f3n o en el comit\u00e9 de supervisi\u00f3n de una organizaci\u00f3n. La junta directiva de una empresa se define como el \u00f3rgano de gobierno encargado de las decisiones relacionadas con la empresa l\u00edder. Las decisiones clave para el cuerpo ... Continue reading &raquo;\" \/>\n<meta property=\"og:url\" content=\"https:\/\/hsmi.london\/es\/actividades\/miembro-del-consejo-de-administracion-y-consultoria\/\" \/>\n<meta property=\"og:site_name\" content=\"HSMI\" \/>\n<meta property=\"article:modified_time\" content=\"2022-07-26T04:31:08+00:00\" \/>\n<meta name=\"twitter:card\" content=\"summary_large_image\" \/>\n<meta name=\"twitter:label1\" content=\"Tiempo de lectura\" \/>\n\t<meta name=\"twitter:data1\" content=\"3 minutos\" \/>\n<script type=\"application\/ld+json\" class=\"yoast-schema-graph\">{\"@context\":\"https:\/\/schema.org\",\"@graph\":[{\"@type\":\"WebPage\",\"@id\":\"https:\/\/hsmi.london\/es\/actividades\/miembro-del-consejo-de-administracion-y-consultoria\/\",\"url\":\"https:\/\/hsmi.london\/es\/actividades\/miembro-del-consejo-de-administracion-y-consultoria\/\",\"name\":\"Miembro del consejo de administraci\u00f3n y consultor\u00eda - HSMI\",\"isPartOf\":{\"@id\":\"https:\/\/hsmi.london\/en\/#website\"},\"primaryImageOfPage\":{\"@id\":\"https:\/\/hsmi.london\/es\/actividades\/miembro-del-consejo-de-administracion-y-consultoria\/#primaryimage\"},\"image\":{\"@id\":\"https:\/\/hsmi.london\/es\/actividades\/miembro-del-consejo-de-administracion-y-consultoria\/#primaryimage\"},\"thumbnailUrl\":\"https:\/\/hsmi.london\/wp-content\/uploads\/2020\/04\/board.svg\",\"datePublished\":\"2021-12-24T04:06:50+00:00\",\"dateModified\":\"2022-07-26T04:31:08+00:00\",\"breadcrumb\":{\"@id\":\"https:\/\/hsmi.london\/es\/actividades\/miembro-del-consejo-de-administracion-y-consultoria\/#breadcrumb\"},\"inLanguage\":\"es\",\"potentialAction\":[{\"@type\":\"ReadAction\",\"target\":[\"https:\/\/hsmi.london\/es\/actividades\/miembro-del-consejo-de-administracion-y-consultoria\/\"]}]},{\"@type\":\"ImageObject\",\"inLanguage\":\"es\",\"@id\":\"https:\/\/hsmi.london\/es\/actividades\/miembro-del-consejo-de-administracion-y-consultoria\/#primaryimage\",\"url\":\"https:\/\/hsmi.london\/wp-content\/uploads\/2020\/04\/board.svg\",\"contentUrl\":\"https:\/\/hsmi.london\/wp-content\/uploads\/2020\/04\/board.svg\"},{\"@type\":\"BreadcrumbList\",\"@id\":\"https:\/\/hsmi.london\/es\/actividades\/miembro-del-consejo-de-administracion-y-consultoria\/#breadcrumb\",\"itemListElement\":[{\"@type\":\"ListItem\",\"position\":1,\"name\":\"Home\",\"item\":\"https:\/\/hsmi.london\/es\/\"},{\"@type\":\"ListItem\",\"position\":2,\"name\":\"Actividades\",\"item\":\"https:\/\/hsmi.london\/es\/actividades\/\"},{\"@type\":\"ListItem\",\"position\":3,\"name\":\"Miembro del consejo de administraci\u00f3n y consultor\u00eda\"}]},{\"@type\":\"WebSite\",\"@id\":\"https:\/\/hsmi.london\/en\/#website\",\"url\":\"https:\/\/hsmi.london\/en\/\",\"name\":\"HSMI\",\"description\":\"Corporate Advisory\",\"publisher\":{\"@id\":\"https:\/\/hsmi.london\/en\/#organization\"},\"potentialAction\":[{\"@type\":\"SearchAction\",\"target\":{\"@type\":\"EntryPoint\",\"urlTemplate\":\"https:\/\/hsmi.london\/en\/?s={search_term_string}\"},\"query-input\":{\"@type\":\"PropertyValueSpecification\",\"valueRequired\":true,\"valueName\":\"search_term_string\"}}],\"inLanguage\":\"es\"},{\"@type\":\"Organization\",\"@id\":\"https:\/\/hsmi.london\/en\/#organization\",\"name\":\"H.S.M.I. Ltd\",\"url\":\"https:\/\/hsmi.london\/en\/\",\"logo\":{\"@type\":\"ImageObject\",\"inLanguage\":\"es\",\"@id\":\"https:\/\/hsmi.london\/en\/#\/schema\/logo\/image\/\",\"url\":\"https:\/\/staging.hsmi.london\/wp-content\/uploads\/2020\/04\/logo-hsmi-s.png\",\"contentUrl\":\"https:\/\/staging.hsmi.london\/wp-content\/uploads\/2020\/04\/logo-hsmi-s.png\",\"width\":280,\"height\":82,\"caption\":\"H.S.M.I. Ltd\"},\"image\":{\"@id\":\"https:\/\/hsmi.london\/en\/#\/schema\/logo\/image\/\"},\"sameAs\":[\"https:\/\/www.linkedin.com\/company\/hsmi-ltd\/\"]}]}<\/script>\n<!-- \/ Yoast SEO plugin. -->","yoast_head_json":{"title":"Miembro del consejo de administraci\u00f3n y consultor\u00eda - HSMI","robots":{"index":"index","follow":"follow","max-snippet":"max-snippet:-1","max-image-preview":"max-image-preview:large","max-video-preview":"max-video-preview:-1"},"canonical":"https:\/\/hsmi.london\/es\/actividades\/miembro-del-consejo-de-administracion-y-consultoria\/","og_locale":"es_ES","og_type":"article","og_title":"Miembro del consejo de administraci\u00f3n y consultor\u00eda - HSMI","og_description":"Un miembro de la Junta es un participante elegido en la junta directiva de una empresa o corporaci\u00f3n o en el comit\u00e9 de supervisi\u00f3n de una organizaci\u00f3n. La junta directiva de una empresa se define como el \u00f3rgano de gobierno encargado de las decisiones relacionadas con la empresa l\u00edder. Las decisiones clave para el cuerpo ... Continue reading &raquo;","og_url":"https:\/\/hsmi.london\/es\/actividades\/miembro-del-consejo-de-administracion-y-consultoria\/","og_site_name":"HSMI","article_modified_time":"2022-07-26T04:31:08+00:00","twitter_card":"summary_large_image","twitter_misc":{"Tiempo de lectura":"3 minutos"},"schema":{"@context":"https:\/\/schema.org","@graph":[{"@type":"WebPage","@id":"https:\/\/hsmi.london\/es\/actividades\/miembro-del-consejo-de-administracion-y-consultoria\/","url":"https:\/\/hsmi.london\/es\/actividades\/miembro-del-consejo-de-administracion-y-consultoria\/","name":"Miembro del consejo de administraci\u00f3n y consultor\u00eda - HSMI","isPartOf":{"@id":"https:\/\/hsmi.london\/en\/#website"},"primaryImageOfPage":{"@id":"https:\/\/hsmi.london\/es\/actividades\/miembro-del-consejo-de-administracion-y-consultoria\/#primaryimage"},"image":{"@id":"https:\/\/hsmi.london\/es\/actividades\/miembro-del-consejo-de-administracion-y-consultoria\/#primaryimage"},"thumbnailUrl":"https:\/\/hsmi.london\/wp-content\/uploads\/2020\/04\/board.svg","datePublished":"2021-12-24T04:06:50+00:00","dateModified":"2022-07-26T04:31:08+00:00","breadcrumb":{"@id":"https:\/\/hsmi.london\/es\/actividades\/miembro-del-consejo-de-administracion-y-consultoria\/#breadcrumb"},"inLanguage":"es","potentialAction":[{"@type":"ReadAction","target":["https:\/\/hsmi.london\/es\/actividades\/miembro-del-consejo-de-administracion-y-consultoria\/"]}]},{"@type":"ImageObject","inLanguage":"es","@id":"https:\/\/hsmi.london\/es\/actividades\/miembro-del-consejo-de-administracion-y-consultoria\/#primaryimage","url":"https:\/\/hsmi.london\/wp-content\/uploads\/2020\/04\/board.svg","contentUrl":"https:\/\/hsmi.london\/wp-content\/uploads\/2020\/04\/board.svg"},{"@type":"BreadcrumbList","@id":"https:\/\/hsmi.london\/es\/actividades\/miembro-del-consejo-de-administracion-y-consultoria\/#breadcrumb","itemListElement":[{"@type":"ListItem","position":1,"name":"Home","item":"https:\/\/hsmi.london\/es\/"},{"@type":"ListItem","position":2,"name":"Actividades","item":"https:\/\/hsmi.london\/es\/actividades\/"},{"@type":"ListItem","position":3,"name":"Miembro del consejo de administraci\u00f3n y consultor\u00eda"}]},{"@type":"WebSite","@id":"https:\/\/hsmi.london\/en\/#website","url":"https:\/\/hsmi.london\/en\/","name":"HSMI","description":"Corporate Advisory","publisher":{"@id":"https:\/\/hsmi.london\/en\/#organization"},"potentialAction":[{"@type":"SearchAction","target":{"@type":"EntryPoint","urlTemplate":"https:\/\/hsmi.london\/en\/?s={search_term_string}"},"query-input":{"@type":"PropertyValueSpecification","valueRequired":true,"valueName":"search_term_string"}}],"inLanguage":"es"},{"@type":"Organization","@id":"https:\/\/hsmi.london\/en\/#organization","name":"H.S.M.I. Ltd","url":"https:\/\/hsmi.london\/en\/","logo":{"@type":"ImageObject","inLanguage":"es","@id":"https:\/\/hsmi.london\/en\/#\/schema\/logo\/image\/","url":"https:\/\/staging.hsmi.london\/wp-content\/uploads\/2020\/04\/logo-hsmi-s.png","contentUrl":"https:\/\/staging.hsmi.london\/wp-content\/uploads\/2020\/04\/logo-hsmi-s.png","width":280,"height":82,"caption":"H.S.M.I. Ltd"},"image":{"@id":"https:\/\/hsmi.london\/en\/#\/schema\/logo\/image\/"},"sameAs":["https:\/\/www.linkedin.com\/company\/hsmi-ltd\/"]}]}},"_links":{"self":[{"href":"https:\/\/hsmi.london\/es\/wp-json\/wp\/v2\/pages\/33246","targetHints":{"allow":["GET"]}}],"collection":[{"href":"https:\/\/hsmi.london\/es\/wp-json\/wp\/v2\/pages"}],"about":[{"href":"https:\/\/hsmi.london\/es\/wp-json\/wp\/v2\/types\/page"}],"author":[{"embeddable":true,"href":"https:\/\/hsmi.london\/es\/wp-json\/wp\/v2\/users\/1669"}],"replies":[{"embeddable":true,"href":"https:\/\/hsmi.london\/es\/wp-json\/wp\/v2\/comments?post=33246"}],"version-history":[{"count":2,"href":"https:\/\/hsmi.london\/es\/wp-json\/wp\/v2\/pages\/33246\/revisions"}],"predecessor-version":[{"id":33561,"href":"https:\/\/hsmi.london\/es\/wp-json\/wp\/v2\/pages\/33246\/revisions\/33561"}],"up":[{"embeddable":true,"href":"https:\/\/hsmi.london\/es\/wp-json\/wp\/v2\/pages\/1016"}],"wp:featuredmedia":[{"embeddable":true,"href":"https:\/\/hsmi.london\/es\/wp-json\/wp\/v2\/media\/4265"}],"wp:attachment":[{"href":"https:\/\/hsmi.london\/es\/wp-json\/wp\/v2\/media?parent=33246"}],"curies":[{"name":"wp","href":"https:\/\/api.w.org\/{rel}","templated":true}]}}