{"id":33215,"date":"2021-12-24T03:15:31","date_gmt":"2021-12-24T03:15:31","guid":{"rendered":"http:\/\/staging.hsmi.london\/actividades\/business-digital-transformation-2\/"},"modified":"2022-07-26T05:26:47","modified_gmt":"2022-07-26T04:26:47","slug":"transformacion-corporativa-digital","status":"publish","type":"page","link":"https:\/\/hsmi.london\/es\/actividades\/transformacion-corporativa-digital\/","title":{"rendered":"Transformaci\u00f3n corporativa digital"},"content":{"rendered":"<h4><strong>La digitalizaci\u00f3n es un t\u00e9rmino colectivo, en primer lugar, es el proceso de convertir informaci\u00f3n, generalmente del entorno natural a un formato digital (computarizado), ya que tambi\u00e9n es un t\u00e9rmino utilizado para la transferencia de procesos anal\u00f3gicos para salidas digitales m\u00e1s r\u00e1pidas y eficientes.<\/strong><\/h4>\n<p>El desaf\u00edo en cualquier desarrollo digital es crear un entorno \u00e1gil y emocionante que atraiga a los usuarios, les proporcione informaci\u00f3n m\u00e1s r\u00e1pidamente en una oficina o f\u00e1brica, limitando el n\u00famero de puntos de contacto y reduciendo el tiempo de procesamiento.<\/p>\n<h3><strong>\u00bfPOR QU\u00c9 ES TAN IMPORTANTE LA DIGITALIZACI\u00d3N?<\/strong><\/h3>\n<p>Mejora la eficiencia del proceso, la consistencia y la calidad de una empresa.<\/p>\n<ul>\n<li>Integra registros convencionales en un sistema digitalizado eliminando redundancias y acortando la cadena de comunicaciones.<\/li>\n<li>Mejora la accesibilidad y facilita un mejor intercambio de informaci\u00f3n para el personal y los usuarios.<\/li>\n<li>Mejora el tiempo de respuesta y el servicio al cliente en cualquier parte del mundo.<\/li>\n<li>Reduce los costos de operaci\u00f3n.<\/li>\n<li>Proporciona una mayor capacidad para aprovechar el an\u00e1lisis y los datos reales del usuario.<\/li>\n<li>Ayuda con la flexibilidad del personal y a reducir los gastos generales.<\/li>\n<li>Suministra planes de mejoramiento para la continuidad y el crecimiento del negocio.<\/li>\n<\/ul>\n<h3>\u00bfQU\u00c9 INDUSTRIAS HAN ADOPTADO BIEN LA DIGITALIZACI\u00d3N?<\/h3>\n<p><strong>Nosotros creemos que cualquier industria puede y debe volverse digital<\/strong>. Aqu\u00ed mostraremos tres de ellas que han sido unas de las principales y m\u00e1s exitosas participantes. Las industrias de los juegos de computadora y las pel\u00edculas son quiz\u00e1s los ejemplos m\u00e1s obvios de digitalizaci\u00f3n y refinamiento digital, construyendo entornos realistas e imaginativos para involucrar, evocar y emocionar al usuario, y cuando el \u201ctiempo es dinero\u201d, un cambio r\u00e1pido es esencial. Otro mercado digitalmente competitivo es la industria de los casinos en l\u00ednea, un excelente ejemplo de c\u00f3mo se transportan y digitalizan los entornos tipo Las Vegas de la vida real para brindarle al usuario una experiencia de usuario visualmente estimulante, emocionante y gratificante. La participaci\u00f3n es optimizada para mantener a los usuarios en el sitio el mayor tiempo posible, para as\u00ed, mejorar el juego, el disfrute y la lealtad. Este avance en los procesos digitales simplificados es f\u00e1cilmente identificable en los servicios al cliente, las selecciones de llamadas, la mensajer\u00eda instant\u00e1nea y mucho m\u00e1s. En un mercado tan competitivo, los servicios al cliente son fundamentales.<\/p>\n<h3><strong>ENTONCES, \u00bfCU\u00c1L ES EL APORTE DE LA DIGITALIZACI\u00d3N?<\/strong><\/h3>\n<p>Estas son tres de las industrias globales m\u00e1s grandes y populares que recaudan miles de millones anualmente, por lo tanto, \u00bfpodemos aprender lo suficiente de sus enfoques para lograr nuestra propia eficiencia digital, al menos en una escala menor?<\/p>\n<ol>\n<li>Intenta sobresalir: no se acerque a la digitalizaci\u00f3n con poco entusiasmo y trate de superar los l\u00edmites de su entorno digital. Realice las mejoras que le ahorran tiempo y dinero.<\/li>\n<li>Cuantos m\u00e1s eslabones en la cadena, m\u00e1s debilidad presenta durante el cambio econ\u00f3mico.<\/li>\n<li>Aseg\u00farese de que su pol\u00edtica de digitalizaci\u00f3n beneficie tanto al personal como a los clientes.<\/li>\n<li>Considere el uso de softwares para eliminar redundancias.<\/li>\n<li>Opere el negocio de la manera m\u00e1s simple y eficiente que pueda con su presupuesto.<\/li>\n<\/ol>\n<p>Los softwares pueden mejorar los procesos de datos, que normalmente podr\u00edan haber sido completados por un miembro del personal; beneficiando a su negocio al liberar m\u00e1s tiempo y finalmente eliminar el riesgo de error humano. Se utilizar\u00e1n muchas palabras t\u00e9cnicas de moda para describir la digitalizaci\u00f3n en hojas de ruta y presentaciones, pero en realidad, es un proceso bastante simple, se trata de ayudar a las empresas a ayudarse a s\u00ed mismas en una era digital m\u00e1s exigente.<\/p>\n<p>No hay duda alguna de\u00a0<strong>que la nube est\u00e1 irrumpiendo tanto en la vida empresarial como en la cotidiana<\/strong>. El alboroto relacionado con la nube involucra sus capacidades tecnol\u00f3gicas, los beneficios, ayuda a las empresas a trabajar de manera m\u00e1s inteligente, por lo que la adopci\u00f3n de la nube puede albergar una transformaci\u00f3n digital.<\/p>\n<p><strong><em>Nuestro servicio: Nuestro Equipo de expertos lo ayudar\u00e1 a incursionar en la Era Digital y Triunfar<\/em><\/strong><\/p>\n<style>\ndiv#custom_html-9 {\n    display: none;\n}\ndiv#custom_html-19 {\n    display: none;\n}\n<\/style>\n","protected":false},"excerpt":{"rendered":"<p>La digitalizaci\u00f3n es un t\u00e9rmino colectivo, en primer lugar, es el proceso de convertir informaci\u00f3n, generalmente del entorno natural a un formato digital (computarizado), ya que tambi\u00e9n es un t\u00e9rmino utilizado para la transferencia de procesos anal\u00f3gicos para salidas digitales m\u00e1s r\u00e1pidas y eficientes. El desaf\u00edo en cualquier desarrollo digital es crear un entorno \u00e1gil &#8230; <a href=\"https:\/\/hsmi.london\/es\/actividades\/transformacion-corporativa-digital\/\">Continue reading &raquo;<\/a><\/p>\n","protected":false},"author":1669,"featured_media":4286,"parent":1016,"menu_order":0,"comment_status":"closed","ping_status":"closed","template":"","meta":{"inline_featured_image":false,"_exactmetrics_skip_tracking":false,"_exactmetrics_sitenote_active":false,"_exactmetrics_sitenote_note":"","_exactmetrics_sitenote_category":0,"footnotes":""},"class_list":["post-33215","page","type-page","status-publish","has-post-thumbnail","hentry"],"yoast_head":"<!-- This site is optimized with the Yoast SEO plugin v24.9 - https:\/\/yoast.com\/wordpress\/plugins\/seo\/ -->\n<title>Transformaci\u00f3n corporativa digital - HSMI<\/title>\n<meta name=\"robots\" content=\"index, follow, max-snippet:-1, max-image-preview:large, max-video-preview:-1\" \/>\n<link rel=\"canonical\" href=\"https:\/\/hsmi.london\/es\/actividades\/transformacion-corporativa-digital\/\" \/>\n<meta property=\"og:locale\" content=\"es_ES\" \/>\n<meta property=\"og:type\" content=\"article\" \/>\n<meta property=\"og:title\" content=\"Transformaci\u00f3n corporativa digital - HSMI\" \/>\n<meta property=\"og:description\" content=\"La digitalizaci\u00f3n es un t\u00e9rmino colectivo, en primer lugar, es el proceso de convertir informaci\u00f3n, generalmente del entorno natural a un formato digital (computarizado), ya que tambi\u00e9n es un t\u00e9rmino utilizado para la transferencia de procesos anal\u00f3gicos para salidas digitales m\u00e1s r\u00e1pidas y eficientes. El desaf\u00edo en cualquier desarrollo digital es crear un entorno \u00e1gil ... Continue reading &raquo;\" \/>\n<meta property=\"og:url\" content=\"https:\/\/hsmi.london\/es\/actividades\/transformacion-corporativa-digital\/\" \/>\n<meta property=\"og:site_name\" content=\"HSMI\" \/>\n<meta property=\"article:modified_time\" content=\"2022-07-26T04:26:47+00:00\" \/>\n<meta name=\"twitter:card\" content=\"summary_large_image\" \/>\n<meta name=\"twitter:label1\" content=\"Tiempo de lectura\" \/>\n\t<meta name=\"twitter:data1\" content=\"4 minutos\" \/>\n<script type=\"application\/ld+json\" class=\"yoast-schema-graph\">{\"@context\":\"https:\/\/schema.org\",\"@graph\":[{\"@type\":\"WebPage\",\"@id\":\"https:\/\/hsmi.london\/es\/actividades\/transformacion-corporativa-digital\/\",\"url\":\"https:\/\/hsmi.london\/es\/actividades\/transformacion-corporativa-digital\/\",\"name\":\"Transformaci\u00f3n corporativa digital - HSMI\",\"isPartOf\":{\"@id\":\"https:\/\/hsmi.london\/en\/#website\"},\"primaryImageOfPage\":{\"@id\":\"https:\/\/hsmi.london\/es\/actividades\/transformacion-corporativa-digital\/#primaryimage\"},\"image\":{\"@id\":\"https:\/\/hsmi.london\/es\/actividades\/transformacion-corporativa-digital\/#primaryimage\"},\"thumbnailUrl\":\"https:\/\/hsmi.london\/wp-content\/uploads\/2020\/04\/digital.svg\",\"datePublished\":\"2021-12-24T03:15:31+00:00\",\"dateModified\":\"2022-07-26T04:26:47+00:00\",\"breadcrumb\":{\"@id\":\"https:\/\/hsmi.london\/es\/actividades\/transformacion-corporativa-digital\/#breadcrumb\"},\"inLanguage\":\"es\",\"potentialAction\":[{\"@type\":\"ReadAction\",\"target\":[\"https:\/\/hsmi.london\/es\/actividades\/transformacion-corporativa-digital\/\"]}]},{\"@type\":\"ImageObject\",\"inLanguage\":\"es\",\"@id\":\"https:\/\/hsmi.london\/es\/actividades\/transformacion-corporativa-digital\/#primaryimage\",\"url\":\"https:\/\/hsmi.london\/wp-content\/uploads\/2020\/04\/digital.svg\",\"contentUrl\":\"https:\/\/hsmi.london\/wp-content\/uploads\/2020\/04\/digital.svg\"},{\"@type\":\"BreadcrumbList\",\"@id\":\"https:\/\/hsmi.london\/es\/actividades\/transformacion-corporativa-digital\/#breadcrumb\",\"itemListElement\":[{\"@type\":\"ListItem\",\"position\":1,\"name\":\"Home\",\"item\":\"https:\/\/hsmi.london\/es\/\"},{\"@type\":\"ListItem\",\"position\":2,\"name\":\"Actividades\",\"item\":\"https:\/\/hsmi.london\/es\/actividades\/\"},{\"@type\":\"ListItem\",\"position\":3,\"name\":\"Transformaci\u00f3n corporativa digital\"}]},{\"@type\":\"WebSite\",\"@id\":\"https:\/\/hsmi.london\/en\/#website\",\"url\":\"https:\/\/hsmi.london\/en\/\",\"name\":\"HSMI\",\"description\":\"Corporate Advisory\",\"publisher\":{\"@id\":\"https:\/\/hsmi.london\/en\/#organization\"},\"potentialAction\":[{\"@type\":\"SearchAction\",\"target\":{\"@type\":\"EntryPoint\",\"urlTemplate\":\"https:\/\/hsmi.london\/en\/?s={search_term_string}\"},\"query-input\":{\"@type\":\"PropertyValueSpecification\",\"valueRequired\":true,\"valueName\":\"search_term_string\"}}],\"inLanguage\":\"es\"},{\"@type\":\"Organization\",\"@id\":\"https:\/\/hsmi.london\/en\/#organization\",\"name\":\"H.S.M.I. Ltd\",\"url\":\"https:\/\/hsmi.london\/en\/\",\"logo\":{\"@type\":\"ImageObject\",\"inLanguage\":\"es\",\"@id\":\"https:\/\/hsmi.london\/en\/#\/schema\/logo\/image\/\",\"url\":\"https:\/\/staging.hsmi.london\/wp-content\/uploads\/2020\/04\/logo-hsmi-s.png\",\"contentUrl\":\"https:\/\/staging.hsmi.london\/wp-content\/uploads\/2020\/04\/logo-hsmi-s.png\",\"width\":280,\"height\":82,\"caption\":\"H.S.M.I. Ltd\"},\"image\":{\"@id\":\"https:\/\/hsmi.london\/en\/#\/schema\/logo\/image\/\"},\"sameAs\":[\"https:\/\/www.linkedin.com\/company\/hsmi-ltd\/\"]}]}<\/script>\n<!-- \/ Yoast SEO plugin. -->","yoast_head_json":{"title":"Transformaci\u00f3n corporativa digital - HSMI","robots":{"index":"index","follow":"follow","max-snippet":"max-snippet:-1","max-image-preview":"max-image-preview:large","max-video-preview":"max-video-preview:-1"},"canonical":"https:\/\/hsmi.london\/es\/actividades\/transformacion-corporativa-digital\/","og_locale":"es_ES","og_type":"article","og_title":"Transformaci\u00f3n corporativa digital - HSMI","og_description":"La digitalizaci\u00f3n es un t\u00e9rmino colectivo, en primer lugar, es el proceso de convertir informaci\u00f3n, generalmente del entorno natural a un formato digital (computarizado), ya que tambi\u00e9n es un t\u00e9rmino utilizado para la transferencia de procesos anal\u00f3gicos para salidas digitales m\u00e1s r\u00e1pidas y eficientes. El desaf\u00edo en cualquier desarrollo digital es crear un entorno \u00e1gil ... Continue reading &raquo;","og_url":"https:\/\/hsmi.london\/es\/actividades\/transformacion-corporativa-digital\/","og_site_name":"HSMI","article_modified_time":"2022-07-26T04:26:47+00:00","twitter_card":"summary_large_image","twitter_misc":{"Tiempo de lectura":"4 minutos"},"schema":{"@context":"https:\/\/schema.org","@graph":[{"@type":"WebPage","@id":"https:\/\/hsmi.london\/es\/actividades\/transformacion-corporativa-digital\/","url":"https:\/\/hsmi.london\/es\/actividades\/transformacion-corporativa-digital\/","name":"Transformaci\u00f3n corporativa digital - HSMI","isPartOf":{"@id":"https:\/\/hsmi.london\/en\/#website"},"primaryImageOfPage":{"@id":"https:\/\/hsmi.london\/es\/actividades\/transformacion-corporativa-digital\/#primaryimage"},"image":{"@id":"https:\/\/hsmi.london\/es\/actividades\/transformacion-corporativa-digital\/#primaryimage"},"thumbnailUrl":"https:\/\/hsmi.london\/wp-content\/uploads\/2020\/04\/digital.svg","datePublished":"2021-12-24T03:15:31+00:00","dateModified":"2022-07-26T04:26:47+00:00","breadcrumb":{"@id":"https:\/\/hsmi.london\/es\/actividades\/transformacion-corporativa-digital\/#breadcrumb"},"inLanguage":"es","potentialAction":[{"@type":"ReadAction","target":["https:\/\/hsmi.london\/es\/actividades\/transformacion-corporativa-digital\/"]}]},{"@type":"ImageObject","inLanguage":"es","@id":"https:\/\/hsmi.london\/es\/actividades\/transformacion-corporativa-digital\/#primaryimage","url":"https:\/\/hsmi.london\/wp-content\/uploads\/2020\/04\/digital.svg","contentUrl":"https:\/\/hsmi.london\/wp-content\/uploads\/2020\/04\/digital.svg"},{"@type":"BreadcrumbList","@id":"https:\/\/hsmi.london\/es\/actividades\/transformacion-corporativa-digital\/#breadcrumb","itemListElement":[{"@type":"ListItem","position":1,"name":"Home","item":"https:\/\/hsmi.london\/es\/"},{"@type":"ListItem","position":2,"name":"Actividades","item":"https:\/\/hsmi.london\/es\/actividades\/"},{"@type":"ListItem","position":3,"name":"Transformaci\u00f3n corporativa digital"}]},{"@type":"WebSite","@id":"https:\/\/hsmi.london\/en\/#website","url":"https:\/\/hsmi.london\/en\/","name":"HSMI","description":"Corporate Advisory","publisher":{"@id":"https:\/\/hsmi.london\/en\/#organization"},"potentialAction":[{"@type":"SearchAction","target":{"@type":"EntryPoint","urlTemplate":"https:\/\/hsmi.london\/en\/?s={search_term_string}"},"query-input":{"@type":"PropertyValueSpecification","valueRequired":true,"valueName":"search_term_string"}}],"inLanguage":"es"},{"@type":"Organization","@id":"https:\/\/hsmi.london\/en\/#organization","name":"H.S.M.I. Ltd","url":"https:\/\/hsmi.london\/en\/","logo":{"@type":"ImageObject","inLanguage":"es","@id":"https:\/\/hsmi.london\/en\/#\/schema\/logo\/image\/","url":"https:\/\/staging.hsmi.london\/wp-content\/uploads\/2020\/04\/logo-hsmi-s.png","contentUrl":"https:\/\/staging.hsmi.london\/wp-content\/uploads\/2020\/04\/logo-hsmi-s.png","width":280,"height":82,"caption":"H.S.M.I. Ltd"},"image":{"@id":"https:\/\/hsmi.london\/en\/#\/schema\/logo\/image\/"},"sameAs":["https:\/\/www.linkedin.com\/company\/hsmi-ltd\/"]}]}},"_links":{"self":[{"href":"https:\/\/hsmi.london\/es\/wp-json\/wp\/v2\/pages\/33215","targetHints":{"allow":["GET"]}}],"collection":[{"href":"https:\/\/hsmi.london\/es\/wp-json\/wp\/v2\/pages"}],"about":[{"href":"https:\/\/hsmi.london\/es\/wp-json\/wp\/v2\/types\/page"}],"author":[{"embeddable":true,"href":"https:\/\/hsmi.london\/es\/wp-json\/wp\/v2\/users\/1669"}],"replies":[{"embeddable":true,"href":"https:\/\/hsmi.london\/es\/wp-json\/wp\/v2\/comments?post=33215"}],"version-history":[{"count":2,"href":"https:\/\/hsmi.london\/es\/wp-json\/wp\/v2\/pages\/33215\/revisions"}],"predecessor-version":[{"id":33554,"href":"https:\/\/hsmi.london\/es\/wp-json\/wp\/v2\/pages\/33215\/revisions\/33554"}],"up":[{"embeddable":true,"href":"https:\/\/hsmi.london\/es\/wp-json\/wp\/v2\/pages\/1016"}],"wp:featuredmedia":[{"embeddable":true,"href":"https:\/\/hsmi.london\/es\/wp-json\/wp\/v2\/media\/4286"}],"wp:attachment":[{"href":"https:\/\/hsmi.london\/es\/wp-json\/wp\/v2\/media?parent=33215"}],"curies":[{"name":"wp","href":"https:\/\/api.w.org\/{rel}","templated":true}]}}