{"id":33199,"date":"2021-12-24T02:55:04","date_gmt":"2021-12-24T02:55:04","guid":{"rendered":"http:\/\/staging.hsmi.london\/actividades\/corporate-restructuring-2\/"},"modified":"2022-07-26T05:19:43","modified_gmt":"2022-07-26T04:19:43","slug":"reestructuracion-corporativa","status":"publish","type":"page","link":"https:\/\/hsmi.london\/es\/actividades\/reestructuracion-corporativa\/","title":{"rendered":"Reestructuraci\u00f3n Corporativa"},"content":{"rendered":"<p>Los cambios continuos y profundos en el mercado en que se desarrolla la actividad empresarial hoy en d\u00eda, a veces determinaran diferencias considerables entre las expectativas de negocios y los resultados alcanzados.<\/p>\n<p>La capacidad de predecir y reaccionar ante factores de dinamismo, asume una importancia vital para mantener o crear, en tiempos de crisis, una ventaja competitiva, en condiciones de riesgo aceptables.<\/p>\n<p><strong>La Reestructuraci\u00f3n corporativa<\/strong>\u00a0se convierte, en este contexto, en un proceso continuo que \u00abvive\u00bb dentro de compa\u00f1\u00edas saludables y que no debe aceptarse como un evento \u00fanico, dirigido solamente a resolver el problema, sino como un proceso de negocios real, siempre en constante evoluci\u00f3n, conducente a prevenir cualquier posible mal que pueda afectar la vida y el desempe\u00f1o de la compa\u00f1\u00eda.<\/p>\n<p><strong><em>\u201cLa reestructuraci\u00f3n no deber\u00eda ser un evento \u00fanico, sino un proceso en curso\u201d<\/em><\/strong>\u2013<em>\u00a0Milton Rock<\/em>\u00a0\u2013<\/p>\n<p><strong>La H.S.M.I. Ltd<\/strong>, gracias al alto profesionalismo y la competencia de sus consultores, interviene en las fases de\u00a0<strong>Reorganizaci\u00f3n y Reestructuraci\u00f3n Comercial,<\/strong>\u00a0para tomar importantes decisiones de gesti\u00f3n, orientadas a la reorganizaci\u00f3n corporativa y la reestructuraci\u00f3n de deuda:<\/p>\n<ul>\n<li>Operaciones de Reestructuraci\u00f3n Corporativa en una situaci\u00f3n de crisis (Operaciones de Reorganizaci\u00f3n).<\/li>\n<li>Operaciones de Reorganizaci\u00f3n Corporativa con fines estrat\u00e9gicos.<\/li>\n<li>Operaciones de Reorganizaci\u00f3n Corporativa con fines operacionales.<\/li>\n<\/ul>\n<p>En un contexto econ\u00f3mico cada vez m\u00e1s complejo y competitivo, se vuelve fundamental y prioritario perseguir objetivos a mediano y largo plazo, que aumenten y maximicen el\u00a0<strong>Valor de la Compa\u00f1\u00eda<\/strong>\u00a0a trav\u00e9s del monitoreo constante del<strong>\u00a0Mercado y la Administraci\u00f3n Interna<\/strong>, y a trav\u00e9s de\u00a0<strong>Pol\u00edticas y Procesos<\/strong>\u00a0que anticipan la\u00a0<strong>Reestructuraci\u00f3n<\/strong>\u00a0de la\u00a0<strong>Compa\u00f1\u00eda<\/strong>, garantizando una mayor eficiencia y competitividad, y protegi\u00e9ndolo de posibles turbulencias econ\u00f3micas y de mercado<\/p>\n<style>\ndiv#custom_html-9 {\n    display: none;\n}\ndiv#custom_html-19 {\n    display: none;\n}\n<\/style>\n","protected":false},"excerpt":{"rendered":"<p>Los cambios continuos y profundos en el mercado en que se desarrolla la actividad empresarial hoy en d\u00eda, a veces determinaran diferencias considerables entre las expectativas de negocios y los resultados alcanzados. La capacidad de predecir y reaccionar ante factores de dinamismo, asume una importancia vital para mantener o crear, en tiempos de crisis, una &#8230; <a href=\"https:\/\/hsmi.london\/es\/actividades\/reestructuracion-corporativa\/\">Continue reading &raquo;<\/a><\/p>\n","protected":false},"author":1669,"featured_media":1036,"parent":1016,"menu_order":0,"comment_status":"closed","ping_status":"closed","template":"","meta":{"inline_featured_image":false,"_exactmetrics_skip_tracking":false,"_exactmetrics_sitenote_active":false,"_exactmetrics_sitenote_note":"","_exactmetrics_sitenote_category":0,"footnotes":""},"class_list":["post-33199","page","type-page","status-publish","has-post-thumbnail","hentry"],"yoast_head":"<!-- This site is optimized with the Yoast SEO plugin v24.9 - https:\/\/yoast.com\/wordpress\/plugins\/seo\/ -->\n<title>Reestructuraci\u00f3n Corporativa - HSMI<\/title>\n<meta name=\"robots\" content=\"index, follow, max-snippet:-1, max-image-preview:large, max-video-preview:-1\" \/>\n<link rel=\"canonical\" href=\"https:\/\/hsmi.london\/es\/actividades\/reestructuracion-corporativa\/\" \/>\n<meta property=\"og:locale\" content=\"es_ES\" \/>\n<meta property=\"og:type\" content=\"article\" \/>\n<meta property=\"og:title\" content=\"Reestructuraci\u00f3n Corporativa - HSMI\" \/>\n<meta property=\"og:description\" content=\"Los cambios continuos y profundos en el mercado en que se desarrolla la actividad empresarial hoy en d\u00eda, a veces determinaran diferencias considerables entre las expectativas de negocios y los resultados alcanzados. La capacidad de predecir y reaccionar ante factores de dinamismo, asume una importancia vital para mantener o crear, en tiempos de crisis, una ... Continue reading &raquo;\" \/>\n<meta property=\"og:url\" content=\"https:\/\/hsmi.london\/es\/actividades\/reestructuracion-corporativa\/\" \/>\n<meta property=\"og:site_name\" content=\"HSMI\" \/>\n<meta property=\"article:modified_time\" content=\"2022-07-26T04:19:43+00:00\" \/>\n<meta name=\"twitter:card\" content=\"summary_large_image\" \/>\n<meta name=\"twitter:label1\" content=\"Tiempo de lectura\" \/>\n\t<meta name=\"twitter:data1\" content=\"2 minutos\" \/>\n<script type=\"application\/ld+json\" class=\"yoast-schema-graph\">{\"@context\":\"https:\/\/schema.org\",\"@graph\":[{\"@type\":\"WebPage\",\"@id\":\"https:\/\/hsmi.london\/es\/actividades\/reestructuracion-corporativa\/\",\"url\":\"https:\/\/hsmi.london\/es\/actividades\/reestructuracion-corporativa\/\",\"name\":\"Reestructuraci\u00f3n Corporativa - HSMI\",\"isPartOf\":{\"@id\":\"https:\/\/hsmi.london\/en\/#website\"},\"primaryImageOfPage\":{\"@id\":\"https:\/\/hsmi.london\/es\/actividades\/reestructuracion-corporativa\/#primaryimage\"},\"image\":{\"@id\":\"https:\/\/hsmi.london\/es\/actividades\/reestructuracion-corporativa\/#primaryimage\"},\"thumbnailUrl\":\"https:\/\/hsmi.london\/wp-content\/uploads\/2015\/04\/corporate.svg\",\"datePublished\":\"2021-12-24T02:55:04+00:00\",\"dateModified\":\"2022-07-26T04:19:43+00:00\",\"breadcrumb\":{\"@id\":\"https:\/\/hsmi.london\/es\/actividades\/reestructuracion-corporativa\/#breadcrumb\"},\"inLanguage\":\"es\",\"potentialAction\":[{\"@type\":\"ReadAction\",\"target\":[\"https:\/\/hsmi.london\/es\/actividades\/reestructuracion-corporativa\/\"]}]},{\"@type\":\"ImageObject\",\"inLanguage\":\"es\",\"@id\":\"https:\/\/hsmi.london\/es\/actividades\/reestructuracion-corporativa\/#primaryimage\",\"url\":\"https:\/\/hsmi.london\/wp-content\/uploads\/2015\/04\/corporate.svg\",\"contentUrl\":\"https:\/\/hsmi.london\/wp-content\/uploads\/2015\/04\/corporate.svg\"},{\"@type\":\"BreadcrumbList\",\"@id\":\"https:\/\/hsmi.london\/es\/actividades\/reestructuracion-corporativa\/#breadcrumb\",\"itemListElement\":[{\"@type\":\"ListItem\",\"position\":1,\"name\":\"Home\",\"item\":\"https:\/\/hsmi.london\/es\/\"},{\"@type\":\"ListItem\",\"position\":2,\"name\":\"Actividades\",\"item\":\"https:\/\/hsmi.london\/es\/actividades\/\"},{\"@type\":\"ListItem\",\"position\":3,\"name\":\"Reestructuraci\u00f3n Corporativa\"}]},{\"@type\":\"WebSite\",\"@id\":\"https:\/\/hsmi.london\/en\/#website\",\"url\":\"https:\/\/hsmi.london\/en\/\",\"name\":\"HSMI\",\"description\":\"Corporate Advisory\",\"publisher\":{\"@id\":\"https:\/\/hsmi.london\/en\/#organization\"},\"potentialAction\":[{\"@type\":\"SearchAction\",\"target\":{\"@type\":\"EntryPoint\",\"urlTemplate\":\"https:\/\/hsmi.london\/en\/?s={search_term_string}\"},\"query-input\":{\"@type\":\"PropertyValueSpecification\",\"valueRequired\":true,\"valueName\":\"search_term_string\"}}],\"inLanguage\":\"es\"},{\"@type\":\"Organization\",\"@id\":\"https:\/\/hsmi.london\/en\/#organization\",\"name\":\"H.S.M.I. Ltd\",\"url\":\"https:\/\/hsmi.london\/en\/\",\"logo\":{\"@type\":\"ImageObject\",\"inLanguage\":\"es\",\"@id\":\"https:\/\/hsmi.london\/en\/#\/schema\/logo\/image\/\",\"url\":\"https:\/\/staging.hsmi.london\/wp-content\/uploads\/2020\/04\/logo-hsmi-s.png\",\"contentUrl\":\"https:\/\/staging.hsmi.london\/wp-content\/uploads\/2020\/04\/logo-hsmi-s.png\",\"width\":280,\"height\":82,\"caption\":\"H.S.M.I. Ltd\"},\"image\":{\"@id\":\"https:\/\/hsmi.london\/en\/#\/schema\/logo\/image\/\"},\"sameAs\":[\"https:\/\/www.linkedin.com\/company\/hsmi-ltd\/\"]}]}<\/script>\n<!-- \/ Yoast SEO plugin. -->","yoast_head_json":{"title":"Reestructuraci\u00f3n Corporativa - HSMI","robots":{"index":"index","follow":"follow","max-snippet":"max-snippet:-1","max-image-preview":"max-image-preview:large","max-video-preview":"max-video-preview:-1"},"canonical":"https:\/\/hsmi.london\/es\/actividades\/reestructuracion-corporativa\/","og_locale":"es_ES","og_type":"article","og_title":"Reestructuraci\u00f3n Corporativa - HSMI","og_description":"Los cambios continuos y profundos en el mercado en que se desarrolla la actividad empresarial hoy en d\u00eda, a veces determinaran diferencias considerables entre las expectativas de negocios y los resultados alcanzados. La capacidad de predecir y reaccionar ante factores de dinamismo, asume una importancia vital para mantener o crear, en tiempos de crisis, una ... Continue reading &raquo;","og_url":"https:\/\/hsmi.london\/es\/actividades\/reestructuracion-corporativa\/","og_site_name":"HSMI","article_modified_time":"2022-07-26T04:19:43+00:00","twitter_card":"summary_large_image","twitter_misc":{"Tiempo de lectura":"2 minutos"},"schema":{"@context":"https:\/\/schema.org","@graph":[{"@type":"WebPage","@id":"https:\/\/hsmi.london\/es\/actividades\/reestructuracion-corporativa\/","url":"https:\/\/hsmi.london\/es\/actividades\/reestructuracion-corporativa\/","name":"Reestructuraci\u00f3n Corporativa - HSMI","isPartOf":{"@id":"https:\/\/hsmi.london\/en\/#website"},"primaryImageOfPage":{"@id":"https:\/\/hsmi.london\/es\/actividades\/reestructuracion-corporativa\/#primaryimage"},"image":{"@id":"https:\/\/hsmi.london\/es\/actividades\/reestructuracion-corporativa\/#primaryimage"},"thumbnailUrl":"https:\/\/hsmi.london\/wp-content\/uploads\/2015\/04\/corporate.svg","datePublished":"2021-12-24T02:55:04+00:00","dateModified":"2022-07-26T04:19:43+00:00","breadcrumb":{"@id":"https:\/\/hsmi.london\/es\/actividades\/reestructuracion-corporativa\/#breadcrumb"},"inLanguage":"es","potentialAction":[{"@type":"ReadAction","target":["https:\/\/hsmi.london\/es\/actividades\/reestructuracion-corporativa\/"]}]},{"@type":"ImageObject","inLanguage":"es","@id":"https:\/\/hsmi.london\/es\/actividades\/reestructuracion-corporativa\/#primaryimage","url":"https:\/\/hsmi.london\/wp-content\/uploads\/2015\/04\/corporate.svg","contentUrl":"https:\/\/hsmi.london\/wp-content\/uploads\/2015\/04\/corporate.svg"},{"@type":"BreadcrumbList","@id":"https:\/\/hsmi.london\/es\/actividades\/reestructuracion-corporativa\/#breadcrumb","itemListElement":[{"@type":"ListItem","position":1,"name":"Home","item":"https:\/\/hsmi.london\/es\/"},{"@type":"ListItem","position":2,"name":"Actividades","item":"https:\/\/hsmi.london\/es\/actividades\/"},{"@type":"ListItem","position":3,"name":"Reestructuraci\u00f3n Corporativa"}]},{"@type":"WebSite","@id":"https:\/\/hsmi.london\/en\/#website","url":"https:\/\/hsmi.london\/en\/","name":"HSMI","description":"Corporate Advisory","publisher":{"@id":"https:\/\/hsmi.london\/en\/#organization"},"potentialAction":[{"@type":"SearchAction","target":{"@type":"EntryPoint","urlTemplate":"https:\/\/hsmi.london\/en\/?s={search_term_string}"},"query-input":{"@type":"PropertyValueSpecification","valueRequired":true,"valueName":"search_term_string"}}],"inLanguage":"es"},{"@type":"Organization","@id":"https:\/\/hsmi.london\/en\/#organization","name":"H.S.M.I. Ltd","url":"https:\/\/hsmi.london\/en\/","logo":{"@type":"ImageObject","inLanguage":"es","@id":"https:\/\/hsmi.london\/en\/#\/schema\/logo\/image\/","url":"https:\/\/staging.hsmi.london\/wp-content\/uploads\/2020\/04\/logo-hsmi-s.png","contentUrl":"https:\/\/staging.hsmi.london\/wp-content\/uploads\/2020\/04\/logo-hsmi-s.png","width":280,"height":82,"caption":"H.S.M.I. Ltd"},"image":{"@id":"https:\/\/hsmi.london\/en\/#\/schema\/logo\/image\/"},"sameAs":["https:\/\/www.linkedin.com\/company\/hsmi-ltd\/"]}]}},"_links":{"self":[{"href":"https:\/\/hsmi.london\/es\/wp-json\/wp\/v2\/pages\/33199","targetHints":{"allow":["GET"]}}],"collection":[{"href":"https:\/\/hsmi.london\/es\/wp-json\/wp\/v2\/pages"}],"about":[{"href":"https:\/\/hsmi.london\/es\/wp-json\/wp\/v2\/types\/page"}],"author":[{"embeddable":true,"href":"https:\/\/hsmi.london\/es\/wp-json\/wp\/v2\/users\/1669"}],"replies":[{"embeddable":true,"href":"https:\/\/hsmi.london\/es\/wp-json\/wp\/v2\/comments?post=33199"}],"version-history":[{"count":2,"href":"https:\/\/hsmi.london\/es\/wp-json\/wp\/v2\/pages\/33199\/revisions"}],"predecessor-version":[{"id":33548,"href":"https:\/\/hsmi.london\/es\/wp-json\/wp\/v2\/pages\/33199\/revisions\/33548"}],"up":[{"embeddable":true,"href":"https:\/\/hsmi.london\/es\/wp-json\/wp\/v2\/pages\/1016"}],"wp:featuredmedia":[{"embeddable":true,"href":"https:\/\/hsmi.london\/es\/wp-json\/wp\/v2\/media\/1036"}],"wp:attachment":[{"href":"https:\/\/hsmi.london\/es\/wp-json\/wp\/v2\/media?parent=33199"}],"curies":[{"name":"wp","href":"https:\/\/api.w.org\/{rel}","templated":true}]}}