{"id":33180,"date":"2021-12-23T09:10:36","date_gmt":"2021-12-23T09:10:36","guid":{"rendered":"http:\/\/staging.hsmi.london\/actividades\/ma-merger-acquisition-2\/"},"modified":"2022-07-26T05:18:12","modified_gmt":"2022-07-26T04:18:12","slug":"ma-fusion-y-adquisicion","status":"publish","type":"page","link":"https:\/\/hsmi.london\/es\/actividades\/ma-fusion-y-adquisicion\/","title":{"rendered":"M&#038;A (Fusi\u00f3n y Adquisici\u00f3n)"},"content":{"rendered":"\r\n<p>Este t\u00e9rmino se refiere a todas aquellas operaciones financieras extraordinarias que dan lugar a la fusi\u00f3n de dos o m\u00e1s empresas. La fusi\u00f3n es la fusi\u00f3n real y con esta operaci\u00f3n, las empresas que se fusionan dejan de existir legalmente para fusionar sus activos en una nueva empresa. La adquisici\u00f3n es una forma de fusi\u00f3n por incorporaci\u00f3n en la que una empresa (la empresa adquirente) mantiene su identidad legal anexando otras empresas que dejan de existir; en este caso, por tanto, no nace una nueva empresa.<\/p>\r\n\r\n\r\n\r\n<p>Las operaciones de fusiones y adquisiciones se encuentran entre las formas de crecimiento de las empresas externas, lo que les permite alcanzar la masa cr\u00edtica necesaria para operar en m\u00faltiples mercados, sectoriales o geogr\u00e1ficos, y lograr econom\u00edas de escala y alcance.<\/p>\r\n\r\n\r\n\r\n<p>La actividad de M&amp;A consiste en un servicio de consultor\u00eda a empresas y emprendedores, para dise\u00f1ar y perseguir procesos de crecimiento externo de las empresas y definir la estructura de grupos corporativos durante los procesos de desarrollo empresarial o en relaci\u00f3n a cambios en la estructura de propiedad.<\/p>\r\n\r\n\r\n\r\n<p>En este proceso, nuestro servicio de consultor\u00eda se logra a trav\u00e9s de:<\/p>\r\n\r\n\r\n\r\n<ul class=\"wp-block-list\">\r\n<li>b\u00fasqueda de socios industriales o financieros para el emprendedor;<\/li>\r\n<li>coordinaci\u00f3n de la operaci\u00f3n e identificaci\u00f3n de riesgos y m\u00e9todos de gesti\u00f3n;<\/li>\r\n<li>la definici\u00f3n de una estrategia adecuada de adquisici\u00f3n, fusi\u00f3n o venta;<\/li>\r\n<li>la firma del mandato para comprar o vender la empresa;<\/li>\r\n<li>la identificaci\u00f3n de los objetivos de precio \/ cambio y las contrapartes;<\/li>\r\n<li>Asistencia durante las negociaciones y en las etapas finales de la operaci\u00f3n.<\/li>\r\n<\/ul>\r\n\r\n\r\n\r\n<h3 class=\"wp-block-heading\">RAZONES ESTRAT\u00c9GICAS QUE LLEVAN A OPERACIONES DE M&amp;A<\/h3>\r\n\r\n\r\n\r\n<p><strong>Estrategia de liderazgo<\/strong><\/p>\r\n\r\n\r\n\r\n<p>Mediante una adecuada operaci\u00f3n de M&amp;A, la compa\u00f1\u00eda pretende lograr y consolidar su posici\u00f3n en el mercado.<\/p>\r\n\r\n\r\n\r\n<p><strong>Estrategia de crecimiento<\/strong><\/p>\r\n\r\n\r\n\r\n<p>A trav\u00e9s de esta operaci\u00f3n, la compa\u00f1\u00eda intenta acceder a nuevos mercados para implementar una l\u00f3gica de diversificaci\u00f3n sectorial o geogr\u00e1fica de su propio negocio.<\/p>\r\n\r\n\r\n\r\n<p><strong>Estrategia de racionalizaci\u00f3n<\/strong><\/p>\r\n\r\n\r\n\r\n<p>En este caso, el objetivo de la fusi\u00f3n o adquisici\u00f3n es aumentar los niveles de eficiencia de la empresa mediante la implementaci\u00f3n de operaciones de concentraci\u00f3n en el negocio principal o la integraci\u00f3n upstream y downstream de los procesos de producci\u00f3n.<\/p>\r\n\r\n\r\n\r\n<h3 class=\"wp-block-heading\">VENTAJAS<\/h3>\r\n\r\n\r\n\r\n<ul class=\"wp-block-list\">\r\n<li>optimizar el valor de la empresa y maximizar los beneficios,<\/li>\r\n<li>definir las mejores condiciones de compra para la empresa objetivo;<\/li>\r\n<li>Reducir el riesgo de transacciones inapropiadas, mediante estimaciones detalladas de rentabilidad y viabilidad de la operaci\u00f3n.<\/li>\r\n<\/ul>\r\n\r\n\r\n<style>\r\ndiv#custom_html-9 {\r\n    display: none;\r\n}\r\ndiv#custom_html-19 {\r\n    display: none;\r\n}\r\n<\/style>","protected":false},"excerpt":{"rendered":"<p>Este t\u00e9rmino se refiere a todas aquellas operaciones financieras extraordinarias que dan lugar a la fusi\u00f3n de dos o m\u00e1s empresas. La fusi\u00f3n es la fusi\u00f3n real y con esta operaci\u00f3n, las empresas que se fusionan dejan de existir legalmente para fusionar sus activos en una nueva empresa. La adquisici\u00f3n es una forma de fusi\u00f3n &#8230; <a href=\"https:\/\/hsmi.london\/es\/actividades\/ma-fusion-y-adquisicion\/\">Continue reading &raquo;<\/a><\/p>\n","protected":false},"author":1669,"featured_media":1030,"parent":1016,"menu_order":0,"comment_status":"closed","ping_status":"closed","template":"","meta":{"inline_featured_image":false,"_exactmetrics_skip_tracking":false,"_exactmetrics_sitenote_active":false,"_exactmetrics_sitenote_note":"","_exactmetrics_sitenote_category":0,"footnotes":""},"class_list":["post-33180","page","type-page","status-publish","has-post-thumbnail","hentry"],"yoast_head":"<!-- This site is optimized with the Yoast SEO plugin v24.9 - https:\/\/yoast.com\/wordpress\/plugins\/seo\/ -->\n<title>M&amp;A (Fusi\u00f3n y Adquisici\u00f3n) - HSMI<\/title>\n<meta name=\"robots\" content=\"index, follow, max-snippet:-1, max-image-preview:large, max-video-preview:-1\" \/>\n<link rel=\"canonical\" href=\"https:\/\/hsmi.london\/es\/actividades\/ma-fusion-y-adquisicion\/\" \/>\n<meta property=\"og:locale\" content=\"es_ES\" \/>\n<meta property=\"og:type\" content=\"article\" \/>\n<meta property=\"og:title\" content=\"M&amp;A (Fusi\u00f3n y Adquisici\u00f3n) - HSMI\" \/>\n<meta property=\"og:description\" content=\"Este t\u00e9rmino se refiere a todas aquellas operaciones financieras extraordinarias que dan lugar a la fusi\u00f3n de dos o m\u00e1s empresas. La fusi\u00f3n es la fusi\u00f3n real y con esta operaci\u00f3n, las empresas que se fusionan dejan de existir legalmente para fusionar sus activos en una nueva empresa. La adquisici\u00f3n es una forma de fusi\u00f3n ... Continue reading &raquo;\" \/>\n<meta property=\"og:url\" content=\"https:\/\/hsmi.london\/es\/actividades\/ma-fusion-y-adquisicion\/\" \/>\n<meta property=\"og:site_name\" content=\"HSMI\" \/>\n<meta property=\"article:modified_time\" content=\"2022-07-26T04:18:12+00:00\" \/>\n<meta name=\"twitter:card\" content=\"summary_large_image\" \/>\n<meta name=\"twitter:label1\" content=\"Tiempo de lectura\" \/>\n\t<meta name=\"twitter:data1\" content=\"2 minutos\" \/>\n<script type=\"application\/ld+json\" class=\"yoast-schema-graph\">{\"@context\":\"https:\/\/schema.org\",\"@graph\":[{\"@type\":\"WebPage\",\"@id\":\"https:\/\/hsmi.london\/es\/actividades\/ma-fusion-y-adquisicion\/\",\"url\":\"https:\/\/hsmi.london\/es\/actividades\/ma-fusion-y-adquisicion\/\",\"name\":\"M&A (Fusi\u00f3n y Adquisici\u00f3n) - HSMI\",\"isPartOf\":{\"@id\":\"https:\/\/hsmi.london\/en\/#website\"},\"primaryImageOfPage\":{\"@id\":\"https:\/\/hsmi.london\/es\/actividades\/ma-fusion-y-adquisicion\/#primaryimage\"},\"image\":{\"@id\":\"https:\/\/hsmi.london\/es\/actividades\/ma-fusion-y-adquisicion\/#primaryimage\"},\"thumbnailUrl\":\"https:\/\/hsmi.london\/wp-content\/uploads\/2015\/04\/merger.svg\",\"datePublished\":\"2021-12-23T09:10:36+00:00\",\"dateModified\":\"2022-07-26T04:18:12+00:00\",\"breadcrumb\":{\"@id\":\"https:\/\/hsmi.london\/es\/actividades\/ma-fusion-y-adquisicion\/#breadcrumb\"},\"inLanguage\":\"es\",\"potentialAction\":[{\"@type\":\"ReadAction\",\"target\":[\"https:\/\/hsmi.london\/es\/actividades\/ma-fusion-y-adquisicion\/\"]}]},{\"@type\":\"ImageObject\",\"inLanguage\":\"es\",\"@id\":\"https:\/\/hsmi.london\/es\/actividades\/ma-fusion-y-adquisicion\/#primaryimage\",\"url\":\"https:\/\/hsmi.london\/wp-content\/uploads\/2015\/04\/merger.svg\",\"contentUrl\":\"https:\/\/hsmi.london\/wp-content\/uploads\/2015\/04\/merger.svg\"},{\"@type\":\"BreadcrumbList\",\"@id\":\"https:\/\/hsmi.london\/es\/actividades\/ma-fusion-y-adquisicion\/#breadcrumb\",\"itemListElement\":[{\"@type\":\"ListItem\",\"position\":1,\"name\":\"Home\",\"item\":\"https:\/\/hsmi.london\/es\/\"},{\"@type\":\"ListItem\",\"position\":2,\"name\":\"Actividades\",\"item\":\"https:\/\/hsmi.london\/es\/actividades\/\"},{\"@type\":\"ListItem\",\"position\":3,\"name\":\"M&#038;A (Fusi\u00f3n y Adquisici\u00f3n)\"}]},{\"@type\":\"WebSite\",\"@id\":\"https:\/\/hsmi.london\/en\/#website\",\"url\":\"https:\/\/hsmi.london\/en\/\",\"name\":\"HSMI\",\"description\":\"Corporate Advisory\",\"publisher\":{\"@id\":\"https:\/\/hsmi.london\/en\/#organization\"},\"potentialAction\":[{\"@type\":\"SearchAction\",\"target\":{\"@type\":\"EntryPoint\",\"urlTemplate\":\"https:\/\/hsmi.london\/en\/?s={search_term_string}\"},\"query-input\":{\"@type\":\"PropertyValueSpecification\",\"valueRequired\":true,\"valueName\":\"search_term_string\"}}],\"inLanguage\":\"es\"},{\"@type\":\"Organization\",\"@id\":\"https:\/\/hsmi.london\/en\/#organization\",\"name\":\"H.S.M.I. Ltd\",\"url\":\"https:\/\/hsmi.london\/en\/\",\"logo\":{\"@type\":\"ImageObject\",\"inLanguage\":\"es\",\"@id\":\"https:\/\/hsmi.london\/en\/#\/schema\/logo\/image\/\",\"url\":\"https:\/\/staging.hsmi.london\/wp-content\/uploads\/2020\/04\/logo-hsmi-s.png\",\"contentUrl\":\"https:\/\/staging.hsmi.london\/wp-content\/uploads\/2020\/04\/logo-hsmi-s.png\",\"width\":280,\"height\":82,\"caption\":\"H.S.M.I. Ltd\"},\"image\":{\"@id\":\"https:\/\/hsmi.london\/en\/#\/schema\/logo\/image\/\"},\"sameAs\":[\"https:\/\/www.linkedin.com\/company\/hsmi-ltd\/\"]}]}<\/script>\n<!-- \/ Yoast SEO plugin. -->","yoast_head_json":{"title":"M&A (Fusi\u00f3n y Adquisici\u00f3n) - HSMI","robots":{"index":"index","follow":"follow","max-snippet":"max-snippet:-1","max-image-preview":"max-image-preview:large","max-video-preview":"max-video-preview:-1"},"canonical":"https:\/\/hsmi.london\/es\/actividades\/ma-fusion-y-adquisicion\/","og_locale":"es_ES","og_type":"article","og_title":"M&A (Fusi\u00f3n y Adquisici\u00f3n) - HSMI","og_description":"Este t\u00e9rmino se refiere a todas aquellas operaciones financieras extraordinarias que dan lugar a la fusi\u00f3n de dos o m\u00e1s empresas. La fusi\u00f3n es la fusi\u00f3n real y con esta operaci\u00f3n, las empresas que se fusionan dejan de existir legalmente para fusionar sus activos en una nueva empresa. La adquisici\u00f3n es una forma de fusi\u00f3n ... Continue reading &raquo;","og_url":"https:\/\/hsmi.london\/es\/actividades\/ma-fusion-y-adquisicion\/","og_site_name":"HSMI","article_modified_time":"2022-07-26T04:18:12+00:00","twitter_card":"summary_large_image","twitter_misc":{"Tiempo de lectura":"2 minutos"},"schema":{"@context":"https:\/\/schema.org","@graph":[{"@type":"WebPage","@id":"https:\/\/hsmi.london\/es\/actividades\/ma-fusion-y-adquisicion\/","url":"https:\/\/hsmi.london\/es\/actividades\/ma-fusion-y-adquisicion\/","name":"M&A (Fusi\u00f3n y Adquisici\u00f3n) - HSMI","isPartOf":{"@id":"https:\/\/hsmi.london\/en\/#website"},"primaryImageOfPage":{"@id":"https:\/\/hsmi.london\/es\/actividades\/ma-fusion-y-adquisicion\/#primaryimage"},"image":{"@id":"https:\/\/hsmi.london\/es\/actividades\/ma-fusion-y-adquisicion\/#primaryimage"},"thumbnailUrl":"https:\/\/hsmi.london\/wp-content\/uploads\/2015\/04\/merger.svg","datePublished":"2021-12-23T09:10:36+00:00","dateModified":"2022-07-26T04:18:12+00:00","breadcrumb":{"@id":"https:\/\/hsmi.london\/es\/actividades\/ma-fusion-y-adquisicion\/#breadcrumb"},"inLanguage":"es","potentialAction":[{"@type":"ReadAction","target":["https:\/\/hsmi.london\/es\/actividades\/ma-fusion-y-adquisicion\/"]}]},{"@type":"ImageObject","inLanguage":"es","@id":"https:\/\/hsmi.london\/es\/actividades\/ma-fusion-y-adquisicion\/#primaryimage","url":"https:\/\/hsmi.london\/wp-content\/uploads\/2015\/04\/merger.svg","contentUrl":"https:\/\/hsmi.london\/wp-content\/uploads\/2015\/04\/merger.svg"},{"@type":"BreadcrumbList","@id":"https:\/\/hsmi.london\/es\/actividades\/ma-fusion-y-adquisicion\/#breadcrumb","itemListElement":[{"@type":"ListItem","position":1,"name":"Home","item":"https:\/\/hsmi.london\/es\/"},{"@type":"ListItem","position":2,"name":"Actividades","item":"https:\/\/hsmi.london\/es\/actividades\/"},{"@type":"ListItem","position":3,"name":"M&#038;A (Fusi\u00f3n y Adquisici\u00f3n)"}]},{"@type":"WebSite","@id":"https:\/\/hsmi.london\/en\/#website","url":"https:\/\/hsmi.london\/en\/","name":"HSMI","description":"Corporate Advisory","publisher":{"@id":"https:\/\/hsmi.london\/en\/#organization"},"potentialAction":[{"@type":"SearchAction","target":{"@type":"EntryPoint","urlTemplate":"https:\/\/hsmi.london\/en\/?s={search_term_string}"},"query-input":{"@type":"PropertyValueSpecification","valueRequired":true,"valueName":"search_term_string"}}],"inLanguage":"es"},{"@type":"Organization","@id":"https:\/\/hsmi.london\/en\/#organization","name":"H.S.M.I. Ltd","url":"https:\/\/hsmi.london\/en\/","logo":{"@type":"ImageObject","inLanguage":"es","@id":"https:\/\/hsmi.london\/en\/#\/schema\/logo\/image\/","url":"https:\/\/staging.hsmi.london\/wp-content\/uploads\/2020\/04\/logo-hsmi-s.png","contentUrl":"https:\/\/staging.hsmi.london\/wp-content\/uploads\/2020\/04\/logo-hsmi-s.png","width":280,"height":82,"caption":"H.S.M.I. Ltd"},"image":{"@id":"https:\/\/hsmi.london\/en\/#\/schema\/logo\/image\/"},"sameAs":["https:\/\/www.linkedin.com\/company\/hsmi-ltd\/"]}]}},"_links":{"self":[{"href":"https:\/\/hsmi.london\/es\/wp-json\/wp\/v2\/pages\/33180","targetHints":{"allow":["GET"]}}],"collection":[{"href":"https:\/\/hsmi.london\/es\/wp-json\/wp\/v2\/pages"}],"about":[{"href":"https:\/\/hsmi.london\/es\/wp-json\/wp\/v2\/types\/page"}],"author":[{"embeddable":true,"href":"https:\/\/hsmi.london\/es\/wp-json\/wp\/v2\/users\/1669"}],"replies":[{"embeddable":true,"href":"https:\/\/hsmi.london\/es\/wp-json\/wp\/v2\/comments?post=33180"}],"version-history":[{"count":3,"href":"https:\/\/hsmi.london\/es\/wp-json\/wp\/v2\/pages\/33180\/revisions"}],"predecessor-version":[{"id":33545,"href":"https:\/\/hsmi.london\/es\/wp-json\/wp\/v2\/pages\/33180\/revisions\/33545"}],"up":[{"embeddable":true,"href":"https:\/\/hsmi.london\/es\/wp-json\/wp\/v2\/pages\/1016"}],"wp:featuredmedia":[{"embeddable":true,"href":"https:\/\/hsmi.london\/es\/wp-json\/wp\/v2\/media\/1030"}],"wp:attachment":[{"href":"https:\/\/hsmi.london\/es\/wp-json\/wp\/v2\/media?parent=33180"}],"curies":[{"name":"wp","href":"https:\/\/api.w.org\/{rel}","templated":true}]}}