{"id":33161,"date":"2021-12-23T08:39:43","date_gmt":"2021-12-23T08:39:43","guid":{"rendered":"http:\/\/staging.hsmi.london\/actividades\/venture-capital-2\/"},"modified":"2025-04-21T04:52:33","modified_gmt":"2025-04-21T03:52:33","slug":"capital-de-riesgo","status":"publish","type":"page","link":"https:\/\/hsmi.london\/es\/actividades\/capital-de-riesgo\/","title":{"rendered":"Capital de Riesgo"},"content":{"rendered":"<p>Operaciones financieras extraordinarias relacionadas con actividades de inversi\u00f3n y financiaci\u00f3n para apoyar la creaci\u00f3n y el desarrollo de empresas con alto potencial de crecimiento y con un alto componente tecnol\u00f3gico.<\/p>\n<p>Mediante operaciones de\u00a0<strong>Capital de Riesgo<\/strong>\u00a0llevadas a cabo por inversionistas institucionales y no institucionales, la compa\u00f1\u00eda puede ingresar a redes globales y hacer uso del producto, el mercado y las habilidades de promoci\u00f3n de estos sectores, as\u00ed como, obviamente, hacer uso del capital invertido.<\/p>\n<p>Dependiendo de las fases de desarrollo de la empresa que se financie, existen varios tipos de financiamiento en\u00a0<strong>Capital de Riesgo:<\/strong><\/p>\n<h3>1) FINANCIAMIENTO DE LA FASE INICIAL \u2013 PUESTA EN MARCHA<\/h3>\n<p><strong>Financiaci\u00f3n de Siembra<\/strong><\/p>\n<p>Financiaci\u00f3n de la idea de negocio. Sirve para financiar el desarrollo inicial del producto o PVM (Producto de Valor M\u00ednimo), y las pruebas relacionadas y la investigaci\u00f3n de mercado.<\/p>\n<p><strong>Financiaci\u00f3n temprana de la etapa inicial<\/strong><\/p>\n<p>Financiamiento concedido en las primeras etapas de la puesta en marcha y desarrollo de la actividad empresarial; esto normalmente se otorga para completar el desarrollo del producto, para ponerlo a prueba en el mercado y para comprender c\u00f3mo lo recibe el mercado.<\/p>\n<p><strong>Financiamiento de etapa temprana<\/strong><\/p>\n<p>Financiamiento otorgado a compa\u00f1\u00edas que han gastado el capital inicial en el desarrollo y experimentaci\u00f3n del producto en el mercado y que ahora necesitan nuevos fondos para comenzar la producci\u00f3n a gran escala e efectuar marketing y ventas.<\/p>\n<h3>2) FINANCIAMIENTO PARA AMPLIACI\u00d3N Y DESARROLLO \u2013 CAPITAL DE CRECIMIENTO<\/h3>\n<p><strong>Financiaci\u00f3n tard\u00eda o financiaci\u00f3n para la fase de desarrollo y crecimiento.<\/strong><\/p>\n<p>Se trata de capital utilizado para financiar la expansi\u00f3n de una compa\u00f1\u00eda que est\u00e1 produciendo y vendiendo sus productos, tiene cuentas por cobrar crecientes y productos listos, pero por lo general todav\u00eda no obtiene ganancias.<\/p>\n<p><strong>Financiamiento de tercera etapa o crecimiento,<\/strong><\/p>\n<p>Son fondos concedidos para realizar la expansi\u00f3n significativa de la compa\u00f1\u00eda cuyo volumen de negocios est\u00e1 creciendo y que ha alcanzado el punto de equilibrio. Estos fondos se utilizan para financiar la implementaci\u00f3n de la producci\u00f3n, mejorar el producto, nuevas investigaciones de mercado y fortalecer las ventas con la expansi\u00f3n a nuevos mercados.<\/p>\n<p><strong>Financiamiento puente (financiamiento de transici\u00f3n)<\/strong><\/p>\n<p>Se concede a las empresas que pretenden cotizar en la bolsa. Frecuentemente, se estructura de tal manera que se pague con el producto de la suscripci\u00f3n p\u00fablica.<\/p>\n<h3>3) FINANCIAMIENTO PARA ADQUISICIONES Y REESTRUCTURACIONES \u2013 M &amp; A.<\/h3>\n<p><strong>Financiaci\u00f3n de la adquisici\u00f3n (financiaci\u00f3n para la adquisici\u00f3n de una empresa)<\/strong><\/p>\n<p>Son fondos otorgados a una empresa para financiar la adquisici\u00f3n de otra.<\/p>\n<p><strong>Compras de la direcci\u00f3n \/ compras de la administraci\u00f3n \/ compras apalancadas (MBO \/ MBI \/ LBO)<\/strong><\/p>\n<p>Se trata de fondos otorgados a un grupo de gerentes operativos para obtener el control de un producto o l\u00ednea de mercado que puede estar en cualquier fase de desarrollo de la compa\u00f1\u00eda en la que est\u00e1n empleados o de cualquier otra.<\/p>\n<p><strong>Capital de reemplazo<\/strong><\/p>\n<p>Estos son fondos concedidos para la reorganizaci\u00f3n de la estructura del accionariado y la reestructuraci\u00f3n corporativa (reestructuraci\u00f3n).<\/p>\n","protected":false},"excerpt":{"rendered":"<p>Operaciones financieras extraordinarias relacionadas con actividades de inversi\u00f3n y financiaci\u00f3n para apoyar la creaci\u00f3n y el desarrollo de empresas con alto potencial de crecimiento y con un alto componente tecnol\u00f3gico. Mediante operaciones de\u00a0Capital de Riesgo\u00a0llevadas a cabo por inversionistas institucionales y no institucionales, la compa\u00f1\u00eda puede ingresar a redes globales y hacer uso del producto, &#8230; <a href=\"https:\/\/hsmi.london\/es\/actividades\/capital-de-riesgo\/\">Continue reading &raquo;<\/a><\/p>\n","protected":false},"author":1669,"featured_media":1202,"parent":1016,"menu_order":0,"comment_status":"closed","ping_status":"closed","template":"","meta":{"inline_featured_image":false,"_exactmetrics_skip_tracking":false,"_exactmetrics_sitenote_active":false,"_exactmetrics_sitenote_note":"","_exactmetrics_sitenote_category":0,"footnotes":""},"class_list":["post-33161","page","type-page","status-publish","has-post-thumbnail","hentry"],"yoast_head":"<!-- This site is optimized with the Yoast SEO plugin v24.9 - https:\/\/yoast.com\/wordpress\/plugins\/seo\/ -->\n<title>Capital de Riesgo - HSMI<\/title>\n<meta name=\"robots\" content=\"index, follow, max-snippet:-1, max-image-preview:large, max-video-preview:-1\" \/>\n<link rel=\"canonical\" href=\"https:\/\/hsmi.london\/es\/actividades\/capital-de-riesgo\/\" \/>\n<meta property=\"og:locale\" content=\"es_ES\" \/>\n<meta property=\"og:type\" content=\"article\" \/>\n<meta property=\"og:title\" content=\"Capital de Riesgo - HSMI\" \/>\n<meta property=\"og:description\" content=\"Operaciones financieras extraordinarias relacionadas con actividades de inversi\u00f3n y financiaci\u00f3n para apoyar la creaci\u00f3n y el desarrollo de empresas con alto potencial de crecimiento y con un alto componente tecnol\u00f3gico. Mediante operaciones de\u00a0Capital de Riesgo\u00a0llevadas a cabo por inversionistas institucionales y no institucionales, la compa\u00f1\u00eda puede ingresar a redes globales y hacer uso del producto, ... Continue reading &raquo;\" \/>\n<meta property=\"og:url\" content=\"https:\/\/hsmi.london\/es\/actividades\/capital-de-riesgo\/\" \/>\n<meta property=\"og:site_name\" content=\"HSMI\" \/>\n<meta property=\"article:modified_time\" content=\"2025-04-21T03:52:33+00:00\" \/>\n<meta name=\"twitter:card\" content=\"summary_large_image\" \/>\n<meta name=\"twitter:label1\" content=\"Tiempo de lectura\" \/>\n\t<meta name=\"twitter:data1\" content=\"3 minutos\" \/>\n<script type=\"application\/ld+json\" class=\"yoast-schema-graph\">{\"@context\":\"https:\/\/schema.org\",\"@graph\":[{\"@type\":\"WebPage\",\"@id\":\"https:\/\/hsmi.london\/es\/actividades\/capital-de-riesgo\/\",\"url\":\"https:\/\/hsmi.london\/es\/actividades\/capital-de-riesgo\/\",\"name\":\"Capital de Riesgo - HSMI\",\"isPartOf\":{\"@id\":\"https:\/\/hsmi.london\/en\/#website\"},\"primaryImageOfPage\":{\"@id\":\"https:\/\/hsmi.london\/es\/actividades\/capital-de-riesgo\/#primaryimage\"},\"image\":{\"@id\":\"https:\/\/hsmi.london\/es\/actividades\/capital-de-riesgo\/#primaryimage\"},\"thumbnailUrl\":\"https:\/\/hsmi.london\/wp-content\/uploads\/2018\/11\/ico-rocket-1.svg\",\"datePublished\":\"2021-12-23T08:39:43+00:00\",\"dateModified\":\"2025-04-21T03:52:33+00:00\",\"breadcrumb\":{\"@id\":\"https:\/\/hsmi.london\/es\/actividades\/capital-de-riesgo\/#breadcrumb\"},\"inLanguage\":\"es\",\"potentialAction\":[{\"@type\":\"ReadAction\",\"target\":[\"https:\/\/hsmi.london\/es\/actividades\/capital-de-riesgo\/\"]}]},{\"@type\":\"ImageObject\",\"inLanguage\":\"es\",\"@id\":\"https:\/\/hsmi.london\/es\/actividades\/capital-de-riesgo\/#primaryimage\",\"url\":\"https:\/\/hsmi.london\/wp-content\/uploads\/2018\/11\/ico-rocket-1.svg\",\"contentUrl\":\"https:\/\/hsmi.london\/wp-content\/uploads\/2018\/11\/ico-rocket-1.svg\"},{\"@type\":\"BreadcrumbList\",\"@id\":\"https:\/\/hsmi.london\/es\/actividades\/capital-de-riesgo\/#breadcrumb\",\"itemListElement\":[{\"@type\":\"ListItem\",\"position\":1,\"name\":\"Home\",\"item\":\"https:\/\/hsmi.london\/es\/\"},{\"@type\":\"ListItem\",\"position\":2,\"name\":\"Actividades\",\"item\":\"https:\/\/hsmi.london\/es\/actividades\/\"},{\"@type\":\"ListItem\",\"position\":3,\"name\":\"Capital de Riesgo\"}]},{\"@type\":\"WebSite\",\"@id\":\"https:\/\/hsmi.london\/en\/#website\",\"url\":\"https:\/\/hsmi.london\/en\/\",\"name\":\"HSMI\",\"description\":\"Corporate Advisory\",\"publisher\":{\"@id\":\"https:\/\/hsmi.london\/en\/#organization\"},\"potentialAction\":[{\"@type\":\"SearchAction\",\"target\":{\"@type\":\"EntryPoint\",\"urlTemplate\":\"https:\/\/hsmi.london\/en\/?s={search_term_string}\"},\"query-input\":{\"@type\":\"PropertyValueSpecification\",\"valueRequired\":true,\"valueName\":\"search_term_string\"}}],\"inLanguage\":\"es\"},{\"@type\":\"Organization\",\"@id\":\"https:\/\/hsmi.london\/en\/#organization\",\"name\":\"H.S.M.I. Ltd\",\"url\":\"https:\/\/hsmi.london\/en\/\",\"logo\":{\"@type\":\"ImageObject\",\"inLanguage\":\"es\",\"@id\":\"https:\/\/hsmi.london\/en\/#\/schema\/logo\/image\/\",\"url\":\"https:\/\/staging.hsmi.london\/wp-content\/uploads\/2020\/04\/logo-hsmi-s.png\",\"contentUrl\":\"https:\/\/staging.hsmi.london\/wp-content\/uploads\/2020\/04\/logo-hsmi-s.png\",\"width\":280,\"height\":82,\"caption\":\"H.S.M.I. Ltd\"},\"image\":{\"@id\":\"https:\/\/hsmi.london\/en\/#\/schema\/logo\/image\/\"},\"sameAs\":[\"https:\/\/www.linkedin.com\/company\/hsmi-ltd\/\"]}]}<\/script>\n<!-- \/ Yoast SEO plugin. -->","yoast_head_json":{"title":"Capital de Riesgo - HSMI","robots":{"index":"index","follow":"follow","max-snippet":"max-snippet:-1","max-image-preview":"max-image-preview:large","max-video-preview":"max-video-preview:-1"},"canonical":"https:\/\/hsmi.london\/es\/actividades\/capital-de-riesgo\/","og_locale":"es_ES","og_type":"article","og_title":"Capital de Riesgo - HSMI","og_description":"Operaciones financieras extraordinarias relacionadas con actividades de inversi\u00f3n y financiaci\u00f3n para apoyar la creaci\u00f3n y el desarrollo de empresas con alto potencial de crecimiento y con un alto componente tecnol\u00f3gico. Mediante operaciones de\u00a0Capital de Riesgo\u00a0llevadas a cabo por inversionistas institucionales y no institucionales, la compa\u00f1\u00eda puede ingresar a redes globales y hacer uso del producto, ... Continue reading &raquo;","og_url":"https:\/\/hsmi.london\/es\/actividades\/capital-de-riesgo\/","og_site_name":"HSMI","article_modified_time":"2025-04-21T03:52:33+00:00","twitter_card":"summary_large_image","twitter_misc":{"Tiempo de lectura":"3 minutos"},"schema":{"@context":"https:\/\/schema.org","@graph":[{"@type":"WebPage","@id":"https:\/\/hsmi.london\/es\/actividades\/capital-de-riesgo\/","url":"https:\/\/hsmi.london\/es\/actividades\/capital-de-riesgo\/","name":"Capital de Riesgo - HSMI","isPartOf":{"@id":"https:\/\/hsmi.london\/en\/#website"},"primaryImageOfPage":{"@id":"https:\/\/hsmi.london\/es\/actividades\/capital-de-riesgo\/#primaryimage"},"image":{"@id":"https:\/\/hsmi.london\/es\/actividades\/capital-de-riesgo\/#primaryimage"},"thumbnailUrl":"https:\/\/hsmi.london\/wp-content\/uploads\/2018\/11\/ico-rocket-1.svg","datePublished":"2021-12-23T08:39:43+00:00","dateModified":"2025-04-21T03:52:33+00:00","breadcrumb":{"@id":"https:\/\/hsmi.london\/es\/actividades\/capital-de-riesgo\/#breadcrumb"},"inLanguage":"es","potentialAction":[{"@type":"ReadAction","target":["https:\/\/hsmi.london\/es\/actividades\/capital-de-riesgo\/"]}]},{"@type":"ImageObject","inLanguage":"es","@id":"https:\/\/hsmi.london\/es\/actividades\/capital-de-riesgo\/#primaryimage","url":"https:\/\/hsmi.london\/wp-content\/uploads\/2018\/11\/ico-rocket-1.svg","contentUrl":"https:\/\/hsmi.london\/wp-content\/uploads\/2018\/11\/ico-rocket-1.svg"},{"@type":"BreadcrumbList","@id":"https:\/\/hsmi.london\/es\/actividades\/capital-de-riesgo\/#breadcrumb","itemListElement":[{"@type":"ListItem","position":1,"name":"Home","item":"https:\/\/hsmi.london\/es\/"},{"@type":"ListItem","position":2,"name":"Actividades","item":"https:\/\/hsmi.london\/es\/actividades\/"},{"@type":"ListItem","position":3,"name":"Capital de Riesgo"}]},{"@type":"WebSite","@id":"https:\/\/hsmi.london\/en\/#website","url":"https:\/\/hsmi.london\/en\/","name":"HSMI","description":"Corporate Advisory","publisher":{"@id":"https:\/\/hsmi.london\/en\/#organization"},"potentialAction":[{"@type":"SearchAction","target":{"@type":"EntryPoint","urlTemplate":"https:\/\/hsmi.london\/en\/?s={search_term_string}"},"query-input":{"@type":"PropertyValueSpecification","valueRequired":true,"valueName":"search_term_string"}}],"inLanguage":"es"},{"@type":"Organization","@id":"https:\/\/hsmi.london\/en\/#organization","name":"H.S.M.I. Ltd","url":"https:\/\/hsmi.london\/en\/","logo":{"@type":"ImageObject","inLanguage":"es","@id":"https:\/\/hsmi.london\/en\/#\/schema\/logo\/image\/","url":"https:\/\/staging.hsmi.london\/wp-content\/uploads\/2020\/04\/logo-hsmi-s.png","contentUrl":"https:\/\/staging.hsmi.london\/wp-content\/uploads\/2020\/04\/logo-hsmi-s.png","width":280,"height":82,"caption":"H.S.M.I. Ltd"},"image":{"@id":"https:\/\/hsmi.london\/en\/#\/schema\/logo\/image\/"},"sameAs":["https:\/\/www.linkedin.com\/company\/hsmi-ltd\/"]}]}},"_links":{"self":[{"href":"https:\/\/hsmi.london\/es\/wp-json\/wp\/v2\/pages\/33161","targetHints":{"allow":["GET"]}}],"collection":[{"href":"https:\/\/hsmi.london\/es\/wp-json\/wp\/v2\/pages"}],"about":[{"href":"https:\/\/hsmi.london\/es\/wp-json\/wp\/v2\/types\/page"}],"author":[{"embeddable":true,"href":"https:\/\/hsmi.london\/es\/wp-json\/wp\/v2\/users\/1669"}],"replies":[{"embeddable":true,"href":"https:\/\/hsmi.london\/es\/wp-json\/wp\/v2\/comments?post=33161"}],"version-history":[{"count":5,"href":"https:\/\/hsmi.london\/es\/wp-json\/wp\/v2\/pages\/33161\/revisions"}],"predecessor-version":[{"id":33816,"href":"https:\/\/hsmi.london\/es\/wp-json\/wp\/v2\/pages\/33161\/revisions\/33816"}],"up":[{"embeddable":true,"href":"https:\/\/hsmi.london\/es\/wp-json\/wp\/v2\/pages\/1016"}],"wp:featuredmedia":[{"embeddable":true,"href":"https:\/\/hsmi.london\/es\/wp-json\/wp\/v2\/media\/1202"}],"wp:attachment":[{"href":"https:\/\/hsmi.london\/es\/wp-json\/wp\/v2\/media?parent=33161"}],"curies":[{"name":"wp","href":"https:\/\/api.w.org\/{rel}","templated":true}]}}