{"id":33140,"date":"2021-01-04T07:54:48","date_gmt":"2021-01-04T07:54:48","guid":{"rendered":"http:\/\/staging.hsmi.london\/actividades\/first-menu\/"},"modified":"2025-04-21T04:48:18","modified_gmt":"2025-04-21T03:48:18","slug":"capital-privado","status":"publish","type":"page","link":"https:\/\/hsmi.london\/es\/actividades\/capital-privado\/","title":{"rendered":"Capital Privado"},"content":{"rendered":"<p>Actividades de Finanzas Corporativas destinadas a proporcionar a la empresa un servicio de financiamiento avanzado e innovador, consistente en invertir con capital de riesgo, a trav\u00e9s de la adquisici\u00f3n de participaciones<\/p>\n<p>Esto podemos traducirlo en dos estados bien definidos, a saber:<\/p>\n<ul>\n<li>Capital de desarrollo o Expansi\u00f3n: capital para el desarrollo, es decir, invertido para financiar el crecimiento de las empresas existentes.<\/li>\n<li>Capital de Reemplazo: capital de sustituci\u00f3n, que reemplaza parcialmente la participaci\u00f3n \/ propiedad de una compa\u00f1\u00eda que ya no se siente involucrada en las actividades de la empresa.<\/li>\n<\/ul>\n<p>Esto no implica un aumento en el capital social de la empresa.<\/p>\n<h3>A QUIEN SE DIRIGE Y A QUIEN LO NECESITA<\/h3>\n<p>Est\u00e1 dirigido a todas aquellas empresas que desean beneficiarse de un socio financiero y profesional, lo que les permite adquirir las finanzas y los conocimientos extraordinarios necesarios para captar nuevas estrategias industriales, procesos de integraci\u00f3n, planes de crecimiento, pasos generacionales.<\/p>\n<p>Los estudios a nivel europeo han demostrado que las empresas que invirtieron en un socio financiero (empresa respaldada por empresas de riesgo), han crecido a tasas m\u00e1s altas que el sistema, han invertido en la creaci\u00f3n de puestos de trabajo y se proyectan en estrategias de mayor desarrollo.<\/p>\n<h3>VENTAJAS PARA LA EMPRESA:<\/h3>\n<ul>\n<li>localizaci\u00f3n de nuevos recursos financieros<\/li>\n<li>facilitaci\u00f3n de acceso<\/li>\n<li>facilitaci\u00f3n del acceso al capital de la deuda.<\/li>\n<li>mejora de la imagen y reputaci\u00f3n de la empresa.<\/li>\n<li>aumento de la capacidad contractual<\/li>\n<li>sinergias con la red de relaciones del socio financiero.<\/li>\n<li>disponibilidad de recursos gerenciales.<\/li>\n<li>acompa\u00f1amiento de las \u00abformas de pensar\u00bb requeridas por el mercado de capitales.<\/li>\n<\/ul>\n<h3>VENTAJAS PARA EL EMPRENDEDOR:<\/h3>\n<ul>\n<li>recapitalizaci\u00f3n de la empresa sin ingresar recursos financieros personales.<\/li>\n<li>posibilidad de monetizar el \u00abvalor econ\u00f3mico\u00bb del capital de la empresa.<\/li>\n<li>facilitaci\u00f3n de la transici\u00f3n generacional.<\/li>\n<li>aceleraci\u00f3n del proceso de valorizaci\u00f3n de su empresa.<\/li>\n<\/ul>\n","protected":false},"excerpt":{"rendered":"<p>Actividades de Finanzas Corporativas destinadas a proporcionar a la empresa un servicio de financiamiento avanzado e innovador, consistente en invertir con capital de riesgo, a trav\u00e9s de la adquisici\u00f3n de participaciones Esto podemos traducirlo en dos estados bien definidos, a saber: Capital de desarrollo o Expansi\u00f3n: capital para el desarrollo, es decir, invertido para financiar &#8230; <a href=\"https:\/\/hsmi.london\/es\/actividades\/capital-privado\/\">Continue reading &raquo;<\/a><\/p>\n","protected":false},"author":1669,"featured_media":1011,"parent":1016,"menu_order":0,"comment_status":"closed","ping_status":"closed","template":"","meta":{"inline_featured_image":false,"_exactmetrics_skip_tracking":false,"_exactmetrics_sitenote_active":false,"_exactmetrics_sitenote_note":"","_exactmetrics_sitenote_category":0,"footnotes":""},"class_list":["post-33140","page","type-page","status-publish","has-post-thumbnail","hentry"],"yoast_head":"<!-- This site is optimized with the Yoast SEO plugin v24.9 - https:\/\/yoast.com\/wordpress\/plugins\/seo\/ -->\n<title>Capital Privado - HSMI<\/title>\n<meta name=\"robots\" content=\"index, follow, max-snippet:-1, max-image-preview:large, max-video-preview:-1\" \/>\n<link rel=\"canonical\" href=\"https:\/\/hsmi.london\/es\/actividades\/capital-privado\/\" \/>\n<meta property=\"og:locale\" content=\"es_ES\" \/>\n<meta property=\"og:type\" content=\"article\" \/>\n<meta property=\"og:title\" content=\"Capital Privado - HSMI\" \/>\n<meta property=\"og:description\" content=\"Actividades de Finanzas Corporativas destinadas a proporcionar a la empresa un servicio de financiamiento avanzado e innovador, consistente en invertir con capital de riesgo, a trav\u00e9s de la adquisici\u00f3n de participaciones Esto podemos traducirlo en dos estados bien definidos, a saber: Capital de desarrollo o Expansi\u00f3n: capital para el desarrollo, es decir, invertido para financiar ... Continue reading &raquo;\" \/>\n<meta property=\"og:url\" content=\"https:\/\/hsmi.london\/es\/actividades\/capital-privado\/\" \/>\n<meta property=\"og:site_name\" content=\"HSMI\" \/>\n<meta property=\"article:modified_time\" content=\"2025-04-21T03:48:18+00:00\" \/>\n<meta name=\"twitter:card\" content=\"summary_large_image\" \/>\n<meta name=\"twitter:label1\" content=\"Tiempo de lectura\" \/>\n\t<meta name=\"twitter:data1\" content=\"2 minutos\" \/>\n<script type=\"application\/ld+json\" class=\"yoast-schema-graph\">{\"@context\":\"https:\/\/schema.org\",\"@graph\":[{\"@type\":\"WebPage\",\"@id\":\"https:\/\/hsmi.london\/es\/actividades\/capital-privado\/\",\"url\":\"https:\/\/hsmi.london\/es\/actividades\/capital-privado\/\",\"name\":\"Capital Privado - HSMI\",\"isPartOf\":{\"@id\":\"https:\/\/hsmi.london\/en\/#website\"},\"primaryImageOfPage\":{\"@id\":\"https:\/\/hsmi.london\/es\/actividades\/capital-privado\/#primaryimage\"},\"image\":{\"@id\":\"https:\/\/hsmi.london\/es\/actividades\/capital-privado\/#primaryimage\"},\"thumbnailUrl\":\"https:\/\/hsmi.london\/wp-content\/uploads\/2015\/04\/private.svg\",\"datePublished\":\"2021-01-04T07:54:48+00:00\",\"dateModified\":\"2025-04-21T03:48:18+00:00\",\"breadcrumb\":{\"@id\":\"https:\/\/hsmi.london\/es\/actividades\/capital-privado\/#breadcrumb\"},\"inLanguage\":\"es\",\"potentialAction\":[{\"@type\":\"ReadAction\",\"target\":[\"https:\/\/hsmi.london\/es\/actividades\/capital-privado\/\"]}]},{\"@type\":\"ImageObject\",\"inLanguage\":\"es\",\"@id\":\"https:\/\/hsmi.london\/es\/actividades\/capital-privado\/#primaryimage\",\"url\":\"https:\/\/hsmi.london\/wp-content\/uploads\/2015\/04\/private.svg\",\"contentUrl\":\"https:\/\/hsmi.london\/wp-content\/uploads\/2015\/04\/private.svg\"},{\"@type\":\"BreadcrumbList\",\"@id\":\"https:\/\/hsmi.london\/es\/actividades\/capital-privado\/#breadcrumb\",\"itemListElement\":[{\"@type\":\"ListItem\",\"position\":1,\"name\":\"Home\",\"item\":\"https:\/\/hsmi.london\/es\/\"},{\"@type\":\"ListItem\",\"position\":2,\"name\":\"Actividades\",\"item\":\"https:\/\/hsmi.london\/es\/actividades\/\"},{\"@type\":\"ListItem\",\"position\":3,\"name\":\"Capital Privado\"}]},{\"@type\":\"WebSite\",\"@id\":\"https:\/\/hsmi.london\/en\/#website\",\"url\":\"https:\/\/hsmi.london\/en\/\",\"name\":\"HSMI\",\"description\":\"Corporate Advisory\",\"publisher\":{\"@id\":\"https:\/\/hsmi.london\/en\/#organization\"},\"potentialAction\":[{\"@type\":\"SearchAction\",\"target\":{\"@type\":\"EntryPoint\",\"urlTemplate\":\"https:\/\/hsmi.london\/en\/?s={search_term_string}\"},\"query-input\":{\"@type\":\"PropertyValueSpecification\",\"valueRequired\":true,\"valueName\":\"search_term_string\"}}],\"inLanguage\":\"es\"},{\"@type\":\"Organization\",\"@id\":\"https:\/\/hsmi.london\/en\/#organization\",\"name\":\"H.S.M.I. Ltd\",\"url\":\"https:\/\/hsmi.london\/en\/\",\"logo\":{\"@type\":\"ImageObject\",\"inLanguage\":\"es\",\"@id\":\"https:\/\/hsmi.london\/en\/#\/schema\/logo\/image\/\",\"url\":\"https:\/\/staging.hsmi.london\/wp-content\/uploads\/2020\/04\/logo-hsmi-s.png\",\"contentUrl\":\"https:\/\/staging.hsmi.london\/wp-content\/uploads\/2020\/04\/logo-hsmi-s.png\",\"width\":280,\"height\":82,\"caption\":\"H.S.M.I. Ltd\"},\"image\":{\"@id\":\"https:\/\/hsmi.london\/en\/#\/schema\/logo\/image\/\"},\"sameAs\":[\"https:\/\/www.linkedin.com\/company\/hsmi-ltd\/\"]}]}<\/script>\n<!-- \/ Yoast SEO plugin. -->","yoast_head_json":{"title":"Capital Privado - HSMI","robots":{"index":"index","follow":"follow","max-snippet":"max-snippet:-1","max-image-preview":"max-image-preview:large","max-video-preview":"max-video-preview:-1"},"canonical":"https:\/\/hsmi.london\/es\/actividades\/capital-privado\/","og_locale":"es_ES","og_type":"article","og_title":"Capital Privado - HSMI","og_description":"Actividades de Finanzas Corporativas destinadas a proporcionar a la empresa un servicio de financiamiento avanzado e innovador, consistente en invertir con capital de riesgo, a trav\u00e9s de la adquisici\u00f3n de participaciones Esto podemos traducirlo en dos estados bien definidos, a saber: Capital de desarrollo o Expansi\u00f3n: capital para el desarrollo, es decir, invertido para financiar ... Continue reading &raquo;","og_url":"https:\/\/hsmi.london\/es\/actividades\/capital-privado\/","og_site_name":"HSMI","article_modified_time":"2025-04-21T03:48:18+00:00","twitter_card":"summary_large_image","twitter_misc":{"Tiempo de lectura":"2 minutos"},"schema":{"@context":"https:\/\/schema.org","@graph":[{"@type":"WebPage","@id":"https:\/\/hsmi.london\/es\/actividades\/capital-privado\/","url":"https:\/\/hsmi.london\/es\/actividades\/capital-privado\/","name":"Capital Privado - HSMI","isPartOf":{"@id":"https:\/\/hsmi.london\/en\/#website"},"primaryImageOfPage":{"@id":"https:\/\/hsmi.london\/es\/actividades\/capital-privado\/#primaryimage"},"image":{"@id":"https:\/\/hsmi.london\/es\/actividades\/capital-privado\/#primaryimage"},"thumbnailUrl":"https:\/\/hsmi.london\/wp-content\/uploads\/2015\/04\/private.svg","datePublished":"2021-01-04T07:54:48+00:00","dateModified":"2025-04-21T03:48:18+00:00","breadcrumb":{"@id":"https:\/\/hsmi.london\/es\/actividades\/capital-privado\/#breadcrumb"},"inLanguage":"es","potentialAction":[{"@type":"ReadAction","target":["https:\/\/hsmi.london\/es\/actividades\/capital-privado\/"]}]},{"@type":"ImageObject","inLanguage":"es","@id":"https:\/\/hsmi.london\/es\/actividades\/capital-privado\/#primaryimage","url":"https:\/\/hsmi.london\/wp-content\/uploads\/2015\/04\/private.svg","contentUrl":"https:\/\/hsmi.london\/wp-content\/uploads\/2015\/04\/private.svg"},{"@type":"BreadcrumbList","@id":"https:\/\/hsmi.london\/es\/actividades\/capital-privado\/#breadcrumb","itemListElement":[{"@type":"ListItem","position":1,"name":"Home","item":"https:\/\/hsmi.london\/es\/"},{"@type":"ListItem","position":2,"name":"Actividades","item":"https:\/\/hsmi.london\/es\/actividades\/"},{"@type":"ListItem","position":3,"name":"Capital Privado"}]},{"@type":"WebSite","@id":"https:\/\/hsmi.london\/en\/#website","url":"https:\/\/hsmi.london\/en\/","name":"HSMI","description":"Corporate Advisory","publisher":{"@id":"https:\/\/hsmi.london\/en\/#organization"},"potentialAction":[{"@type":"SearchAction","target":{"@type":"EntryPoint","urlTemplate":"https:\/\/hsmi.london\/en\/?s={search_term_string}"},"query-input":{"@type":"PropertyValueSpecification","valueRequired":true,"valueName":"search_term_string"}}],"inLanguage":"es"},{"@type":"Organization","@id":"https:\/\/hsmi.london\/en\/#organization","name":"H.S.M.I. Ltd","url":"https:\/\/hsmi.london\/en\/","logo":{"@type":"ImageObject","inLanguage":"es","@id":"https:\/\/hsmi.london\/en\/#\/schema\/logo\/image\/","url":"https:\/\/staging.hsmi.london\/wp-content\/uploads\/2020\/04\/logo-hsmi-s.png","contentUrl":"https:\/\/staging.hsmi.london\/wp-content\/uploads\/2020\/04\/logo-hsmi-s.png","width":280,"height":82,"caption":"H.S.M.I. Ltd"},"image":{"@id":"https:\/\/hsmi.london\/en\/#\/schema\/logo\/image\/"},"sameAs":["https:\/\/www.linkedin.com\/company\/hsmi-ltd\/"]}]}},"_links":{"self":[{"href":"https:\/\/hsmi.london\/es\/wp-json\/wp\/v2\/pages\/33140","targetHints":{"allow":["GET"]}}],"collection":[{"href":"https:\/\/hsmi.london\/es\/wp-json\/wp\/v2\/pages"}],"about":[{"href":"https:\/\/hsmi.london\/es\/wp-json\/wp\/v2\/types\/page"}],"author":[{"embeddable":true,"href":"https:\/\/hsmi.london\/es\/wp-json\/wp\/v2\/users\/1669"}],"replies":[{"embeddable":true,"href":"https:\/\/hsmi.london\/es\/wp-json\/wp\/v2\/comments?post=33140"}],"version-history":[{"count":6,"href":"https:\/\/hsmi.london\/es\/wp-json\/wp\/v2\/pages\/33140\/revisions"}],"predecessor-version":[{"id":33791,"href":"https:\/\/hsmi.london\/es\/wp-json\/wp\/v2\/pages\/33140\/revisions\/33791"}],"up":[{"embeddable":true,"href":"https:\/\/hsmi.london\/es\/wp-json\/wp\/v2\/pages\/1016"}],"wp:featuredmedia":[{"embeddable":true,"href":"https:\/\/hsmi.london\/es\/wp-json\/wp\/v2\/media\/1011"}],"wp:attachment":[{"href":"https:\/\/hsmi.london\/es\/wp-json\/wp\/v2\/media?parent=33140"}],"curies":[{"name":"wp","href":"https:\/\/api.w.org\/{rel}","templated":true}]}}