{"id":1782,"date":"2019-02-21T11:42:57","date_gmt":"2019-02-21T11:42:57","guid":{"rendered":"http:\/\/staging.hsmi.london\/?page_id=1782"},"modified":"2020-07-29T14:30:51","modified_gmt":"2020-07-29T13:30:51","slug":"nuestro-equipo","status":"publish","type":"page","link":"https:\/\/hsmi.london\/es\/nuestro-equipo\/","title":{"rendered":"Nuestro equipo"},"content":{"rendered":"\n<h2 class=\"wp-block-heading\">Nuestro equipo lo componen profesionales con conocimientos y experiencia espec\u00edfica en sus correspondientes \u00e1reas de actuaci\u00f3n. <br \/><\/h2>\n\n\n\n<p>Nos consta de que esprecisamente la experiencia en \u00e1reas espec\u00edficas junto con consolidados conocimientos la mejor garant\u00eda para con nuestros clientes.<\/p>\n\n\n<div class=\"hsm_team\">                            <div class=\"hsm_team\">                <div class=\"hsm_team_inner\">                    <div class=\"hsm_team__image\">                        <a href=\"https:\/\/hsmi.london\/es\/team\/massimiliano-sulpizi\/\">                            <img loading=\"lazy\" decoding=\"async\" width=\"1600\" height=\"1600\" src=\"https:\/\/hsmi.london\/wp-content\/uploads\/2019\/02\/massimiliano-sulpizi.jpg\" class=\"img-responsive wp-post-image\" alt=\"\" title=\"\" srcset=\"https:\/\/hsmi.london\/wp-content\/uploads\/2019\/02\/massimiliano-sulpizi.jpg 1600w, https:\/\/hsmi.london\/wp-content\/uploads\/2019\/02\/massimiliano-sulpizi-768x768.jpg 768w, https:\/\/hsmi.london\/wp-content\/uploads\/2019\/02\/massimiliano-sulpizi-1024x1024.jpg 1024w\" sizes=\"auto, (max-width: 1600px) 100vw, 1600px\" \/>                        <\/a>                    <\/div>                    <div class=\"hsm_team__content\">                        <div class=\"hsm_team__title\">                            <h3><a href=\"https:\/\/hsmi.london\/es\/team\/massimiliano-sulpizi\/\" rel=\"bookmark\"                                   title=\"Massimiliano Sulpizi\">Massimiliano Sulpizi<\/a><\/h3>                            <div class=\"person-details\">                                <p><span                                            class=\"person-role\"><em>Fundador y CEO - Finanza Aziendale & M&A - Econom\u00eda Verde - MBA <\/em><\/span><\/p>                                <p class=\"person-social\">                                                                        <a href=\"https:\/\/www.linkedin.com\/in\/massimiliano-sulpizi\/\" target=\"_blank\">                                            <i class=\"fab fa-linkedin\"><\/i>                                    <\/a>                                                                                                        <\/p>                            <\/div>                        <\/div>                    <\/div>                <\/div>            <\/div>                                <div class=\"hsm_team\">                <div class=\"hsm_team_inner\">                    <div class=\"hsm_team__image\">                        <a href=\"https:\/\/hsmi.london\/es\/team\/martin-zahra\/\">                            <img loading=\"lazy\" decoding=\"async\" width=\"710\" height=\"701\" src=\"https:\/\/hsmi.london\/wp-content\/uploads\/2020\/04\/2-copy-1.jpeg\" class=\"img-responsive wp-post-image\" alt=\"\" title=\"\" \/>                        <\/a>                    <\/div>                    <div class=\"hsm_team__content\">                        <div class=\"hsm_team__title\">                            <h3><a href=\"https:\/\/hsmi.london\/es\/team\/martin-zahra\/\" rel=\"bookmark\"                                   title=\"Martin Zahra\">Martin Zahra<\/a><\/h3>                            <div class=\"person-details\">                                <p><span                                            class=\"person-role\"><em>Socio - Viajes y Turismo - Bienes ra\u00edces<\/em><\/span><\/p>                                <p class=\"person-social\">                                                                        <a href=\"https:\/\/www.linkedin.com\/in\/martin-zahra-78b5935\/ \" target=\"_blank\">                                            <i class=\"fab fa-linkedin\"><\/i>                                    <\/a>                                                                                                        <\/p>                            <\/div>                        <\/div>                    <\/div>                <\/div>            <\/div>                                <div class=\"hsm_team\">                <div class=\"hsm_team_inner\">                    <div class=\"hsm_team__image\">                        <a href=\"https:\/\/hsmi.london\/es\/team\/alessandro-monaco\/\">                            <img loading=\"lazy\" decoding=\"async\" width=\"1600\" height=\"1600\" src=\"https:\/\/hsmi.london\/wp-content\/uploads\/2019\/05\/monaco-alessandro.jpg\" class=\"img-responsive wp-post-image\" alt=\"\" title=\"\" srcset=\"https:\/\/hsmi.london\/wp-content\/uploads\/2019\/05\/monaco-alessandro.jpg 1600w, https:\/\/hsmi.london\/wp-content\/uploads\/2019\/05\/monaco-alessandro-768x768.jpg 768w, https:\/\/hsmi.london\/wp-content\/uploads\/2019\/05\/monaco-alessandro-1024x1024.jpg 1024w\" sizes=\"auto, (max-width: 1600px) 100vw, 1600px\" \/>                        <\/a>                    <\/div>                    <div class=\"hsm_team__content\">                        <div class=\"hsm_team__title\">                            <h3><a href=\"https:\/\/hsmi.london\/es\/team\/alessandro-monaco\/\" rel=\"bookmark\"                                   title=\"Alessandro Monaco\">Alessandro Monaco<\/a><\/h3>                            <div class=\"person-details\">                                <p><span                                            class=\"person-role\"><em>Socio - Healthcare - PhD, MBA <\/em><\/span><\/p>                                <p class=\"person-social\">                                                                        <a href=\"https:\/\/www.linkedin.com\/in\/alessandro-monaco\/\" target=\"_blank\">                                            <i class=\"fab fa-linkedin\"><\/i>                                    <\/a>                                                                                                        <\/p>                            <\/div>                        <\/div>                    <\/div>                <\/div>            <\/div>                                <div class=\"hsm_team\">                <div class=\"hsm_team_inner\">                    <div class=\"hsm_team__image\">                        <a href=\"https:\/\/hsmi.london\/es\/team\/xavier-gasia\/\">                            <img loading=\"lazy\" decoding=\"async\" width=\"592\" height=\"592\" src=\"https:\/\/hsmi.london\/wp-content\/uploads\/2020\/05\/0-1.jpeg\" class=\"img-responsive wp-post-image\" alt=\"\" title=\"\" \/>                        <\/a>                    <\/div>                    <div class=\"hsm_team__content\">                        <div class=\"hsm_team__title\">                            <h3><a href=\"https:\/\/hsmi.london\/es\/team\/xavier-gasia\/\" rel=\"bookmark\"                                   title=\"Xavier Gasia\">Xavier Gasia<\/a><\/h3>                            <div class=\"person-details\">                                <p><span                                            class=\"person-role\"><em>Socio - Blockchain & DLT Regulatory - MBA <\/em><\/span><\/p>                                <p class=\"person-social\">                                                                        <a href=\"https:\/\/www.linkedin.com\/in\/xgasia\/ \" target=\"_blank\">                                            <i class=\"fab fa-linkedin\"><\/i>                                    <\/a>                                                                                                        <\/p>                            <\/div>                        <\/div>                    <\/div>                <\/div>            <\/div>\n","protected":false},"excerpt":{"rendered":"<p>Nuestro equipo lo componen profesionales con conocimientos y experiencia espec\u00edfica en sus correspondientes \u00e1reas de actuaci\u00f3n. Nos consta de que esprecisamente la experiencia en \u00e1reas espec\u00edficas junto con consolidados conocimientos la mejor garant\u00eda para con nuestros clientes.<\/p>\n","protected":false},"author":4,"featured_media":0,"parent":0,"menu_order":0,"comment_status":"closed","ping_status":"closed","template":"","meta":{"inline_featured_image":false,"_exactmetrics_skip_tracking":false,"_exactmetrics_sitenote_active":false,"_exactmetrics_sitenote_note":"","_exactmetrics_sitenote_category":0,"footnotes":""},"class_list":["post-1782","page","type-page","status-publish","hentry"],"yoast_head":"<!-- This site is optimized with the Yoast SEO plugin v24.9 - https:\/\/yoast.com\/wordpress\/plugins\/seo\/ -->\n<title>Nuestro equipo - HSMI<\/title>\n<meta name=\"robots\" content=\"index, follow, max-snippet:-1, max-image-preview:large, max-video-preview:-1\" \/>\n<link rel=\"canonical\" href=\"https:\/\/hsmi.london\/es\/nuestro-equipo\/\" \/>\n<meta property=\"og:locale\" content=\"es_ES\" \/>\n<meta property=\"og:type\" content=\"article\" \/>\n<meta property=\"og:title\" content=\"Nuestro equipo - HSMI\" \/>\n<meta property=\"og:description\" content=\"Nuestro equipo lo componen profesionales con conocimientos y experiencia espec\u00edfica en sus correspondientes \u00e1reas de actuaci\u00f3n. Nos consta de que esprecisamente la experiencia en \u00e1reas espec\u00edficas junto con consolidados conocimientos la mejor garant\u00eda para con nuestros clientes.\" \/>\n<meta property=\"og:url\" content=\"https:\/\/hsmi.london\/es\/nuestro-equipo\/\" \/>\n<meta property=\"og:site_name\" content=\"HSMI\" \/>\n<meta property=\"article:modified_time\" content=\"2020-07-29T13:30:51+00:00\" \/>\n<meta name=\"twitter:card\" content=\"summary_large_image\" \/>\n<script type=\"application\/ld+json\" class=\"yoast-schema-graph\">{\"@context\":\"https:\/\/schema.org\",\"@graph\":[{\"@type\":\"WebPage\",\"@id\":\"https:\/\/hsmi.london\/es\/nuestro-equipo\/\",\"url\":\"https:\/\/hsmi.london\/es\/nuestro-equipo\/\",\"name\":\"Nuestro equipo - HSMI\",\"isPartOf\":{\"@id\":\"https:\/\/hsmi.london\/en\/#website\"},\"datePublished\":\"2019-02-21T11:42:57+00:00\",\"dateModified\":\"2020-07-29T13:30:51+00:00\",\"breadcrumb\":{\"@id\":\"https:\/\/hsmi.london\/es\/nuestro-equipo\/#breadcrumb\"},\"inLanguage\":\"es\",\"potentialAction\":[{\"@type\":\"ReadAction\",\"target\":[\"https:\/\/hsmi.london\/es\/nuestro-equipo\/\"]}]},{\"@type\":\"BreadcrumbList\",\"@id\":\"https:\/\/hsmi.london\/es\/nuestro-equipo\/#breadcrumb\",\"itemListElement\":[{\"@type\":\"ListItem\",\"position\":1,\"name\":\"Home\",\"item\":\"https:\/\/hsmi.london\/es\/\"},{\"@type\":\"ListItem\",\"position\":2,\"name\":\"Nuestro equipo\"}]},{\"@type\":\"WebSite\",\"@id\":\"https:\/\/hsmi.london\/en\/#website\",\"url\":\"https:\/\/hsmi.london\/en\/\",\"name\":\"HSMI\",\"description\":\"Corporate Advisory\",\"publisher\":{\"@id\":\"https:\/\/hsmi.london\/en\/#organization\"},\"potentialAction\":[{\"@type\":\"SearchAction\",\"target\":{\"@type\":\"EntryPoint\",\"urlTemplate\":\"https:\/\/hsmi.london\/en\/?s={search_term_string}\"},\"query-input\":{\"@type\":\"PropertyValueSpecification\",\"valueRequired\":true,\"valueName\":\"search_term_string\"}}],\"inLanguage\":\"es\"},{\"@type\":\"Organization\",\"@id\":\"https:\/\/hsmi.london\/en\/#organization\",\"name\":\"H.S.M.I. Ltd\",\"url\":\"https:\/\/hsmi.london\/en\/\",\"logo\":{\"@type\":\"ImageObject\",\"inLanguage\":\"es\",\"@id\":\"https:\/\/hsmi.london\/en\/#\/schema\/logo\/image\/\",\"url\":\"https:\/\/staging.hsmi.london\/wp-content\/uploads\/2020\/04\/logo-hsmi-s.png\",\"contentUrl\":\"https:\/\/staging.hsmi.london\/wp-content\/uploads\/2020\/04\/logo-hsmi-s.png\",\"width\":280,\"height\":82,\"caption\":\"H.S.M.I. Ltd\"},\"image\":{\"@id\":\"https:\/\/hsmi.london\/en\/#\/schema\/logo\/image\/\"},\"sameAs\":[\"https:\/\/www.linkedin.com\/company\/hsmi-ltd\/\"]}]}<\/script>\n<!-- \/ Yoast SEO plugin. -->","yoast_head_json":{"title":"Nuestro equipo - HSMI","robots":{"index":"index","follow":"follow","max-snippet":"max-snippet:-1","max-image-preview":"max-image-preview:large","max-video-preview":"max-video-preview:-1"},"canonical":"https:\/\/hsmi.london\/es\/nuestro-equipo\/","og_locale":"es_ES","og_type":"article","og_title":"Nuestro equipo - HSMI","og_description":"Nuestro equipo lo componen profesionales con conocimientos y experiencia espec\u00edfica en sus correspondientes \u00e1reas de actuaci\u00f3n. Nos consta de que esprecisamente la experiencia en \u00e1reas espec\u00edficas junto con consolidados conocimientos la mejor garant\u00eda para con nuestros clientes.","og_url":"https:\/\/hsmi.london\/es\/nuestro-equipo\/","og_site_name":"HSMI","article_modified_time":"2020-07-29T13:30:51+00:00","twitter_card":"summary_large_image","schema":{"@context":"https:\/\/schema.org","@graph":[{"@type":"WebPage","@id":"https:\/\/hsmi.london\/es\/nuestro-equipo\/","url":"https:\/\/hsmi.london\/es\/nuestro-equipo\/","name":"Nuestro equipo - HSMI","isPartOf":{"@id":"https:\/\/hsmi.london\/en\/#website"},"datePublished":"2019-02-21T11:42:57+00:00","dateModified":"2020-07-29T13:30:51+00:00","breadcrumb":{"@id":"https:\/\/hsmi.london\/es\/nuestro-equipo\/#breadcrumb"},"inLanguage":"es","potentialAction":[{"@type":"ReadAction","target":["https:\/\/hsmi.london\/es\/nuestro-equipo\/"]}]},{"@type":"BreadcrumbList","@id":"https:\/\/hsmi.london\/es\/nuestro-equipo\/#breadcrumb","itemListElement":[{"@type":"ListItem","position":1,"name":"Home","item":"https:\/\/hsmi.london\/es\/"},{"@type":"ListItem","position":2,"name":"Nuestro equipo"}]},{"@type":"WebSite","@id":"https:\/\/hsmi.london\/en\/#website","url":"https:\/\/hsmi.london\/en\/","name":"HSMI","description":"Corporate Advisory","publisher":{"@id":"https:\/\/hsmi.london\/en\/#organization"},"potentialAction":[{"@type":"SearchAction","target":{"@type":"EntryPoint","urlTemplate":"https:\/\/hsmi.london\/en\/?s={search_term_string}"},"query-input":{"@type":"PropertyValueSpecification","valueRequired":true,"valueName":"search_term_string"}}],"inLanguage":"es"},{"@type":"Organization","@id":"https:\/\/hsmi.london\/en\/#organization","name":"H.S.M.I. Ltd","url":"https:\/\/hsmi.london\/en\/","logo":{"@type":"ImageObject","inLanguage":"es","@id":"https:\/\/hsmi.london\/en\/#\/schema\/logo\/image\/","url":"https:\/\/staging.hsmi.london\/wp-content\/uploads\/2020\/04\/logo-hsmi-s.png","contentUrl":"https:\/\/staging.hsmi.london\/wp-content\/uploads\/2020\/04\/logo-hsmi-s.png","width":280,"height":82,"caption":"H.S.M.I. Ltd"},"image":{"@id":"https:\/\/hsmi.london\/en\/#\/schema\/logo\/image\/"},"sameAs":["https:\/\/www.linkedin.com\/company\/hsmi-ltd\/"]}]}},"_links":{"self":[{"href":"https:\/\/hsmi.london\/es\/wp-json\/wp\/v2\/pages\/1782","targetHints":{"allow":["GET"]}}],"collection":[{"href":"https:\/\/hsmi.london\/es\/wp-json\/wp\/v2\/pages"}],"about":[{"href":"https:\/\/hsmi.london\/es\/wp-json\/wp\/v2\/types\/page"}],"author":[{"embeddable":true,"href":"https:\/\/hsmi.london\/es\/wp-json\/wp\/v2\/users\/4"}],"replies":[{"embeddable":true,"href":"https:\/\/hsmi.london\/es\/wp-json\/wp\/v2\/comments?post=1782"}],"version-history":[{"count":1,"href":"https:\/\/hsmi.london\/es\/wp-json\/wp\/v2\/pages\/1782\/revisions"}],"predecessor-version":[{"id":1783,"href":"https:\/\/hsmi.london\/es\/wp-json\/wp\/v2\/pages\/1782\/revisions\/1783"}],"wp:attachment":[{"href":"https:\/\/hsmi.london\/es\/wp-json\/wp\/v2\/media?parent=1782"}],"curies":[{"name":"wp","href":"https:\/\/api.w.org\/{rel}","templated":true}]}}