{"id":1005,"date":"2015-04-27T15:05:43","date_gmt":"2015-04-27T14:05:43","guid":{"rendered":"http:\/\/staging.hsmi.london\/i-nostri-valori\/"},"modified":"2022-05-25T14:50:02","modified_gmt":"2022-05-25T13:50:02","slug":"i-nostri-valori","status":"publish","type":"page","link":"https:\/\/hsmi.london\/es\/i-nostri-valori\/","title":{"rendered":"Nuestros valores"},"content":{"rendered":"\r\n<p><strong>Igualdad\u00a0<\/strong><\/p>\r\n\r\n\r\n\r\n<p>No discriminamos a nadie; todos deben ser y son tratados de la misma manera inexacta, independientemente del color de piel, religi\u00f3n, sexo o clase social. La igualdad y la igualdad de oportunidades son los conceptos que sustentan nuestra empresa y nuestra convicci\u00f3n.<\/p>\r\n\r\n\r\n\r\n<p><strong>\u00c9tica<\/strong><\/p>\r\n\r\n\r\n\r\n<p>Garantizar que cada comportamiento responda a la \u00e9tica de la responsabilidad orientada a la integridad, transparencia, honestidad en los negocios, salvaguardando el medio ambiente y a cada persona.<\/p>\r\n\r\n\r\n\r\n<p><strong>Exelencia\u00a0<\/strong><\/p>\r\n\r\n\r\n\r\n<p>Nos fijamos el objetivo de mejorar continuamente, mirar hacia adelante, anticiparnos a los desaf\u00edos, cultivar la innovaci\u00f3n y mejorar el m\u00e9rito.<\/p>\r\n\r\n\r\n\r\n<p><strong>Habilidades Profesionales<\/strong><\/p>\r\n\r\n\r\n\r\n<p>Ser un modelo de referencia, orientando la profesi\u00f3n hacia una formaci\u00f3n continua y el autodesarrollo de competencias clave.<\/p>\r\n\r\n\r\n\r\n<p><strong>Esp\u00edritu de equipo<\/strong><\/p>\r\n\r\n\r\n\r\n<p>Un desarrollo creciente de la cooperaci\u00f3n en equipo, compartiendo las habilidades y habilidades de los dem\u00e1s, con el \u00fanico objetivo de fomentar el \u00e9xito grupal.<\/p>\r\n\r\n\r\n\r\n<p><strong>Orientaci\u00f3n al cliente <\/strong><\/p>\r\n\r\n\r\n\r\n<p>Saber escuchar a nuestros clientes, prest\u00e1ndoles la m\u00e1xima atenci\u00f3n, para poder mejorar la calidad de nuestros servicios mediante una conducci\u00f3n eficaz y eficiente de nuestros procesos productivos.<\/p>\r\n\r\n\r\n\r\n<p><strong>Transparencia\u00a0<\/strong><\/p>\r\n\r\n\r\n\r\n<p>Ponemos la transparencia en la base de nuestras acciones y nuestra comunicaci\u00f3n, para permitir que todos nuestros interlocutores tomen decisiones aut\u00f3nomas y conscientes.<\/p>\r\n\r\n\r\n\r\n<p><strong>Administraci\u00f3n<\/strong><\/p>\r\n\r\n\r\n\r\n<p>La gerencia es la primera receptora de un comportamiento socialmente responsable, en su rol de primer colaborador directo del emprendedor y sus representantes, adem\u00e1s, se deben abordar pol\u00edticas de desarrollo profesional y gerencial, justas y no discriminatorias, de formaci\u00f3n continua y avanzada. , lo que les permite optimizar sus habilidades y aumentar sus competencias.<\/p>\r\n<p><strong>ESG, Impacto<\/strong><\/p>\r\n<p>Desde nuestros inicios, nos hemos alineado con los objetivos medioambientales, sociales y de gobernanza (ESG). Al integrar estos principios en nuestra l\u00f3gica empresarial, alineamos nuestros servicios y los valores de nuestro equipo con objetivos sociales m\u00e1s amplios. Creemos que la evaluaci\u00f3n del impacto ESG y medioambiental puede mejorar a largo plazo el rendimiento de cada empresa y la rentabilidad para sus accionistas.<\/p>\r\n","protected":false},"excerpt":{"rendered":"<p>Igualdad\u00a0 No discriminamos a nadie; todos deben ser y son tratados de la misma manera inexacta, independientemente del color de piel, religi\u00f3n, sexo o clase social. La igualdad y la igualdad de oportunidades son los conceptos que sustentan nuestra empresa y nuestra convicci\u00f3n. \u00c9tica Garantizar que cada comportamiento responda a la \u00e9tica de la responsabilidad &#8230; <a href=\"https:\/\/hsmi.london\/es\/i-nostri-valori\/\">Continue reading &raquo;<\/a><\/p>\n","protected":false},"author":4,"featured_media":0,"parent":0,"menu_order":0,"comment_status":"closed","ping_status":"closed","template":"","meta":{"inline_featured_image":false,"_exactmetrics_skip_tracking":false,"_exactmetrics_sitenote_active":false,"_exactmetrics_sitenote_note":"","_exactmetrics_sitenote_category":0,"footnotes":""},"class_list":["post-1005","page","type-page","status-publish","hentry"],"yoast_head":"<!-- This site is optimized with the Yoast SEO plugin v24.9 - https:\/\/yoast.com\/wordpress\/plugins\/seo\/ -->\n<title>Nuestros valores - HSMI<\/title>\n<meta name=\"robots\" content=\"index, follow, max-snippet:-1, max-image-preview:large, max-video-preview:-1\" \/>\n<link rel=\"canonical\" href=\"https:\/\/hsmi.london\/es\/i-nostri-valori\/\" \/>\n<meta property=\"og:locale\" content=\"es_ES\" \/>\n<meta property=\"og:type\" content=\"article\" \/>\n<meta property=\"og:title\" content=\"Nuestros valores - HSMI\" \/>\n<meta property=\"og:description\" content=\"Igualdad\u00a0 No discriminamos a nadie; todos deben ser y son tratados de la misma manera inexacta, independientemente del color de piel, religi\u00f3n, sexo o clase social. La igualdad y la igualdad de oportunidades son los conceptos que sustentan nuestra empresa y nuestra convicci\u00f3n. \u00c9tica Garantizar que cada comportamiento responda a la \u00e9tica de la responsabilidad ... Continue reading &raquo;\" \/>\n<meta property=\"og:url\" content=\"https:\/\/hsmi.london\/es\/i-nostri-valori\/\" \/>\n<meta property=\"og:site_name\" content=\"HSMI\" \/>\n<meta property=\"article:modified_time\" content=\"2022-05-25T13:50:02+00:00\" \/>\n<meta name=\"twitter:card\" content=\"summary_large_image\" \/>\n<meta name=\"twitter:label1\" content=\"Tiempo de lectura\" \/>\n\t<meta name=\"twitter:data1\" content=\"2 minutos\" \/>\n<script type=\"application\/ld+json\" class=\"yoast-schema-graph\">{\"@context\":\"https:\/\/schema.org\",\"@graph\":[{\"@type\":\"WebPage\",\"@id\":\"https:\/\/hsmi.london\/es\/i-nostri-valori\/\",\"url\":\"https:\/\/hsmi.london\/es\/i-nostri-valori\/\",\"name\":\"Nuestros valores - HSMI\",\"isPartOf\":{\"@id\":\"https:\/\/hsmi.london\/en\/#website\"},\"datePublished\":\"2015-04-27T14:05:43+00:00\",\"dateModified\":\"2022-05-25T13:50:02+00:00\",\"breadcrumb\":{\"@id\":\"https:\/\/hsmi.london\/es\/i-nostri-valori\/#breadcrumb\"},\"inLanguage\":\"es\",\"potentialAction\":[{\"@type\":\"ReadAction\",\"target\":[\"https:\/\/hsmi.london\/es\/i-nostri-valori\/\"]}]},{\"@type\":\"BreadcrumbList\",\"@id\":\"https:\/\/hsmi.london\/es\/i-nostri-valori\/#breadcrumb\",\"itemListElement\":[{\"@type\":\"ListItem\",\"position\":1,\"name\":\"Home\",\"item\":\"https:\/\/hsmi.london\/es\/\"},{\"@type\":\"ListItem\",\"position\":2,\"name\":\"Nuestros valores\"}]},{\"@type\":\"WebSite\",\"@id\":\"https:\/\/hsmi.london\/en\/#website\",\"url\":\"https:\/\/hsmi.london\/en\/\",\"name\":\"HSMI\",\"description\":\"Corporate Advisory\",\"publisher\":{\"@id\":\"https:\/\/hsmi.london\/en\/#organization\"},\"potentialAction\":[{\"@type\":\"SearchAction\",\"target\":{\"@type\":\"EntryPoint\",\"urlTemplate\":\"https:\/\/hsmi.london\/en\/?s={search_term_string}\"},\"query-input\":{\"@type\":\"PropertyValueSpecification\",\"valueRequired\":true,\"valueName\":\"search_term_string\"}}],\"inLanguage\":\"es\"},{\"@type\":\"Organization\",\"@id\":\"https:\/\/hsmi.london\/en\/#organization\",\"name\":\"H.S.M.I. Ltd\",\"url\":\"https:\/\/hsmi.london\/en\/\",\"logo\":{\"@type\":\"ImageObject\",\"inLanguage\":\"es\",\"@id\":\"https:\/\/hsmi.london\/en\/#\/schema\/logo\/image\/\",\"url\":\"https:\/\/staging.hsmi.london\/wp-content\/uploads\/2020\/04\/logo-hsmi-s.png\",\"contentUrl\":\"https:\/\/staging.hsmi.london\/wp-content\/uploads\/2020\/04\/logo-hsmi-s.png\",\"width\":280,\"height\":82,\"caption\":\"H.S.M.I. Ltd\"},\"image\":{\"@id\":\"https:\/\/hsmi.london\/en\/#\/schema\/logo\/image\/\"},\"sameAs\":[\"https:\/\/www.linkedin.com\/company\/hsmi-ltd\/\"]}]}<\/script>\n<!-- \/ Yoast SEO plugin. -->","yoast_head_json":{"title":"Nuestros valores - HSMI","robots":{"index":"index","follow":"follow","max-snippet":"max-snippet:-1","max-image-preview":"max-image-preview:large","max-video-preview":"max-video-preview:-1"},"canonical":"https:\/\/hsmi.london\/es\/i-nostri-valori\/","og_locale":"es_ES","og_type":"article","og_title":"Nuestros valores - HSMI","og_description":"Igualdad\u00a0 No discriminamos a nadie; todos deben ser y son tratados de la misma manera inexacta, independientemente del color de piel, religi\u00f3n, sexo o clase social. La igualdad y la igualdad de oportunidades son los conceptos que sustentan nuestra empresa y nuestra convicci\u00f3n. \u00c9tica Garantizar que cada comportamiento responda a la \u00e9tica de la responsabilidad ... Continue reading &raquo;","og_url":"https:\/\/hsmi.london\/es\/i-nostri-valori\/","og_site_name":"HSMI","article_modified_time":"2022-05-25T13:50:02+00:00","twitter_card":"summary_large_image","twitter_misc":{"Tiempo de lectura":"2 minutos"},"schema":{"@context":"https:\/\/schema.org","@graph":[{"@type":"WebPage","@id":"https:\/\/hsmi.london\/es\/i-nostri-valori\/","url":"https:\/\/hsmi.london\/es\/i-nostri-valori\/","name":"Nuestros valores - HSMI","isPartOf":{"@id":"https:\/\/hsmi.london\/en\/#website"},"datePublished":"2015-04-27T14:05:43+00:00","dateModified":"2022-05-25T13:50:02+00:00","breadcrumb":{"@id":"https:\/\/hsmi.london\/es\/i-nostri-valori\/#breadcrumb"},"inLanguage":"es","potentialAction":[{"@type":"ReadAction","target":["https:\/\/hsmi.london\/es\/i-nostri-valori\/"]}]},{"@type":"BreadcrumbList","@id":"https:\/\/hsmi.london\/es\/i-nostri-valori\/#breadcrumb","itemListElement":[{"@type":"ListItem","position":1,"name":"Home","item":"https:\/\/hsmi.london\/es\/"},{"@type":"ListItem","position":2,"name":"Nuestros valores"}]},{"@type":"WebSite","@id":"https:\/\/hsmi.london\/en\/#website","url":"https:\/\/hsmi.london\/en\/","name":"HSMI","description":"Corporate Advisory","publisher":{"@id":"https:\/\/hsmi.london\/en\/#organization"},"potentialAction":[{"@type":"SearchAction","target":{"@type":"EntryPoint","urlTemplate":"https:\/\/hsmi.london\/en\/?s={search_term_string}"},"query-input":{"@type":"PropertyValueSpecification","valueRequired":true,"valueName":"search_term_string"}}],"inLanguage":"es"},{"@type":"Organization","@id":"https:\/\/hsmi.london\/en\/#organization","name":"H.S.M.I. Ltd","url":"https:\/\/hsmi.london\/en\/","logo":{"@type":"ImageObject","inLanguage":"es","@id":"https:\/\/hsmi.london\/en\/#\/schema\/logo\/image\/","url":"https:\/\/staging.hsmi.london\/wp-content\/uploads\/2020\/04\/logo-hsmi-s.png","contentUrl":"https:\/\/staging.hsmi.london\/wp-content\/uploads\/2020\/04\/logo-hsmi-s.png","width":280,"height":82,"caption":"H.S.M.I. Ltd"},"image":{"@id":"https:\/\/hsmi.london\/en\/#\/schema\/logo\/image\/"},"sameAs":["https:\/\/www.linkedin.com\/company\/hsmi-ltd\/"]}]}},"_links":{"self":[{"href":"https:\/\/hsmi.london\/es\/wp-json\/wp\/v2\/pages\/1005","targetHints":{"allow":["GET"]}}],"collection":[{"href":"https:\/\/hsmi.london\/es\/wp-json\/wp\/v2\/pages"}],"about":[{"href":"https:\/\/hsmi.london\/es\/wp-json\/wp\/v2\/types\/page"}],"author":[{"embeddable":true,"href":"https:\/\/hsmi.london\/es\/wp-json\/wp\/v2\/users\/4"}],"replies":[{"embeddable":true,"href":"https:\/\/hsmi.london\/es\/wp-json\/wp\/v2\/comments?post=1005"}],"version-history":[{"count":8,"href":"https:\/\/hsmi.london\/es\/wp-json\/wp\/v2\/pages\/1005\/revisions"}],"predecessor-version":[{"id":33399,"href":"https:\/\/hsmi.london\/es\/wp-json\/wp\/v2\/pages\/1005\/revisions\/33399"}],"wp:attachment":[{"href":"https:\/\/hsmi.london\/es\/wp-json\/wp\/v2\/media?parent=1005"}],"curies":[{"name":"wp","href":"https:\/\/api.w.org\/{rel}","templated":true}]}}